{"id":408878,"date":"2024-05-27T12:58:09","date_gmt":"2024-05-27T12:58:11","guid":{"rendered":"https:\/\/www.erresse-shop.it\/?post_type=product&#038;p=408878"},"modified":"2025-01-17T15:00:18","modified_gmt":"2025-01-17T15:00:18","slug":"smeg-dolce-gabbana-kaffeemuehle-blau","status":"publish","type":"product","link":"https:\/\/www.erresse-shop.it\/de\/shop\/kleine-elektrogeraete\/kaffeemuehlen\/smeg-dolce-gabbana-kaffeemuehle-blau\/","title":{"rendered":"SMEG Dolce &#038; Gabbana Kaffeem\u00fchle Blau"},"content":{"rendered":"<p><strong>SMEG<\/strong> 50er Jahre Serie<\/p>\n<p>Symbolische Begegnungsobjekte, Ikonen, die den Raum, den sie einnehmen, verwandeln, die neuen Kleinen der Linie Anni &#8217;50s, die in Zusammenarbeit mit Matteo Bazzicalupo und Raffaella Mangiarotti von deepdesign entworfen wurden, erinnern an andere Zeiten und gestalten allt\u00e4gliche Orte, indem sie dem, was bereits existiert oder existiert hat, eine neue Bedeutung verleihen, wie es in der Kunst und in der Erinnerung geschieht.<br \/>\nDie Produkte mit ihren runden und kompakten Formen sind die Protagonisten der K\u00fcche, die f\u00fcr diejenigen gedacht sind, die die Erfahrung eines Kochs machen wollen, aber nicht nur. F\u00fcr diejenigen, die sich gerne mit Objekten umgeben, die einen starken \u00e4sthetischen Charakter haben, ohne dabei die hohe Qualit\u00e4t der Leistungen aus den Augen zu verlieren.<\/p>\n<p><strong>BIS INS DETAIL DURCHDACHT<\/strong><br \/>\nJe nach gew\u00fcnschter Funktion und Verwendung ist es m\u00f6glich, in dem mitgelieferten Beh\u00e4lter oder direkt im Siebtr\u00e4ger Ihrer Espressomaschine zu mahlen.<\/p>\n<p><strong>QUALIT\u00c4T F\u00dcR ECHTE GENIESSER<\/strong><br \/>\nDas Geh\u00e4use der CGF01 besteht aus Aluminiumdruckguss und das konische Edelstahlmahlwerk sorgt f\u00fcr ein sanftes Mahlen, das alle Kaffeearomen bewahrt, ohne den Geschmack zu ver\u00e4ndern. Das herausnehmbare Mahlwerk erm\u00f6glicht eine bequeme und pr\u00e4zise Reinigung, und das Sicherheitssystem verhindert ein versehentliches Anz\u00fcnden, wenn der Bohnenbeh\u00e4lter aus seinem Geh\u00e4use entfernt wird.<\/p>\n<p><strong>PERFEKTER MAHLGRAD F\u00dcR JEDE MASCHINE UND JEDEN GESCHMACK<\/strong><br \/>\nMit dem praktischen Hebel k\u00f6nnen Sie intuitiv und einfach den Mahlgrad ausw\u00e4hlen, indem Sie bis zu 30 verschiedene Stufen w\u00e4hlen, um den perfekten Mahlgrad f\u00fcr jede Maschine und jeden Geschmack zu erhalten. Mit der Smeg Kaffeem\u00fchle erhalten Sie das perfekte Pulver f\u00fcr Espressomaschinen, Mokkamaschinen, amerikanische Kaffeemaschinen und franz\u00f6sische Pressen.<\/p>\n<p><strong>\u00c4STHETIK<\/strong><\/p>\n<p><strong>Dolce&amp;Gabbana<\/strong> und <strong>Smeg<\/strong> vereinen ihre k\u00fcnstlerischen Seelen und kreieren einzigartige, originelle Designs <strong>Made in Italy<\/strong> wie <strong>Blu Mediterraneo<\/strong>. Die neue Kollektion von Kleinger\u00e4ten wird von Smeg mit dem Design von Matteo Bazzicalupo und Raffaella Mangiarotti (<strong>deepdesign<\/strong>) und der unverwechselbaren <strong>Kreativit\u00e4t von Dolce&amp;Gabbana entworfen<\/strong>.<\/p>\n<p><strong>Farbe<\/strong>: Dekoriert \/ Spezial<br \/>\n<strong>Ausf\u00fchrung<\/strong>: poliert<br \/>\n<strong>\u00c4sthetik<\/strong>: 50er Jahre Stil<br \/>\n<strong>Geh\u00e4usematerial<\/strong>: Aluminium-Druckguss<br \/>\n<strong>Farbe Sockel<\/strong>: Chrom poliert<br \/>\n<strong>Material Bohnenbeh\u00e4lter:<\/strong> Kunststoff ohne PBA<br \/>\n<strong>Material des Bohnenbeh\u00e4lterdeckels<\/strong>: Kunststoff ohne PBA<br \/>\n<strong>Material Mahlwerk<\/strong>: Rostfreier Stahl<br \/>\n<strong>Mahlgrad<\/strong>: konisch<br \/>\n<strong>Material Mahlgutbeh\u00e4lterdeckel<\/strong>: Kunststoff und Silikon<br \/>\n<strong>Material des Beh\u00e4lters f\u00fcr gemahlenen Kaffee<\/strong>: Kunststoff ohne PBA<br \/>\n<strong>Material des Sockels<\/strong>: Kunststoff<br \/>\n<strong>Material des Mahlgradeinstellhebels<\/strong>: SUS 304<\/p>\n<p><strong>KOMMANDOS<\/strong><br \/>\n<strong>Bedienelemente<\/strong>: Knopf, Taste, Hebel<br \/>\n<strong>Material der Reinigungsb\u00fcrste<\/strong>: Kunststoff<br \/>\n<strong>Material des Filterhalters<\/strong>: Kunststoff<br \/>\n<strong>Material des Knopfes<\/strong>: Kunststoff<br \/>\n<strong>Material der Untertasse<\/strong>: Stahl<br \/>\n<strong>Material der Taste<\/strong>: Kunststoff<\/p>\n<p><strong>PROGRAMME \/ FUNKTIONEN<\/strong><br \/>\n<strong>Individuelle Anpassung der Kaffeemenge<\/strong>: Ja<br \/>\n<strong>Bohnenbeh\u00e4lter mit Twist &amp; Lock-System<\/strong>: Ja<br \/>\n<strong>Einstellbarer Kaffeemahlgrad<\/strong>: Ja<br \/>\n<strong>Verf\u00fcgbare Mahlgrade<\/strong>: 30<br \/>\n<strong>Verf\u00fcgbare Mahlgradstufen<\/strong>: FINE , MEDIUM , COARSE<br \/>\n<strong>Espressofunktionen<\/strong>: einfach, doppelt<br \/>\n<strong>Funktionen f\u00fcr amerikanischen\/ franz\u00f6sischen Presskaffee<\/strong>: 6<br \/>\n<strong>Manuelle Funktion<\/strong>: Ja<\/p>\n<p><strong>TECHNISCHE MERKMALE<\/strong><br \/>\n<strong>Rutschfester Boden<\/strong>: Ja<br \/>\n<strong>Antistatisches System<\/strong>: Ja<br \/>\n<strong>Fassungsverm\u00f6gen Kaffeebohnenbeh\u00e4lter<\/strong>: 350 gr<br \/>\n<strong>Fassungsverm\u00f6gen des Beh\u00e4lters f\u00fcr gemahlenen Kaffee<\/strong>: 130 g<br \/>\n<strong>Abnehmbares oberes Mahlwerk<\/strong>: Ja<br \/>\n<strong>Abnehmbare Untertasse<\/strong>: Ja<br \/>\n<strong>Integrierte Kabelaufwicklung<\/strong>: Ja<br \/>\n<strong>Leistung<\/strong>: 150 W<\/p>\n<p><strong>ELEKTRISCHER ANSCHLUSS<\/strong><br \/>\n<strong>Steckertyp<\/strong>: Schuko<br \/>\n<strong>Spannung (V)<\/strong>: 220-240 V<br \/>\n<strong>Frequenz Hz<\/strong>: 50-60 Hz<br \/>\n<strong>L\u00e4nge des Netzkabels<\/strong>: 1 m<\/p>\n<p><strong>INKLUSIVE ZUBEH\u00d6R<\/strong><br \/>\n<strong>Reinigungsb\u00fcrste<\/strong>: Ja<br \/>\n<strong>Zentrierung des Filterhalters<\/strong>: Ja<br \/>\n<strong>Beh\u00e4lter f\u00fcr gemahlenen Kaffee<\/strong>: Ja<\/p>\n<p><u style=\"font-size: 13px; line-height: 20.8px;\"><strong>Not for sale outside from Europe<\/strong><\/u><\/p>\n","protected":false},"excerpt":{"rendered":"<p>SMEG 50er Jahre Serie Symbolische Begegnungsobjekte, Ikonen, die den Raum, den sie einnehmen, verwandeln, die neuen Kleinen der Linie Anni<\/p>\n","protected":false},"featured_media":451117,"template":"","meta":{"_acf_changed":false,"inline_featured_image":false},"product_cat":[6703,25386],"product_tag":[23624,23911,23564,12379,24681,11718,12357],"acf":[],"yoast_head":"<!-- This site is optimized with the Yoast SEO Premium plugin v18.6 (Yoast SEO v19.13) - https:\/\/yoast.com\/wordpress\/plugins\/seo\/ -->\n<title>SMEG Dolce &amp; Gabbana Kaffeem\u00fchle Blau<\/title>\n<meta name=\"description\" content=\"Entdecken Sie SMEG Dolce &amp; Gabbana Kaffeem\u00fchle Blau bei ErresseShop. Qualit\u00e4t, Stil und Funktionalit\u00e4t \u2013 jetzt online bestellen!\" \/>\n<meta name=\"robots\" content=\"index, follow, max-snippet:-1, max-image-preview:large, max-video-preview:-1\" \/>\n<link rel=\"canonical\" href=\"https:\/\/www.erresse-shop.it\/de\/shop\/kleine-elektrogeraete\/kaffeemuehlen\/smeg-dolce-gabbana-kaffeemuehle-blau\/\" \/>\n<meta property=\"og:locale\" content=\"de_DE\" \/>\n<meta property=\"og:type\" content=\"article\" \/>\n<meta property=\"og:title\" content=\"SMEG Dolce &amp; Gabbana Kaffeem\u00fchle Blau\" \/>\n<meta property=\"og:description\" content=\"Entdecken Sie SMEG Dolce &amp; Gabbana Kaffeem\u00fchle Blau bei ErresseShop. Qualit\u00e4t, Stil und Funktionalit\u00e4t \u2013 jetzt online bestellen!\" \/>\n<meta property=\"og:url\" content=\"https:\/\/www.erresse-shop.it\/de\/shop\/kleine-elektrogeraete\/kaffeemuehlen\/smeg-dolce-gabbana-kaffeemuehle-blau\/\" \/>\n<meta property=\"og:site_name\" content=\"Erresse Shop\" \/>\n<meta property=\"article:modified_time\" content=\"2025-01-17T15:00:18+00:00\" \/>\n<meta property=\"og:image\" content=\"https:\/\/www.erresse-shop.it\/wp-content\/uploads\/2024\/05\/SMEG-Dolce-Gabbana-Macinacaffe-Blu.jpg\" \/>\n\t<meta property=\"og:image:width\" content=\"1200\" \/>\n\t<meta property=\"og:image:height\" content=\"1200\" \/>\n\t<meta property=\"og:image:type\" content=\"image\/jpeg\" \/>\n<meta name=\"twitter:card\" content=\"summary_large_image\" \/>\n<script type=\"application\/ld+json\" class=\"yoast-schema-graph\">{\"@context\":\"https:\/\/schema.org\",\"@graph\":[{\"@type\":\"WebPage\",\"@id\":\"https:\/\/www.erresse-shop.it\/de\/shop\/kleine-elektrogeraete\/kaffeemuehlen\/smeg-dolce-gabbana-kaffeemuehle-blau\/\",\"url\":\"https:\/\/www.erresse-shop.it\/de\/shop\/kleine-elektrogeraete\/kaffeemuehlen\/smeg-dolce-gabbana-kaffeemuehle-blau\/\",\"name\":\"SMEG Dolce & Gabbana Kaffeem\u00fchle Blau\",\"isPartOf\":{\"@id\":\"https:\/\/www.erresse-shop.it\/de\/#website\"},\"datePublished\":\"2024-05-27T12:58:11+00:00\",\"dateModified\":\"2025-01-17T15:00:18+00:00\",\"description\":\"Entdecken Sie SMEG Dolce & Gabbana Kaffeem\u00fchle Blau bei ErresseShop. Qualit\u00e4t, Stil und Funktionalit\u00e4t \u2013 jetzt online bestellen!\",\"breadcrumb\":{\"@id\":\"https:\/\/www.erresse-shop.it\/de\/shop\/kleine-elektrogeraete\/kaffeemuehlen\/smeg-dolce-gabbana-kaffeemuehle-blau\/#breadcrumb\"},\"inLanguage\":\"de-DE\",\"potentialAction\":[{\"@type\":\"ReadAction\",\"target\":[\"https:\/\/www.erresse-shop.it\/de\/shop\/kleine-elektrogeraete\/kaffeemuehlen\/smeg-dolce-gabbana-kaffeemuehle-blau\/\"]}]},{\"@type\":\"BreadcrumbList\",\"@id\":\"https:\/\/www.erresse-shop.it\/de\/shop\/kleine-elektrogeraete\/kaffeemuehlen\/smeg-dolce-gabbana-kaffeemuehle-blau\/#breadcrumb\",\"itemListElement\":[{\"@type\":\"ListItem\",\"position\":1,\"name\":\"Home\",\"item\":\"https:\/\/www.erresse-shop.it\/de\/\"},{\"@type\":\"ListItem\",\"position\":2,\"name\":\"Shop\",\"item\":\"https:\/\/www.erresse-shop.it\/de\/shop\/\"},{\"@type\":\"ListItem\",\"position\":3,\"name\":\"SMEG Dolce &#038; Gabbana Kaffeem\u00fchle Blau\"}]},{\"@type\":\"WebSite\",\"@id\":\"https:\/\/www.erresse-shop.it\/de\/#website\",\"url\":\"https:\/\/www.erresse-shop.it\/de\/\",\"name\":\"Erresse Shop\",\"description\":\"Articoli di qualit\u00e0 per la casa\",\"potentialAction\":[{\"@type\":\"SearchAction\",\"target\":{\"@type\":\"EntryPoint\",\"urlTemplate\":\"https:\/\/www.erresse-shop.it\/de\/?s={search_term_string}\"},\"query-input\":\"required name=search_term_string\"}],\"inLanguage\":\"de-DE\"}]}<\/script>\n<!-- \/ Yoast SEO Premium plugin. -->","yoast_head_json":{"title":"SMEG Dolce & Gabbana Kaffeem\u00fchle Blau","description":"Entdecken Sie SMEG Dolce & Gabbana Kaffeem\u00fchle Blau bei ErresseShop. Qualit\u00e4t, Stil und Funktionalit\u00e4t \u2013 jetzt online bestellen!","robots":{"index":"index","follow":"follow","max-snippet":"max-snippet:-1","max-image-preview":"max-image-preview:large","max-video-preview":"max-video-preview:-1"},"canonical":"https:\/\/www.erresse-shop.it\/de\/shop\/kleine-elektrogeraete\/kaffeemuehlen\/smeg-dolce-gabbana-kaffeemuehle-blau\/","og_locale":"de_DE","og_type":"article","og_title":"SMEG Dolce & Gabbana Kaffeem\u00fchle Blau","og_description":"Entdecken Sie SMEG Dolce & Gabbana Kaffeem\u00fchle Blau bei ErresseShop. Qualit\u00e4t, Stil und Funktionalit\u00e4t \u2013 jetzt online bestellen!","og_url":"https:\/\/www.erresse-shop.it\/de\/shop\/kleine-elektrogeraete\/kaffeemuehlen\/smeg-dolce-gabbana-kaffeemuehle-blau\/","og_site_name":"Erresse Shop","article_modified_time":"2025-01-17T15:00:18+00:00","og_image":[{"width":1200,"height":1200,"url":"https:\/\/www.erresse-shop.it\/wp-content\/uploads\/2024\/05\/SMEG-Dolce-Gabbana-Macinacaffe-Blu.jpg","type":"image\/jpeg"}],"twitter_card":"summary_large_image","schema":{"@context":"https:\/\/schema.org","@graph":[{"@type":"WebPage","@id":"https:\/\/www.erresse-shop.it\/de\/shop\/kleine-elektrogeraete\/kaffeemuehlen\/smeg-dolce-gabbana-kaffeemuehle-blau\/","url":"https:\/\/www.erresse-shop.it\/de\/shop\/kleine-elektrogeraete\/kaffeemuehlen\/smeg-dolce-gabbana-kaffeemuehle-blau\/","name":"SMEG Dolce & Gabbana Kaffeem\u00fchle Blau","isPartOf":{"@id":"https:\/\/www.erresse-shop.it\/de\/#website"},"datePublished":"2024-05-27T12:58:11+00:00","dateModified":"2025-01-17T15:00:18+00:00","description":"Entdecken Sie SMEG Dolce & Gabbana Kaffeem\u00fchle Blau bei ErresseShop. Qualit\u00e4t, Stil und Funktionalit\u00e4t \u2013 jetzt online bestellen!","breadcrumb":{"@id":"https:\/\/www.erresse-shop.it\/de\/shop\/kleine-elektrogeraete\/kaffeemuehlen\/smeg-dolce-gabbana-kaffeemuehle-blau\/#breadcrumb"},"inLanguage":"de-DE","potentialAction":[{"@type":"ReadAction","target":["https:\/\/www.erresse-shop.it\/de\/shop\/kleine-elektrogeraete\/kaffeemuehlen\/smeg-dolce-gabbana-kaffeemuehle-blau\/"]}]},{"@type":"BreadcrumbList","@id":"https:\/\/www.erresse-shop.it\/de\/shop\/kleine-elektrogeraete\/kaffeemuehlen\/smeg-dolce-gabbana-kaffeemuehle-blau\/#breadcrumb","itemListElement":[{"@type":"ListItem","position":1,"name":"Home","item":"https:\/\/www.erresse-shop.it\/de\/"},{"@type":"ListItem","position":2,"name":"Shop","item":"https:\/\/www.erresse-shop.it\/de\/shop\/"},{"@type":"ListItem","position":3,"name":"SMEG Dolce &#038; Gabbana Kaffeem\u00fchle Blau"}]},{"@type":"WebSite","@id":"https:\/\/www.erresse-shop.it\/de\/#website","url":"https:\/\/www.erresse-shop.it\/de\/","name":"Erresse Shop","description":"Articoli di qualit\u00e0 per la casa","potentialAction":[{"@type":"SearchAction","target":{"@type":"EntryPoint","urlTemplate":"https:\/\/www.erresse-shop.it\/de\/?s={search_term_string}"},"query-input":"required name=search_term_string"}],"inLanguage":"de-DE"}]}},"df_price":409,"df_sale_price":409,"df_regular_price":799,"df_image_link":"https:\/\/www.erresse-shop.it\/wp-content\/uploads\/2024\/05\/SMEG-Dolce-Gabbana-Macinacaffe-Blu-300x300.jpg","_links":{"self":[{"href":"https:\/\/www.erresse-shop.it\/de\/wp-json\/wp\/v2\/product\/408878"}],"collection":[{"href":"https:\/\/www.erresse-shop.it\/de\/wp-json\/wp\/v2\/product"}],"about":[{"href":"https:\/\/www.erresse-shop.it\/de\/wp-json\/wp\/v2\/types\/product"}],"wp:featuredmedia":[{"embeddable":true,"href":"https:\/\/www.erresse-shop.it\/de\/wp-json\/wp\/v2\/media\/451117"}],"wp:attachment":[{"href":"https:\/\/www.erresse-shop.it\/de\/wp-json\/wp\/v2\/media?parent=408878"}],"wp:term":[{"taxonomy":"product_cat","embeddable":true,"href":"https:\/\/www.erresse-shop.it\/de\/wp-json\/wp\/v2\/product_cat?post=408878"},{"taxonomy":"product_tag","embeddable":true,"href":"https:\/\/www.erresse-shop.it\/de\/wp-json\/wp\/v2\/product_tag?post=408878"}],"curies":[{"name":"wp","href":"https:\/\/api.w.org\/{rel}","templated":true}]}}