{"id":408845,"date":"2024-05-27T12:06:10","date_gmt":"2024-05-27T12:06:13","guid":{"rendered":"https:\/\/www.erresse-shop.it\/?post_type=product&#038;p=408845"},"modified":"2025-01-17T15:00:17","modified_gmt":"2025-01-17T15:00:17","slug":"smeg-dolce-gabbana-entsafter-blau","status":"publish","type":"product","link":"https:\/\/www.erresse-shop.it\/de\/shop\/kleine-elektrogeraete\/zitruspressen\/smeg-dolce-gabbana-entsafter-blau\/","title":{"rendered":"SMEG Dolce &#038; Gabbana Entsafter Blau"},"content":{"rendered":"<p>Die elektrische <strong>Zitruspresse<\/strong> CJF01 von Smeg ist ein Ger\u00e4t, das Design, Zuverl\u00e4ssigkeit und Spitzenleistung vereint. Eine Zitruspresse, die sich sehen lassen kann, die Ihnen das Vergn\u00fcgen bereitet, in Ihrer K\u00fcche zu leben und sich dem Wohlbefinden von frischem Zitrussaft hinzugeben.<\/p>\n<p>Viele St\u00e4rken machen sie zu einem Spitzenger\u00e4t.<\/p>\n<p>Die Zitruspresse von <strong>Smeg<\/strong> ist mit einem leistungsstarken 70-W-Motor mit integriertem Ein-Aus-Sensor ausgestattet, der durch eine Saftauffangschale und einen tropffreien Auslauf erg\u00e4nzt wird, der das Auslaufen des Saftes verhindert, um eine Verschmutzung der K\u00fcchenarbeitsfl\u00e4che am Ende des Gebrauchs zu vermeiden. Die Funktionalit\u00e4t wird durch die einfache Handhabung und Reinigung erg\u00e4nzt: Ein Deckel ist im Lieferumfang enthalten, um das Ger\u00e4t vor Staub zu sch\u00fctzen, wenn es nicht in Gebrauch ist (er kann auch als Beh\u00e4lter verwendet werden, wenn das Ger\u00e4t in Gebrauch ist), und alle Komponenten sind leicht abnehmbar.<\/p>\n<p>Die Produktreihe ist mit hochwertigen Materialien ausgestattet, die optimale Sicherheit bieten und Tradition und Innovation vereinen: Edelstahl und korrosionsbest\u00e4ndige Materialien, die den gesamten Geschmack des Saftes bewahren.<\/p>\n<p><strong>AESTHETICS<\/strong><\/p>\n<p><strong>Dolce&amp;Gabbana<\/strong> und <strong>Smeg<\/strong> vereinen ihre k\u00fcnstlerischen Seelen und kreieren einzigartige, originelle Designs &#8220;<strong>Made in Italy<\/strong>&#8220;, wie zum Beispiel &#8220;<strong>Blu Mediterraneo<\/strong>&#8220;. Die neue Kleinger\u00e4tekollektion wurde von Smeg mit dem Design von Matteo Bazzicalupo und Raffaella Mangiarotti (deepdesign) und der unverwechselbaren Kreativit\u00e4t von Dolce&amp;Gabbana entworfen.<\/p>\n<p><strong>Farbe:<\/strong> Dekoriert \/ Spezial<br \/>\n<strong>Dekoration \/ Sonderfarbe:<\/strong> Blu Mediterraneo<br \/>\n<strong>Ausf\u00fchrung:<\/strong> Gl\u00e4nzend<br \/>\n<strong>\u00c4sthetik:<\/strong> 50er Jahre Stil<br \/>\n<strong>Serie:<\/strong> Blu Mediterraneo<br \/>\n<strong>Kollaborationen:<\/strong> Smeg &amp; Dolce&amp;Gabbana<br \/>\n<strong>Grundfarbe:<\/strong> Chrom poliert<br \/>\n<strong>Farbe des Oberteils:<\/strong> Chrom poliert<br \/>\n<strong>Material Geh\u00e4use:<\/strong> Stahl<br \/>\n<strong>Material des Sockels:<\/strong> Kunststoff<br \/>\n<strong>Obermaterial:<\/strong> Stahl<\/p>\n<p><strong>TECHNISCHE MERKMALE<\/strong><\/p>\n<p><strong>Auspresssystem<\/strong>: Manueller Druck<br \/>\n<strong>Tropffreier<\/strong> <strong>Auslauf<\/strong>: Ja<br \/>\n<strong>Universal-Kegel<\/strong>: Ja<br \/>\n<strong>Konusdrehung<\/strong>: 1 Richtung &#8211; gegen den Uhrzeigersinn<br \/>\n<strong>Rutschfester Sockel<\/strong>: Ja<br \/>\n<strong>Integrierte Kabelaufwicklung<\/strong>: Ja<\/p>\n<p><strong>ELEKTRISCHE DATEN<\/strong><\/p>\n<p><strong>Spannung<\/strong>: 220-240 V<br \/>\n<strong>Frequenz<\/strong>: 50\/60 Hz<br \/>\n<strong>L\u00e4nge des Netzkabels<\/strong>: 1 m<\/p>\n<p><strong>FUNKTIONEN<\/strong><\/p>\n<ul>\n<li><strong>Automatisch ein\/aus<\/strong><\/li>\n<\/ul>\n<p><strong>Nicht zum Verkauf au\u00dferhalb Europas<\/strong><\/p>\n","protected":false},"excerpt":{"rendered":"<p>Die elektrische Zitruspresse CJF01 von Smeg ist ein Ger\u00e4t, das Design, Zuverl\u00e4ssigkeit und Spitzenleistung vereint. Eine Zitruspresse, die sich sehen<\/p>\n","protected":false},"featured_media":436740,"template":"","meta":{"_acf_changed":false,"inline_featured_image":false},"product_cat":[6703,6889],"product_tag":[25182,24681,11718,19968,25022,11929],"acf":[],"yoast_head":"<!-- This site is optimized with the Yoast SEO Premium plugin v18.6 (Yoast SEO v19.13) - https:\/\/yoast.com\/wordpress\/plugins\/seo\/ -->\n<title>SMEG Dolce &amp; Gabbana Entsafter Blau<\/title>\n<meta name=\"description\" content=\"Entdecken Sie SMEG Dolce &amp; Gabbana Entsafter Blau bei ErresseShop. Qualit\u00e4t, Stil und Funktionalit\u00e4t \u2013 jetzt online bestellen!\" \/>\n<meta name=\"robots\" content=\"index, follow, max-snippet:-1, max-image-preview:large, max-video-preview:-1\" \/>\n<link rel=\"canonical\" href=\"https:\/\/www.erresse-shop.it\/de\/shop\/kleine-elektrogeraete\/zitruspressen\/smeg-dolce-gabbana-entsafter-blau\/\" \/>\n<meta property=\"og:locale\" content=\"de_DE\" \/>\n<meta property=\"og:type\" content=\"article\" \/>\n<meta property=\"og:title\" content=\"SMEG Dolce &amp; Gabbana Entsafter Blau\" \/>\n<meta property=\"og:description\" content=\"Entdecken Sie SMEG Dolce &amp; Gabbana Entsafter Blau bei ErresseShop. Qualit\u00e4t, Stil und Funktionalit\u00e4t \u2013 jetzt online bestellen!\" \/>\n<meta property=\"og:url\" content=\"https:\/\/www.erresse-shop.it\/de\/shop\/kleine-elektrogeraete\/zitruspressen\/smeg-dolce-gabbana-entsafter-blau\/\" \/>\n<meta property=\"og:site_name\" content=\"Erresse Shop\" \/>\n<meta property=\"article:modified_time\" content=\"2025-01-17T15:00:17+00:00\" \/>\n<meta property=\"og:image\" content=\"https:\/\/www.erresse-shop.it\/wp-content\/uploads\/2024\/05\/SMEG-Dolce-Gabbana-Spremiagrumi-Blu.jpg\" \/>\n\t<meta property=\"og:image:width\" content=\"1200\" \/>\n\t<meta property=\"og:image:height\" content=\"1200\" \/>\n\t<meta property=\"og:image:type\" content=\"image\/jpeg\" \/>\n<meta name=\"twitter:card\" content=\"summary_large_image\" \/>\n<script type=\"application\/ld+json\" class=\"yoast-schema-graph\">{\"@context\":\"https:\/\/schema.org\",\"@graph\":[{\"@type\":\"WebPage\",\"@id\":\"https:\/\/www.erresse-shop.it\/de\/shop\/kleine-elektrogeraete\/zitruspressen\/smeg-dolce-gabbana-entsafter-blau\/\",\"url\":\"https:\/\/www.erresse-shop.it\/de\/shop\/kleine-elektrogeraete\/zitruspressen\/smeg-dolce-gabbana-entsafter-blau\/\",\"name\":\"SMEG Dolce & Gabbana Entsafter Blau\",\"isPartOf\":{\"@id\":\"https:\/\/www.erresse-shop.it\/de\/#website\"},\"datePublished\":\"2024-05-27T12:06:13+00:00\",\"dateModified\":\"2025-01-17T15:00:17+00:00\",\"description\":\"Entdecken Sie SMEG Dolce & Gabbana Entsafter Blau bei ErresseShop. Qualit\u00e4t, Stil und Funktionalit\u00e4t \u2013 jetzt online bestellen!\",\"breadcrumb\":{\"@id\":\"https:\/\/www.erresse-shop.it\/de\/shop\/kleine-elektrogeraete\/zitruspressen\/smeg-dolce-gabbana-entsafter-blau\/#breadcrumb\"},\"inLanguage\":\"de-DE\",\"potentialAction\":[{\"@type\":\"ReadAction\",\"target\":[\"https:\/\/www.erresse-shop.it\/de\/shop\/kleine-elektrogeraete\/zitruspressen\/smeg-dolce-gabbana-entsafter-blau\/\"]}]},{\"@type\":\"BreadcrumbList\",\"@id\":\"https:\/\/www.erresse-shop.it\/de\/shop\/kleine-elektrogeraete\/zitruspressen\/smeg-dolce-gabbana-entsafter-blau\/#breadcrumb\",\"itemListElement\":[{\"@type\":\"ListItem\",\"position\":1,\"name\":\"Home\",\"item\":\"https:\/\/www.erresse-shop.it\/de\/\"},{\"@type\":\"ListItem\",\"position\":2,\"name\":\"Shop\",\"item\":\"https:\/\/www.erresse-shop.it\/de\/shop\/\"},{\"@type\":\"ListItem\",\"position\":3,\"name\":\"SMEG Dolce &#038; Gabbana Entsafter Blau\"}]},{\"@type\":\"WebSite\",\"@id\":\"https:\/\/www.erresse-shop.it\/de\/#website\",\"url\":\"https:\/\/www.erresse-shop.it\/de\/\",\"name\":\"Erresse Shop\",\"description\":\"Articoli di qualit\u00e0 per la casa\",\"potentialAction\":[{\"@type\":\"SearchAction\",\"target\":{\"@type\":\"EntryPoint\",\"urlTemplate\":\"https:\/\/www.erresse-shop.it\/de\/?s={search_term_string}\"},\"query-input\":\"required name=search_term_string\"}],\"inLanguage\":\"de-DE\"}]}<\/script>\n<!-- \/ Yoast SEO Premium plugin. -->","yoast_head_json":{"title":"SMEG Dolce & Gabbana Entsafter Blau","description":"Entdecken Sie SMEG Dolce & Gabbana Entsafter Blau bei ErresseShop. Qualit\u00e4t, Stil und Funktionalit\u00e4t \u2013 jetzt online bestellen!","robots":{"index":"index","follow":"follow","max-snippet":"max-snippet:-1","max-image-preview":"max-image-preview:large","max-video-preview":"max-video-preview:-1"},"canonical":"https:\/\/www.erresse-shop.it\/de\/shop\/kleine-elektrogeraete\/zitruspressen\/smeg-dolce-gabbana-entsafter-blau\/","og_locale":"de_DE","og_type":"article","og_title":"SMEG Dolce & Gabbana Entsafter Blau","og_description":"Entdecken Sie SMEG Dolce & Gabbana Entsafter Blau bei ErresseShop. Qualit\u00e4t, Stil und Funktionalit\u00e4t \u2013 jetzt online bestellen!","og_url":"https:\/\/www.erresse-shop.it\/de\/shop\/kleine-elektrogeraete\/zitruspressen\/smeg-dolce-gabbana-entsafter-blau\/","og_site_name":"Erresse Shop","article_modified_time":"2025-01-17T15:00:17+00:00","og_image":[{"width":1200,"height":1200,"url":"https:\/\/www.erresse-shop.it\/wp-content\/uploads\/2024\/05\/SMEG-Dolce-Gabbana-Spremiagrumi-Blu.jpg","type":"image\/jpeg"}],"twitter_card":"summary_large_image","schema":{"@context":"https:\/\/schema.org","@graph":[{"@type":"WebPage","@id":"https:\/\/www.erresse-shop.it\/de\/shop\/kleine-elektrogeraete\/zitruspressen\/smeg-dolce-gabbana-entsafter-blau\/","url":"https:\/\/www.erresse-shop.it\/de\/shop\/kleine-elektrogeraete\/zitruspressen\/smeg-dolce-gabbana-entsafter-blau\/","name":"SMEG Dolce & Gabbana Entsafter Blau","isPartOf":{"@id":"https:\/\/www.erresse-shop.it\/de\/#website"},"datePublished":"2024-05-27T12:06:13+00:00","dateModified":"2025-01-17T15:00:17+00:00","description":"Entdecken Sie SMEG Dolce & Gabbana Entsafter Blau bei ErresseShop. Qualit\u00e4t, Stil und Funktionalit\u00e4t \u2013 jetzt online bestellen!","breadcrumb":{"@id":"https:\/\/www.erresse-shop.it\/de\/shop\/kleine-elektrogeraete\/zitruspressen\/smeg-dolce-gabbana-entsafter-blau\/#breadcrumb"},"inLanguage":"de-DE","potentialAction":[{"@type":"ReadAction","target":["https:\/\/www.erresse-shop.it\/de\/shop\/kleine-elektrogeraete\/zitruspressen\/smeg-dolce-gabbana-entsafter-blau\/"]}]},{"@type":"BreadcrumbList","@id":"https:\/\/www.erresse-shop.it\/de\/shop\/kleine-elektrogeraete\/zitruspressen\/smeg-dolce-gabbana-entsafter-blau\/#breadcrumb","itemListElement":[{"@type":"ListItem","position":1,"name":"Home","item":"https:\/\/www.erresse-shop.it\/de\/"},{"@type":"ListItem","position":2,"name":"Shop","item":"https:\/\/www.erresse-shop.it\/de\/shop\/"},{"@type":"ListItem","position":3,"name":"SMEG Dolce &#038; Gabbana Entsafter Blau"}]},{"@type":"WebSite","@id":"https:\/\/www.erresse-shop.it\/de\/#website","url":"https:\/\/www.erresse-shop.it\/de\/","name":"Erresse Shop","description":"Articoli di qualit\u00e0 per la casa","potentialAction":[{"@type":"SearchAction","target":{"@type":"EntryPoint","urlTemplate":"https:\/\/www.erresse-shop.it\/de\/?s={search_term_string}"},"query-input":"required name=search_term_string"}],"inLanguage":"de-DE"}]}},"df_price":419.29999999999995,"df_sale_price":419.29999999999995,"df_regular_price":599,"df_image_link":"https:\/\/www.erresse-shop.it\/wp-content\/uploads\/2024\/05\/SMEG-Dolce-Gabbana-Spremiagrumi-Blu-300x300.jpg","_links":{"self":[{"href":"https:\/\/www.erresse-shop.it\/de\/wp-json\/wp\/v2\/product\/408845"}],"collection":[{"href":"https:\/\/www.erresse-shop.it\/de\/wp-json\/wp\/v2\/product"}],"about":[{"href":"https:\/\/www.erresse-shop.it\/de\/wp-json\/wp\/v2\/types\/product"}],"wp:featuredmedia":[{"embeddable":true,"href":"https:\/\/www.erresse-shop.it\/de\/wp-json\/wp\/v2\/media\/436740"}],"wp:attachment":[{"href":"https:\/\/www.erresse-shop.it\/de\/wp-json\/wp\/v2\/media?parent=408845"}],"wp:term":[{"taxonomy":"product_cat","embeddable":true,"href":"https:\/\/www.erresse-shop.it\/de\/wp-json\/wp\/v2\/product_cat?post=408845"},{"taxonomy":"product_tag","embeddable":true,"href":"https:\/\/www.erresse-shop.it\/de\/wp-json\/wp\/v2\/product_tag?post=408845"}],"curies":[{"name":"wp","href":"https:\/\/api.w.org\/{rel}","templated":true}]}}