{"id":408721,"date":"2024-05-27T08:21:16","date_gmt":"2024-05-27T08:21:19","guid":{"rendered":"https:\/\/www.erresse-shop.it\/?post_type=product&#038;p=408721"},"modified":"2025-01-17T15:00:14","modified_gmt":"2025-01-17T15:00:14","slug":"smeg-kuechenwaage-schwarz","status":"publish","type":"product","link":"https:\/\/www.erresse-shop.it\/de\/shop\/kleine-elektrogeraete\/skalen\/smeg-kuechenwaage-schwarz\/","title":{"rendered":"SMEG K\u00fcchenwaage Schwarz"},"content":{"rendered":"<p>Es gibt einen Platz f\u00fcr alles, was Sie brauchen, und die K\u00fcchenwaage von Smeg ist das kompakte und vielseitige Objekt, das die Freude am Design mit der Leidenschaft f\u00fcrs Kochen verbindet.<\/p>\n<p><strong>Digitale Waage entwerfen<\/strong><\/p>\n<p>Die digitale K\u00fcchenwaage von Smeg ist das ideale Zubeh\u00f6r f\u00fcr alle, die Pr\u00e4zision, Stil und Funktionalit\u00e4t in der K\u00fcche suchen. Seine leichte Struktur und das raffinierte Design, gekennzeichnet durch eine geb\u00fcrstete Aluminiumplatte und eine farbig matte Oberfl\u00e4che, machen ihn zu einem authentischen Designobjekt.<\/p>\n<p>Die abnehmbare 1,8-Liter-Edelstahlsch\u00fcssel verleiht der Waage nicht nur Eleganz, sondern erleichtert auch die Reinigung und Wartung, da sie sp\u00fclmaschinenfest, hygienisch und geruchsresistent ist. Das LED-Display und die Aluminiumtasten runden den modernen und eleganten Look ab und machen die K\u00fcche noch einladender und trendiger.<\/p>\n<p><strong>Pr\u00e4zise und vielseitig<\/strong><\/p>\n<p>Mit einer maximalen Kapazit\u00e4t von 5 kg und einer Messgenauigkeit von 1 Gramm erm\u00f6glicht Ihnen die Waage von Smeg, jede Art von Zutat mit absoluter Pr\u00e4zision abzuwiegen.<\/p>\n<p>Mit der Tara-Funktion k\u00f6nnen Sie das Gewicht der Sch\u00fcssel neu einstellen und so die Zutaten nacheinander abwiegen, ohne bei Null anfangen zu m\u00fcssen. Dar\u00fcber hinaus besteht die M\u00f6glichkeit, bis zu 4 Ma\u00dfeinheiten auszuw\u00e4hlen und Umrechnungen durchzuf\u00fchren, was die n\u00f6tige Flexibilit\u00e4t f\u00fcr Rezepte aller Art gew\u00e4hrleistet.<\/p>\n<p><strong>Wiederaufladbarer Akku<\/strong><\/p>\n<p>Dank des wiederaufladbaren Lithium-Ionen-Akkus ist die Smeg-Digitalwaage eine hervorragende L\u00f6sung f\u00fcr alle, die Wert auf Praktikabilit\u00e4t und Zuverl\u00e4ssigkeit legen. Durch das Aufladen per USB-Kabel entf\u00e4llt die Notwendigkeit, die Batterien h\u00e4ufig auszutauschen, w\u00e4hrend der automatische Standby-Modus den Energieverbrauch senkt, indem die Waage bei Nichtgebrauch ausgeschaltet wird.<br \/>\nDiese Funktion verl\u00e4ngert nicht nur die Akkulaufzeit, sondern tr\u00e4gt auch zu einem umweltfreundlicheren Ansatz beim Kochen bei.<\/p>\n<p><strong>\u00c4STHETIK<br \/>\n<\/strong><\/p>\n<p class=\"p1\"><strong>Farbe<\/strong>: Schwarz<br \/>\n<strong>Finish<\/strong>: Matt<br \/>\n<strong>\u00c4sthetik<\/strong>: Sammlung<br \/>\n<strong>Oberfl\u00e4che der oberen Platte<\/strong>: Geb\u00fcrstet mit polierter Kante<br \/>\n<strong>Material der Au\u00dfensch\u00fcssel<\/strong>: Kunststoff<br \/>\n<strong>Au\u00dfenschale<\/strong>: Poliert<br \/>\n<strong>Material<\/strong> <strong>Kn\u00f6pfe<\/strong>: Aluminium<br \/>\n<strong>Material<\/strong> <strong>Panel<\/strong> <strong>oben<\/strong>: Aluminium<br \/>\n<strong>Grundoberfl\u00e4che<\/strong>: Matt<br \/>\n<strong>Finish der Innensch\u00fcssel<\/strong>: Geb\u00fcrstet<br \/>\n<strong>Grundfarbe<\/strong>: Wei\u00df<br \/>\n<strong>Innenmaterial der Sch\u00fcssel<\/strong>: Edelstahl<br \/>\n<strong>Grundmaterial<\/strong>: Kunststoff<br \/>\n<strong>Material der rutschfesten F\u00fc\u00dfe<\/strong>: Kunststoff<br \/>\n<strong>Farbe des USB-Kabels<\/strong>: Dunkelgrau<\/p>\n<p><strong>PROGRAMME \/ FUNKTIONEN<\/strong><\/p>\n<p class=\"p1\"><strong>Standby-Modus<\/strong>: Ja<br \/>\n<strong>Ma\u00dfeinheitsfunktion<\/strong>: Ja<br \/>\n<strong>Tara-Funktion<\/strong>: Ja<\/p>\n<p><strong>BEFEHLE<\/strong><\/p>\n<p><strong>LED-Anzeige<\/strong>: Ja<br \/>\n<strong>LED-Farbe an<\/strong>: Wei\u00df<br \/>\n<strong>Art der Steuerelemente<\/strong>: Schaltfl\u00e4chen<br \/>\n<strong>EIN\/AUS-Schalter<\/strong>: Ja<br \/>\n<strong>Aktivierungs-\/UNIT-Taste<\/strong>: Ja<br \/>\n<strong>TARA-Taste<\/strong>: Ja<\/p>\n<p><strong>TECHNISCHE EIGENSCHAFTEN<\/strong><\/p>\n<p class=\"p2\"><strong>Maximale Kapazit\u00e4t<\/strong>: 5 kg \/ 5000 ml \/ 11 lb \/ 175 fl.oz<br \/>\n<strong>Schritte<\/strong>: 1 g \/ 1 ml \/ 0,1 oz \/ 0,1 fl.oz<br \/>\n<strong>Kapazit\u00e4t<\/strong> <strong>Sch\u00fcssel<\/strong>: 1,8 Lt\/ 60 Oz\/ 7 Tassen<br \/>\n<strong>Sp\u00fclmaschinenfester Innennapf<\/strong>: Ja<br \/>\n<strong>Akkulaufzeit<\/strong>: 36 Stunden<br \/>\n<strong>Ma\u00dfeinheiten<\/strong>: g, ml, lb.oz, fl.oz<br \/>\n<strong>Anti-Rutsch-Unterseite<\/strong>: Ja<\/p>\n<p><strong>ELEKTRISCHE SPEZIFIKATIONEN<br \/>\n<\/strong><\/p>\n<p class=\"p1\"><strong>Batterietyp<\/strong>: Li-Ion 1200 mAh<br \/>\n<strong>Stromversorgung<\/strong>: Wiederaufladbarer Akku<br \/>\n<strong>L\u00e4nge des USB-Kabels<\/strong>: 60 cm<\/p>\n<p>&nbsp;<\/p>\n<p><span style=\"text-decoration: underline;\"><strong>Nicht zum Verkauf au\u00dferhalb Europas<\/strong><\/span><\/p>\n","protected":false},"excerpt":{"rendered":"<p>Es gibt einen Platz f\u00fcr alles, was Sie brauchen, und die K\u00fcchenwaage von Smeg ist das kompakte und vielseitige Objekt,<\/p>\n","protected":false},"featured_media":461010,"template":"","meta":{"_acf_changed":false,"inline_featured_image":false},"product_cat":[6703,25978],"product_tag":[25182,23911,13727],"acf":[],"yoast_head":"<!-- This site is optimized with the Yoast SEO Premium plugin v18.6 (Yoast SEO v19.13) - https:\/\/yoast.com\/wordpress\/plugins\/seo\/ -->\n<title>SMEG K\u00fcchenwaage Schwarz<\/title>\n<meta name=\"description\" content=\"Entdecken Sie SMEG K\u00fcchenwaage Schwarz bei ErresseShop. Qualit\u00e4t, Stil und Funktionalit\u00e4t \u2013 jetzt online bestellen!\" \/>\n<meta name=\"robots\" content=\"index, follow, max-snippet:-1, max-image-preview:large, max-video-preview:-1\" \/>\n<link rel=\"canonical\" href=\"https:\/\/www.erresse-shop.it\/de\/shop\/kleine-elektrogeraete\/skalen\/smeg-kuechenwaage-schwarz\/\" \/>\n<meta property=\"og:locale\" content=\"de_DE\" \/>\n<meta property=\"og:type\" content=\"article\" \/>\n<meta property=\"og:title\" content=\"SMEG K\u00fcchenwaage Schwarz\" \/>\n<meta property=\"og:description\" content=\"Entdecken Sie SMEG K\u00fcchenwaage Schwarz bei ErresseShop. Qualit\u00e4t, Stil und Funktionalit\u00e4t \u2013 jetzt online bestellen!\" \/>\n<meta property=\"og:url\" content=\"https:\/\/www.erresse-shop.it\/de\/shop\/kleine-elektrogeraete\/skalen\/smeg-kuechenwaage-schwarz\/\" \/>\n<meta property=\"og:site_name\" content=\"Erresse Shop\" \/>\n<meta property=\"article:modified_time\" content=\"2025-01-17T15:00:14+00:00\" \/>\n<meta property=\"og:image\" content=\"https:\/\/www.erresse-shop.it\/wp-content\/uploads\/2024\/05\/SMEG-Bilancia-da-Cucina-Nero.jpg\" \/>\n\t<meta property=\"og:image:width\" content=\"1200\" \/>\n\t<meta property=\"og:image:height\" content=\"1200\" \/>\n\t<meta property=\"og:image:type\" content=\"image\/jpeg\" \/>\n<meta name=\"twitter:card\" content=\"summary_large_image\" \/>\n<script type=\"application\/ld+json\" class=\"yoast-schema-graph\">{\"@context\":\"https:\/\/schema.org\",\"@graph\":[{\"@type\":\"WebPage\",\"@id\":\"https:\/\/www.erresse-shop.it\/de\/shop\/kleine-elektrogeraete\/skalen\/smeg-kuechenwaage-schwarz\/\",\"url\":\"https:\/\/www.erresse-shop.it\/de\/shop\/kleine-elektrogeraete\/skalen\/smeg-kuechenwaage-schwarz\/\",\"name\":\"SMEG K\u00fcchenwaage Schwarz\",\"isPartOf\":{\"@id\":\"https:\/\/www.erresse-shop.it\/de\/#website\"},\"datePublished\":\"2024-05-27T08:21:19+00:00\",\"dateModified\":\"2025-01-17T15:00:14+00:00\",\"description\":\"Entdecken Sie SMEG K\u00fcchenwaage Schwarz bei ErresseShop. Qualit\u00e4t, Stil und Funktionalit\u00e4t \u2013 jetzt online bestellen!\",\"breadcrumb\":{\"@id\":\"https:\/\/www.erresse-shop.it\/de\/shop\/kleine-elektrogeraete\/skalen\/smeg-kuechenwaage-schwarz\/#breadcrumb\"},\"inLanguage\":\"de-DE\",\"potentialAction\":[{\"@type\":\"ReadAction\",\"target\":[\"https:\/\/www.erresse-shop.it\/de\/shop\/kleine-elektrogeraete\/skalen\/smeg-kuechenwaage-schwarz\/\"]}]},{\"@type\":\"BreadcrumbList\",\"@id\":\"https:\/\/www.erresse-shop.it\/de\/shop\/kleine-elektrogeraete\/skalen\/smeg-kuechenwaage-schwarz\/#breadcrumb\",\"itemListElement\":[{\"@type\":\"ListItem\",\"position\":1,\"name\":\"Home\",\"item\":\"https:\/\/www.erresse-shop.it\/de\/\"},{\"@type\":\"ListItem\",\"position\":2,\"name\":\"Shop\",\"item\":\"https:\/\/www.erresse-shop.it\/de\/shop\/\"},{\"@type\":\"ListItem\",\"position\":3,\"name\":\"SMEG K\u00fcchenwaage Schwarz\"}]},{\"@type\":\"WebSite\",\"@id\":\"https:\/\/www.erresse-shop.it\/de\/#website\",\"url\":\"https:\/\/www.erresse-shop.it\/de\/\",\"name\":\"Erresse Shop\",\"description\":\"Articoli di qualit\u00e0 per la casa\",\"potentialAction\":[{\"@type\":\"SearchAction\",\"target\":{\"@type\":\"EntryPoint\",\"urlTemplate\":\"https:\/\/www.erresse-shop.it\/de\/?s={search_term_string}\"},\"query-input\":\"required name=search_term_string\"}],\"inLanguage\":\"de-DE\"}]}<\/script>\n<!-- \/ Yoast SEO Premium plugin. -->","yoast_head_json":{"title":"SMEG K\u00fcchenwaage Schwarz","description":"Entdecken Sie SMEG K\u00fcchenwaage Schwarz bei ErresseShop. Qualit\u00e4t, Stil und Funktionalit\u00e4t \u2013 jetzt online bestellen!","robots":{"index":"index","follow":"follow","max-snippet":"max-snippet:-1","max-image-preview":"max-image-preview:large","max-video-preview":"max-video-preview:-1"},"canonical":"https:\/\/www.erresse-shop.it\/de\/shop\/kleine-elektrogeraete\/skalen\/smeg-kuechenwaage-schwarz\/","og_locale":"de_DE","og_type":"article","og_title":"SMEG K\u00fcchenwaage Schwarz","og_description":"Entdecken Sie SMEG K\u00fcchenwaage Schwarz bei ErresseShop. Qualit\u00e4t, Stil und Funktionalit\u00e4t \u2013 jetzt online bestellen!","og_url":"https:\/\/www.erresse-shop.it\/de\/shop\/kleine-elektrogeraete\/skalen\/smeg-kuechenwaage-schwarz\/","og_site_name":"Erresse Shop","article_modified_time":"2025-01-17T15:00:14+00:00","og_image":[{"width":1200,"height":1200,"url":"https:\/\/www.erresse-shop.it\/wp-content\/uploads\/2024\/05\/SMEG-Bilancia-da-Cucina-Nero.jpg","type":"image\/jpeg"}],"twitter_card":"summary_large_image","schema":{"@context":"https:\/\/schema.org","@graph":[{"@type":"WebPage","@id":"https:\/\/www.erresse-shop.it\/de\/shop\/kleine-elektrogeraete\/skalen\/smeg-kuechenwaage-schwarz\/","url":"https:\/\/www.erresse-shop.it\/de\/shop\/kleine-elektrogeraete\/skalen\/smeg-kuechenwaage-schwarz\/","name":"SMEG K\u00fcchenwaage Schwarz","isPartOf":{"@id":"https:\/\/www.erresse-shop.it\/de\/#website"},"datePublished":"2024-05-27T08:21:19+00:00","dateModified":"2025-01-17T15:00:14+00:00","description":"Entdecken Sie SMEG K\u00fcchenwaage Schwarz bei ErresseShop. Qualit\u00e4t, Stil und Funktionalit\u00e4t \u2013 jetzt online bestellen!","breadcrumb":{"@id":"https:\/\/www.erresse-shop.it\/de\/shop\/kleine-elektrogeraete\/skalen\/smeg-kuechenwaage-schwarz\/#breadcrumb"},"inLanguage":"de-DE","potentialAction":[{"@type":"ReadAction","target":["https:\/\/www.erresse-shop.it\/de\/shop\/kleine-elektrogeraete\/skalen\/smeg-kuechenwaage-schwarz\/"]}]},{"@type":"BreadcrumbList","@id":"https:\/\/www.erresse-shop.it\/de\/shop\/kleine-elektrogeraete\/skalen\/smeg-kuechenwaage-schwarz\/#breadcrumb","itemListElement":[{"@type":"ListItem","position":1,"name":"Home","item":"https:\/\/www.erresse-shop.it\/de\/"},{"@type":"ListItem","position":2,"name":"Shop","item":"https:\/\/www.erresse-shop.it\/de\/shop\/"},{"@type":"ListItem","position":3,"name":"SMEG K\u00fcchenwaage Schwarz"}]},{"@type":"WebSite","@id":"https:\/\/www.erresse-shop.it\/de\/#website","url":"https:\/\/www.erresse-shop.it\/de\/","name":"Erresse Shop","description":"Articoli di qualit\u00e0 per la casa","potentialAction":[{"@type":"SearchAction","target":{"@type":"EntryPoint","urlTemplate":"https:\/\/www.erresse-shop.it\/de\/?s={search_term_string}"},"query-input":"required name=search_term_string"}],"inLanguage":"de-DE"}]}},"df_price":104.3,"df_sale_price":104.3,"df_regular_price":149,"df_image_link":"https:\/\/www.erresse-shop.it\/wp-content\/uploads\/2024\/05\/SMEG-Bilancia-da-Cucina-Nero-300x300.jpg","_links":{"self":[{"href":"https:\/\/www.erresse-shop.it\/de\/wp-json\/wp\/v2\/product\/408721"}],"collection":[{"href":"https:\/\/www.erresse-shop.it\/de\/wp-json\/wp\/v2\/product"}],"about":[{"href":"https:\/\/www.erresse-shop.it\/de\/wp-json\/wp\/v2\/types\/product"}],"wp:featuredmedia":[{"embeddable":true,"href":"https:\/\/www.erresse-shop.it\/de\/wp-json\/wp\/v2\/media\/461010"}],"wp:attachment":[{"href":"https:\/\/www.erresse-shop.it\/de\/wp-json\/wp\/v2\/media?parent=408721"}],"wp:term":[{"taxonomy":"product_cat","embeddable":true,"href":"https:\/\/www.erresse-shop.it\/de\/wp-json\/wp\/v2\/product_cat?post=408721"},{"taxonomy":"product_tag","embeddable":true,"href":"https:\/\/www.erresse-shop.it\/de\/wp-json\/wp\/v2\/product_tag?post=408721"}],"curies":[{"name":"wp","href":"https:\/\/api.w.org\/{rel}","templated":true}]}}