{"id":408683,"date":"2024-05-27T07:47:01","date_gmt":"2024-05-27T07:47:03","guid":{"rendered":"https:\/\/www.erresse-shop.it\/?post_type=product&#038;p=408683"},"modified":"2025-01-17T15:00:14","modified_gmt":"2025-01-17T15:00:14","slug":"smeg-kaffeevollautomat-mit-dampffunktion-weis-copia","status":"publish","type":"product","link":"https:\/\/www.erresse-shop.it\/de\/shop\/kleine-elektrogeraete\/grills-und-barbecues\/smeg-kaffeevollautomat-mit-dampffunktion-weis-copia\/","title":{"rendered":"SMEG Tragbares Induktionskochfeld Wei\u00df"},"content":{"rendered":"<div class=\"main__description\">Tragbare Induktionsplatte mit externem Temperaturf\u00fchler zur pr\u00e4zisen Kontrolle der Kochergebnisse und zum Experimentieren mit Zubereitungen auf professionellem Niveau. Kreieren Sie dank der voreingestellten Grill- und Bratprogramme immer neue Gerichte.<\/div>\n<p><strong>\u00c4STHETIK<\/strong><br \/>\n<strong>Farbe<\/strong>: Wei\u00df<br \/>\n<strong>Finish<\/strong>: Matt<br \/>\n<strong>\u00c4sthetik<\/strong>: Sammlung<br \/>\n<strong>Geh\u00e4usematerial<\/strong>: Kunststoff<br \/>\n<strong>Material der Frontplatte<\/strong>: Aluminium<br \/>\n<strong>Farbe der Frontplatte<\/strong>: Aluminium<br \/>\n<strong>Oberfl\u00e4che der Frontplatte<\/strong>: Geb\u00fcrstet mit polierter Kante<br \/>\n<strong>K\u00f6rperoberfl\u00e4che<\/strong>: Matt<br \/>\n<strong>Material der rutschfesten F\u00fc\u00dfe<\/strong>: Gummi<br \/>\n<strong>Glastyp<\/strong>: Keramik<br \/>\n<strong>Steuerposition<\/strong>: Vorne<br \/>\n<strong>Slider<\/strong>: Ja<br \/>\n<strong>Farbe der Kontroll-LED<\/strong>: Rot<br \/>\n<strong>Glaskante<\/strong>: Abgeschr\u00e4gt<br \/>\n<strong>Siebdruckfarbe<\/strong>: Grau<\/p>\n<p><strong>PROGRAMME \/ FUNKTIONEN<\/strong><br \/>\n<strong>Pause-Funktion<\/strong>: Ja<br \/>\n<strong>Akustische Signale<\/strong>: Optional<br \/>\n<strong>Automatisches Herunterfahren<\/strong>: Ja<br \/>\n<strong>Anzahl der Induktionskochzonen<\/strong>: 1<br \/>\n<strong>Leistungsstufen<\/strong>: 9<\/p>\n<p><strong>BEFEHLE<\/strong><br \/>\n<strong>Anzeige<\/strong>: Ja<br \/>\n<strong>Art der Steuerung<\/strong>: Ber\u00fchren<br \/>\n<strong>EIN\/AUS-Taste<\/strong>: Ja<\/p>\n<p><strong>TECHNISCHE EIGENSCHAFTEN<\/strong><br \/>\n<strong>Anzeigetechnologie<\/strong>: LED<br \/>\n<strong>Erkennung der Topfanwesenheit<\/strong>: Ja<br \/>\n<strong>Automatische Abschaltung bei \u00dcberhitzung<\/strong>: Ja<br \/>\n<strong>Selbststopp bei \u00dcberlauf<\/strong>: Ja<br \/>\n<strong>Restw\u00e4rmeanzeige<\/strong>: Ja<\/p>\n<p><strong>ELEKTRISCHER ANSCHLUSS<\/strong><br \/>\n<strong>Spannung (V):<\/strong> 220-240 V<br \/>\n<strong>Hz-Frequenz:<\/strong> 50\/60 Hz<br \/>\n<strong>L\u00e4nge des Stromkabels:<\/strong> 1 m<\/p>\n<p><u><strong>Nicht zum Verkauf au\u00dferhalb Europas<\/strong><\/u><\/p>\n","protected":false},"excerpt":{"rendered":"<p>Tragbare Induktionsplatte mit externem Temperaturf\u00fchler zur pr\u00e4zisen Kontrolle der Kochergebnisse und zum Experimentieren mit Zubereitungen auf professionellem Niveau. Kreieren Sie<\/p>\n","protected":false},"featured_media":489014,"template":"","meta":{"_acf_changed":false,"inline_featured_image":false},"product_cat":[6703,13378],"product_tag":[25182,23911,23564,25022],"acf":[],"yoast_head":"<!-- This site is optimized with the Yoast SEO Premium plugin v18.6 (Yoast SEO v19.13) - https:\/\/yoast.com\/wordpress\/plugins\/seo\/ -->\n<title>SMEG Tragbares Induktionskochfeld<\/title>\n<meta name=\"description\" content=\"Entdecken Sie SMEG Tragbares Induktionskochfeld bei ErresseShop. Qualit\u00e4t, Stil und Funktionalit\u00e4t \u2013 jetzt online bestellen!\" \/>\n<meta name=\"robots\" content=\"index, follow, max-snippet:-1, max-image-preview:large, max-video-preview:-1\" \/>\n<link rel=\"canonical\" href=\"https:\/\/www.erresse-shop.it\/de\/shop\/kleine-elektrogeraete\/grills-und-barbecues\/smeg-kaffeevollautomat-mit-dampffunktion-weis-copia\/\" \/>\n<meta property=\"og:locale\" content=\"de_DE\" \/>\n<meta property=\"og:type\" content=\"article\" \/>\n<meta property=\"og:title\" content=\"SMEG Tragbares Induktionskochfeld Wei\u00df\" \/>\n<meta property=\"og:description\" content=\"Entdecken Sie SMEG Tragbares Induktionskochfeld bei ErresseShop. Qualit\u00e4t, Stil und Funktionalit\u00e4t \u2013 jetzt online bestellen!\" \/>\n<meta property=\"og:url\" content=\"https:\/\/www.erresse-shop.it\/de\/shop\/kleine-elektrogeraete\/grills-und-barbecues\/smeg-kaffeevollautomat-mit-dampffunktion-weis-copia\/\" \/>\n<meta property=\"og:site_name\" content=\"Erresse Shop\" \/>\n<meta property=\"article:modified_time\" content=\"2025-01-17T15:00:14+00:00\" \/>\n<meta property=\"og:image\" content=\"https:\/\/www.erresse-shop.it\/wp-content\/uploads\/2024\/05\/SMEG-Piastra-a-Induzione-Portatile.png\" \/>\n\t<meta property=\"og:image:width\" content=\"800\" \/>\n\t<meta property=\"og:image:height\" content=\"800\" \/>\n\t<meta property=\"og:image:type\" content=\"image\/png\" \/>\n<meta name=\"twitter:card\" content=\"summary_large_image\" \/>\n<script type=\"application\/ld+json\" class=\"yoast-schema-graph\">{\"@context\":\"https:\/\/schema.org\",\"@graph\":[{\"@type\":\"WebPage\",\"@id\":\"https:\/\/www.erresse-shop.it\/de\/shop\/kleine-elektrogeraete\/grills-und-barbecues\/smeg-kaffeevollautomat-mit-dampffunktion-weis-copia\/\",\"url\":\"https:\/\/www.erresse-shop.it\/de\/shop\/kleine-elektrogeraete\/grills-und-barbecues\/smeg-kaffeevollautomat-mit-dampffunktion-weis-copia\/\",\"name\":\"SMEG Tragbares Induktionskochfeld\",\"isPartOf\":{\"@id\":\"https:\/\/www.erresse-shop.it\/de\/#website\"},\"datePublished\":\"2024-05-27T07:47:03+00:00\",\"dateModified\":\"2025-01-17T15:00:14+00:00\",\"description\":\"Entdecken Sie SMEG Tragbares Induktionskochfeld bei ErresseShop. Qualit\u00e4t, Stil und Funktionalit\u00e4t \u2013 jetzt online bestellen!\",\"breadcrumb\":{\"@id\":\"https:\/\/www.erresse-shop.it\/de\/shop\/kleine-elektrogeraete\/grills-und-barbecues\/smeg-kaffeevollautomat-mit-dampffunktion-weis-copia\/#breadcrumb\"},\"inLanguage\":\"de-DE\",\"potentialAction\":[{\"@type\":\"ReadAction\",\"target\":[\"https:\/\/www.erresse-shop.it\/de\/shop\/kleine-elektrogeraete\/grills-und-barbecues\/smeg-kaffeevollautomat-mit-dampffunktion-weis-copia\/\"]}]},{\"@type\":\"BreadcrumbList\",\"@id\":\"https:\/\/www.erresse-shop.it\/de\/shop\/kleine-elektrogeraete\/grills-und-barbecues\/smeg-kaffeevollautomat-mit-dampffunktion-weis-copia\/#breadcrumb\",\"itemListElement\":[{\"@type\":\"ListItem\",\"position\":1,\"name\":\"Home\",\"item\":\"https:\/\/www.erresse-shop.it\/de\/\"},{\"@type\":\"ListItem\",\"position\":2,\"name\":\"Shop\",\"item\":\"https:\/\/www.erresse-shop.it\/de\/shop\/\"},{\"@type\":\"ListItem\",\"position\":3,\"name\":\"SMEG Tragbares Induktionskochfeld Wei\u00df\"}]},{\"@type\":\"WebSite\",\"@id\":\"https:\/\/www.erresse-shop.it\/de\/#website\",\"url\":\"https:\/\/www.erresse-shop.it\/de\/\",\"name\":\"Erresse Shop\",\"description\":\"Articoli di qualit\u00e0 per la casa\",\"potentialAction\":[{\"@type\":\"SearchAction\",\"target\":{\"@type\":\"EntryPoint\",\"urlTemplate\":\"https:\/\/www.erresse-shop.it\/de\/?s={search_term_string}\"},\"query-input\":\"required name=search_term_string\"}],\"inLanguage\":\"de-DE\"}]}<\/script>\n<!-- \/ Yoast SEO Premium plugin. -->","yoast_head_json":{"title":"SMEG Tragbares Induktionskochfeld","description":"Entdecken Sie SMEG Tragbares Induktionskochfeld bei ErresseShop. Qualit\u00e4t, Stil und Funktionalit\u00e4t \u2013 jetzt online bestellen!","robots":{"index":"index","follow":"follow","max-snippet":"max-snippet:-1","max-image-preview":"max-image-preview:large","max-video-preview":"max-video-preview:-1"},"canonical":"https:\/\/www.erresse-shop.it\/de\/shop\/kleine-elektrogeraete\/grills-und-barbecues\/smeg-kaffeevollautomat-mit-dampffunktion-weis-copia\/","og_locale":"de_DE","og_type":"article","og_title":"SMEG Tragbares Induktionskochfeld Wei\u00df","og_description":"Entdecken Sie SMEG Tragbares Induktionskochfeld bei ErresseShop. Qualit\u00e4t, Stil und Funktionalit\u00e4t \u2013 jetzt online bestellen!","og_url":"https:\/\/www.erresse-shop.it\/de\/shop\/kleine-elektrogeraete\/grills-und-barbecues\/smeg-kaffeevollautomat-mit-dampffunktion-weis-copia\/","og_site_name":"Erresse Shop","article_modified_time":"2025-01-17T15:00:14+00:00","og_image":[{"width":800,"height":800,"url":"https:\/\/www.erresse-shop.it\/wp-content\/uploads\/2024\/05\/SMEG-Piastra-a-Induzione-Portatile.png","type":"image\/png"}],"twitter_card":"summary_large_image","schema":{"@context":"https:\/\/schema.org","@graph":[{"@type":"WebPage","@id":"https:\/\/www.erresse-shop.it\/de\/shop\/kleine-elektrogeraete\/grills-und-barbecues\/smeg-kaffeevollautomat-mit-dampffunktion-weis-copia\/","url":"https:\/\/www.erresse-shop.it\/de\/shop\/kleine-elektrogeraete\/grills-und-barbecues\/smeg-kaffeevollautomat-mit-dampffunktion-weis-copia\/","name":"SMEG Tragbares Induktionskochfeld","isPartOf":{"@id":"https:\/\/www.erresse-shop.it\/de\/#website"},"datePublished":"2024-05-27T07:47:03+00:00","dateModified":"2025-01-17T15:00:14+00:00","description":"Entdecken Sie SMEG Tragbares Induktionskochfeld bei ErresseShop. Qualit\u00e4t, Stil und Funktionalit\u00e4t \u2013 jetzt online bestellen!","breadcrumb":{"@id":"https:\/\/www.erresse-shop.it\/de\/shop\/kleine-elektrogeraete\/grills-und-barbecues\/smeg-kaffeevollautomat-mit-dampffunktion-weis-copia\/#breadcrumb"},"inLanguage":"de-DE","potentialAction":[{"@type":"ReadAction","target":["https:\/\/www.erresse-shop.it\/de\/shop\/kleine-elektrogeraete\/grills-und-barbecues\/smeg-kaffeevollautomat-mit-dampffunktion-weis-copia\/"]}]},{"@type":"BreadcrumbList","@id":"https:\/\/www.erresse-shop.it\/de\/shop\/kleine-elektrogeraete\/grills-und-barbecues\/smeg-kaffeevollautomat-mit-dampffunktion-weis-copia\/#breadcrumb","itemListElement":[{"@type":"ListItem","position":1,"name":"Home","item":"https:\/\/www.erresse-shop.it\/de\/"},{"@type":"ListItem","position":2,"name":"Shop","item":"https:\/\/www.erresse-shop.it\/de\/shop\/"},{"@type":"ListItem","position":3,"name":"SMEG Tragbares Induktionskochfeld Wei\u00df"}]},{"@type":"WebSite","@id":"https:\/\/www.erresse-shop.it\/de\/#website","url":"https:\/\/www.erresse-shop.it\/de\/","name":"Erresse Shop","description":"Articoli di qualit\u00e0 per la casa","potentialAction":[{"@type":"SearchAction","target":{"@type":"EntryPoint","urlTemplate":"https:\/\/www.erresse-shop.it\/de\/?s={search_term_string}"},"query-input":"required name=search_term_string"}],"inLanguage":"de-DE"}]}},"df_price":244.29999999999998,"df_sale_price":244.29999999999998,"df_regular_price":349,"df_image_link":"https:\/\/www.erresse-shop.it\/wp-content\/uploads\/2024\/05\/SMEG-Piastra-a-Induzione-Portatile-300x300.jpg","_links":{"self":[{"href":"https:\/\/www.erresse-shop.it\/de\/wp-json\/wp\/v2\/product\/408683"}],"collection":[{"href":"https:\/\/www.erresse-shop.it\/de\/wp-json\/wp\/v2\/product"}],"about":[{"href":"https:\/\/www.erresse-shop.it\/de\/wp-json\/wp\/v2\/types\/product"}],"wp:featuredmedia":[{"embeddable":true,"href":"https:\/\/www.erresse-shop.it\/de\/wp-json\/wp\/v2\/media\/489014"}],"wp:attachment":[{"href":"https:\/\/www.erresse-shop.it\/de\/wp-json\/wp\/v2\/media?parent=408683"}],"wp:term":[{"taxonomy":"product_cat","embeddable":true,"href":"https:\/\/www.erresse-shop.it\/de\/wp-json\/wp\/v2\/product_cat?post=408683"},{"taxonomy":"product_tag","embeddable":true,"href":"https:\/\/www.erresse-shop.it\/de\/wp-json\/wp\/v2\/product_tag?post=408683"}],"curies":[{"name":"wp","href":"https:\/\/api.w.org\/{rel}","templated":true}]}}