{"id":408609,"date":"2024-05-27T06:29:54","date_gmt":"2024-05-27T06:29:56","guid":{"rendered":"https:\/\/www.erresse-shop.it\/?post_type=product&#038;p=408609"},"modified":"2025-01-17T15:00:12","modified_gmt":"2025-01-17T15:00:12","slug":"smeg-kaffeevollautomat-mit-dampffunktion-weiss","status":"publish","type":"product","link":"https:\/\/www.erresse-shop.it\/de\/shop\/kleine-elektrogeraete\/kaffeemaschinen-espresso\/automatisch\/smeg-kaffeevollautomat-mit-dampffunktion-weiss\/","title":{"rendered":"SMEG Kaffeevollautomat mit Dampffunktion Wei\u00df"},"content":{"rendered":"<p><strong>EINFACH ZU BEDIENEN<\/strong><br \/>\nF\u00fcllen Sie den Beh\u00e4lter einfach mit Ihren Lieblingskaffeebohnen und w\u00e4hlen Sie Ihr Getr\u00e4nk. Dank des intuitiven Bedienfelds und der One-Touch-Funktionen ist Ihr Kaffee in wenigen Sekunden fertig.<\/p>\n<p><strong>GRO\u00dfE GETR\u00c4NKEAUSWAH<\/strong><br \/>\nAus frisch gemahlenen Bohnen k\u00f6nnen Sie ganz nach Ihren W\u00fcnschen verschiedene Kaffeespezialit\u00e4ten herstellen: Schwarzer Kaffee, Espresso, Americano oder Ristretto und dank der Milchaufsch\u00e4umfunktion auch Cappuccino und Latte Macchiato.<\/p>\n<p><strong>LEICHT ZU PFLEGEN<\/strong><br \/>\nDank der herausnehmbaren Br\u00fcheinheit und des abnehmbaren Wassertanks l\u00e4sst sich die Maschine besonders leicht reinigen. Durch das stets frische Mahlen des Kaffees k\u00f6nnen Sie auf die Verwendung von Kapseln verzichten und vermeiden so jede Menge unn\u00f6tige Abf\u00e4lle.<\/p>\n<p><strong>DESIGN<\/strong><br \/>\n<strong>Farbe:<\/strong> Wei\u00df<br \/>\n<strong>Oberfl\u00e4che:<\/strong> Matt<br \/>\n<strong>Design:<\/strong> 50&#8217;s Style<br \/>\n<strong>Material des Geh\u00e4uses:<\/strong> Kunststoff<br \/>\n<strong>Material des Ger\u00e4tefrontes:<\/strong> Aluminium<br \/>\n<strong>Oberfl\u00e4che Ger\u00e4tefront:<\/strong> Geb\u00fcrstet mit glatt polierten Abschlu\u00dfkanten<br \/>\n<strong>Material des Tassentr\u00e4gers:<\/strong> Aluminum<br \/>\n<strong>Oberfl\u00e4che des Tassentr\u00e4gers:<\/strong> Geb\u00fcrstet mit glatt polierten Abschlu\u00dfkanten<br \/>\n<strong>Material des Wassertanks:<\/strong> SAN<br \/>\n<strong>Farbe des Wassertanks:<\/strong> Transparent, get\u00f6nt<br \/>\n<strong>Material des Wassertankgriffs:<\/strong> Kunststoff<br \/>\n<strong>Farbe des Wassertankgriffs:<\/strong> Grau<br \/>\n<strong>Material des Kaffeeauslaufs:<\/strong> Kunststoff<br \/>\n<strong>Material des Milchaufsch\u00e4umers:<\/strong> Metall<\/p>\n<p><strong>PROGRAMME \/ FUNKTIONEN<\/strong><br \/>\n<strong>Programme\/Funktionen des prim\u00e4ren Men\u00fcs:<\/strong> Wei\u00dfe Hinterleuchtung der Bedientaste<br \/>\n<strong>Programme\/Funktionen des sekund\u00e4ren Men\u00fcs:<\/strong> Orange Hinterleuchtung der Bedientaste<br \/>\n<strong>Ristretto (kleiner Espresso):<\/strong> Ja<br \/>\n<strong>Espresso:<\/strong> Ja<br \/>\n<strong>Kaffee:<\/strong> Ja<br \/>\n<strong>Hei\u00dfwasserfunktion f\u00fcr Tee und Hei\u00dfgetr\u00e4nke:<\/strong> Ja<br \/>\n<strong>Leichter Ristretto (kleiner Espresso):<\/strong> Ja<br \/>\n<strong>Leichter Espresso:<\/strong> Ja<br \/>\n<strong>Gro\u00dfer Kaffee:<\/strong> Ja<br \/>\n<strong>Dampf:<\/strong> Ja<br \/>\n<strong>Einstellbarer Mahlgrad:<\/strong> Ja<br \/>\n<strong>Individuell anpassbare Wassermenge pro Getr\u00e4nk:<\/strong> Ja<br \/>\n<strong>H\u00f6henverstellbarer Kaffeeauslauf:<\/strong> Ja<br \/>\n<strong>H\u00f6he Kaffeeauslauf:<\/strong> 90-135 mm (185 mm ohne Restwasserschale)<br \/>\n<strong>Wasserh\u00e4rtegrad einstellbar:<\/strong> 3 Stufen<br \/>\n<strong>Automatische Sp\u00fclfunktion:<\/strong> Ja<br \/>\n<strong>Manuelle Reinigung des Kaffeeauslaufs:<\/strong> Ja<br \/>\n<strong>Manuelle Reinigung des Milchaufsch\u00e4umers:<\/strong> Ja<br \/>\n<strong>Anzeige Entkalkung:<\/strong> Ja<br \/>\n<strong>Anzeige Entleerung des Kaffeesatzbeh\u00e4lters:<\/strong> Ja<br \/>\n<strong>Anzeige Bef\u00fcllung des Kaffeebohnenfaches:<\/strong> Ja<br \/>\n<strong>Anzeige Bef\u00fcllung des Wassertanks:<\/strong> Ja<br \/>\n<strong>Anzeige fehlende oder nicht korrekt eingesetzte Br\u00fchgruppe:<\/strong> Ja<br \/>\n<strong>Signalt\u00f6ne:<\/strong> Abschaltbar<br \/>\n<strong>Beleuchteter Kaffeeauslauf:<\/strong> Ja<br \/>\n<strong>Automatische Abschaltung:<\/strong> Ja<\/p>\n<p><strong>BEDIENELEMENTE<\/strong><br \/>\n<strong>Art der Bedienelemente:<\/strong> Bedientasten<br \/>\n<strong>Material der Bedientasten:<\/strong> Kunststoff<br \/>\n<strong>Farbe der Bedientasten:<\/strong> Wei\u00df<br \/>\n<strong>Anzahl der Bedientasten:<\/strong> 4<br \/>\n<strong>Prim\u00e4r-\/Sekund\u00e4rmen\u00fc Taste:<\/strong> 1<br \/>\n<strong>EIN\/AUS Taste:<\/strong> Ja<\/p>\n<p><strong>TECHNISCHE EIGENSCHAFTEN<\/strong><br \/>\n<strong>Heizsystem:<\/strong> Thermoblock<br \/>\n<strong>Pumpendruck:<\/strong> 19 bar<br \/>\n<strong>Herausnehmbare Br\u00fcheinheit:<\/strong> Ja<br \/>\n<strong>Fassungsverm\u00f6gen Kaffeebohnenfach:<\/strong> 150 g<br \/>\n<strong>Fassungsverm\u00f6gen Kaffeesatzbeh\u00e4lter (Anzahl der Kaffes\u00e4tze):<\/strong> 8<br \/>\n<strong>Herausnehmbarer Wassertank:<\/strong> Ja<br \/>\n<strong>Fassungsverm\u00f6gen Wassertank:<\/strong> 1.4 l<br \/>\n<strong>Restwasserschale mit F\u00fcllstandsanzeige, herausnehmbar:<\/strong> Ja<br \/>\n<strong>Hei\u00dfwasser-\/Dampfd\u00fcse schwenkbar:<\/strong> Ja<\/p>\n<p><strong>ELEKTRISCHER ANSCHLUSS<\/strong><br \/>\n<strong>Spannung:<\/strong> 220-240 V<br \/>\n<strong>Frequenz:<\/strong> 50\/60 Hz<br \/>\n<strong>L\u00e4nge des Netzkabels:<\/strong> 1 m<\/p>\n<p><span style=\"text-decoration: underline;\"><strong>Nicht zum Verkauf au\u00dferhalb Europas<\/strong><\/span><\/p>\n","protected":false},"excerpt":{"rendered":"<p>EINFACH ZU BEDIENEN F\u00fcllen Sie den Beh\u00e4lter einfach mit Ihren Lieblingskaffeebohnen und w\u00e4hlen Sie Ihr Getr\u00e4nk. Dank des intuitiven Bedienfelds<\/p>\n","protected":false},"featured_media":507540,"template":"","meta":{"_acf_changed":false,"inline_featured_image":false},"product_cat":[6733,6703,25361],"product_tag":[25182,23569,23911,23564,13966,11718,25022],"acf":[],"yoast_head":"<!-- This site is optimized with the Yoast SEO Premium plugin v18.6 (Yoast SEO v19.13) - https:\/\/yoast.com\/wordpress\/plugins\/seo\/ -->\n<title>SMEG Kaffeevollautomat mit Dampffunktion Wei\u00df<\/title>\n<meta name=\"description\" content=\"Entdecken Sie SMEG Kaffeevollautomat mit Dampffunktion Wei\u00df bei ErresseShop. Qualit\u00e4t, Stil und Funktionalit\u00e4t \u2013 jetzt online bestellen!\" \/>\n<meta name=\"robots\" content=\"index, follow, max-snippet:-1, max-image-preview:large, max-video-preview:-1\" \/>\n<link rel=\"canonical\" href=\"https:\/\/www.erresse-shop.it\/de\/shop\/kleine-elektrogeraete\/kaffeemaschinen-espresso\/automatisch\/smeg-kaffeevollautomat-mit-dampffunktion-weiss\/\" \/>\n<meta property=\"og:locale\" content=\"de_DE\" \/>\n<meta property=\"og:type\" content=\"article\" \/>\n<meta property=\"og:title\" content=\"SMEG Kaffeevollautomat mit Dampffunktion Wei\u00df\" \/>\n<meta property=\"og:description\" content=\"Entdecken Sie SMEG Kaffeevollautomat mit Dampffunktion Wei\u00df bei ErresseShop. Qualit\u00e4t, Stil und Funktionalit\u00e4t \u2013 jetzt online bestellen!\" \/>\n<meta property=\"og:url\" content=\"https:\/\/www.erresse-shop.it\/de\/shop\/kleine-elektrogeraete\/kaffeemaschinen-espresso\/automatisch\/smeg-kaffeevollautomat-mit-dampffunktion-weiss\/\" \/>\n<meta property=\"og:site_name\" content=\"Erresse Shop\" \/>\n<meta property=\"article:modified_time\" content=\"2025-01-17T15:00:12+00:00\" \/>\n<meta property=\"og:image\" content=\"https:\/\/www.erresse-shop.it\/wp-content\/uploads\/2024\/05\/SMEG-Macchina-da-Caffe-Automatica-con-Lancia-Vapore-Bianco.png\" \/>\n\t<meta property=\"og:image:width\" content=\"800\" \/>\n\t<meta property=\"og:image:height\" content=\"800\" \/>\n\t<meta property=\"og:image:type\" content=\"image\/png\" \/>\n<meta name=\"twitter:card\" content=\"summary_large_image\" \/>\n<script type=\"application\/ld+json\" class=\"yoast-schema-graph\">{\"@context\":\"https:\/\/schema.org\",\"@graph\":[{\"@type\":\"WebPage\",\"@id\":\"https:\/\/www.erresse-shop.it\/de\/shop\/kleine-elektrogeraete\/kaffeemaschinen-espresso\/automatisch\/smeg-kaffeevollautomat-mit-dampffunktion-weiss\/\",\"url\":\"https:\/\/www.erresse-shop.it\/de\/shop\/kleine-elektrogeraete\/kaffeemaschinen-espresso\/automatisch\/smeg-kaffeevollautomat-mit-dampffunktion-weiss\/\",\"name\":\"SMEG Kaffeevollautomat mit Dampffunktion Wei\u00df\",\"isPartOf\":{\"@id\":\"https:\/\/www.erresse-shop.it\/de\/#website\"},\"datePublished\":\"2024-05-27T06:29:56+00:00\",\"dateModified\":\"2025-01-17T15:00:12+00:00\",\"description\":\"Entdecken Sie SMEG Kaffeevollautomat mit Dampffunktion Wei\u00df bei ErresseShop. Qualit\u00e4t, Stil und Funktionalit\u00e4t \u2013 jetzt online bestellen!\",\"breadcrumb\":{\"@id\":\"https:\/\/www.erresse-shop.it\/de\/shop\/kleine-elektrogeraete\/kaffeemaschinen-espresso\/automatisch\/smeg-kaffeevollautomat-mit-dampffunktion-weiss\/#breadcrumb\"},\"inLanguage\":\"de-DE\",\"potentialAction\":[{\"@type\":\"ReadAction\",\"target\":[\"https:\/\/www.erresse-shop.it\/de\/shop\/kleine-elektrogeraete\/kaffeemaschinen-espresso\/automatisch\/smeg-kaffeevollautomat-mit-dampffunktion-weiss\/\"]}]},{\"@type\":\"BreadcrumbList\",\"@id\":\"https:\/\/www.erresse-shop.it\/de\/shop\/kleine-elektrogeraete\/kaffeemaschinen-espresso\/automatisch\/smeg-kaffeevollautomat-mit-dampffunktion-weiss\/#breadcrumb\",\"itemListElement\":[{\"@type\":\"ListItem\",\"position\":1,\"name\":\"Home\",\"item\":\"https:\/\/www.erresse-shop.it\/de\/\"},{\"@type\":\"ListItem\",\"position\":2,\"name\":\"Shop\",\"item\":\"https:\/\/www.erresse-shop.it\/de\/shop\/\"},{\"@type\":\"ListItem\",\"position\":3,\"name\":\"SMEG Kaffeevollautomat mit Dampffunktion Wei\u00df\"}]},{\"@type\":\"WebSite\",\"@id\":\"https:\/\/www.erresse-shop.it\/de\/#website\",\"url\":\"https:\/\/www.erresse-shop.it\/de\/\",\"name\":\"Erresse Shop\",\"description\":\"Articoli di qualit\u00e0 per la casa\",\"potentialAction\":[{\"@type\":\"SearchAction\",\"target\":{\"@type\":\"EntryPoint\",\"urlTemplate\":\"https:\/\/www.erresse-shop.it\/de\/?s={search_term_string}\"},\"query-input\":\"required name=search_term_string\"}],\"inLanguage\":\"de-DE\"}]}<\/script>\n<!-- \/ Yoast SEO Premium plugin. -->","yoast_head_json":{"title":"SMEG Kaffeevollautomat mit Dampffunktion Wei\u00df","description":"Entdecken Sie SMEG Kaffeevollautomat mit Dampffunktion Wei\u00df bei ErresseShop. Qualit\u00e4t, Stil und Funktionalit\u00e4t \u2013 jetzt online bestellen!","robots":{"index":"index","follow":"follow","max-snippet":"max-snippet:-1","max-image-preview":"max-image-preview:large","max-video-preview":"max-video-preview:-1"},"canonical":"https:\/\/www.erresse-shop.it\/de\/shop\/kleine-elektrogeraete\/kaffeemaschinen-espresso\/automatisch\/smeg-kaffeevollautomat-mit-dampffunktion-weiss\/","og_locale":"de_DE","og_type":"article","og_title":"SMEG Kaffeevollautomat mit Dampffunktion Wei\u00df","og_description":"Entdecken Sie SMEG Kaffeevollautomat mit Dampffunktion Wei\u00df bei ErresseShop. Qualit\u00e4t, Stil und Funktionalit\u00e4t \u2013 jetzt online bestellen!","og_url":"https:\/\/www.erresse-shop.it\/de\/shop\/kleine-elektrogeraete\/kaffeemaschinen-espresso\/automatisch\/smeg-kaffeevollautomat-mit-dampffunktion-weiss\/","og_site_name":"Erresse Shop","article_modified_time":"2025-01-17T15:00:12+00:00","og_image":[{"width":800,"height":800,"url":"https:\/\/www.erresse-shop.it\/wp-content\/uploads\/2024\/05\/SMEG-Macchina-da-Caffe-Automatica-con-Lancia-Vapore-Bianco.png","type":"image\/png"}],"twitter_card":"summary_large_image","schema":{"@context":"https:\/\/schema.org","@graph":[{"@type":"WebPage","@id":"https:\/\/www.erresse-shop.it\/de\/shop\/kleine-elektrogeraete\/kaffeemaschinen-espresso\/automatisch\/smeg-kaffeevollautomat-mit-dampffunktion-weiss\/","url":"https:\/\/www.erresse-shop.it\/de\/shop\/kleine-elektrogeraete\/kaffeemaschinen-espresso\/automatisch\/smeg-kaffeevollautomat-mit-dampffunktion-weiss\/","name":"SMEG Kaffeevollautomat mit Dampffunktion Wei\u00df","isPartOf":{"@id":"https:\/\/www.erresse-shop.it\/de\/#website"},"datePublished":"2024-05-27T06:29:56+00:00","dateModified":"2025-01-17T15:00:12+00:00","description":"Entdecken Sie SMEG Kaffeevollautomat mit Dampffunktion Wei\u00df bei ErresseShop. Qualit\u00e4t, Stil und Funktionalit\u00e4t \u2013 jetzt online bestellen!","breadcrumb":{"@id":"https:\/\/www.erresse-shop.it\/de\/shop\/kleine-elektrogeraete\/kaffeemaschinen-espresso\/automatisch\/smeg-kaffeevollautomat-mit-dampffunktion-weiss\/#breadcrumb"},"inLanguage":"de-DE","potentialAction":[{"@type":"ReadAction","target":["https:\/\/www.erresse-shop.it\/de\/shop\/kleine-elektrogeraete\/kaffeemaschinen-espresso\/automatisch\/smeg-kaffeevollautomat-mit-dampffunktion-weiss\/"]}]},{"@type":"BreadcrumbList","@id":"https:\/\/www.erresse-shop.it\/de\/shop\/kleine-elektrogeraete\/kaffeemaschinen-espresso\/automatisch\/smeg-kaffeevollautomat-mit-dampffunktion-weiss\/#breadcrumb","itemListElement":[{"@type":"ListItem","position":1,"name":"Home","item":"https:\/\/www.erresse-shop.it\/de\/"},{"@type":"ListItem","position":2,"name":"Shop","item":"https:\/\/www.erresse-shop.it\/de\/shop\/"},{"@type":"ListItem","position":3,"name":"SMEG Kaffeevollautomat mit Dampffunktion Wei\u00df"}]},{"@type":"WebSite","@id":"https:\/\/www.erresse-shop.it\/de\/#website","url":"https:\/\/www.erresse-shop.it\/de\/","name":"Erresse Shop","description":"Articoli di qualit\u00e0 per la casa","potentialAction":[{"@type":"SearchAction","target":{"@type":"EntryPoint","urlTemplate":"https:\/\/www.erresse-shop.it\/de\/?s={search_term_string}"},"query-input":"required name=search_term_string"}],"inLanguage":"de-DE"}]}},"df_price":489.29999999999995,"df_sale_price":489.29999999999995,"df_regular_price":699,"df_image_link":"https:\/\/www.erresse-shop.it\/wp-content\/uploads\/2024\/05\/SMEG-Macchina-da-Caffe-Automatica-con-Lancia-Vapore-Bianco-300x300.jpg","_links":{"self":[{"href":"https:\/\/www.erresse-shop.it\/de\/wp-json\/wp\/v2\/product\/408609"}],"collection":[{"href":"https:\/\/www.erresse-shop.it\/de\/wp-json\/wp\/v2\/product"}],"about":[{"href":"https:\/\/www.erresse-shop.it\/de\/wp-json\/wp\/v2\/types\/product"}],"wp:featuredmedia":[{"embeddable":true,"href":"https:\/\/www.erresse-shop.it\/de\/wp-json\/wp\/v2\/media\/507540"}],"wp:attachment":[{"href":"https:\/\/www.erresse-shop.it\/de\/wp-json\/wp\/v2\/media?parent=408609"}],"wp:term":[{"taxonomy":"product_cat","embeddable":true,"href":"https:\/\/www.erresse-shop.it\/de\/wp-json\/wp\/v2\/product_cat?post=408609"},{"taxonomy":"product_tag","embeddable":true,"href":"https:\/\/www.erresse-shop.it\/de\/wp-json\/wp\/v2\/product_tag?post=408609"}],"curies":[{"name":"wp","href":"https:\/\/api.w.org\/{rel}","templated":true}]}}