{"id":408445,"date":"2024-05-24T13:55:25","date_gmt":"2024-05-24T13:55:26","guid":{"rendered":"https:\/\/www.erresse-shop.it\/?post_type=product&#038;p=408445"},"modified":"2025-05-24T19:37:55","modified_gmt":"2025-05-24T19:37:55","slug":"zwilling-enfinigy-toaster-2-schlitze-schwarz-mit-warmhaltefu","status":"publish","type":"product","link":"https:\/\/www.erresse-shop.it\/de\/shop\/kleine-elektrogeraete\/toaster\/zwilling-enfinigy-toaster-2-schlitze-schwarz-mit-warmhaltefu\/","title":{"rendered":"ZWILLING Enfinigy Toaster 2 Schlitze Schwarz mit Warmhaltefu"},"content":{"rendered":"<p>Genie\u00dfen Sie k\u00f6stliches Toastbrot genau so, wie Sie es m\u00f6gen. Immer. Der ZWILLING ENFINIGY Zwei-Scheiben-Toaster mit modernem Design sorgt f\u00fcr gleichm\u00e4\u00dfiges Toasten von Brot, auch nach mehreren Toastvorg\u00e4ngen. Dazu verk\u00fcrzt er automatisch die Toastzeit, um die gew\u00fcnschte Br\u00e4unung zu erreichen. Die vier separaten Heizelemente des 1000-Watt-Toasters br\u00e4unen beide Seiten einer Brotscheibe gleichm\u00e4\u00dfig. Das Ergebnis ist ein knuspriges \u00c4u\u00dferes mit einem weichen Kern: echter ZWILLING-Toast. Wenn der Toast fertig ist, fliegt er nicht aus dem Toaster. Die Soft-Lift-Funktion sorgt f\u00fcr ein sanftes Gleiten nach oben und die integrierte Extra-Lift-Funktion sorgt daf\u00fcr, dass sich auch die kleinsten Scheiben m\u00fchelos aus dem Toaster nehmen lassen. Kein verbrannter Toast mehr: Dieser Toaster schaltet sich automatisch ab, wenn die voreingestellte Toastzeit erreicht ist. Selbst bei der h\u00f6chsten Einstellung gibt es keinen verbrannten Toast. Mit der Stopptaste k\u00f6nnen Sie den Toastvorgang jederzeit unterbrechen. Die Kr\u00fcmel fallen in die leicht zu entnehmende Toastschale. Der Toaster verf\u00fcgt \u00fcber sieben Br\u00e4unungsstufen und drei Automatikprogramme. Mit der Aufw\u00e4rmfunktion k\u00f6nnen Sie einen kalten Toast wieder aufw\u00e4rmen. Die Auftaufunktion erm\u00f6glicht es Ihnen, Brot zu toasten, sobald Sie es aus dem Gefrierschrank nehmen. Mit der Bagel-Funktion mit Scheibenzentrierung erzielen Sie ideale Bagel-Toastergebnisse: au\u00dfen knusprig, innen getoastet. Mit dem abnehmbaren Sandwich-W\u00e4rmer k\u00f6nnen Sie zwei zus\u00e4tzliche Sandwiches aufw\u00e4rmen oder toasten. Au\u00dferdem ist dieses Zubeh\u00f6rteil mit symmetrischen Rosten ausgestattet, die sich ideal zum Servieren Ihres Toasts eignen.<\/p>\n<ul>\n<li>Toaster f\u00fcr 2 Scheiben<\/li>\n<li>Passt die Toastzeit automatisch an, um eine gleichm\u00e4\u00dfige Br\u00e4unung zu erzielen &#8211; auch bei wiederholtem Toasten<\/li>\n<li>Drei Automatikprogramme: Auftauen, Aufw\u00e4rmen, Bagel<\/li>\n<li>Soft-Lift zur einfachen Toastentnahme<\/li>\n<li>Sicherheitsfunktion mit automatischer Abschaltung verhindert verbrannten Toast<\/li>\n<li>Herausnehmbare Kr\u00fcmelschublade<\/li>\n<li>Vier unabh\u00e4ngige Heizeinheiten f\u00fcr gleichm\u00e4\u00dfige Br\u00e4unung<\/li>\n<\/ul>\n<p>Farbe: schwarz<br \/>\nMaterial: rostfreier Stahl<br \/>\nSpannung: 220-240 V<br \/>\nFrequenz: 50\/60 Hz<br \/>\nIntegrierte Kabelaufwicklung: Ja<br \/>\nLeistungsaufnahme: 1.000 W<\/p>\n<p><strong>BANKW\u00c4RMER IM PAKET ENTHALTEN<\/strong><\/p>\n<p><strong>Nicht zum Verkauf au\u00dferhalb Europas<\/strong><\/p>\n","protected":false},"excerpt":{"rendered":"<p>Genie\u00dfen Sie k\u00f6stliches Toastbrot genau so, wie Sie es m\u00f6gen. Immer. Der ZWILLING ENFINIGY Zwei-Scheiben-Toaster mit modernem Design sorgt f\u00fcr<\/p>\n","protected":false},"featured_media":467271,"template":"","meta":{"_acf_changed":false,"inline_featured_image":false},"product_cat":[6703,6865],"product_tag":[25038,11415,11413,13723,25022,11411,11417],"acf":[],"yoast_head":"<!-- This site is optimized with the Yoast SEO Premium plugin v18.6 (Yoast SEO v19.13) - https:\/\/yoast.com\/wordpress\/plugins\/seo\/ -->\n<title>ZWILLING Enfinigy Toaster 2 Schlitze Schwarz mit Warmhaltefu<\/title>\n<meta name=\"description\" content=\"Entdecken Sie ZWILLING Enfinigy Toaster 2 Schlitze Schwarz mit Warmhaltefu bei ErresseShop. Qualit\u00e4t, Stil und Funktionalit\u00e4t \u2013 jetzt online bestellen!\" \/>\n<meta name=\"robots\" content=\"index, follow, max-snippet:-1, max-image-preview:large, max-video-preview:-1\" \/>\n<link rel=\"canonical\" href=\"https:\/\/www.erresse-shop.it\/de\/shop\/kleine-elektrogeraete\/toaster\/zwilling-enfinigy-toaster-2-schlitze-schwarz-mit-warmhaltefu\/\" \/>\n<meta property=\"og:locale\" content=\"de_DE\" \/>\n<meta property=\"og:type\" content=\"article\" \/>\n<meta property=\"og:title\" content=\"ZWILLING Enfinigy Toaster 2 Schlitze Schwarz mit Warmhaltefu\" \/>\n<meta property=\"og:description\" content=\"Entdecken Sie ZWILLING Enfinigy Toaster 2 Schlitze Schwarz mit Warmhaltefu bei ErresseShop. Qualit\u00e4t, Stil und Funktionalit\u00e4t \u2013 jetzt online bestellen!\" \/>\n<meta property=\"og:url\" content=\"https:\/\/www.erresse-shop.it\/de\/shop\/kleine-elektrogeraete\/toaster\/zwilling-enfinigy-toaster-2-schlitze-schwarz-mit-warmhaltefu\/\" \/>\n<meta property=\"og:site_name\" content=\"Erresse Shop\" \/>\n<meta property=\"article:modified_time\" content=\"2025-05-24T19:37:55+00:00\" \/>\n<meta property=\"og:image\" content=\"https:\/\/www.erresse-shop.it\/wp-content\/uploads\/2024\/05\/ZWILLING-Enfinigy-Tostapane-2-Fette-Nero-con-Scaldapanini.png\" \/>\n\t<meta property=\"og:image:width\" content=\"800\" \/>\n\t<meta property=\"og:image:height\" content=\"800\" \/>\n\t<meta property=\"og:image:type\" content=\"image\/png\" \/>\n<meta name=\"twitter:card\" content=\"summary_large_image\" \/>\n<script type=\"application\/ld+json\" class=\"yoast-schema-graph\">{\"@context\":\"https:\/\/schema.org\",\"@graph\":[{\"@type\":\"WebPage\",\"@id\":\"https:\/\/www.erresse-shop.it\/de\/shop\/kleine-elektrogeraete\/toaster\/zwilling-enfinigy-toaster-2-schlitze-schwarz-mit-warmhaltefu\/\",\"url\":\"https:\/\/www.erresse-shop.it\/de\/shop\/kleine-elektrogeraete\/toaster\/zwilling-enfinigy-toaster-2-schlitze-schwarz-mit-warmhaltefu\/\",\"name\":\"ZWILLING Enfinigy Toaster 2 Schlitze Schwarz mit Warmhaltefu\",\"isPartOf\":{\"@id\":\"https:\/\/www.erresse-shop.it\/de\/#website\"},\"datePublished\":\"2024-05-24T13:55:26+00:00\",\"dateModified\":\"2025-05-24T19:37:55+00:00\",\"description\":\"Entdecken Sie ZWILLING Enfinigy Toaster 2 Schlitze Schwarz mit Warmhaltefu bei ErresseShop. Qualit\u00e4t, Stil und Funktionalit\u00e4t \u2013 jetzt online bestellen!\",\"breadcrumb\":{\"@id\":\"https:\/\/www.erresse-shop.it\/de\/shop\/kleine-elektrogeraete\/toaster\/zwilling-enfinigy-toaster-2-schlitze-schwarz-mit-warmhaltefu\/#breadcrumb\"},\"inLanguage\":\"de-DE\",\"potentialAction\":[{\"@type\":\"ReadAction\",\"target\":[\"https:\/\/www.erresse-shop.it\/de\/shop\/kleine-elektrogeraete\/toaster\/zwilling-enfinigy-toaster-2-schlitze-schwarz-mit-warmhaltefu\/\"]}]},{\"@type\":\"BreadcrumbList\",\"@id\":\"https:\/\/www.erresse-shop.it\/de\/shop\/kleine-elektrogeraete\/toaster\/zwilling-enfinigy-toaster-2-schlitze-schwarz-mit-warmhaltefu\/#breadcrumb\",\"itemListElement\":[{\"@type\":\"ListItem\",\"position\":1,\"name\":\"Home\",\"item\":\"https:\/\/www.erresse-shop.it\/de\/\"},{\"@type\":\"ListItem\",\"position\":2,\"name\":\"Shop\",\"item\":\"https:\/\/www.erresse-shop.it\/de\/shop\/\"},{\"@type\":\"ListItem\",\"position\":3,\"name\":\"ZWILLING Enfinigy Toaster 2 Schlitze Schwarz mit Warmhaltefu\"}]},{\"@type\":\"WebSite\",\"@id\":\"https:\/\/www.erresse-shop.it\/de\/#website\",\"url\":\"https:\/\/www.erresse-shop.it\/de\/\",\"name\":\"Erresse Shop\",\"description\":\"Articoli di qualit\u00e0 per la casa\",\"potentialAction\":[{\"@type\":\"SearchAction\",\"target\":{\"@type\":\"EntryPoint\",\"urlTemplate\":\"https:\/\/www.erresse-shop.it\/de\/?s={search_term_string}\"},\"query-input\":\"required name=search_term_string\"}],\"inLanguage\":\"de-DE\"}]}<\/script>\n<!-- \/ Yoast SEO Premium plugin. -->","yoast_head_json":{"title":"ZWILLING Enfinigy Toaster 2 Schlitze Schwarz mit Warmhaltefu","description":"Entdecken Sie ZWILLING Enfinigy Toaster 2 Schlitze Schwarz mit Warmhaltefu bei ErresseShop. Qualit\u00e4t, Stil und Funktionalit\u00e4t \u2013 jetzt online bestellen!","robots":{"index":"index","follow":"follow","max-snippet":"max-snippet:-1","max-image-preview":"max-image-preview:large","max-video-preview":"max-video-preview:-1"},"canonical":"https:\/\/www.erresse-shop.it\/de\/shop\/kleine-elektrogeraete\/toaster\/zwilling-enfinigy-toaster-2-schlitze-schwarz-mit-warmhaltefu\/","og_locale":"de_DE","og_type":"article","og_title":"ZWILLING Enfinigy Toaster 2 Schlitze Schwarz mit Warmhaltefu","og_description":"Entdecken Sie ZWILLING Enfinigy Toaster 2 Schlitze Schwarz mit Warmhaltefu bei ErresseShop. Qualit\u00e4t, Stil und Funktionalit\u00e4t \u2013 jetzt online bestellen!","og_url":"https:\/\/www.erresse-shop.it\/de\/shop\/kleine-elektrogeraete\/toaster\/zwilling-enfinigy-toaster-2-schlitze-schwarz-mit-warmhaltefu\/","og_site_name":"Erresse Shop","article_modified_time":"2025-05-24T19:37:55+00:00","og_image":[{"width":800,"height":800,"url":"https:\/\/www.erresse-shop.it\/wp-content\/uploads\/2024\/05\/ZWILLING-Enfinigy-Tostapane-2-Fette-Nero-con-Scaldapanini.png","type":"image\/png"}],"twitter_card":"summary_large_image","schema":{"@context":"https:\/\/schema.org","@graph":[{"@type":"WebPage","@id":"https:\/\/www.erresse-shop.it\/de\/shop\/kleine-elektrogeraete\/toaster\/zwilling-enfinigy-toaster-2-schlitze-schwarz-mit-warmhaltefu\/","url":"https:\/\/www.erresse-shop.it\/de\/shop\/kleine-elektrogeraete\/toaster\/zwilling-enfinigy-toaster-2-schlitze-schwarz-mit-warmhaltefu\/","name":"ZWILLING Enfinigy Toaster 2 Schlitze Schwarz mit Warmhaltefu","isPartOf":{"@id":"https:\/\/www.erresse-shop.it\/de\/#website"},"datePublished":"2024-05-24T13:55:26+00:00","dateModified":"2025-05-24T19:37:55+00:00","description":"Entdecken Sie ZWILLING Enfinigy Toaster 2 Schlitze Schwarz mit Warmhaltefu bei ErresseShop. Qualit\u00e4t, Stil und Funktionalit\u00e4t \u2013 jetzt online bestellen!","breadcrumb":{"@id":"https:\/\/www.erresse-shop.it\/de\/shop\/kleine-elektrogeraete\/toaster\/zwilling-enfinigy-toaster-2-schlitze-schwarz-mit-warmhaltefu\/#breadcrumb"},"inLanguage":"de-DE","potentialAction":[{"@type":"ReadAction","target":["https:\/\/www.erresse-shop.it\/de\/shop\/kleine-elektrogeraete\/toaster\/zwilling-enfinigy-toaster-2-schlitze-schwarz-mit-warmhaltefu\/"]}]},{"@type":"BreadcrumbList","@id":"https:\/\/www.erresse-shop.it\/de\/shop\/kleine-elektrogeraete\/toaster\/zwilling-enfinigy-toaster-2-schlitze-schwarz-mit-warmhaltefu\/#breadcrumb","itemListElement":[{"@type":"ListItem","position":1,"name":"Home","item":"https:\/\/www.erresse-shop.it\/de\/"},{"@type":"ListItem","position":2,"name":"Shop","item":"https:\/\/www.erresse-shop.it\/de\/shop\/"},{"@type":"ListItem","position":3,"name":"ZWILLING Enfinigy Toaster 2 Schlitze Schwarz mit Warmhaltefu"}]},{"@type":"WebSite","@id":"https:\/\/www.erresse-shop.it\/de\/#website","url":"https:\/\/www.erresse-shop.it\/de\/","name":"Erresse Shop","description":"Articoli di qualit\u00e0 per la casa","potentialAction":[{"@type":"SearchAction","target":{"@type":"EntryPoint","urlTemplate":"https:\/\/www.erresse-shop.it\/de\/?s={search_term_string}"},"query-input":"required name=search_term_string"}],"inLanguage":"de-DE"}]}},"df_price":89.95,"df_sale_price":89.95,"df_regular_price":99.95,"df_image_link":"https:\/\/www.erresse-shop.it\/wp-content\/uploads\/2024\/05\/ZWILLING-Enfinigy-Tostapane-2-Fette-Nero-con-Scaldapanini-300x300.jpg","_links":{"self":[{"href":"https:\/\/www.erresse-shop.it\/de\/wp-json\/wp\/v2\/product\/408445"}],"collection":[{"href":"https:\/\/www.erresse-shop.it\/de\/wp-json\/wp\/v2\/product"}],"about":[{"href":"https:\/\/www.erresse-shop.it\/de\/wp-json\/wp\/v2\/types\/product"}],"wp:featuredmedia":[{"embeddable":true,"href":"https:\/\/www.erresse-shop.it\/de\/wp-json\/wp\/v2\/media\/467271"}],"wp:attachment":[{"href":"https:\/\/www.erresse-shop.it\/de\/wp-json\/wp\/v2\/media?parent=408445"}],"wp:term":[{"taxonomy":"product_cat","embeddable":true,"href":"https:\/\/www.erresse-shop.it\/de\/wp-json\/wp\/v2\/product_cat?post=408445"},{"taxonomy":"product_tag","embeddable":true,"href":"https:\/\/www.erresse-shop.it\/de\/wp-json\/wp\/v2\/product_tag?post=408445"}],"curies":[{"name":"wp","href":"https:\/\/api.w.org\/{rel}","templated":true}]}}