{"id":408398,"date":"2024-05-24T13:05:37","date_gmt":"2024-05-24T13:05:41","guid":{"rendered":"https:\/\/www.erresse-shop.it\/?post_type=product&#038;p=408398"},"modified":"2025-01-22T06:40:17","modified_gmt":"2025-01-22T06:40:17","slug":"weber-holzkohlegrill-original-kessel-e-4710-47-cm","status":"publish","type":"product","link":"https:\/\/www.erresse-shop.it\/de\/shop\/kleine-elektrogeraete\/grills-und-barbecues\/weber-holzkohlegrill-original-kessel-e-4710-47-cm\/","title":{"rendered":"WEBER Holzkohlegrill Original Kessel E-4710 47 cm"},"content":{"rendered":"<p>Erheben wir unsere Gl\u00e4ser und feiern wir die moderne Version des Kessels, mit dem alles begann &#8211; den Original Kettle, der vom Gr\u00fcnder von Weber erfunden wurde und auf der ganzen Welt beliebt ist. Mit innovativen Funktionen wie dem One-Touch-Reinigungssystem, einem ger\u00e4umigen Aschef\u00e4nger und integrierten Utensilienhaken f\u00fcr einen einfachen Zugriff beim Kochen ist der kultige Kessel weiterhin der Grill, der f\u00fcr alle geschaffen wurde.<\/p>\n<p><strong>TECHNISCHE DATEN<\/strong><\/p>\n<ul>\n<li>Abmessungen &#8211; Deckel offen: 84cm H x 60cm B x 67cm T<\/li>\n<li>Abmessungen &#8211; Deckel geschlossen: 97 cm H x 60 cm B x 57 cm T<\/li>\n<li>Durchmesser: 47 cm<\/li>\n<li>Gesamte Grillfl\u00e4che: 1548 cm\u00b2<\/li>\n<li>Brennstoffart: Kohle<\/li>\n<\/ul>\n","protected":false},"excerpt":{"rendered":"<p>Erheben wir unsere Gl\u00e4ser und feiern wir die moderne Version des Kessels, mit dem alles begann &#8211; den Original Kettle,<\/p>\n","protected":false},"featured_media":507905,"template":"","meta":{"_acf_changed":false,"inline_featured_image":false},"product_cat":[6703,13378],"product_tag":[25182,13379,24604,12210,22515,12211,25022,22516],"acf":[],"yoast_head":"<!-- This site is optimized with the Yoast SEO Premium plugin v18.6 (Yoast SEO v19.13) - https:\/\/yoast.com\/wordpress\/plugins\/seo\/ -->\n<title>WEBER Holzkohlegrill Original Kessel E-4710 47 cm<\/title>\n<meta name=\"description\" content=\"Entdecken Sie WEBER Holzkohlegrill Original Kessel E-4710 47 cm bei ErresseShop. Qualit\u00e4t, Stil und Funktionalit\u00e4t \u2013 jetzt online bestellen!\" \/>\n<meta name=\"robots\" content=\"index, follow, max-snippet:-1, max-image-preview:large, max-video-preview:-1\" \/>\n<link rel=\"canonical\" href=\"https:\/\/www.erresse-shop.it\/de\/shop\/kleine-elektrogeraete\/grills-und-barbecues\/weber-holzkohlegrill-original-kessel-e-4710-47-cm\/\" \/>\n<meta property=\"og:locale\" content=\"de_DE\" \/>\n<meta property=\"og:type\" content=\"article\" \/>\n<meta property=\"og:title\" content=\"WEBER Holzkohlegrill Original Kessel E-4710 47 cm\" \/>\n<meta property=\"og:description\" content=\"Entdecken Sie WEBER Holzkohlegrill Original Kessel E-4710 47 cm bei ErresseShop. Qualit\u00e4t, Stil und Funktionalit\u00e4t \u2013 jetzt online bestellen!\" \/>\n<meta property=\"og:url\" content=\"https:\/\/www.erresse-shop.it\/de\/shop\/kleine-elektrogeraete\/grills-und-barbecues\/weber-holzkohlegrill-original-kessel-e-4710-47-cm\/\" \/>\n<meta property=\"og:site_name\" content=\"Erresse Shop\" \/>\n<meta property=\"article:modified_time\" content=\"2025-01-22T06:40:17+00:00\" \/>\n<meta property=\"og:image\" content=\"https:\/\/www.erresse-shop.it\/wp-content\/uploads\/2024\/05\/WEBER-Barbecue-a-carbone-Original-Kettle-E-4710-47-cm.png\" \/>\n\t<meta property=\"og:image:width\" content=\"800\" \/>\n\t<meta property=\"og:image:height\" content=\"800\" \/>\n\t<meta property=\"og:image:type\" content=\"image\/png\" \/>\n<meta name=\"twitter:card\" content=\"summary_large_image\" \/>\n<script type=\"application\/ld+json\" class=\"yoast-schema-graph\">{\"@context\":\"https:\/\/schema.org\",\"@graph\":[{\"@type\":\"WebPage\",\"@id\":\"https:\/\/www.erresse-shop.it\/de\/shop\/kleine-elektrogeraete\/grills-und-barbecues\/weber-holzkohlegrill-original-kessel-e-4710-47-cm\/\",\"url\":\"https:\/\/www.erresse-shop.it\/de\/shop\/kleine-elektrogeraete\/grills-und-barbecues\/weber-holzkohlegrill-original-kessel-e-4710-47-cm\/\",\"name\":\"WEBER Holzkohlegrill Original Kessel E-4710 47 cm\",\"isPartOf\":{\"@id\":\"https:\/\/www.erresse-shop.it\/de\/#website\"},\"datePublished\":\"2024-05-24T13:05:41+00:00\",\"dateModified\":\"2025-01-22T06:40:17+00:00\",\"description\":\"Entdecken Sie WEBER Holzkohlegrill Original Kessel E-4710 47 cm bei ErresseShop. Qualit\u00e4t, Stil und Funktionalit\u00e4t \u2013 jetzt online bestellen!\",\"breadcrumb\":{\"@id\":\"https:\/\/www.erresse-shop.it\/de\/shop\/kleine-elektrogeraete\/grills-und-barbecues\/weber-holzkohlegrill-original-kessel-e-4710-47-cm\/#breadcrumb\"},\"inLanguage\":\"de-DE\",\"potentialAction\":[{\"@type\":\"ReadAction\",\"target\":[\"https:\/\/www.erresse-shop.it\/de\/shop\/kleine-elektrogeraete\/grills-und-barbecues\/weber-holzkohlegrill-original-kessel-e-4710-47-cm\/\"]}]},{\"@type\":\"BreadcrumbList\",\"@id\":\"https:\/\/www.erresse-shop.it\/de\/shop\/kleine-elektrogeraete\/grills-und-barbecues\/weber-holzkohlegrill-original-kessel-e-4710-47-cm\/#breadcrumb\",\"itemListElement\":[{\"@type\":\"ListItem\",\"position\":1,\"name\":\"Home\",\"item\":\"https:\/\/www.erresse-shop.it\/de\/\"},{\"@type\":\"ListItem\",\"position\":2,\"name\":\"Shop\",\"item\":\"https:\/\/www.erresse-shop.it\/de\/shop\/\"},{\"@type\":\"ListItem\",\"position\":3,\"name\":\"WEBER Holzkohlegrill Original Kessel E-4710 47 cm\"}]},{\"@type\":\"WebSite\",\"@id\":\"https:\/\/www.erresse-shop.it\/de\/#website\",\"url\":\"https:\/\/www.erresse-shop.it\/de\/\",\"name\":\"Erresse Shop\",\"description\":\"Articoli di qualit\u00e0 per la casa\",\"potentialAction\":[{\"@type\":\"SearchAction\",\"target\":{\"@type\":\"EntryPoint\",\"urlTemplate\":\"https:\/\/www.erresse-shop.it\/de\/?s={search_term_string}\"},\"query-input\":\"required name=search_term_string\"}],\"inLanguage\":\"de-DE\"}]}<\/script>\n<!-- \/ Yoast SEO Premium plugin. -->","yoast_head_json":{"title":"WEBER Holzkohlegrill Original Kessel E-4710 47 cm","description":"Entdecken Sie WEBER Holzkohlegrill Original Kessel E-4710 47 cm bei ErresseShop. Qualit\u00e4t, Stil und Funktionalit\u00e4t \u2013 jetzt online bestellen!","robots":{"index":"index","follow":"follow","max-snippet":"max-snippet:-1","max-image-preview":"max-image-preview:large","max-video-preview":"max-video-preview:-1"},"canonical":"https:\/\/www.erresse-shop.it\/de\/shop\/kleine-elektrogeraete\/grills-und-barbecues\/weber-holzkohlegrill-original-kessel-e-4710-47-cm\/","og_locale":"de_DE","og_type":"article","og_title":"WEBER Holzkohlegrill Original Kessel E-4710 47 cm","og_description":"Entdecken Sie WEBER Holzkohlegrill Original Kessel E-4710 47 cm bei ErresseShop. Qualit\u00e4t, Stil und Funktionalit\u00e4t \u2013 jetzt online bestellen!","og_url":"https:\/\/www.erresse-shop.it\/de\/shop\/kleine-elektrogeraete\/grills-und-barbecues\/weber-holzkohlegrill-original-kessel-e-4710-47-cm\/","og_site_name":"Erresse Shop","article_modified_time":"2025-01-22T06:40:17+00:00","og_image":[{"width":800,"height":800,"url":"https:\/\/www.erresse-shop.it\/wp-content\/uploads\/2024\/05\/WEBER-Barbecue-a-carbone-Original-Kettle-E-4710-47-cm.png","type":"image\/png"}],"twitter_card":"summary_large_image","schema":{"@context":"https:\/\/schema.org","@graph":[{"@type":"WebPage","@id":"https:\/\/www.erresse-shop.it\/de\/shop\/kleine-elektrogeraete\/grills-und-barbecues\/weber-holzkohlegrill-original-kessel-e-4710-47-cm\/","url":"https:\/\/www.erresse-shop.it\/de\/shop\/kleine-elektrogeraete\/grills-und-barbecues\/weber-holzkohlegrill-original-kessel-e-4710-47-cm\/","name":"WEBER Holzkohlegrill Original Kessel E-4710 47 cm","isPartOf":{"@id":"https:\/\/www.erresse-shop.it\/de\/#website"},"datePublished":"2024-05-24T13:05:41+00:00","dateModified":"2025-01-22T06:40:17+00:00","description":"Entdecken Sie WEBER Holzkohlegrill Original Kessel E-4710 47 cm bei ErresseShop. Qualit\u00e4t, Stil und Funktionalit\u00e4t \u2013 jetzt online bestellen!","breadcrumb":{"@id":"https:\/\/www.erresse-shop.it\/de\/shop\/kleine-elektrogeraete\/grills-und-barbecues\/weber-holzkohlegrill-original-kessel-e-4710-47-cm\/#breadcrumb"},"inLanguage":"de-DE","potentialAction":[{"@type":"ReadAction","target":["https:\/\/www.erresse-shop.it\/de\/shop\/kleine-elektrogeraete\/grills-und-barbecues\/weber-holzkohlegrill-original-kessel-e-4710-47-cm\/"]}]},{"@type":"BreadcrumbList","@id":"https:\/\/www.erresse-shop.it\/de\/shop\/kleine-elektrogeraete\/grills-und-barbecues\/weber-holzkohlegrill-original-kessel-e-4710-47-cm\/#breadcrumb","itemListElement":[{"@type":"ListItem","position":1,"name":"Home","item":"https:\/\/www.erresse-shop.it\/de\/"},{"@type":"ListItem","position":2,"name":"Shop","item":"https:\/\/www.erresse-shop.it\/de\/shop\/"},{"@type":"ListItem","position":3,"name":"WEBER Holzkohlegrill Original Kessel E-4710 47 cm"}]},{"@type":"WebSite","@id":"https:\/\/www.erresse-shop.it\/de\/#website","url":"https:\/\/www.erresse-shop.it\/de\/","name":"Erresse Shop","description":"Articoli di qualit\u00e0 per la casa","potentialAction":[{"@type":"SearchAction","target":{"@type":"EntryPoint","urlTemplate":"https:\/\/www.erresse-shop.it\/de\/?s={search_term_string}"},"query-input":"required name=search_term_string"}],"inLanguage":"de-DE"}]}},"df_price":179.991,"df_sale_price":179.991,"df_regular_price":199.99,"df_image_link":"https:\/\/www.erresse-shop.it\/wp-content\/uploads\/2024\/05\/WEBER-Barbecue-a-carbone-Original-Kettle-E-4710-47-cm-300x300.jpg","_links":{"self":[{"href":"https:\/\/www.erresse-shop.it\/de\/wp-json\/wp\/v2\/product\/408398"}],"collection":[{"href":"https:\/\/www.erresse-shop.it\/de\/wp-json\/wp\/v2\/product"}],"about":[{"href":"https:\/\/www.erresse-shop.it\/de\/wp-json\/wp\/v2\/types\/product"}],"wp:featuredmedia":[{"embeddable":true,"href":"https:\/\/www.erresse-shop.it\/de\/wp-json\/wp\/v2\/media\/507905"}],"wp:attachment":[{"href":"https:\/\/www.erresse-shop.it\/de\/wp-json\/wp\/v2\/media?parent=408398"}],"wp:term":[{"taxonomy":"product_cat","embeddable":true,"href":"https:\/\/www.erresse-shop.it\/de\/wp-json\/wp\/v2\/product_cat?post=408398"},{"taxonomy":"product_tag","embeddable":true,"href":"https:\/\/www.erresse-shop.it\/de\/wp-json\/wp\/v2\/product_tag?post=408398"}],"curies":[{"name":"wp","href":"https:\/\/api.w.org\/{rel}","templated":true}]}}