{"id":407975,"date":"2024-05-23T14:23:16","date_gmt":"2024-05-23T14:23:18","guid":{"rendered":"https:\/\/www.erresse-shop.it\/?post_type=product&#038;p=407975"},"modified":"2025-01-21T16:45:58","modified_gmt":"2025-01-21T16:45:58","slug":"villeroy-boch-vieux-luxembourg-brindille-6er-set-teller-27-cm-weiss","status":"publish","type":"product","link":"https:\/\/www.erresse-shop.it\/de\/shop\/tisch\/teller-geschirr\/villeroy-boch-vieux-luxembourg-brindille-6er-set-teller-27-cm-weiss\/","title":{"rendered":"VILLEROY &#038; BOCH Vieux Luxembourg Brindille 6er Set Teller 27 cm Wei\u00df"},"content":{"rendered":"<p><strong>Gro\u00dfer Motivteller f\u00fcr Mittag- und Abendessen<\/strong><br \/>\nVieux Luxembourg Brindille ist eine neue und moderne Neuinterpretation der Kollektion Vieux Luxembourg. Die gro\u00dfen Motive in Blau und Wei\u00df auf einer schlichten, schn\u00f6rkellosen Form erinnern an die Elemente der klassischen Dekoration und verleihen ihr einen jungen, modernen Look. Das Design verbindet Tradition und Moderne und bringt jeden Tag eine besondere W\u00e4rme in Ihr Zuhause. Der flache Teller mit gro\u00dfem Motiv eignet sich perfekt f\u00fcr den t\u00e4glichen Gebrauch oder f\u00fcr das Mittagessen und Abendessen mit Freunden. Beeindrucken Sie Ihre G\u00e4ste mit besonderem Porzellan.<\/p>\n<p><strong>Material<\/strong>: Hochwertiges Porzellan<br \/>\n<strong>Durchmesser<\/strong>: 270 mm<br \/>\n<strong>Sp\u00fclmaschinenfest<\/strong>: Ja<br \/>\n<strong>Geeignet f\u00fcr die Mikrowelle<\/strong>: Ja<\/p>\n","protected":false},"excerpt":{"rendered":"<p>Gro\u00dfer Motivteller f\u00fcr Mittag- und Abendessen Vieux Luxembourg Brindille ist eine neue und moderne Neuinterpretation der Kollektion Vieux Luxembourg. Die<\/p>\n","protected":false},"featured_media":474820,"template":"","meta":{"_acf_changed":false,"inline_featured_image":false},"product_cat":[6793,6787],"product_tag":[25027,24398,21971,11971,21970,25022,11827],"acf":[],"yoast_head":"<!-- This site is optimized with the Yoast SEO Premium plugin v18.6 (Yoast SEO v19.13) - https:\/\/yoast.com\/wordpress\/plugins\/seo\/ -->\n<title>VILLEROY &amp; BOCH Vieux Luxembourg Brindille 6er Set Teller 27 cm Wei\u00df<\/title>\n<meta name=\"description\" content=\"Entdecken Sie VILLEROY &amp; BOCH Vieux Luxembourg Brindille 6er Set Teller 27 cm Wei\u00df bei ErresseShop. Qualit\u00e4t, Stil und Funktionalit\u00e4t \u2013 jetzt online bestellen!\" \/>\n<meta name=\"robots\" content=\"index, follow, max-snippet:-1, max-image-preview:large, max-video-preview:-1\" \/>\n<link rel=\"canonical\" href=\"https:\/\/www.erresse-shop.it\/de\/shop\/tisch\/teller-geschirr\/villeroy-boch-vieux-luxembourg-brindille-6er-set-teller-27-cm-weiss\/\" \/>\n<meta property=\"og:locale\" content=\"de_DE\" \/>\n<meta property=\"og:type\" content=\"article\" \/>\n<meta property=\"og:title\" content=\"VILLEROY &amp; BOCH Vieux Luxembourg Brindille 6er Set Teller 27 cm Wei\u00df\" \/>\n<meta property=\"og:description\" content=\"Entdecken Sie VILLEROY &amp; BOCH Vieux Luxembourg Brindille 6er Set Teller 27 cm Wei\u00df bei ErresseShop. Qualit\u00e4t, Stil und Funktionalit\u00e4t \u2013 jetzt online bestellen!\" \/>\n<meta property=\"og:url\" content=\"https:\/\/www.erresse-shop.it\/de\/shop\/tisch\/teller-geschirr\/villeroy-boch-vieux-luxembourg-brindille-6er-set-teller-27-cm-weiss\/\" \/>\n<meta property=\"og:site_name\" content=\"Erresse Shop\" \/>\n<meta property=\"article:modified_time\" content=\"2025-01-21T16:45:58+00:00\" \/>\n<meta property=\"og:image\" content=\"https:\/\/www.erresse-shop.it\/wp-content\/uploads\/2024\/05\/VILLEROY-BOCH-Vieux-Luxembourg-Brindille-Set-6-Piatti-Piani-27-cm-Bianco.png\" \/>\n\t<meta property=\"og:image:width\" content=\"800\" \/>\n\t<meta property=\"og:image:height\" content=\"800\" \/>\n\t<meta property=\"og:image:type\" content=\"image\/png\" \/>\n<meta name=\"twitter:card\" content=\"summary_large_image\" \/>\n<script type=\"application\/ld+json\" class=\"yoast-schema-graph\">{\"@context\":\"https:\/\/schema.org\",\"@graph\":[{\"@type\":\"WebPage\",\"@id\":\"https:\/\/www.erresse-shop.it\/de\/shop\/tisch\/teller-geschirr\/villeroy-boch-vieux-luxembourg-brindille-6er-set-teller-27-cm-weiss\/\",\"url\":\"https:\/\/www.erresse-shop.it\/de\/shop\/tisch\/teller-geschirr\/villeroy-boch-vieux-luxembourg-brindille-6er-set-teller-27-cm-weiss\/\",\"name\":\"VILLEROY & BOCH Vieux Luxembourg Brindille 6er Set Teller 27 cm Wei\u00df\",\"isPartOf\":{\"@id\":\"https:\/\/www.erresse-shop.it\/de\/#website\"},\"datePublished\":\"2024-05-23T14:23:18+00:00\",\"dateModified\":\"2025-01-21T16:45:58+00:00\",\"description\":\"Entdecken Sie VILLEROY & BOCH Vieux Luxembourg Brindille 6er Set Teller 27 cm Wei\u00df bei ErresseShop. Qualit\u00e4t, Stil und Funktionalit\u00e4t \u2013 jetzt online bestellen!\",\"breadcrumb\":{\"@id\":\"https:\/\/www.erresse-shop.it\/de\/shop\/tisch\/teller-geschirr\/villeroy-boch-vieux-luxembourg-brindille-6er-set-teller-27-cm-weiss\/#breadcrumb\"},\"inLanguage\":\"de-DE\",\"potentialAction\":[{\"@type\":\"ReadAction\",\"target\":[\"https:\/\/www.erresse-shop.it\/de\/shop\/tisch\/teller-geschirr\/villeroy-boch-vieux-luxembourg-brindille-6er-set-teller-27-cm-weiss\/\"]}]},{\"@type\":\"BreadcrumbList\",\"@id\":\"https:\/\/www.erresse-shop.it\/de\/shop\/tisch\/teller-geschirr\/villeroy-boch-vieux-luxembourg-brindille-6er-set-teller-27-cm-weiss\/#breadcrumb\",\"itemListElement\":[{\"@type\":\"ListItem\",\"position\":1,\"name\":\"Home\",\"item\":\"https:\/\/www.erresse-shop.it\/de\/\"},{\"@type\":\"ListItem\",\"position\":2,\"name\":\"Shop\",\"item\":\"https:\/\/www.erresse-shop.it\/de\/shop\/\"},{\"@type\":\"ListItem\",\"position\":3,\"name\":\"VILLEROY &#038; BOCH Vieux Luxembourg Brindille 6er Set Teller 27 cm Wei\u00df\"}]},{\"@type\":\"WebSite\",\"@id\":\"https:\/\/www.erresse-shop.it\/de\/#website\",\"url\":\"https:\/\/www.erresse-shop.it\/de\/\",\"name\":\"Erresse Shop\",\"description\":\"Articoli di qualit\u00e0 per la casa\",\"potentialAction\":[{\"@type\":\"SearchAction\",\"target\":{\"@type\":\"EntryPoint\",\"urlTemplate\":\"https:\/\/www.erresse-shop.it\/de\/?s={search_term_string}\"},\"query-input\":\"required name=search_term_string\"}],\"inLanguage\":\"de-DE\"}]}<\/script>\n<!-- \/ Yoast SEO Premium plugin. -->","yoast_head_json":{"title":"VILLEROY & BOCH Vieux Luxembourg Brindille 6er Set Teller 27 cm Wei\u00df","description":"Entdecken Sie VILLEROY & BOCH Vieux Luxembourg Brindille 6er Set Teller 27 cm Wei\u00df bei ErresseShop. Qualit\u00e4t, Stil und Funktionalit\u00e4t \u2013 jetzt online bestellen!","robots":{"index":"index","follow":"follow","max-snippet":"max-snippet:-1","max-image-preview":"max-image-preview:large","max-video-preview":"max-video-preview:-1"},"canonical":"https:\/\/www.erresse-shop.it\/de\/shop\/tisch\/teller-geschirr\/villeroy-boch-vieux-luxembourg-brindille-6er-set-teller-27-cm-weiss\/","og_locale":"de_DE","og_type":"article","og_title":"VILLEROY & BOCH Vieux Luxembourg Brindille 6er Set Teller 27 cm Wei\u00df","og_description":"Entdecken Sie VILLEROY & BOCH Vieux Luxembourg Brindille 6er Set Teller 27 cm Wei\u00df bei ErresseShop. Qualit\u00e4t, Stil und Funktionalit\u00e4t \u2013 jetzt online bestellen!","og_url":"https:\/\/www.erresse-shop.it\/de\/shop\/tisch\/teller-geschirr\/villeroy-boch-vieux-luxembourg-brindille-6er-set-teller-27-cm-weiss\/","og_site_name":"Erresse Shop","article_modified_time":"2025-01-21T16:45:58+00:00","og_image":[{"width":800,"height":800,"url":"https:\/\/www.erresse-shop.it\/wp-content\/uploads\/2024\/05\/VILLEROY-BOCH-Vieux-Luxembourg-Brindille-Set-6-Piatti-Piani-27-cm-Bianco.png","type":"image\/png"}],"twitter_card":"summary_large_image","schema":{"@context":"https:\/\/schema.org","@graph":[{"@type":"WebPage","@id":"https:\/\/www.erresse-shop.it\/de\/shop\/tisch\/teller-geschirr\/villeroy-boch-vieux-luxembourg-brindille-6er-set-teller-27-cm-weiss\/","url":"https:\/\/www.erresse-shop.it\/de\/shop\/tisch\/teller-geschirr\/villeroy-boch-vieux-luxembourg-brindille-6er-set-teller-27-cm-weiss\/","name":"VILLEROY & BOCH Vieux Luxembourg Brindille 6er Set Teller 27 cm Wei\u00df","isPartOf":{"@id":"https:\/\/www.erresse-shop.it\/de\/#website"},"datePublished":"2024-05-23T14:23:18+00:00","dateModified":"2025-01-21T16:45:58+00:00","description":"Entdecken Sie VILLEROY & BOCH Vieux Luxembourg Brindille 6er Set Teller 27 cm Wei\u00df bei ErresseShop. Qualit\u00e4t, Stil und Funktionalit\u00e4t \u2013 jetzt online bestellen!","breadcrumb":{"@id":"https:\/\/www.erresse-shop.it\/de\/shop\/tisch\/teller-geschirr\/villeroy-boch-vieux-luxembourg-brindille-6er-set-teller-27-cm-weiss\/#breadcrumb"},"inLanguage":"de-DE","potentialAction":[{"@type":"ReadAction","target":["https:\/\/www.erresse-shop.it\/de\/shop\/tisch\/teller-geschirr\/villeroy-boch-vieux-luxembourg-brindille-6er-set-teller-27-cm-weiss\/"]}]},{"@type":"BreadcrumbList","@id":"https:\/\/www.erresse-shop.it\/de\/shop\/tisch\/teller-geschirr\/villeroy-boch-vieux-luxembourg-brindille-6er-set-teller-27-cm-weiss\/#breadcrumb","itemListElement":[{"@type":"ListItem","position":1,"name":"Home","item":"https:\/\/www.erresse-shop.it\/de\/"},{"@type":"ListItem","position":2,"name":"Shop","item":"https:\/\/www.erresse-shop.it\/de\/shop\/"},{"@type":"ListItem","position":3,"name":"VILLEROY &#038; BOCH Vieux Luxembourg Brindille 6er Set Teller 27 cm Wei\u00df"}]},{"@type":"WebSite","@id":"https:\/\/www.erresse-shop.it\/de\/#website","url":"https:\/\/www.erresse-shop.it\/de\/","name":"Erresse Shop","description":"Articoli di qualit\u00e0 per la casa","potentialAction":[{"@type":"SearchAction","target":{"@type":"EntryPoint","urlTemplate":"https:\/\/www.erresse-shop.it\/de\/?s={search_term_string}"},"query-input":"required name=search_term_string"}],"inLanguage":"de-DE"}]}},"df_price":143.52,"df_sale_price":143.52,"df_regular_price":179.4,"df_image_link":"https:\/\/www.erresse-shop.it\/wp-content\/uploads\/2024\/05\/VILLEROY-BOCH-Vieux-Luxembourg-Brindille-Set-6-Piatti-Piani-27-cm-Bianco-1-300x300.jpg","_links":{"self":[{"href":"https:\/\/www.erresse-shop.it\/de\/wp-json\/wp\/v2\/product\/407975"}],"collection":[{"href":"https:\/\/www.erresse-shop.it\/de\/wp-json\/wp\/v2\/product"}],"about":[{"href":"https:\/\/www.erresse-shop.it\/de\/wp-json\/wp\/v2\/types\/product"}],"wp:featuredmedia":[{"embeddable":true,"href":"https:\/\/www.erresse-shop.it\/de\/wp-json\/wp\/v2\/media\/474820"}],"wp:attachment":[{"href":"https:\/\/www.erresse-shop.it\/de\/wp-json\/wp\/v2\/media?parent=407975"}],"wp:term":[{"taxonomy":"product_cat","embeddable":true,"href":"https:\/\/www.erresse-shop.it\/de\/wp-json\/wp\/v2\/product_cat?post=407975"},{"taxonomy":"product_tag","embeddable":true,"href":"https:\/\/www.erresse-shop.it\/de\/wp-json\/wp\/v2\/product_tag?post=407975"}],"curies":[{"name":"wp","href":"https:\/\/api.w.org\/{rel}","templated":true}]}}