{"id":407806,"date":"2024-05-23T12:47:52","date_gmt":"2024-05-23T12:47:53","guid":{"rendered":"https:\/\/www.erresse-shop.it\/?post_type=product&#038;p=407806"},"modified":"2025-01-21T16:45:54","modified_gmt":"2025-01-21T16:45:54","slug":"villeroy-boch-mariefleur-basic-6er-set-dessertteller-215-cm-blumen","status":"publish","type":"product","link":"https:\/\/www.erresse-shop.it\/de\/shop\/tisch\/teller-geschirr\/villeroy-boch-mariefleur-basic-6er-set-dessertteller-215-cm-blumen\/","title":{"rendered":"VILLEROY &#038; BOCH Mariefleur Basic 6er Set Dessertteller 21,5 cm Blumen"},"content":{"rendered":"<p><strong>Schale mit Blumendekor f\u00fcr ein gelungenes Fr\u00fchst\u00fcck<\/strong><br \/>\nDie frischen, intensiven Farbt\u00f6ne von Mariefleur Basic zaubern eine bunte Blumenwiese auf Ihren Tisch. Die eleganten, geschwungenen Formen des Porzellans erlauben es Ihnen, Ihre Speisen mit einer Anmut zuzubereiten und zu servieren, die noch immer un\u00fcbertroffen ist. Der Fr\u00fchst\u00fccksteller besticht durch seine Vielseitigkeit: Ob zum Fr\u00fchst\u00fcck, am Nachmittag oder zum Servieren von leckeren Kuchen oder Vorspeisen, der Teller begleitet Sie durch den Tag. Verw\u00f6hnen Sie Ihre Liebsten mit hochwertigem Porzellan.<\/p>\n<p><strong>Material<\/strong>: Hochwertiges Porzellan<br \/>\n<strong>Durchmesser<\/strong>: ca. 215 mm<br \/>\n<strong>Sp\u00fclmaschinengeeignet<\/strong>: ja<br \/>\n<strong>F\u00fcr die Mikrowelle geeignet<\/strong>: ja<\/p>\n","protected":false},"excerpt":{"rendered":"<p>Schale mit Blumendekor f\u00fcr ein gelungenes Fr\u00fchst\u00fcck Die frischen, intensiven Farbt\u00f6ne von Mariefleur Basic zaubern eine bunte Blumenwiese auf Ihren<\/p>\n","protected":false},"featured_media":475500,"template":"","meta":{"_acf_changed":false,"inline_featured_image":false},"product_cat":[6793,6787],"product_tag":[25027,14286,24398,11971,21970,25022,11827],"acf":[],"yoast_head":"<!-- This site is optimized with the Yoast SEO Premium plugin v18.6 (Yoast SEO v19.13) - https:\/\/yoast.com\/wordpress\/plugins\/seo\/ -->\n<title>VILLEROY &amp; BOCH Mariefleur Basic 6er Set Dessertteller 21,5 cm Blumen<\/title>\n<meta name=\"description\" content=\"Entdecken Sie VILLEROY &amp; BOCH Mariefleur Basic 6er Set Dessertteller 21,5 cm Blumen bei ErresseShop. Qualit\u00e4t, Stil und Funktionalit\u00e4t \u2013 jetzt online bestellen!\" \/>\n<meta name=\"robots\" content=\"index, follow, max-snippet:-1, max-image-preview:large, max-video-preview:-1\" \/>\n<link rel=\"canonical\" href=\"https:\/\/www.erresse-shop.it\/de\/shop\/tisch\/teller-geschirr\/villeroy-boch-mariefleur-basic-6er-set-dessertteller-215-cm-blumen\/\" \/>\n<meta property=\"og:locale\" content=\"de_DE\" \/>\n<meta property=\"og:type\" content=\"article\" \/>\n<meta property=\"og:title\" content=\"VILLEROY &amp; BOCH Mariefleur Basic 6er Set Dessertteller 21,5 cm Blumen\" \/>\n<meta property=\"og:description\" content=\"Entdecken Sie VILLEROY &amp; BOCH Mariefleur Basic 6er Set Dessertteller 21,5 cm Blumen bei ErresseShop. Qualit\u00e4t, Stil und Funktionalit\u00e4t \u2013 jetzt online bestellen!\" \/>\n<meta property=\"og:url\" content=\"https:\/\/www.erresse-shop.it\/de\/shop\/tisch\/teller-geschirr\/villeroy-boch-mariefleur-basic-6er-set-dessertteller-215-cm-blumen\/\" \/>\n<meta property=\"og:site_name\" content=\"Erresse Shop\" \/>\n<meta property=\"article:modified_time\" content=\"2025-01-21T16:45:54+00:00\" \/>\n<meta property=\"og:image\" content=\"https:\/\/www.erresse-shop.it\/wp-content\/uploads\/2024\/05\/VILLEROY-BOCH-Mariefleur-Basic-Set-6-Piatti-Dessert-215-cm-Fiori.jpg\" \/>\n\t<meta property=\"og:image:width\" content=\"1200\" \/>\n\t<meta property=\"og:image:height\" content=\"1200\" \/>\n\t<meta property=\"og:image:type\" content=\"image\/jpeg\" \/>\n<meta name=\"twitter:card\" content=\"summary_large_image\" \/>\n<script type=\"application\/ld+json\" class=\"yoast-schema-graph\">{\"@context\":\"https:\/\/schema.org\",\"@graph\":[{\"@type\":\"WebPage\",\"@id\":\"https:\/\/www.erresse-shop.it\/de\/shop\/tisch\/teller-geschirr\/villeroy-boch-mariefleur-basic-6er-set-dessertteller-215-cm-blumen\/\",\"url\":\"https:\/\/www.erresse-shop.it\/de\/shop\/tisch\/teller-geschirr\/villeroy-boch-mariefleur-basic-6er-set-dessertteller-215-cm-blumen\/\",\"name\":\"VILLEROY & BOCH Mariefleur Basic 6er Set Dessertteller 21,5 cm Blumen\",\"isPartOf\":{\"@id\":\"https:\/\/www.erresse-shop.it\/de\/#website\"},\"datePublished\":\"2024-05-23T12:47:53+00:00\",\"dateModified\":\"2025-01-21T16:45:54+00:00\",\"description\":\"Entdecken Sie VILLEROY & BOCH Mariefleur Basic 6er Set Dessertteller 21,5 cm Blumen bei ErresseShop. Qualit\u00e4t, Stil und Funktionalit\u00e4t \u2013 jetzt online bestellen!\",\"breadcrumb\":{\"@id\":\"https:\/\/www.erresse-shop.it\/de\/shop\/tisch\/teller-geschirr\/villeroy-boch-mariefleur-basic-6er-set-dessertteller-215-cm-blumen\/#breadcrumb\"},\"inLanguage\":\"de-DE\",\"potentialAction\":[{\"@type\":\"ReadAction\",\"target\":[\"https:\/\/www.erresse-shop.it\/de\/shop\/tisch\/teller-geschirr\/villeroy-boch-mariefleur-basic-6er-set-dessertteller-215-cm-blumen\/\"]}]},{\"@type\":\"BreadcrumbList\",\"@id\":\"https:\/\/www.erresse-shop.it\/de\/shop\/tisch\/teller-geschirr\/villeroy-boch-mariefleur-basic-6er-set-dessertteller-215-cm-blumen\/#breadcrumb\",\"itemListElement\":[{\"@type\":\"ListItem\",\"position\":1,\"name\":\"Home\",\"item\":\"https:\/\/www.erresse-shop.it\/de\/\"},{\"@type\":\"ListItem\",\"position\":2,\"name\":\"Shop\",\"item\":\"https:\/\/www.erresse-shop.it\/de\/shop\/\"},{\"@type\":\"ListItem\",\"position\":3,\"name\":\"VILLEROY &#038; BOCH Mariefleur Basic 6er Set Dessertteller 21,5 cm Blumen\"}]},{\"@type\":\"WebSite\",\"@id\":\"https:\/\/www.erresse-shop.it\/de\/#website\",\"url\":\"https:\/\/www.erresse-shop.it\/de\/\",\"name\":\"Erresse Shop\",\"description\":\"Articoli di qualit\u00e0 per la casa\",\"potentialAction\":[{\"@type\":\"SearchAction\",\"target\":{\"@type\":\"EntryPoint\",\"urlTemplate\":\"https:\/\/www.erresse-shop.it\/de\/?s={search_term_string}\"},\"query-input\":\"required name=search_term_string\"}],\"inLanguage\":\"de-DE\"}]}<\/script>\n<!-- \/ Yoast SEO Premium plugin. -->","yoast_head_json":{"title":"VILLEROY & BOCH Mariefleur Basic 6er Set Dessertteller 21,5 cm Blumen","description":"Entdecken Sie VILLEROY & BOCH Mariefleur Basic 6er Set Dessertteller 21,5 cm Blumen bei ErresseShop. Qualit\u00e4t, Stil und Funktionalit\u00e4t \u2013 jetzt online bestellen!","robots":{"index":"index","follow":"follow","max-snippet":"max-snippet:-1","max-image-preview":"max-image-preview:large","max-video-preview":"max-video-preview:-1"},"canonical":"https:\/\/www.erresse-shop.it\/de\/shop\/tisch\/teller-geschirr\/villeroy-boch-mariefleur-basic-6er-set-dessertteller-215-cm-blumen\/","og_locale":"de_DE","og_type":"article","og_title":"VILLEROY & BOCH Mariefleur Basic 6er Set Dessertteller 21,5 cm Blumen","og_description":"Entdecken Sie VILLEROY & BOCH Mariefleur Basic 6er Set Dessertteller 21,5 cm Blumen bei ErresseShop. Qualit\u00e4t, Stil und Funktionalit\u00e4t \u2013 jetzt online bestellen!","og_url":"https:\/\/www.erresse-shop.it\/de\/shop\/tisch\/teller-geschirr\/villeroy-boch-mariefleur-basic-6er-set-dessertteller-215-cm-blumen\/","og_site_name":"Erresse Shop","article_modified_time":"2025-01-21T16:45:54+00:00","og_image":[{"width":1200,"height":1200,"url":"https:\/\/www.erresse-shop.it\/wp-content\/uploads\/2024\/05\/VILLEROY-BOCH-Mariefleur-Basic-Set-6-Piatti-Dessert-215-cm-Fiori.jpg","type":"image\/jpeg"}],"twitter_card":"summary_large_image","schema":{"@context":"https:\/\/schema.org","@graph":[{"@type":"WebPage","@id":"https:\/\/www.erresse-shop.it\/de\/shop\/tisch\/teller-geschirr\/villeroy-boch-mariefleur-basic-6er-set-dessertteller-215-cm-blumen\/","url":"https:\/\/www.erresse-shop.it\/de\/shop\/tisch\/teller-geschirr\/villeroy-boch-mariefleur-basic-6er-set-dessertteller-215-cm-blumen\/","name":"VILLEROY & BOCH Mariefleur Basic 6er Set Dessertteller 21,5 cm Blumen","isPartOf":{"@id":"https:\/\/www.erresse-shop.it\/de\/#website"},"datePublished":"2024-05-23T12:47:53+00:00","dateModified":"2025-01-21T16:45:54+00:00","description":"Entdecken Sie VILLEROY & BOCH Mariefleur Basic 6er Set Dessertteller 21,5 cm Blumen bei ErresseShop. Qualit\u00e4t, Stil und Funktionalit\u00e4t \u2013 jetzt online bestellen!","breadcrumb":{"@id":"https:\/\/www.erresse-shop.it\/de\/shop\/tisch\/teller-geschirr\/villeroy-boch-mariefleur-basic-6er-set-dessertteller-215-cm-blumen\/#breadcrumb"},"inLanguage":"de-DE","potentialAction":[{"@type":"ReadAction","target":["https:\/\/www.erresse-shop.it\/de\/shop\/tisch\/teller-geschirr\/villeroy-boch-mariefleur-basic-6er-set-dessertteller-215-cm-blumen\/"]}]},{"@type":"BreadcrumbList","@id":"https:\/\/www.erresse-shop.it\/de\/shop\/tisch\/teller-geschirr\/villeroy-boch-mariefleur-basic-6er-set-dessertteller-215-cm-blumen\/#breadcrumb","itemListElement":[{"@type":"ListItem","position":1,"name":"Home","item":"https:\/\/www.erresse-shop.it\/de\/"},{"@type":"ListItem","position":2,"name":"Shop","item":"https:\/\/www.erresse-shop.it\/de\/shop\/"},{"@type":"ListItem","position":3,"name":"VILLEROY &#038; BOCH Mariefleur Basic 6er Set Dessertteller 21,5 cm Blumen"}]},{"@type":"WebSite","@id":"https:\/\/www.erresse-shop.it\/de\/#website","url":"https:\/\/www.erresse-shop.it\/de\/","name":"Erresse Shop","description":"Articoli di qualit\u00e0 per la casa","potentialAction":[{"@type":"SearchAction","target":{"@type":"EntryPoint","urlTemplate":"https:\/\/www.erresse-shop.it\/de\/?s={search_term_string}"},"query-input":"required name=search_term_string"}],"inLanguage":"de-DE"}]}},"df_price":119.52,"df_sale_price":119.52,"df_regular_price":161.4,"df_image_link":"https:\/\/www.erresse-shop.it\/wp-content\/uploads\/2024\/05\/VILLEROY-BOCH-Mariefleur-Basic-Set-6-Piatti-Dessert-215-cm-Fiori-1-1-300x300.jpg","_links":{"self":[{"href":"https:\/\/www.erresse-shop.it\/de\/wp-json\/wp\/v2\/product\/407806"}],"collection":[{"href":"https:\/\/www.erresse-shop.it\/de\/wp-json\/wp\/v2\/product"}],"about":[{"href":"https:\/\/www.erresse-shop.it\/de\/wp-json\/wp\/v2\/types\/product"}],"wp:featuredmedia":[{"embeddable":true,"href":"https:\/\/www.erresse-shop.it\/de\/wp-json\/wp\/v2\/media\/475500"}],"wp:attachment":[{"href":"https:\/\/www.erresse-shop.it\/de\/wp-json\/wp\/v2\/media?parent=407806"}],"wp:term":[{"taxonomy":"product_cat","embeddable":true,"href":"https:\/\/www.erresse-shop.it\/de\/wp-json\/wp\/v2\/product_cat?post=407806"},{"taxonomy":"product_tag","embeddable":true,"href":"https:\/\/www.erresse-shop.it\/de\/wp-json\/wp\/v2\/product_tag?post=407806"}],"curies":[{"name":"wp","href":"https:\/\/api.w.org\/{rel}","templated":true}]}}