{"id":407712,"date":"2024-05-23T10:17:10","date_gmt":"2024-05-23T10:17:13","guid":{"rendered":"https:\/\/www.erresse-shop.it\/?post_type=product&#038;p=407712"},"modified":"2025-01-21T16:45:51","modified_gmt":"2025-01-21T16:45:51","slug":"villeroy-boch-montauk-service-24-stueck","status":"publish","type":"product","link":"https:\/\/www.erresse-shop.it\/de\/shop\/tisch\/besteck\/villeroy-boch-montauk-service-24-stueck\/","title":{"rendered":"VILLEROY &#038; BOCH Montauk Service 24 St\u00fcck"},"content":{"rendered":"<p><strong>Besteckset f\u00fcr 6 Personen mit Seilmotiv und Box<\/strong><br \/>\nDas passende Besteck aus der Porzellankollektion Montauk mit sch\u00f6nem Seilrelief am Griff bietet optimalen Halt. F\u00fcr ein gem\u00fctliches Essen zu zweit oder einen entspannten Abend mit Freunden: Mit Montauk holen Sie sich die Faszination des Meeres jeden Tag auf den Tisch. Das Besteckservice f\u00fcr sechs Personen ist ideal f\u00fcr den Alltag oder festliche Anl\u00e4sse. Erg\u00e4nzen Sie Ihr Porzellanset mit dem passenden Besteck. Das Set besteht aus:<\/p>\n<ul>\n<li>6x Suppenl\u00f6ffel<\/li>\n<li>6x Tafelgabel<\/li>\n<li>6x Tafelmesser<\/li>\n<li>6x Kaffeel\u00f6ffel<\/li>\n<\/ul>\n<p><strong>Material<\/strong>: Rostfreier Stahl<br \/>\n<strong>Farbe<\/strong>: Silber\/Platin<br \/>\n<strong>Sp\u00fclmaschinentauglich<\/strong>: Ja<br \/>\n<strong>Geeignet f\u00fcr die Mikrowelle<\/strong>: Nein<\/p>\n","protected":false},"excerpt":{"rendered":"<p>Besteckset f\u00fcr 6 Personen mit Seilmotiv und Box Das passende Besteck aus der Porzellankollektion Montauk mit sch\u00f6nem Seilrelief am Griff<\/p>\n","protected":false},"featured_media":437129,"template":"","meta":{"_acf_changed":false,"inline_featured_image":false},"product_cat":[6790,6787],"product_tag":[25027,24398,25022],"acf":[],"yoast_head":"<!-- This site is optimized with the Yoast SEO Premium plugin v18.6 (Yoast SEO v19.13) - https:\/\/yoast.com\/wordpress\/plugins\/seo\/ -->\n<title>VILLEROY &amp; BOCH Montauk Service 24 St\u00fcck<\/title>\n<meta name=\"description\" content=\"Entdecken Sie VILLEROY &amp; BOCH Montauk Service 24 St\u00fcck bei ErresseShop. Qualit\u00e4t, Stil und Funktionalit\u00e4t \u2013 jetzt online bestellen!\" \/>\n<meta name=\"robots\" content=\"index, follow, max-snippet:-1, max-image-preview:large, max-video-preview:-1\" \/>\n<link rel=\"canonical\" href=\"https:\/\/www.erresse-shop.it\/de\/shop\/tisch\/besteck\/villeroy-boch-montauk-service-24-stueck\/\" \/>\n<meta property=\"og:locale\" content=\"de_DE\" \/>\n<meta property=\"og:type\" content=\"article\" \/>\n<meta property=\"og:title\" content=\"VILLEROY &amp; BOCH Montauk Service 24 St\u00fcck\" \/>\n<meta property=\"og:description\" content=\"Entdecken Sie VILLEROY &amp; BOCH Montauk Service 24 St\u00fcck bei ErresseShop. Qualit\u00e4t, Stil und Funktionalit\u00e4t \u2013 jetzt online bestellen!\" \/>\n<meta property=\"og:url\" content=\"https:\/\/www.erresse-shop.it\/de\/shop\/tisch\/besteck\/villeroy-boch-montauk-service-24-stueck\/\" \/>\n<meta property=\"og:site_name\" content=\"Erresse Shop\" \/>\n<meta property=\"article:modified_time\" content=\"2025-01-21T16:45:51+00:00\" \/>\n<meta property=\"og:image\" content=\"https:\/\/www.erresse-shop.it\/wp-content\/uploads\/2024\/05\/VILLEROY-BOCH-Montauk-Servizio-24-pezzi.jpg\" \/>\n\t<meta property=\"og:image:width\" content=\"1200\" \/>\n\t<meta property=\"og:image:height\" content=\"1200\" \/>\n\t<meta property=\"og:image:type\" content=\"image\/jpeg\" \/>\n<meta name=\"twitter:card\" content=\"summary_large_image\" \/>\n<script type=\"application\/ld+json\" class=\"yoast-schema-graph\">{\"@context\":\"https:\/\/schema.org\",\"@graph\":[{\"@type\":\"WebPage\",\"@id\":\"https:\/\/www.erresse-shop.it\/de\/shop\/tisch\/besteck\/villeroy-boch-montauk-service-24-stueck\/\",\"url\":\"https:\/\/www.erresse-shop.it\/de\/shop\/tisch\/besteck\/villeroy-boch-montauk-service-24-stueck\/\",\"name\":\"VILLEROY & BOCH Montauk Service 24 St\u00fcck\",\"isPartOf\":{\"@id\":\"https:\/\/www.erresse-shop.it\/de\/#website\"},\"datePublished\":\"2024-05-23T10:17:13+00:00\",\"dateModified\":\"2025-01-21T16:45:51+00:00\",\"description\":\"Entdecken Sie VILLEROY & BOCH Montauk Service 24 St\u00fcck bei ErresseShop. Qualit\u00e4t, Stil und Funktionalit\u00e4t \u2013 jetzt online bestellen!\",\"breadcrumb\":{\"@id\":\"https:\/\/www.erresse-shop.it\/de\/shop\/tisch\/besteck\/villeroy-boch-montauk-service-24-stueck\/#breadcrumb\"},\"inLanguage\":\"de-DE\",\"potentialAction\":[{\"@type\":\"ReadAction\",\"target\":[\"https:\/\/www.erresse-shop.it\/de\/shop\/tisch\/besteck\/villeroy-boch-montauk-service-24-stueck\/\"]}]},{\"@type\":\"BreadcrumbList\",\"@id\":\"https:\/\/www.erresse-shop.it\/de\/shop\/tisch\/besteck\/villeroy-boch-montauk-service-24-stueck\/#breadcrumb\",\"itemListElement\":[{\"@type\":\"ListItem\",\"position\":1,\"name\":\"Home\",\"item\":\"https:\/\/www.erresse-shop.it\/de\/\"},{\"@type\":\"ListItem\",\"position\":2,\"name\":\"Shop\",\"item\":\"https:\/\/www.erresse-shop.it\/de\/shop\/\"},{\"@type\":\"ListItem\",\"position\":3,\"name\":\"VILLEROY &#038; BOCH Montauk Service 24 St\u00fcck\"}]},{\"@type\":\"WebSite\",\"@id\":\"https:\/\/www.erresse-shop.it\/de\/#website\",\"url\":\"https:\/\/www.erresse-shop.it\/de\/\",\"name\":\"Erresse Shop\",\"description\":\"Articoli di qualit\u00e0 per la casa\",\"potentialAction\":[{\"@type\":\"SearchAction\",\"target\":{\"@type\":\"EntryPoint\",\"urlTemplate\":\"https:\/\/www.erresse-shop.it\/de\/?s={search_term_string}\"},\"query-input\":\"required name=search_term_string\"}],\"inLanguage\":\"de-DE\"}]}<\/script>\n<!-- \/ Yoast SEO Premium plugin. -->","yoast_head_json":{"title":"VILLEROY & BOCH Montauk Service 24 St\u00fcck","description":"Entdecken Sie VILLEROY & BOCH Montauk Service 24 St\u00fcck bei ErresseShop. Qualit\u00e4t, Stil und Funktionalit\u00e4t \u2013 jetzt online bestellen!","robots":{"index":"index","follow":"follow","max-snippet":"max-snippet:-1","max-image-preview":"max-image-preview:large","max-video-preview":"max-video-preview:-1"},"canonical":"https:\/\/www.erresse-shop.it\/de\/shop\/tisch\/besteck\/villeroy-boch-montauk-service-24-stueck\/","og_locale":"de_DE","og_type":"article","og_title":"VILLEROY & BOCH Montauk Service 24 St\u00fcck","og_description":"Entdecken Sie VILLEROY & BOCH Montauk Service 24 St\u00fcck bei ErresseShop. Qualit\u00e4t, Stil und Funktionalit\u00e4t \u2013 jetzt online bestellen!","og_url":"https:\/\/www.erresse-shop.it\/de\/shop\/tisch\/besteck\/villeroy-boch-montauk-service-24-stueck\/","og_site_name":"Erresse Shop","article_modified_time":"2025-01-21T16:45:51+00:00","og_image":[{"width":1200,"height":1200,"url":"https:\/\/www.erresse-shop.it\/wp-content\/uploads\/2024\/05\/VILLEROY-BOCH-Montauk-Servizio-24-pezzi.jpg","type":"image\/jpeg"}],"twitter_card":"summary_large_image","schema":{"@context":"https:\/\/schema.org","@graph":[{"@type":"WebPage","@id":"https:\/\/www.erresse-shop.it\/de\/shop\/tisch\/besteck\/villeroy-boch-montauk-service-24-stueck\/","url":"https:\/\/www.erresse-shop.it\/de\/shop\/tisch\/besteck\/villeroy-boch-montauk-service-24-stueck\/","name":"VILLEROY & BOCH Montauk Service 24 St\u00fcck","isPartOf":{"@id":"https:\/\/www.erresse-shop.it\/de\/#website"},"datePublished":"2024-05-23T10:17:13+00:00","dateModified":"2025-01-21T16:45:51+00:00","description":"Entdecken Sie VILLEROY & BOCH Montauk Service 24 St\u00fcck bei ErresseShop. Qualit\u00e4t, Stil und Funktionalit\u00e4t \u2013 jetzt online bestellen!","breadcrumb":{"@id":"https:\/\/www.erresse-shop.it\/de\/shop\/tisch\/besteck\/villeroy-boch-montauk-service-24-stueck\/#breadcrumb"},"inLanguage":"de-DE","potentialAction":[{"@type":"ReadAction","target":["https:\/\/www.erresse-shop.it\/de\/shop\/tisch\/besteck\/villeroy-boch-montauk-service-24-stueck\/"]}]},{"@type":"BreadcrumbList","@id":"https:\/\/www.erresse-shop.it\/de\/shop\/tisch\/besteck\/villeroy-boch-montauk-service-24-stueck\/#breadcrumb","itemListElement":[{"@type":"ListItem","position":1,"name":"Home","item":"https:\/\/www.erresse-shop.it\/de\/"},{"@type":"ListItem","position":2,"name":"Shop","item":"https:\/\/www.erresse-shop.it\/de\/shop\/"},{"@type":"ListItem","position":3,"name":"VILLEROY &#038; BOCH Montauk Service 24 St\u00fcck"}]},{"@type":"WebSite","@id":"https:\/\/www.erresse-shop.it\/de\/#website","url":"https:\/\/www.erresse-shop.it\/de\/","name":"Erresse Shop","description":"Articoli di qualit\u00e0 per la casa","potentialAction":[{"@type":"SearchAction","target":{"@type":"EntryPoint","urlTemplate":"https:\/\/www.erresse-shop.it\/de\/?s={search_term_string}"},"query-input":"required name=search_term_string"}],"inLanguage":"de-DE"}]}},"df_price":149.5,"df_sale_price":149.5,"df_regular_price":299,"df_image_link":"https:\/\/www.erresse-shop.it\/wp-content\/uploads\/2024\/05\/VILLEROY-BOCH-Montauk-Servizio-24-pezzi-300x300.jpg","_links":{"self":[{"href":"https:\/\/www.erresse-shop.it\/de\/wp-json\/wp\/v2\/product\/407712"}],"collection":[{"href":"https:\/\/www.erresse-shop.it\/de\/wp-json\/wp\/v2\/product"}],"about":[{"href":"https:\/\/www.erresse-shop.it\/de\/wp-json\/wp\/v2\/types\/product"}],"wp:featuredmedia":[{"embeddable":true,"href":"https:\/\/www.erresse-shop.it\/de\/wp-json\/wp\/v2\/media\/437129"}],"wp:attachment":[{"href":"https:\/\/www.erresse-shop.it\/de\/wp-json\/wp\/v2\/media?parent=407712"}],"wp:term":[{"taxonomy":"product_cat","embeddable":true,"href":"https:\/\/www.erresse-shop.it\/de\/wp-json\/wp\/v2\/product_cat?post=407712"},{"taxonomy":"product_tag","embeddable":true,"href":"https:\/\/www.erresse-shop.it\/de\/wp-json\/wp\/v2\/product_tag?post=407712"}],"curies":[{"name":"wp","href":"https:\/\/api.w.org\/{rel}","templated":true}]}}