{"id":407621,"date":"2024-05-23T09:08:46","date_gmt":"2024-05-23T09:08:48","guid":{"rendered":"https:\/\/www.erresse-shop.it\/?post_type=product&#038;p=407621"},"modified":"2025-01-21T16:45:49","modified_gmt":"2025-01-21T16:45:49","slug":"villeroy-boch-avarua-satz-von-6-desserttellern-22-cm-blau","status":"publish","type":"product","link":"https:\/\/www.erresse-shop.it\/de\/shop\/tisch\/teller-geschirr\/villeroy-boch-avarua-satz-von-6-desserttellern-22-cm-blau\/","title":{"rendered":"VILLEROY &#038; BOCH Avarua Satz von 6 Desserttellern 22 cm Blau"},"content":{"rendered":"<p><strong>Himmlischer Look mit goldenen Akzenten<\/strong><br \/>\nInspiriert von der Sch\u00f6nheit der Insel Avarua, interpretiert das Design der Avarua-Kollektion die Reise des Seefahrers und Entdeckers James Cook und erz\u00e4hlt die Geschichte seiner Entdeckung auf k\u00fcnstlerische Weise. Goldene Linien vervollkommnen das himmlische Aussehen und rufen einen fantastischen dreidimensionalen Effekt hervor, der die Kollektion zum Leben erweckt. Der Dessert-\/Fr\u00fchst\u00fccksteller aus der Avarua-Kollektion mit seinen botanischen Motiven und sanften Farben wird Sie dazu bringen, Ihre Lieblingsspeisen zu genie\u00dfen und von einem himmlischen Ort wie den Cook-Inseln zu tr\u00e4umen. Lassen Sie sich in eine Welt der Paradiesv\u00f6gel und exotischen Pflanzen entf\u00fchren<\/p>\n<p><strong>Material<\/strong>: Bone Premium Porzellan<br \/>\n<strong>Durchmesser<\/strong>: 220 mm<br \/>\n<strong>Sp\u00fclmaschinenfest<\/strong>: Ja<br \/>\n<strong>F\u00fcr die Mikrowelle geeignet<\/strong>: Nein<\/p>\n","protected":false},"excerpt":{"rendered":"<p>Himmlischer Look mit goldenen Akzenten Inspiriert von der Sch\u00f6nheit der Insel Avarua, interpretiert das Design der Avarua-Kollektion die Reise des<\/p>\n","protected":false},"featured_media":474750,"template":"","meta":{"_acf_changed":false,"inline_featured_image":false},"product_cat":[6793,6787],"product_tag":[25027,24398,21971,11971,21970,25022,11827],"acf":[],"yoast_head":"<!-- This site is optimized with the Yoast SEO Premium plugin v18.6 (Yoast SEO v19.13) - https:\/\/yoast.com\/wordpress\/plugins\/seo\/ -->\n<title>VILLEROY &amp; BOCH Avarua Satz von 6 Desserttellern 22 cm Blau<\/title>\n<meta name=\"description\" content=\"Entdecken Sie VILLEROY &amp; BOCH Avarua Satz von 6 Desserttellern 22 cm Blau bei ErresseShop. Qualit\u00e4t, Stil und Funktionalit\u00e4t \u2013 jetzt online bestellen!\" \/>\n<meta name=\"robots\" content=\"index, follow, max-snippet:-1, max-image-preview:large, max-video-preview:-1\" \/>\n<link rel=\"canonical\" href=\"https:\/\/www.erresse-shop.it\/de\/shop\/tisch\/teller-geschirr\/villeroy-boch-avarua-satz-von-6-desserttellern-22-cm-blau\/\" \/>\n<meta property=\"og:locale\" content=\"de_DE\" \/>\n<meta property=\"og:type\" content=\"article\" \/>\n<meta property=\"og:title\" content=\"VILLEROY &amp; BOCH Avarua Satz von 6 Desserttellern 22 cm Blau\" \/>\n<meta property=\"og:description\" content=\"Entdecken Sie VILLEROY &amp; BOCH Avarua Satz von 6 Desserttellern 22 cm Blau bei ErresseShop. Qualit\u00e4t, Stil und Funktionalit\u00e4t \u2013 jetzt online bestellen!\" \/>\n<meta property=\"og:url\" content=\"https:\/\/www.erresse-shop.it\/de\/shop\/tisch\/teller-geschirr\/villeroy-boch-avarua-satz-von-6-desserttellern-22-cm-blau\/\" \/>\n<meta property=\"og:site_name\" content=\"Erresse Shop\" \/>\n<meta property=\"article:modified_time\" content=\"2025-01-21T16:45:49+00:00\" \/>\n<meta property=\"og:image\" content=\"https:\/\/www.erresse-shop.it\/wp-content\/uploads\/2024\/05\/VILLEROY-BOCH-Avarua-Set-6-Piatti-Dessert-22-cm-Blu.png\" \/>\n\t<meta property=\"og:image:width\" content=\"800\" \/>\n\t<meta property=\"og:image:height\" content=\"800\" \/>\n\t<meta property=\"og:image:type\" content=\"image\/png\" \/>\n<meta name=\"twitter:card\" content=\"summary_large_image\" \/>\n<script type=\"application\/ld+json\" class=\"yoast-schema-graph\">{\"@context\":\"https:\/\/schema.org\",\"@graph\":[{\"@type\":\"WebPage\",\"@id\":\"https:\/\/www.erresse-shop.it\/de\/shop\/tisch\/teller-geschirr\/villeroy-boch-avarua-satz-von-6-desserttellern-22-cm-blau\/\",\"url\":\"https:\/\/www.erresse-shop.it\/de\/shop\/tisch\/teller-geschirr\/villeroy-boch-avarua-satz-von-6-desserttellern-22-cm-blau\/\",\"name\":\"VILLEROY & BOCH Avarua Satz von 6 Desserttellern 22 cm Blau\",\"isPartOf\":{\"@id\":\"https:\/\/www.erresse-shop.it\/de\/#website\"},\"datePublished\":\"2024-05-23T09:08:48+00:00\",\"dateModified\":\"2025-01-21T16:45:49+00:00\",\"description\":\"Entdecken Sie VILLEROY & BOCH Avarua Satz von 6 Desserttellern 22 cm Blau bei ErresseShop. Qualit\u00e4t, Stil und Funktionalit\u00e4t \u2013 jetzt online bestellen!\",\"breadcrumb\":{\"@id\":\"https:\/\/www.erresse-shop.it\/de\/shop\/tisch\/teller-geschirr\/villeroy-boch-avarua-satz-von-6-desserttellern-22-cm-blau\/#breadcrumb\"},\"inLanguage\":\"de-DE\",\"potentialAction\":[{\"@type\":\"ReadAction\",\"target\":[\"https:\/\/www.erresse-shop.it\/de\/shop\/tisch\/teller-geschirr\/villeroy-boch-avarua-satz-von-6-desserttellern-22-cm-blau\/\"]}]},{\"@type\":\"BreadcrumbList\",\"@id\":\"https:\/\/www.erresse-shop.it\/de\/shop\/tisch\/teller-geschirr\/villeroy-boch-avarua-satz-von-6-desserttellern-22-cm-blau\/#breadcrumb\",\"itemListElement\":[{\"@type\":\"ListItem\",\"position\":1,\"name\":\"Home\",\"item\":\"https:\/\/www.erresse-shop.it\/de\/\"},{\"@type\":\"ListItem\",\"position\":2,\"name\":\"Shop\",\"item\":\"https:\/\/www.erresse-shop.it\/de\/shop\/\"},{\"@type\":\"ListItem\",\"position\":3,\"name\":\"VILLEROY &#038; BOCH Avarua Satz von 6 Desserttellern 22 cm Blau\"}]},{\"@type\":\"WebSite\",\"@id\":\"https:\/\/www.erresse-shop.it\/de\/#website\",\"url\":\"https:\/\/www.erresse-shop.it\/de\/\",\"name\":\"Erresse Shop\",\"description\":\"Articoli di qualit\u00e0 per la casa\",\"potentialAction\":[{\"@type\":\"SearchAction\",\"target\":{\"@type\":\"EntryPoint\",\"urlTemplate\":\"https:\/\/www.erresse-shop.it\/de\/?s={search_term_string}\"},\"query-input\":\"required name=search_term_string\"}],\"inLanguage\":\"de-DE\"}]}<\/script>\n<!-- \/ Yoast SEO Premium plugin. -->","yoast_head_json":{"title":"VILLEROY & BOCH Avarua Satz von 6 Desserttellern 22 cm Blau","description":"Entdecken Sie VILLEROY & BOCH Avarua Satz von 6 Desserttellern 22 cm Blau bei ErresseShop. Qualit\u00e4t, Stil und Funktionalit\u00e4t \u2013 jetzt online bestellen!","robots":{"index":"index","follow":"follow","max-snippet":"max-snippet:-1","max-image-preview":"max-image-preview:large","max-video-preview":"max-video-preview:-1"},"canonical":"https:\/\/www.erresse-shop.it\/de\/shop\/tisch\/teller-geschirr\/villeroy-boch-avarua-satz-von-6-desserttellern-22-cm-blau\/","og_locale":"de_DE","og_type":"article","og_title":"VILLEROY & BOCH Avarua Satz von 6 Desserttellern 22 cm Blau","og_description":"Entdecken Sie VILLEROY & BOCH Avarua Satz von 6 Desserttellern 22 cm Blau bei ErresseShop. Qualit\u00e4t, Stil und Funktionalit\u00e4t \u2013 jetzt online bestellen!","og_url":"https:\/\/www.erresse-shop.it\/de\/shop\/tisch\/teller-geschirr\/villeroy-boch-avarua-satz-von-6-desserttellern-22-cm-blau\/","og_site_name":"Erresse Shop","article_modified_time":"2025-01-21T16:45:49+00:00","og_image":[{"width":800,"height":800,"url":"https:\/\/www.erresse-shop.it\/wp-content\/uploads\/2024\/05\/VILLEROY-BOCH-Avarua-Set-6-Piatti-Dessert-22-cm-Blu.png","type":"image\/png"}],"twitter_card":"summary_large_image","schema":{"@context":"https:\/\/schema.org","@graph":[{"@type":"WebPage","@id":"https:\/\/www.erresse-shop.it\/de\/shop\/tisch\/teller-geschirr\/villeroy-boch-avarua-satz-von-6-desserttellern-22-cm-blau\/","url":"https:\/\/www.erresse-shop.it\/de\/shop\/tisch\/teller-geschirr\/villeroy-boch-avarua-satz-von-6-desserttellern-22-cm-blau\/","name":"VILLEROY & BOCH Avarua Satz von 6 Desserttellern 22 cm Blau","isPartOf":{"@id":"https:\/\/www.erresse-shop.it\/de\/#website"},"datePublished":"2024-05-23T09:08:48+00:00","dateModified":"2025-01-21T16:45:49+00:00","description":"Entdecken Sie VILLEROY & BOCH Avarua Satz von 6 Desserttellern 22 cm Blau bei ErresseShop. Qualit\u00e4t, Stil und Funktionalit\u00e4t \u2013 jetzt online bestellen!","breadcrumb":{"@id":"https:\/\/www.erresse-shop.it\/de\/shop\/tisch\/teller-geschirr\/villeroy-boch-avarua-satz-von-6-desserttellern-22-cm-blau\/#breadcrumb"},"inLanguage":"de-DE","potentialAction":[{"@type":"ReadAction","target":["https:\/\/www.erresse-shop.it\/de\/shop\/tisch\/teller-geschirr\/villeroy-boch-avarua-satz-von-6-desserttellern-22-cm-blau\/"]}]},{"@type":"BreadcrumbList","@id":"https:\/\/www.erresse-shop.it\/de\/shop\/tisch\/teller-geschirr\/villeroy-boch-avarua-satz-von-6-desserttellern-22-cm-blau\/#breadcrumb","itemListElement":[{"@type":"ListItem","position":1,"name":"Home","item":"https:\/\/www.erresse-shop.it\/de\/"},{"@type":"ListItem","position":2,"name":"Shop","item":"https:\/\/www.erresse-shop.it\/de\/shop\/"},{"@type":"ListItem","position":3,"name":"VILLEROY &#038; BOCH Avarua Satz von 6 Desserttellern 22 cm Blau"}]},{"@type":"WebSite","@id":"https:\/\/www.erresse-shop.it\/de\/#website","url":"https:\/\/www.erresse-shop.it\/de\/","name":"Erresse Shop","description":"Articoli di qualit\u00e0 per la casa","potentialAction":[{"@type":"SearchAction","target":{"@type":"EntryPoint","urlTemplate":"https:\/\/www.erresse-shop.it\/de\/?s={search_term_string}"},"query-input":"required name=search_term_string"}],"inLanguage":"de-DE"}]}},"df_price":239.95,"df_sale_price":239.95,"df_regular_price":347.4,"df_image_link":"https:\/\/www.erresse-shop.it\/wp-content\/uploads\/2024\/05\/VILLEROY-BOCH-Avarua-Set-6-Piatti-Dessert-22-cm-Blu-1-300x300.jpg","_links":{"self":[{"href":"https:\/\/www.erresse-shop.it\/de\/wp-json\/wp\/v2\/product\/407621"}],"collection":[{"href":"https:\/\/www.erresse-shop.it\/de\/wp-json\/wp\/v2\/product"}],"about":[{"href":"https:\/\/www.erresse-shop.it\/de\/wp-json\/wp\/v2\/types\/product"}],"wp:featuredmedia":[{"embeddable":true,"href":"https:\/\/www.erresse-shop.it\/de\/wp-json\/wp\/v2\/media\/474750"}],"wp:attachment":[{"href":"https:\/\/www.erresse-shop.it\/de\/wp-json\/wp\/v2\/media?parent=407621"}],"wp:term":[{"taxonomy":"product_cat","embeddable":true,"href":"https:\/\/www.erresse-shop.it\/de\/wp-json\/wp\/v2\/product_cat?post=407621"},{"taxonomy":"product_tag","embeddable":true,"href":"https:\/\/www.erresse-shop.it\/de\/wp-json\/wp\/v2\/product_tag?post=407621"}],"curies":[{"name":"wp","href":"https:\/\/api.w.org\/{rel}","templated":true}]}}