{"id":407508,"date":"2024-05-23T07:54:39","date_gmt":"2024-05-23T07:54:41","guid":{"rendered":"https:\/\/www.erresse-shop.it\/?post_type=product&#038;p=407508"},"modified":"2025-01-21T16:45:46","modified_gmt":"2025-01-21T16:45:46","slug":"villeroy-boch-kuchenteller-toys-delight-33-cm-copia","status":"publish","type":"product","link":"https:\/\/www.erresse-shop.it\/de\/shop\/tisch\/serviertablette\/villeroy-boch-kuchenteller-toys-delight-33-cm-copia\/","title":{"rendered":"VILLEROY &#038; BOCH Avarua Kuchenteller 33 cm Blau"},"content":{"rendered":"<p><strong>Himmlischer Look mit goldenen Akzenten<\/strong><br \/>\nInspiriert von der Sch\u00f6nheit der Insel Avarua, interpretiert das Design der Avarua-Kollektion die Reise des Seefahrers und Entdeckers James Cook und erz\u00e4hlt die Geschichte seiner Entdeckung auf k\u00fcnstlerische Weise. Goldene Linien perfektionieren das himmlische Aussehen und erzeugen einen fantastischen dreidimensionalen Effekt, der die Kollektion zum Leben erweckt. Der Kuchenteller der Kollektion Avarua mit seinen botanischen Motiven und gedeckten Farben setzt Ihre Kuchen und Torten perfekt in Szene und l\u00e4sst Sie von einem himmlischen Ort wie den Cook-Inseln tr\u00e4umen. Lassen Sie sich in eine Welt der Paradiesv\u00f6gel und exotischen Pflanzen entf\u00fchren<\/p>\n<p><strong>Material<\/strong>: Bone Premium Porcelain<br \/>\n<strong>Volumen<\/strong>: ca. 330 mm<br \/>\n<strong>Sp\u00fclmaschinenfest<\/strong>: Ja<br \/>\n<strong>F\u00fcr die Mikrowelle geeignet<\/strong>: Nein<\/p>\n","protected":false},"excerpt":{"rendered":"<p>Himmlischer Look mit goldenen Akzenten Inspiriert von der Sch\u00f6nheit der Insel Avarua, interpretiert das Design der Avarua-Kollektion die Reise des<\/p>\n","protected":false},"featured_media":459533,"template":"","meta":{"_acf_changed":false,"inline_featured_image":false},"product_cat":[6853,6787],"product_tag":[25027,23911,24398,25022],"acf":[],"yoast_head":"<!-- This site is optimized with the Yoast SEO Premium plugin v18.6 (Yoast SEO v19.13) - https:\/\/yoast.com\/wordpress\/plugins\/seo\/ -->\n<title>VILLEROY &amp; BOCH Avarua Kuchenteller 33 cm Blau<\/title>\n<meta name=\"description\" content=\"Entdecken Sie VILLEROY &amp; BOCH Avarua Kuchenteller 33 cm Blau bei ErresseShop. Qualit\u00e4t, Stil und Funktionalit\u00e4t \u2013 jetzt online bestellen!\" \/>\n<meta name=\"robots\" content=\"index, follow, max-snippet:-1, max-image-preview:large, max-video-preview:-1\" \/>\n<link rel=\"canonical\" href=\"https:\/\/www.erresse-shop.it\/de\/shop\/tisch\/serviertablette\/villeroy-boch-kuchenteller-toys-delight-33-cm-copia\/\" \/>\n<meta property=\"og:locale\" content=\"de_DE\" \/>\n<meta property=\"og:type\" content=\"article\" \/>\n<meta property=\"og:title\" content=\"VILLEROY &amp; BOCH Avarua Kuchenteller 33 cm Blau\" \/>\n<meta property=\"og:description\" content=\"Entdecken Sie VILLEROY &amp; BOCH Avarua Kuchenteller 33 cm Blau bei ErresseShop. Qualit\u00e4t, Stil und Funktionalit\u00e4t \u2013 jetzt online bestellen!\" \/>\n<meta property=\"og:url\" content=\"https:\/\/www.erresse-shop.it\/de\/shop\/tisch\/serviertablette\/villeroy-boch-kuchenteller-toys-delight-33-cm-copia\/\" \/>\n<meta property=\"og:site_name\" content=\"Erresse Shop\" \/>\n<meta property=\"article:modified_time\" content=\"2025-01-21T16:45:46+00:00\" \/>\n<meta property=\"og:image\" content=\"https:\/\/www.erresse-shop.it\/wp-content\/uploads\/2024\/05\/VILLEROY-BOCH-Avarua-Piatto-Torta-33-cm-Blu.jpg\" \/>\n\t<meta property=\"og:image:width\" content=\"1200\" \/>\n\t<meta property=\"og:image:height\" content=\"1200\" \/>\n\t<meta property=\"og:image:type\" content=\"image\/jpeg\" \/>\n<meta name=\"twitter:card\" content=\"summary_large_image\" \/>\n<script type=\"application\/ld+json\" class=\"yoast-schema-graph\">{\"@context\":\"https:\/\/schema.org\",\"@graph\":[{\"@type\":\"WebPage\",\"@id\":\"https:\/\/www.erresse-shop.it\/de\/shop\/tisch\/serviertablette\/villeroy-boch-kuchenteller-toys-delight-33-cm-copia\/\",\"url\":\"https:\/\/www.erresse-shop.it\/de\/shop\/tisch\/serviertablette\/villeroy-boch-kuchenteller-toys-delight-33-cm-copia\/\",\"name\":\"VILLEROY & BOCH Avarua Kuchenteller 33 cm Blau\",\"isPartOf\":{\"@id\":\"https:\/\/www.erresse-shop.it\/de\/#website\"},\"datePublished\":\"2024-05-23T07:54:41+00:00\",\"dateModified\":\"2025-01-21T16:45:46+00:00\",\"description\":\"Entdecken Sie VILLEROY & BOCH Avarua Kuchenteller 33 cm Blau bei ErresseShop. Qualit\u00e4t, Stil und Funktionalit\u00e4t \u2013 jetzt online bestellen!\",\"breadcrumb\":{\"@id\":\"https:\/\/www.erresse-shop.it\/de\/shop\/tisch\/serviertablette\/villeroy-boch-kuchenteller-toys-delight-33-cm-copia\/#breadcrumb\"},\"inLanguage\":\"de-DE\",\"potentialAction\":[{\"@type\":\"ReadAction\",\"target\":[\"https:\/\/www.erresse-shop.it\/de\/shop\/tisch\/serviertablette\/villeroy-boch-kuchenteller-toys-delight-33-cm-copia\/\"]}]},{\"@type\":\"BreadcrumbList\",\"@id\":\"https:\/\/www.erresse-shop.it\/de\/shop\/tisch\/serviertablette\/villeroy-boch-kuchenteller-toys-delight-33-cm-copia\/#breadcrumb\",\"itemListElement\":[{\"@type\":\"ListItem\",\"position\":1,\"name\":\"Home\",\"item\":\"https:\/\/www.erresse-shop.it\/de\/\"},{\"@type\":\"ListItem\",\"position\":2,\"name\":\"Shop\",\"item\":\"https:\/\/www.erresse-shop.it\/de\/shop\/\"},{\"@type\":\"ListItem\",\"position\":3,\"name\":\"VILLEROY &#038; BOCH Avarua Kuchenteller 33 cm Blau\"}]},{\"@type\":\"WebSite\",\"@id\":\"https:\/\/www.erresse-shop.it\/de\/#website\",\"url\":\"https:\/\/www.erresse-shop.it\/de\/\",\"name\":\"Erresse Shop\",\"description\":\"Articoli di qualit\u00e0 per la casa\",\"potentialAction\":[{\"@type\":\"SearchAction\",\"target\":{\"@type\":\"EntryPoint\",\"urlTemplate\":\"https:\/\/www.erresse-shop.it\/de\/?s={search_term_string}\"},\"query-input\":\"required name=search_term_string\"}],\"inLanguage\":\"de-DE\"}]}<\/script>\n<!-- \/ Yoast SEO Premium plugin. -->","yoast_head_json":{"title":"VILLEROY & BOCH Avarua Kuchenteller 33 cm Blau","description":"Entdecken Sie VILLEROY & BOCH Avarua Kuchenteller 33 cm Blau bei ErresseShop. Qualit\u00e4t, Stil und Funktionalit\u00e4t \u2013 jetzt online bestellen!","robots":{"index":"index","follow":"follow","max-snippet":"max-snippet:-1","max-image-preview":"max-image-preview:large","max-video-preview":"max-video-preview:-1"},"canonical":"https:\/\/www.erresse-shop.it\/de\/shop\/tisch\/serviertablette\/villeroy-boch-kuchenteller-toys-delight-33-cm-copia\/","og_locale":"de_DE","og_type":"article","og_title":"VILLEROY & BOCH Avarua Kuchenteller 33 cm Blau","og_description":"Entdecken Sie VILLEROY & BOCH Avarua Kuchenteller 33 cm Blau bei ErresseShop. Qualit\u00e4t, Stil und Funktionalit\u00e4t \u2013 jetzt online bestellen!","og_url":"https:\/\/www.erresse-shop.it\/de\/shop\/tisch\/serviertablette\/villeroy-boch-kuchenteller-toys-delight-33-cm-copia\/","og_site_name":"Erresse Shop","article_modified_time":"2025-01-21T16:45:46+00:00","og_image":[{"width":1200,"height":1200,"url":"https:\/\/www.erresse-shop.it\/wp-content\/uploads\/2024\/05\/VILLEROY-BOCH-Avarua-Piatto-Torta-33-cm-Blu.jpg","type":"image\/jpeg"}],"twitter_card":"summary_large_image","schema":{"@context":"https:\/\/schema.org","@graph":[{"@type":"WebPage","@id":"https:\/\/www.erresse-shop.it\/de\/shop\/tisch\/serviertablette\/villeroy-boch-kuchenteller-toys-delight-33-cm-copia\/","url":"https:\/\/www.erresse-shop.it\/de\/shop\/tisch\/serviertablette\/villeroy-boch-kuchenteller-toys-delight-33-cm-copia\/","name":"VILLEROY & BOCH Avarua Kuchenteller 33 cm Blau","isPartOf":{"@id":"https:\/\/www.erresse-shop.it\/de\/#website"},"datePublished":"2024-05-23T07:54:41+00:00","dateModified":"2025-01-21T16:45:46+00:00","description":"Entdecken Sie VILLEROY & BOCH Avarua Kuchenteller 33 cm Blau bei ErresseShop. Qualit\u00e4t, Stil und Funktionalit\u00e4t \u2013 jetzt online bestellen!","breadcrumb":{"@id":"https:\/\/www.erresse-shop.it\/de\/shop\/tisch\/serviertablette\/villeroy-boch-kuchenteller-toys-delight-33-cm-copia\/#breadcrumb"},"inLanguage":"de-DE","potentialAction":[{"@type":"ReadAction","target":["https:\/\/www.erresse-shop.it\/de\/shop\/tisch\/serviertablette\/villeroy-boch-kuchenteller-toys-delight-33-cm-copia\/"]}]},{"@type":"BreadcrumbList","@id":"https:\/\/www.erresse-shop.it\/de\/shop\/tisch\/serviertablette\/villeroy-boch-kuchenteller-toys-delight-33-cm-copia\/#breadcrumb","itemListElement":[{"@type":"ListItem","position":1,"name":"Home","item":"https:\/\/www.erresse-shop.it\/de\/"},{"@type":"ListItem","position":2,"name":"Shop","item":"https:\/\/www.erresse-shop.it\/de\/shop\/"},{"@type":"ListItem","position":3,"name":"VILLEROY &#038; BOCH Avarua Kuchenteller 33 cm Blau"}]},{"@type":"WebSite","@id":"https:\/\/www.erresse-shop.it\/de\/#website","url":"https:\/\/www.erresse-shop.it\/de\/","name":"Erresse Shop","description":"Articoli di qualit\u00e0 per la casa","potentialAction":[{"@type":"SearchAction","target":{"@type":"EntryPoint","urlTemplate":"https:\/\/www.erresse-shop.it\/de\/?s={search_term_string}"},"query-input":"required name=search_term_string"}],"inLanguage":"de-DE"}]}},"df_price":49.95,"df_sale_price":49.95,"df_regular_price":99.9,"df_image_link":"https:\/\/www.erresse-shop.it\/wp-content\/uploads\/2024\/05\/VILLEROY-BOCH-Avarua-Piatto-Torta-33-cm-Blu-300x300.jpg","_links":{"self":[{"href":"https:\/\/www.erresse-shop.it\/de\/wp-json\/wp\/v2\/product\/407508"}],"collection":[{"href":"https:\/\/www.erresse-shop.it\/de\/wp-json\/wp\/v2\/product"}],"about":[{"href":"https:\/\/www.erresse-shop.it\/de\/wp-json\/wp\/v2\/types\/product"}],"wp:featuredmedia":[{"embeddable":true,"href":"https:\/\/www.erresse-shop.it\/de\/wp-json\/wp\/v2\/media\/459533"}],"wp:attachment":[{"href":"https:\/\/www.erresse-shop.it\/de\/wp-json\/wp\/v2\/media?parent=407508"}],"wp:term":[{"taxonomy":"product_cat","embeddable":true,"href":"https:\/\/www.erresse-shop.it\/de\/wp-json\/wp\/v2\/product_cat?post=407508"},{"taxonomy":"product_tag","embeddable":true,"href":"https:\/\/www.erresse-shop.it\/de\/wp-json\/wp\/v2\/product_tag?post=407508"}],"curies":[{"name":"wp","href":"https:\/\/api.w.org\/{rel}","templated":true}]}}