{"id":407453,"date":"2024-05-23T06:55:07","date_gmt":"2024-05-23T06:55:09","guid":{"rendered":"https:\/\/www.erresse-shop.it\/?post_type=product&#038;p=407453"},"modified":"2024-10-28T15:02:41","modified_gmt":"2024-10-28T15:02:41","slug":"ninja-sizzle-grill","status":"publish","type":"product","link":"https:\/\/www.erresse-shop.it\/de\/shop\/kleine-elektrogeraete\/grills-und-barbecues\/ninja-sizzle-grill\/","title":{"rendered":"NINJA Sizzle Grill"},"content":{"rendered":"<p>Genie\u00dfen Sie den Geschmack eines authentischen Barbecues mit dem Ninja Sizzle Grill und Plancha<\/p>\n<p>Die beiden austauschbaren Platten erm\u00f6glichen es Ihnen, Ihre Lieblingsgrillgerichte direkt in der K\u00fcche zuzubereiten. H\u00e4hnchenbrust, Burger, gebratenes Gem\u00fcse, Fajitas oder fluffige Pfannkuchen, w\u00e4hlen Sie Ihr Lieblingsgericht!<\/p>\n<p><strong>Authentisches Grillen bei hohen Temperaturen:<\/strong><\/p>\n<p>Der Grill erm\u00f6glicht das Garen bei bis zu 260 \u00b0C und verleiht Ihren Speisen den Geschmack, das Aussehen und vor allem die typische Textur eines Barbecues. Ideal f\u00fcr die Zubereitung von saftigen Burgern und Steaks, H\u00e4hnchenbrust und Fleisch- oder Fischspie\u00dfen oder gegrillten Auberginen, gef\u00fcllten Paprika, Maiskolben, Spargel und gebratenem Gem\u00fcse.<\/p>\n<p><strong>Saftige Gerichte, die genau richtig hei\u00df sind:<\/strong><\/p>\n<p>Die Plancha heizt gleichm\u00e4\u00dfig von Rand zu Rand, so dass Sie beim Kochen die gesamte Fl\u00e4che nutzen k\u00f6nnen. \u00dcber einen intuitiven Drehregler k\u00f6nnen Sie die Temperatur auf bis zu 260 \u00b0C einstellen.<\/p>\n<p><strong>Alle Ihre Lieblingsgerichte in einem Ger\u00e4t:<\/strong><\/p>\n<p>Dank der austauschbaren Kochplatten k\u00f6nnen Sie mit diesem Indoor-Grill alles vom Fr\u00fchst\u00fcck bis zum Abendessen zubereiten.<\/p>\n<p><strong>Kochen Sie mit wenig oder ganz ohne \u00d6l:<\/strong><\/p>\n<p>Grillen Sie Ihre Lieblingsspeisen und erzielen Sie schmackhafte Ergebnisse ohne Zugabe von \u00d6l.<\/p>\n<p><strong>Garen Sie mit ge\u00f6ffnetem oder geschlossenem Deckel:<\/strong><\/p>\n<p>Wenn Sie den Deckel anheben, erhalten Ihre Speisen ein authentisches Grillaroma und werden perfekt angebraten. Dieses System ist ideal f\u00fcr empfindliche oder magere Lebensmittel, wie gegrillten Fisch und Gem\u00fcse, oder f\u00fcr Lebensmittel, die mehrmals gewendet oder angebraten werden m\u00fcssen, wie Eier und Pfannkuchen.<\/p>\n<p>Durch Absenken des Deckels bleibt die Hitze erhalten und der Belag schmilzt. Perfekt f\u00fcr str\u00e4hnigen Toast, dicke Fleischst\u00fccke oder gefrorene Garnelen.<\/p>\n<p>Der abnehmbare, gelochte Deckel verhindert Spritzer und kann zur einfachen Reinigung abgenommen werden.<\/p>\n<p><strong>M\u00fchelose Tiefenreinigung:<\/strong><\/p>\n<p>Der gelochte Deckel ist abnehmbar und kann in der Sp\u00fclmaschine oder von Hand gereinigt werden. Die abnehmbaren Kochplatten sind antihaftbeschichtet und lassen sich leicht reinigen. In der Auffangschale k\u00f6nnen Fettreste oder Kochs\u00e4fte aufgefangen werden, was das Kochen und Reinigen erleichtert. Das praktische Kabelfach sorgt f\u00fcr Ordnung und \u00dcbersicht.<\/p>\n","protected":false},"excerpt":{"rendered":"<p>Genie\u00dfen Sie den Geschmack eines authentischen Barbecues mit dem Ninja Sizzle Grill und Plancha Die beiden austauschbaren Platten erm\u00f6glichen es<\/p>\n","protected":false},"featured_media":496126,"template":"","meta":{"_acf_changed":false,"inline_featured_image":false},"product_cat":[6703,13378],"product_tag":[24604,12211],"acf":[],"yoast_head":"<!-- This site is optimized with the Yoast SEO Premium plugin v18.6 (Yoast SEO v19.13) - https:\/\/yoast.com\/wordpress\/plugins\/seo\/ -->\n<title>NINJA Sizzle Grill - Erresse Shop<\/title>\n<meta name=\"description\" content=\"Genie\u00dfen Sie den Geschmack eines authentischen Barbecues mit dem Ninja Sizzle Grill und Plancha Die beiden austauschbaren Platten erm\u00f6glichen es Ihnen,\" \/>\n<meta name=\"robots\" content=\"index, follow, max-snippet:-1, max-image-preview:large, max-video-preview:-1\" \/>\n<link rel=\"canonical\" href=\"https:\/\/www.erresse-shop.it\/de\/shop\/kleine-elektrogeraete\/grills-und-barbecues\/ninja-sizzle-grill\/\" \/>\n<meta property=\"og:locale\" content=\"de_DE\" \/>\n<meta property=\"og:type\" content=\"article\" \/>\n<meta property=\"og:title\" content=\"NINJA Sizzle Grill\" \/>\n<meta property=\"og:description\" content=\"Genie\u00dfen Sie den Geschmack eines authentischen Barbecues mit dem Ninja Sizzle Grill und Plancha Die beiden austauschbaren Platten erm\u00f6glichen es Ihnen,\" \/>\n<meta property=\"og:url\" content=\"https:\/\/www.erresse-shop.it\/de\/shop\/kleine-elektrogeraete\/grills-und-barbecues\/ninja-sizzle-grill\/\" \/>\n<meta property=\"og:site_name\" content=\"Erresse Shop\" \/>\n<meta property=\"article:modified_time\" content=\"2024-10-28T15:02:41+00:00\" \/>\n<meta property=\"og:image\" content=\"https:\/\/www.erresse-shop.it\/wp-content\/uploads\/2024\/05\/NINJA-Sizzle-Griglia-4.png\" \/>\n\t<meta property=\"og:image:width\" content=\"800\" \/>\n\t<meta property=\"og:image:height\" content=\"800\" \/>\n\t<meta property=\"og:image:type\" content=\"image\/png\" \/>\n<meta name=\"twitter:card\" content=\"summary_large_image\" \/>\n<script type=\"application\/ld+json\" class=\"yoast-schema-graph\">{\"@context\":\"https:\/\/schema.org\",\"@graph\":[{\"@type\":\"WebPage\",\"@id\":\"https:\/\/www.erresse-shop.it\/de\/shop\/kleine-elektrogeraete\/grills-und-barbecues\/ninja-sizzle-grill\/\",\"url\":\"https:\/\/www.erresse-shop.it\/de\/shop\/kleine-elektrogeraete\/grills-und-barbecues\/ninja-sizzle-grill\/\",\"name\":\"NINJA Sizzle Grill - Erresse Shop\",\"isPartOf\":{\"@id\":\"https:\/\/www.erresse-shop.it\/de\/#website\"},\"datePublished\":\"2024-05-23T06:55:09+00:00\",\"dateModified\":\"2024-10-28T15:02:41+00:00\",\"description\":\"Genie\u00dfen Sie den Geschmack eines authentischen Barbecues mit dem Ninja Sizzle Grill und Plancha Die beiden austauschbaren Platten erm\u00f6glichen es Ihnen,\",\"breadcrumb\":{\"@id\":\"https:\/\/www.erresse-shop.it\/de\/shop\/kleine-elektrogeraete\/grills-und-barbecues\/ninja-sizzle-grill\/#breadcrumb\"},\"inLanguage\":\"de-DE\",\"potentialAction\":[{\"@type\":\"ReadAction\",\"target\":[\"https:\/\/www.erresse-shop.it\/de\/shop\/kleine-elektrogeraete\/grills-und-barbecues\/ninja-sizzle-grill\/\"]}]},{\"@type\":\"BreadcrumbList\",\"@id\":\"https:\/\/www.erresse-shop.it\/de\/shop\/kleine-elektrogeraete\/grills-und-barbecues\/ninja-sizzle-grill\/#breadcrumb\",\"itemListElement\":[{\"@type\":\"ListItem\",\"position\":1,\"name\":\"Home\",\"item\":\"https:\/\/www.erresse-shop.it\/de\/\"},{\"@type\":\"ListItem\",\"position\":2,\"name\":\"Shop\",\"item\":\"https:\/\/www.erresse-shop.it\/de\/shop\/\"},{\"@type\":\"ListItem\",\"position\":3,\"name\":\"NINJA Sizzle Grill\"}]},{\"@type\":\"WebSite\",\"@id\":\"https:\/\/www.erresse-shop.it\/de\/#website\",\"url\":\"https:\/\/www.erresse-shop.it\/de\/\",\"name\":\"Erresse Shop\",\"description\":\"Articoli di qualit\u00e0 per la casa\",\"potentialAction\":[{\"@type\":\"SearchAction\",\"target\":{\"@type\":\"EntryPoint\",\"urlTemplate\":\"https:\/\/www.erresse-shop.it\/de\/?s={search_term_string}\"},\"query-input\":\"required name=search_term_string\"}],\"inLanguage\":\"de-DE\"}]}<\/script>\n<!-- \/ Yoast SEO Premium plugin. -->","yoast_head_json":{"title":"NINJA Sizzle Grill - Erresse Shop","description":"Genie\u00dfen Sie den Geschmack eines authentischen Barbecues mit dem Ninja Sizzle Grill und Plancha Die beiden austauschbaren Platten erm\u00f6glichen es Ihnen,","robots":{"index":"index","follow":"follow","max-snippet":"max-snippet:-1","max-image-preview":"max-image-preview:large","max-video-preview":"max-video-preview:-1"},"canonical":"https:\/\/www.erresse-shop.it\/de\/shop\/kleine-elektrogeraete\/grills-und-barbecues\/ninja-sizzle-grill\/","og_locale":"de_DE","og_type":"article","og_title":"NINJA Sizzle Grill","og_description":"Genie\u00dfen Sie den Geschmack eines authentischen Barbecues mit dem Ninja Sizzle Grill und Plancha Die beiden austauschbaren Platten erm\u00f6glichen es Ihnen,","og_url":"https:\/\/www.erresse-shop.it\/de\/shop\/kleine-elektrogeraete\/grills-und-barbecues\/ninja-sizzle-grill\/","og_site_name":"Erresse Shop","article_modified_time":"2024-10-28T15:02:41+00:00","og_image":[{"width":800,"height":800,"url":"https:\/\/www.erresse-shop.it\/wp-content\/uploads\/2024\/05\/NINJA-Sizzle-Griglia-4.png","type":"image\/png"}],"twitter_card":"summary_large_image","schema":{"@context":"https:\/\/schema.org","@graph":[{"@type":"WebPage","@id":"https:\/\/www.erresse-shop.it\/de\/shop\/kleine-elektrogeraete\/grills-und-barbecues\/ninja-sizzle-grill\/","url":"https:\/\/www.erresse-shop.it\/de\/shop\/kleine-elektrogeraete\/grills-und-barbecues\/ninja-sizzle-grill\/","name":"NINJA Sizzle Grill - Erresse Shop","isPartOf":{"@id":"https:\/\/www.erresse-shop.it\/de\/#website"},"datePublished":"2024-05-23T06:55:09+00:00","dateModified":"2024-10-28T15:02:41+00:00","description":"Genie\u00dfen Sie den Geschmack eines authentischen Barbecues mit dem Ninja Sizzle Grill und Plancha Die beiden austauschbaren Platten erm\u00f6glichen es Ihnen,","breadcrumb":{"@id":"https:\/\/www.erresse-shop.it\/de\/shop\/kleine-elektrogeraete\/grills-und-barbecues\/ninja-sizzle-grill\/#breadcrumb"},"inLanguage":"de-DE","potentialAction":[{"@type":"ReadAction","target":["https:\/\/www.erresse-shop.it\/de\/shop\/kleine-elektrogeraete\/grills-und-barbecues\/ninja-sizzle-grill\/"]}]},{"@type":"BreadcrumbList","@id":"https:\/\/www.erresse-shop.it\/de\/shop\/kleine-elektrogeraete\/grills-und-barbecues\/ninja-sizzle-grill\/#breadcrumb","itemListElement":[{"@type":"ListItem","position":1,"name":"Home","item":"https:\/\/www.erresse-shop.it\/de\/"},{"@type":"ListItem","position":2,"name":"Shop","item":"https:\/\/www.erresse-shop.it\/de\/shop\/"},{"@type":"ListItem","position":3,"name":"NINJA Sizzle Grill"}]},{"@type":"WebSite","@id":"https:\/\/www.erresse-shop.it\/de\/#website","url":"https:\/\/www.erresse-shop.it\/de\/","name":"Erresse Shop","description":"Articoli di qualit\u00e0 per la casa","potentialAction":[{"@type":"SearchAction","target":{"@type":"EntryPoint","urlTemplate":"https:\/\/www.erresse-shop.it\/de\/?s={search_term_string}"},"query-input":"required name=search_term_string"}],"inLanguage":"de-DE"}]}},"df_price":149.99,"df_sale_price":149.99,"df_regular_price":149.99,"df_image_link":"https:\/\/www.erresse-shop.it\/wp-content\/uploads\/2024\/05\/NINJA-Sizzle-Griglia-4-300x300.jpg","_links":{"self":[{"href":"https:\/\/www.erresse-shop.it\/de\/wp-json\/wp\/v2\/product\/407453"}],"collection":[{"href":"https:\/\/www.erresse-shop.it\/de\/wp-json\/wp\/v2\/product"}],"about":[{"href":"https:\/\/www.erresse-shop.it\/de\/wp-json\/wp\/v2\/types\/product"}],"wp:featuredmedia":[{"embeddable":true,"href":"https:\/\/www.erresse-shop.it\/de\/wp-json\/wp\/v2\/media\/496126"}],"wp:attachment":[{"href":"https:\/\/www.erresse-shop.it\/de\/wp-json\/wp\/v2\/media?parent=407453"}],"wp:term":[{"taxonomy":"product_cat","embeddable":true,"href":"https:\/\/www.erresse-shop.it\/de\/wp-json\/wp\/v2\/product_cat?post=407453"},{"taxonomy":"product_tag","embeddable":true,"href":"https:\/\/www.erresse-shop.it\/de\/wp-json\/wp\/v2\/product_tag?post=407453"}],"curies":[{"name":"wp","href":"https:\/\/api.w.org\/{rel}","templated":true}]}}