{"id":406431,"date":"2024-05-14T13:23:52","date_gmt":"2024-05-14T13:23:54","guid":{"rendered":"https:\/\/www.erresse-shop.it\/?post_type=product&#038;p=406431"},"modified":"2025-08-06T07:40:07","modified_gmt":"2025-08-06T07:40:07","slug":"instant-pot-multikocher-duo-plus-fluesterleise-57-l-schwarz","status":"publish","type":"product","link":"https:\/\/www.erresse-shop.it\/de\/shop\/kleine-elektrogeraete\/kuechenmaschinen\/instant-pot-multikocher-duo-plus-fluesterleise-57-l-schwarz\/","title":{"rendered":"INSTANT POT Multikocher Duo Plus Fl\u00fcsterleise 5,7 L Schwarz"},"content":{"rendered":"<p>Der Instant Pot Duo Plus Whisper Quiet ist 9 Ger\u00e4te in einem: Druckgaren, Langsamkochen, Reis, D\u00e4mpfen, Sautieren, Joghurt, Sous-Vide, Kuchen und Warmhalten mit gef\u00fchrtem Kochen mit 25 intelligenten Funktionen, die mit Schritt-f\u00fcr-Schritt-Anleitungen angepasst werden k\u00f6nnen, um Rezepte zu vereinfachen.<\/p>\n<p>Der Instant Pot\u00ae Duo\u2122 Plus wurde entwickelt, um das Kochen einfach und bequem zu machen, ohne dass Sie sich Sorgen machen m\u00fcssen, dank der ger\u00e4uschlosen Dampfabschaltung, einer praktischen Warnung, wenn der Deckel sicher ge\u00f6ffnet werden kann, und einem ferngesteuerten Dampfabschaltknopf, der Ihre H\u00e4nde sch\u00fctzt.<\/p>\n<p><strong>Der Duo Plus Whisper Quiet ist 9 Ger\u00e4te in 1:<\/strong><br \/>\nSchnellkochen, langsames Garen, Reis, D\u00e4mpfen, Sautieren, Joghurt, Sous-Vide, Desserts und Warmhalten mit gef\u00fchrten Garoptionen<\/p>\n<p><strong>9 Standard Smart One-Touch-Programme:<\/strong><br \/>\n&#8211; Reis\/Getreide<br \/>\n&#8211; Schnellkochen<br \/>\n&#8211; Sautieren\/Grillen<br \/>\n&#8211; langsames Garen<br \/>\n&#8211; D\u00e4mpfen<br \/>\n&#8211; Joghurt<br \/>\n&#8211; Sous-vide<br \/>\n&#8211; Pasteten<br \/>\n&#8211; Warmhalten<\/p>\n<p><strong>TECHNISCHE MERKMALE<\/strong><\/p>\n<ul>\n<li>Fassungsverm\u00f6gen: 5,7 Liter<\/li>\n<li>Leistung: 1000W<\/li>\n<li>Stromanschluss: 220V<\/li>\n<li>Material Deckel und Innentopf aus Edelstahl, Au\u00dfentopf aus geb\u00fcrstetem Edelstahl<\/li>\n<\/ul>\n<p>Nicht zum Verkauf au\u00dferhalb Europas<\/p>\n","protected":false},"excerpt":{"rendered":"<p>Der Instant Pot Duo Plus Whisper Quiet ist 9 Ger\u00e4te in einem: Druckgaren, Langsamkochen, Reis, D\u00e4mpfen, Sautieren, Joghurt, Sous-Vide, Kuchen<\/p>\n","protected":false},"featured_media":463405,"template":"","meta":{"_acf_changed":false,"inline_featured_image":false},"product_cat":[6703,6721],"product_tag":[17933,15614,17938,11605,13008,12205],"acf":[],"yoast_head":"<!-- This site is optimized with the Yoast SEO Premium plugin v18.6 (Yoast SEO v19.13) - https:\/\/yoast.com\/wordpress\/plugins\/seo\/ -->\n<title>INSTANT POT Multikocher Duo Plus Fl\u00fcsterleise 5,7 L Schwarz<\/title>\n<meta name=\"description\" content=\"Entdecken Sie INSTANT POT Multikocher Duo Plus Fl\u00fcsterleise 5,7 L Schwarz bei ErresseShop. Qualit\u00e4t, Stil und Funktionalit\u00e4t \u2013 jetzt online bestellen!\" \/>\n<meta name=\"robots\" content=\"index, follow, max-snippet:-1, max-image-preview:large, max-video-preview:-1\" \/>\n<link rel=\"canonical\" href=\"https:\/\/www.erresse-shop.it\/de\/shop\/kleine-elektrogeraete\/kuechenmaschinen\/instant-pot-multikocher-duo-plus-fluesterleise-57-l-schwarz\/\" \/>\n<meta property=\"og:locale\" content=\"de_DE\" \/>\n<meta property=\"og:type\" content=\"article\" \/>\n<meta property=\"og:title\" content=\"INSTANT POT Multikocher Duo Plus Fl\u00fcsterleise 5,7 L Schwarz\" \/>\n<meta property=\"og:description\" content=\"Entdecken Sie INSTANT POT Multikocher Duo Plus Fl\u00fcsterleise 5,7 L Schwarz bei ErresseShop. Qualit\u00e4t, Stil und Funktionalit\u00e4t \u2013 jetzt online bestellen!\" \/>\n<meta property=\"og:url\" content=\"https:\/\/www.erresse-shop.it\/de\/shop\/kleine-elektrogeraete\/kuechenmaschinen\/instant-pot-multikocher-duo-plus-fluesterleise-57-l-schwarz\/\" \/>\n<meta property=\"og:site_name\" content=\"Erresse Shop\" \/>\n<meta property=\"article:modified_time\" content=\"2025-08-06T07:40:07+00:00\" \/>\n<meta property=\"og:image\" content=\"https:\/\/www.erresse-shop.it\/wp-content\/uploads\/2024\/05\/INSTANT-POT-Multicooker-Duo-Plus-Whisper-Quiet-57-L.png\" \/>\n\t<meta property=\"og:image:width\" content=\"800\" \/>\n\t<meta property=\"og:image:height\" content=\"800\" \/>\n\t<meta property=\"og:image:type\" content=\"image\/png\" \/>\n<meta name=\"twitter:card\" content=\"summary_large_image\" \/>\n<script type=\"application\/ld+json\" class=\"yoast-schema-graph\">{\"@context\":\"https:\/\/schema.org\",\"@graph\":[{\"@type\":\"WebPage\",\"@id\":\"https:\/\/www.erresse-shop.it\/de\/shop\/kleine-elektrogeraete\/kuechenmaschinen\/instant-pot-multikocher-duo-plus-fluesterleise-57-l-schwarz\/\",\"url\":\"https:\/\/www.erresse-shop.it\/de\/shop\/kleine-elektrogeraete\/kuechenmaschinen\/instant-pot-multikocher-duo-plus-fluesterleise-57-l-schwarz\/\",\"name\":\"INSTANT POT Multikocher Duo Plus Fl\u00fcsterleise 5,7 L Schwarz\",\"isPartOf\":{\"@id\":\"https:\/\/www.erresse-shop.it\/de\/#website\"},\"datePublished\":\"2024-05-14T13:23:54+00:00\",\"dateModified\":\"2025-08-06T07:40:07+00:00\",\"description\":\"Entdecken Sie INSTANT POT Multikocher Duo Plus Fl\u00fcsterleise 5,7 L Schwarz bei ErresseShop. Qualit\u00e4t, Stil und Funktionalit\u00e4t \u2013 jetzt online bestellen!\",\"breadcrumb\":{\"@id\":\"https:\/\/www.erresse-shop.it\/de\/shop\/kleine-elektrogeraete\/kuechenmaschinen\/instant-pot-multikocher-duo-plus-fluesterleise-57-l-schwarz\/#breadcrumb\"},\"inLanguage\":\"de-DE\",\"potentialAction\":[{\"@type\":\"ReadAction\",\"target\":[\"https:\/\/www.erresse-shop.it\/de\/shop\/kleine-elektrogeraete\/kuechenmaschinen\/instant-pot-multikocher-duo-plus-fluesterleise-57-l-schwarz\/\"]}]},{\"@type\":\"BreadcrumbList\",\"@id\":\"https:\/\/www.erresse-shop.it\/de\/shop\/kleine-elektrogeraete\/kuechenmaschinen\/instant-pot-multikocher-duo-plus-fluesterleise-57-l-schwarz\/#breadcrumb\",\"itemListElement\":[{\"@type\":\"ListItem\",\"position\":1,\"name\":\"Home\",\"item\":\"https:\/\/www.erresse-shop.it\/de\/\"},{\"@type\":\"ListItem\",\"position\":2,\"name\":\"Shop\",\"item\":\"https:\/\/www.erresse-shop.it\/de\/shop\/\"},{\"@type\":\"ListItem\",\"position\":3,\"name\":\"INSTANT POT Multikocher Duo Plus Fl\u00fcsterleise 5,7 L Schwarz\"}]},{\"@type\":\"WebSite\",\"@id\":\"https:\/\/www.erresse-shop.it\/de\/#website\",\"url\":\"https:\/\/www.erresse-shop.it\/de\/\",\"name\":\"Erresse Shop\",\"description\":\"Articoli di qualit\u00e0 per la casa\",\"potentialAction\":[{\"@type\":\"SearchAction\",\"target\":{\"@type\":\"EntryPoint\",\"urlTemplate\":\"https:\/\/www.erresse-shop.it\/de\/?s={search_term_string}\"},\"query-input\":\"required name=search_term_string\"}],\"inLanguage\":\"de-DE\"}]}<\/script>\n<!-- \/ Yoast SEO Premium plugin. -->","yoast_head_json":{"title":"INSTANT POT Multikocher Duo Plus Fl\u00fcsterleise 5,7 L Schwarz","description":"Entdecken Sie INSTANT POT Multikocher Duo Plus Fl\u00fcsterleise 5,7 L Schwarz bei ErresseShop. Qualit\u00e4t, Stil und Funktionalit\u00e4t \u2013 jetzt online bestellen!","robots":{"index":"index","follow":"follow","max-snippet":"max-snippet:-1","max-image-preview":"max-image-preview:large","max-video-preview":"max-video-preview:-1"},"canonical":"https:\/\/www.erresse-shop.it\/de\/shop\/kleine-elektrogeraete\/kuechenmaschinen\/instant-pot-multikocher-duo-plus-fluesterleise-57-l-schwarz\/","og_locale":"de_DE","og_type":"article","og_title":"INSTANT POT Multikocher Duo Plus Fl\u00fcsterleise 5,7 L Schwarz","og_description":"Entdecken Sie INSTANT POT Multikocher Duo Plus Fl\u00fcsterleise 5,7 L Schwarz bei ErresseShop. Qualit\u00e4t, Stil und Funktionalit\u00e4t \u2013 jetzt online bestellen!","og_url":"https:\/\/www.erresse-shop.it\/de\/shop\/kleine-elektrogeraete\/kuechenmaschinen\/instant-pot-multikocher-duo-plus-fluesterleise-57-l-schwarz\/","og_site_name":"Erresse Shop","article_modified_time":"2025-08-06T07:40:07+00:00","og_image":[{"width":800,"height":800,"url":"https:\/\/www.erresse-shop.it\/wp-content\/uploads\/2024\/05\/INSTANT-POT-Multicooker-Duo-Plus-Whisper-Quiet-57-L.png","type":"image\/png"}],"twitter_card":"summary_large_image","schema":{"@context":"https:\/\/schema.org","@graph":[{"@type":"WebPage","@id":"https:\/\/www.erresse-shop.it\/de\/shop\/kleine-elektrogeraete\/kuechenmaschinen\/instant-pot-multikocher-duo-plus-fluesterleise-57-l-schwarz\/","url":"https:\/\/www.erresse-shop.it\/de\/shop\/kleine-elektrogeraete\/kuechenmaschinen\/instant-pot-multikocher-duo-plus-fluesterleise-57-l-schwarz\/","name":"INSTANT POT Multikocher Duo Plus Fl\u00fcsterleise 5,7 L Schwarz","isPartOf":{"@id":"https:\/\/www.erresse-shop.it\/de\/#website"},"datePublished":"2024-05-14T13:23:54+00:00","dateModified":"2025-08-06T07:40:07+00:00","description":"Entdecken Sie INSTANT POT Multikocher Duo Plus Fl\u00fcsterleise 5,7 L Schwarz bei ErresseShop. Qualit\u00e4t, Stil und Funktionalit\u00e4t \u2013 jetzt online bestellen!","breadcrumb":{"@id":"https:\/\/www.erresse-shop.it\/de\/shop\/kleine-elektrogeraete\/kuechenmaschinen\/instant-pot-multikocher-duo-plus-fluesterleise-57-l-schwarz\/#breadcrumb"},"inLanguage":"de-DE","potentialAction":[{"@type":"ReadAction","target":["https:\/\/www.erresse-shop.it\/de\/shop\/kleine-elektrogeraete\/kuechenmaschinen\/instant-pot-multikocher-duo-plus-fluesterleise-57-l-schwarz\/"]}]},{"@type":"BreadcrumbList","@id":"https:\/\/www.erresse-shop.it\/de\/shop\/kleine-elektrogeraete\/kuechenmaschinen\/instant-pot-multikocher-duo-plus-fluesterleise-57-l-schwarz\/#breadcrumb","itemListElement":[{"@type":"ListItem","position":1,"name":"Home","item":"https:\/\/www.erresse-shop.it\/de\/"},{"@type":"ListItem","position":2,"name":"Shop","item":"https:\/\/www.erresse-shop.it\/de\/shop\/"},{"@type":"ListItem","position":3,"name":"INSTANT POT Multikocher Duo Plus Fl\u00fcsterleise 5,7 L Schwarz"}]},{"@type":"WebSite","@id":"https:\/\/www.erresse-shop.it\/de\/#website","url":"https:\/\/www.erresse-shop.it\/de\/","name":"Erresse Shop","description":"Articoli di qualit\u00e0 per la casa","potentialAction":[{"@type":"SearchAction","target":{"@type":"EntryPoint","urlTemplate":"https:\/\/www.erresse-shop.it\/de\/?s={search_term_string}"},"query-input":"required name=search_term_string"}],"inLanguage":"de-DE"}]}},"df_price":112.4925,"df_sale_price":112.4925,"df_regular_price":149.99,"df_image_link":"https:\/\/www.erresse-shop.it\/wp-content\/uploads\/2024\/05\/INSTANT-POT-Multicooker-Duo-Plus-Whisper-Quiet-57-L-Nero-300x300.jpg","_links":{"self":[{"href":"https:\/\/www.erresse-shop.it\/de\/wp-json\/wp\/v2\/product\/406431"}],"collection":[{"href":"https:\/\/www.erresse-shop.it\/de\/wp-json\/wp\/v2\/product"}],"about":[{"href":"https:\/\/www.erresse-shop.it\/de\/wp-json\/wp\/v2\/types\/product"}],"wp:featuredmedia":[{"embeddable":true,"href":"https:\/\/www.erresse-shop.it\/de\/wp-json\/wp\/v2\/media\/463405"}],"wp:attachment":[{"href":"https:\/\/www.erresse-shop.it\/de\/wp-json\/wp\/v2\/media?parent=406431"}],"wp:term":[{"taxonomy":"product_cat","embeddable":true,"href":"https:\/\/www.erresse-shop.it\/de\/wp-json\/wp\/v2\/product_cat?post=406431"},{"taxonomy":"product_tag","embeddable":true,"href":"https:\/\/www.erresse-shop.it\/de\/wp-json\/wp\/v2\/product_tag?post=406431"}],"curies":[{"name":"wp","href":"https:\/\/api.w.org\/{rel}","templated":true}]}}