{"id":406368,"date":"2024-05-14T12:18:39","date_gmt":"2024-05-14T12:18:42","guid":{"rendered":"https:\/\/www.erresse-shop.it\/?post_type=product&#038;p=406368"},"modified":"2025-01-22T06:40:16","modified_gmt":"2025-01-22T06:40:16","slug":"weber-grill-lumin-compact-nero","status":"publish","type":"product","link":"https:\/\/www.erresse-shop.it\/de\/shop\/kleine-elektrogeraete\/grills-und-barbecues\/weber-grill-lumin-compact-nero\/","title":{"rendered":"WEBER-Grill Lumin Compact Nero"},"content":{"rendered":"<p>Mit hoher Hitze und gro\u00dfer Vielseitigkeit bringt der Weber Lumin* Elektrogrill das Kochen im Freien in der Stadt auf ein neues Niveau. Dieser vielseitig einsetzbare Elektrogrill erreicht Temperaturen von \u00fcber 315 \u00b0C und erm\u00f6glicht Grillfreunden eine hochwertige Br\u00e4unung, w\u00e4hrend die zus\u00e4tzliche R\u00e4ucherung den Geschmack, den die G\u00e4ste so sehr w\u00fcnschen, noch weiter verbessert. Apropos zufriedene G\u00e4ste: Der Elektrogrill Lumin Compact kann Speisen warm halten, so dass sich jeder selbst bedienen kann (und gerne wiederkommt). Der neue Elektrogrill Lumin Compact von Weber ist modern und praktisch und passt sowohl zu Ihrem Geschmack als auch in Ihren Au\u00dfenbereich. *LUMIN ist eine eingetragene Marke von Weber-Stephen Products LLC und wird in den Vereinigten Staaten und anderen L\u00e4ndern gepr\u00fcft.<\/p>\n<p>&#8211; Erreicht sehr hohe Temperaturen von \u00fcber 315 \u00b0C<br \/>\n&#8211; Br\u00e4t, r\u00e4uchert, d\u00fcnstet oder kocht mit verschiedenen Kocheinstellungen<br \/>\n&#8211; H\u00e4lt Speisen warm, damit sich die G\u00e4ste selbst bedienen k\u00f6nnen<br \/>\n&#8211; Grillt gefrorene Lebensmittel, indem er sie auftaut, w\u00e4hrend der Grill vorheizt<br \/>\n&#8211; Leicht zu verstauen dank kompaktem, platzsparendem Design<\/p>\n<p><strong>TECHNISCHE DATEN<\/strong><\/p>\n<ul>\n<li>Abmessungen &#8211; Deckel offen: 57,2 cm H x 58,6 cm B x 46,2 cm T<\/li>\n<li>Abmessungen &#8211; Deckel geschlossen: 33 cm H x 61 cm B x 54 cm T<\/li>\n<li>Gesamte Kochfl\u00e4che: 34,14 x 34,14 cm<\/li>\n<li>Brennstoffart: elektrisch<\/li>\n<li>Gewicht: 12 kg<\/li>\n<\/ul>\n","protected":false},"excerpt":{"rendered":"<p>Mit hoher Hitze und gro\u00dfer Vielseitigkeit bringt der Weber Lumin* Elektrogrill das Kochen im Freien in der Stadt auf ein<\/p>\n","protected":false},"featured_media":491759,"template":"","meta":{"_acf_changed":false,"inline_featured_image":false},"product_cat":[6703,13378],"product_tag":[25182,13379,22532,24604,12210,12211,25022,22516],"acf":[],"yoast_head":"<!-- This site is optimized with the Yoast SEO Premium plugin v18.6 (Yoast SEO v19.13) - https:\/\/yoast.com\/wordpress\/plugins\/seo\/ -->\n<title>WEBER-Grill Lumin Compact Nero<\/title>\n<meta name=\"description\" content=\"Entdecken Sie WEBER-Grill Lumin Compact Nero bei ErresseShop. Qualit\u00e4t, Stil und Funktionalit\u00e4t \u2013 jetzt online bestellen!\" \/>\n<meta name=\"robots\" content=\"index, follow, max-snippet:-1, max-image-preview:large, max-video-preview:-1\" \/>\n<link rel=\"canonical\" href=\"https:\/\/www.erresse-shop.it\/de\/shop\/kleine-elektrogeraete\/grills-und-barbecues\/weber-grill-lumin-compact-nero\/\" \/>\n<meta property=\"og:locale\" content=\"de_DE\" \/>\n<meta property=\"og:type\" content=\"article\" \/>\n<meta property=\"og:title\" content=\"WEBER-Grill Lumin Compact Nero\" \/>\n<meta property=\"og:description\" content=\"Entdecken Sie WEBER-Grill Lumin Compact Nero bei ErresseShop. Qualit\u00e4t, Stil und Funktionalit\u00e4t \u2013 jetzt online bestellen!\" \/>\n<meta property=\"og:url\" content=\"https:\/\/www.erresse-shop.it\/de\/shop\/kleine-elektrogeraete\/grills-und-barbecues\/weber-grill-lumin-compact-nero\/\" \/>\n<meta property=\"og:site_name\" content=\"Erresse Shop\" \/>\n<meta property=\"article:modified_time\" content=\"2025-01-22T06:40:16+00:00\" \/>\n<meta property=\"og:image\" content=\"https:\/\/www.erresse-shop.it\/wp-content\/uploads\/2024\/05\/WEBER-Barbecue-Lumin-Compact-Nero.png\" \/>\n\t<meta property=\"og:image:width\" content=\"800\" \/>\n\t<meta property=\"og:image:height\" content=\"800\" \/>\n\t<meta property=\"og:image:type\" content=\"image\/png\" \/>\n<meta name=\"twitter:card\" content=\"summary_large_image\" \/>\n<script type=\"application\/ld+json\" class=\"yoast-schema-graph\">{\"@context\":\"https:\/\/schema.org\",\"@graph\":[{\"@type\":\"WebPage\",\"@id\":\"https:\/\/www.erresse-shop.it\/de\/shop\/kleine-elektrogeraete\/grills-und-barbecues\/weber-grill-lumin-compact-nero\/\",\"url\":\"https:\/\/www.erresse-shop.it\/de\/shop\/kleine-elektrogeraete\/grills-und-barbecues\/weber-grill-lumin-compact-nero\/\",\"name\":\"WEBER-Grill Lumin Compact Nero\",\"isPartOf\":{\"@id\":\"https:\/\/www.erresse-shop.it\/de\/#website\"},\"datePublished\":\"2024-05-14T12:18:42+00:00\",\"dateModified\":\"2025-01-22T06:40:16+00:00\",\"description\":\"Entdecken Sie WEBER-Grill Lumin Compact Nero bei ErresseShop. Qualit\u00e4t, Stil und Funktionalit\u00e4t \u2013 jetzt online bestellen!\",\"breadcrumb\":{\"@id\":\"https:\/\/www.erresse-shop.it\/de\/shop\/kleine-elektrogeraete\/grills-und-barbecues\/weber-grill-lumin-compact-nero\/#breadcrumb\"},\"inLanguage\":\"de-DE\",\"potentialAction\":[{\"@type\":\"ReadAction\",\"target\":[\"https:\/\/www.erresse-shop.it\/de\/shop\/kleine-elektrogeraete\/grills-und-barbecues\/weber-grill-lumin-compact-nero\/\"]}]},{\"@type\":\"BreadcrumbList\",\"@id\":\"https:\/\/www.erresse-shop.it\/de\/shop\/kleine-elektrogeraete\/grills-und-barbecues\/weber-grill-lumin-compact-nero\/#breadcrumb\",\"itemListElement\":[{\"@type\":\"ListItem\",\"position\":1,\"name\":\"Home\",\"item\":\"https:\/\/www.erresse-shop.it\/de\/\"},{\"@type\":\"ListItem\",\"position\":2,\"name\":\"Shop\",\"item\":\"https:\/\/www.erresse-shop.it\/de\/shop\/\"},{\"@type\":\"ListItem\",\"position\":3,\"name\":\"WEBER-Grill Lumin Compact Nero\"}]},{\"@type\":\"WebSite\",\"@id\":\"https:\/\/www.erresse-shop.it\/de\/#website\",\"url\":\"https:\/\/www.erresse-shop.it\/de\/\",\"name\":\"Erresse Shop\",\"description\":\"Articoli di qualit\u00e0 per la casa\",\"potentialAction\":[{\"@type\":\"SearchAction\",\"target\":{\"@type\":\"EntryPoint\",\"urlTemplate\":\"https:\/\/www.erresse-shop.it\/de\/?s={search_term_string}\"},\"query-input\":\"required name=search_term_string\"}],\"inLanguage\":\"de-DE\"}]}<\/script>\n<!-- \/ Yoast SEO Premium plugin. -->","yoast_head_json":{"title":"WEBER-Grill Lumin Compact Nero","description":"Entdecken Sie WEBER-Grill Lumin Compact Nero bei ErresseShop. Qualit\u00e4t, Stil und Funktionalit\u00e4t \u2013 jetzt online bestellen!","robots":{"index":"index","follow":"follow","max-snippet":"max-snippet:-1","max-image-preview":"max-image-preview:large","max-video-preview":"max-video-preview:-1"},"canonical":"https:\/\/www.erresse-shop.it\/de\/shop\/kleine-elektrogeraete\/grills-und-barbecues\/weber-grill-lumin-compact-nero\/","og_locale":"de_DE","og_type":"article","og_title":"WEBER-Grill Lumin Compact Nero","og_description":"Entdecken Sie WEBER-Grill Lumin Compact Nero bei ErresseShop. Qualit\u00e4t, Stil und Funktionalit\u00e4t \u2013 jetzt online bestellen!","og_url":"https:\/\/www.erresse-shop.it\/de\/shop\/kleine-elektrogeraete\/grills-und-barbecues\/weber-grill-lumin-compact-nero\/","og_site_name":"Erresse Shop","article_modified_time":"2025-01-22T06:40:16+00:00","og_image":[{"width":800,"height":800,"url":"https:\/\/www.erresse-shop.it\/wp-content\/uploads\/2024\/05\/WEBER-Barbecue-Lumin-Compact-Nero.png","type":"image\/png"}],"twitter_card":"summary_large_image","schema":{"@context":"https:\/\/schema.org","@graph":[{"@type":"WebPage","@id":"https:\/\/www.erresse-shop.it\/de\/shop\/kleine-elektrogeraete\/grills-und-barbecues\/weber-grill-lumin-compact-nero\/","url":"https:\/\/www.erresse-shop.it\/de\/shop\/kleine-elektrogeraete\/grills-und-barbecues\/weber-grill-lumin-compact-nero\/","name":"WEBER-Grill Lumin Compact Nero","isPartOf":{"@id":"https:\/\/www.erresse-shop.it\/de\/#website"},"datePublished":"2024-05-14T12:18:42+00:00","dateModified":"2025-01-22T06:40:16+00:00","description":"Entdecken Sie WEBER-Grill Lumin Compact Nero bei ErresseShop. Qualit\u00e4t, Stil und Funktionalit\u00e4t \u2013 jetzt online bestellen!","breadcrumb":{"@id":"https:\/\/www.erresse-shop.it\/de\/shop\/kleine-elektrogeraete\/grills-und-barbecues\/weber-grill-lumin-compact-nero\/#breadcrumb"},"inLanguage":"de-DE","potentialAction":[{"@type":"ReadAction","target":["https:\/\/www.erresse-shop.it\/de\/shop\/kleine-elektrogeraete\/grills-und-barbecues\/weber-grill-lumin-compact-nero\/"]}]},{"@type":"BreadcrumbList","@id":"https:\/\/www.erresse-shop.it\/de\/shop\/kleine-elektrogeraete\/grills-und-barbecues\/weber-grill-lumin-compact-nero\/#breadcrumb","itemListElement":[{"@type":"ListItem","position":1,"name":"Home","item":"https:\/\/www.erresse-shop.it\/de\/"},{"@type":"ListItem","position":2,"name":"Shop","item":"https:\/\/www.erresse-shop.it\/de\/shop\/"},{"@type":"ListItem","position":3,"name":"WEBER-Grill Lumin Compact Nero"}]},{"@type":"WebSite","@id":"https:\/\/www.erresse-shop.it\/de\/#website","url":"https:\/\/www.erresse-shop.it\/de\/","name":"Erresse Shop","description":"Articoli di qualit\u00e0 per la casa","potentialAction":[{"@type":"SearchAction","target":{"@type":"EntryPoint","urlTemplate":"https:\/\/www.erresse-shop.it\/de\/?s={search_term_string}"},"query-input":"required name=search_term_string"}],"inLanguage":"de-DE"}]}},"df_price":379.95,"df_sale_price":379.95,"df_regular_price":429,"df_image_link":"https:\/\/www.erresse-shop.it\/wp-content\/uploads\/2024\/05\/WEBER-Barbecue-Lumin-Compact-Nero-300x300.jpg","_links":{"self":[{"href":"https:\/\/www.erresse-shop.it\/de\/wp-json\/wp\/v2\/product\/406368"}],"collection":[{"href":"https:\/\/www.erresse-shop.it\/de\/wp-json\/wp\/v2\/product"}],"about":[{"href":"https:\/\/www.erresse-shop.it\/de\/wp-json\/wp\/v2\/types\/product"}],"wp:featuredmedia":[{"embeddable":true,"href":"https:\/\/www.erresse-shop.it\/de\/wp-json\/wp\/v2\/media\/491759"}],"wp:attachment":[{"href":"https:\/\/www.erresse-shop.it\/de\/wp-json\/wp\/v2\/media?parent=406368"}],"wp:term":[{"taxonomy":"product_cat","embeddable":true,"href":"https:\/\/www.erresse-shop.it\/de\/wp-json\/wp\/v2\/product_cat?post=406368"},{"taxonomy":"product_tag","embeddable":true,"href":"https:\/\/www.erresse-shop.it\/de\/wp-json\/wp\/v2\/product_tag?post=406368"}],"curies":[{"name":"wp","href":"https:\/\/api.w.org\/{rel}","templated":true}]}}