{"id":406338,"date":"2024-05-14T10:29:05","date_gmt":"2024-05-14T10:29:07","guid":{"rendered":"https:\/\/www.erresse-shop.it\/?post_type=product&#038;p=406338"},"modified":"2025-01-19T00:10:09","modified_gmt":"2025-01-19T00:10:09","slug":"victorinox-swiss-classic-kuechenmesser-19-cm","status":"publish","type":"product","link":"https:\/\/www.erresse-shop.it\/de\/shop\/kuche\/messer\/victorinox-swiss-classic-kuechenmesser-19-cm\/","title":{"rendered":"VICTORINOX Swiss Classic K\u00fcchenmesser 19 cm"},"content":{"rendered":"<p><strong>Swiss Classic K\u00fcchenmesser mit schwarzem Griff<\/strong><\/p>\n<p>Die Swiss Classic Messerkollektion von Victorinox wurde entwickelt, um alle Aufgaben in der K\u00fcche zu bew\u00e4ltigen, von der kleinsten bis zur anspruchsvollsten. Es sind leichte Messer mit farbigen, sp\u00fclmaschinenfesten Griffen, 100% Swiss Made. In einer Kollektion, in der Funktionalit\u00e4t auf Fr\u00f6hlichkeit trifft, d\u00fcrfen die n\u00fctzlichen Messerbl\u00f6cke und verschiedene Geschenksets nicht fehlen.<br \/>\nIn dieser Kollektion fehlt es an nichts. Funktionalit\u00e4t trifft auf Farbe f\u00fcr den t\u00e4glichen Gebrauch mit Fr\u00f6hlichkeit.<\/p>\n<p>&#8211; Schwarzer Griff aus Kunststoff (TPE)<br \/>\n&#8211; Klingenl\u00e4nge: 19 cm<br \/>\n&#8211; Schweizer Herstellung<\/p>\n<p>Klingenl\u00e4nge 19 cm<br \/>\nLebenslange Garantie auf Fabrikationsfehler<br \/>\nAbmessungen 31,5 x 1,7 x 4,8 cm<br \/>\nGewicht 92 g<\/p>\n","protected":false},"excerpt":{"rendered":"<p>Swiss Classic K\u00fcchenmesser mit schwarzem Griff Die Swiss Classic Messerkollektion von Victorinox wurde entwickelt, um alle Aufgaben in der K\u00fcche<\/p>\n","protected":false},"featured_media":0,"template":"","meta":{"_acf_changed":false,"inline_featured_image":false},"product_cat":[6742,6706,14454],"product_tag":[25038,24604,25022],"acf":[],"yoast_head":"<!-- This site is optimized with the Yoast SEO Premium plugin v18.6 (Yoast SEO v19.13) - https:\/\/yoast.com\/wordpress\/plugins\/seo\/ -->\n<title>VICTORINOX Swiss Classic K\u00fcchenmesser 19 cm<\/title>\n<meta name=\"description\" content=\"Entdecken Sie VICTORINOX Swiss Classic K\u00fcchenmesser 19 cm bei ErresseShop. Qualit\u00e4t, Stil und Funktionalit\u00e4t \u2013 jetzt online bestellen!\" \/>\n<meta name=\"robots\" content=\"index, follow, max-snippet:-1, max-image-preview:large, max-video-preview:-1\" \/>\n<link rel=\"canonical\" href=\"https:\/\/www.erresse-shop.it\/de\/shop\/kuche\/messer\/victorinox-swiss-classic-kuechenmesser-19-cm\/\" \/>\n<meta property=\"og:locale\" content=\"de_DE\" \/>\n<meta property=\"og:type\" content=\"article\" \/>\n<meta property=\"og:title\" content=\"VICTORINOX Swiss Classic K\u00fcchenmesser 19 cm\" \/>\n<meta property=\"og:description\" content=\"Entdecken Sie VICTORINOX Swiss Classic K\u00fcchenmesser 19 cm bei ErresseShop. Qualit\u00e4t, Stil und Funktionalit\u00e4t \u2013 jetzt online bestellen!\" \/>\n<meta property=\"og:url\" content=\"https:\/\/www.erresse-shop.it\/de\/shop\/kuche\/messer\/victorinox-swiss-classic-kuechenmesser-19-cm\/\" \/>\n<meta property=\"og:site_name\" content=\"Erresse Shop\" \/>\n<meta property=\"article:modified_time\" content=\"2025-01-19T00:10:09+00:00\" \/>\n<meta property=\"og:image\" content=\"https:\/\/www.erresse-shop.it\/wp-content\/uploads\/2024\/05\/VICTORINOX-Coltello-Da-Cucina-Swiss-Classic-19-cm.png\" \/>\n\t<meta property=\"og:image:width\" content=\"800\" \/>\n\t<meta property=\"og:image:height\" content=\"800\" \/>\n\t<meta property=\"og:image:type\" content=\"image\/png\" \/>\n<meta name=\"twitter:card\" content=\"summary_large_image\" \/>\n<script type=\"application\/ld+json\" class=\"yoast-schema-graph\">{\"@context\":\"https:\/\/schema.org\",\"@graph\":[{\"@type\":\"WebPage\",\"@id\":\"https:\/\/www.erresse-shop.it\/de\/shop\/kuche\/messer\/victorinox-swiss-classic-kuechenmesser-19-cm\/\",\"url\":\"https:\/\/www.erresse-shop.it\/de\/shop\/kuche\/messer\/victorinox-swiss-classic-kuechenmesser-19-cm\/\",\"name\":\"VICTORINOX Swiss Classic K\u00fcchenmesser 19 cm\",\"isPartOf\":{\"@id\":\"https:\/\/www.erresse-shop.it\/de\/#website\"},\"datePublished\":\"2024-05-14T10:29:07+00:00\",\"dateModified\":\"2025-01-19T00:10:09+00:00\",\"description\":\"Entdecken Sie VICTORINOX Swiss Classic K\u00fcchenmesser 19 cm bei ErresseShop. Qualit\u00e4t, Stil und Funktionalit\u00e4t \u2013 jetzt online bestellen!\",\"breadcrumb\":{\"@id\":\"https:\/\/www.erresse-shop.it\/de\/shop\/kuche\/messer\/victorinox-swiss-classic-kuechenmesser-19-cm\/#breadcrumb\"},\"inLanguage\":\"de-DE\",\"potentialAction\":[{\"@type\":\"ReadAction\",\"target\":[\"https:\/\/www.erresse-shop.it\/de\/shop\/kuche\/messer\/victorinox-swiss-classic-kuechenmesser-19-cm\/\"]}]},{\"@type\":\"BreadcrumbList\",\"@id\":\"https:\/\/www.erresse-shop.it\/de\/shop\/kuche\/messer\/victorinox-swiss-classic-kuechenmesser-19-cm\/#breadcrumb\",\"itemListElement\":[{\"@type\":\"ListItem\",\"position\":1,\"name\":\"Home\",\"item\":\"https:\/\/www.erresse-shop.it\/de\/\"},{\"@type\":\"ListItem\",\"position\":2,\"name\":\"Shop\",\"item\":\"https:\/\/www.erresse-shop.it\/de\/shop\/\"},{\"@type\":\"ListItem\",\"position\":3,\"name\":\"VICTORINOX Swiss Classic K\u00fcchenmesser 19 cm\"}]},{\"@type\":\"WebSite\",\"@id\":\"https:\/\/www.erresse-shop.it\/de\/#website\",\"url\":\"https:\/\/www.erresse-shop.it\/de\/\",\"name\":\"Erresse Shop\",\"description\":\"Articoli di qualit\u00e0 per la casa\",\"potentialAction\":[{\"@type\":\"SearchAction\",\"target\":{\"@type\":\"EntryPoint\",\"urlTemplate\":\"https:\/\/www.erresse-shop.it\/de\/?s={search_term_string}\"},\"query-input\":\"required name=search_term_string\"}],\"inLanguage\":\"de-DE\"}]}<\/script>\n<!-- \/ Yoast SEO Premium plugin. -->","yoast_head_json":{"title":"VICTORINOX Swiss Classic K\u00fcchenmesser 19 cm","description":"Entdecken Sie VICTORINOX Swiss Classic K\u00fcchenmesser 19 cm bei ErresseShop. Qualit\u00e4t, Stil und Funktionalit\u00e4t \u2013 jetzt online bestellen!","robots":{"index":"index","follow":"follow","max-snippet":"max-snippet:-1","max-image-preview":"max-image-preview:large","max-video-preview":"max-video-preview:-1"},"canonical":"https:\/\/www.erresse-shop.it\/de\/shop\/kuche\/messer\/victorinox-swiss-classic-kuechenmesser-19-cm\/","og_locale":"de_DE","og_type":"article","og_title":"VICTORINOX Swiss Classic K\u00fcchenmesser 19 cm","og_description":"Entdecken Sie VICTORINOX Swiss Classic K\u00fcchenmesser 19 cm bei ErresseShop. Qualit\u00e4t, Stil und Funktionalit\u00e4t \u2013 jetzt online bestellen!","og_url":"https:\/\/www.erresse-shop.it\/de\/shop\/kuche\/messer\/victorinox-swiss-classic-kuechenmesser-19-cm\/","og_site_name":"Erresse Shop","article_modified_time":"2025-01-19T00:10:09+00:00","og_image":[{"width":800,"height":800,"url":"https:\/\/www.erresse-shop.it\/wp-content\/uploads\/2024\/05\/VICTORINOX-Coltello-Da-Cucina-Swiss-Classic-19-cm.png","type":"image\/png"}],"twitter_card":"summary_large_image","schema":{"@context":"https:\/\/schema.org","@graph":[{"@type":"WebPage","@id":"https:\/\/www.erresse-shop.it\/de\/shop\/kuche\/messer\/victorinox-swiss-classic-kuechenmesser-19-cm\/","url":"https:\/\/www.erresse-shop.it\/de\/shop\/kuche\/messer\/victorinox-swiss-classic-kuechenmesser-19-cm\/","name":"VICTORINOX Swiss Classic K\u00fcchenmesser 19 cm","isPartOf":{"@id":"https:\/\/www.erresse-shop.it\/de\/#website"},"datePublished":"2024-05-14T10:29:07+00:00","dateModified":"2025-01-19T00:10:09+00:00","description":"Entdecken Sie VICTORINOX Swiss Classic K\u00fcchenmesser 19 cm bei ErresseShop. Qualit\u00e4t, Stil und Funktionalit\u00e4t \u2013 jetzt online bestellen!","breadcrumb":{"@id":"https:\/\/www.erresse-shop.it\/de\/shop\/kuche\/messer\/victorinox-swiss-classic-kuechenmesser-19-cm\/#breadcrumb"},"inLanguage":"de-DE","potentialAction":[{"@type":"ReadAction","target":["https:\/\/www.erresse-shop.it\/de\/shop\/kuche\/messer\/victorinox-swiss-classic-kuechenmesser-19-cm\/"]}]},{"@type":"BreadcrumbList","@id":"https:\/\/www.erresse-shop.it\/de\/shop\/kuche\/messer\/victorinox-swiss-classic-kuechenmesser-19-cm\/#breadcrumb","itemListElement":[{"@type":"ListItem","position":1,"name":"Home","item":"https:\/\/www.erresse-shop.it\/de\/"},{"@type":"ListItem","position":2,"name":"Shop","item":"https:\/\/www.erresse-shop.it\/de\/shop\/"},{"@type":"ListItem","position":3,"name":"VICTORINOX Swiss Classic K\u00fcchenmesser 19 cm"}]},{"@type":"WebSite","@id":"https:\/\/www.erresse-shop.it\/de\/#website","url":"https:\/\/www.erresse-shop.it\/de\/","name":"Erresse Shop","description":"Articoli di qualit\u00e0 per la casa","potentialAction":[{"@type":"SearchAction","target":{"@type":"EntryPoint","urlTemplate":"https:\/\/www.erresse-shop.it\/de\/?s={search_term_string}"},"query-input":"required name=search_term_string"}],"inLanguage":"de-DE"}]}},"df_price":17.45,"df_sale_price":17.45,"df_regular_price":34.9,"df_image_link":"https:\/\/www.erresse-shop.it\/wp-content\/uploads\/woocommerce-placeholder-300x300.png","_links":{"self":[{"href":"https:\/\/www.erresse-shop.it\/de\/wp-json\/wp\/v2\/product\/406338"}],"collection":[{"href":"https:\/\/www.erresse-shop.it\/de\/wp-json\/wp\/v2\/product"}],"about":[{"href":"https:\/\/www.erresse-shop.it\/de\/wp-json\/wp\/v2\/types\/product"}],"wp:attachment":[{"href":"https:\/\/www.erresse-shop.it\/de\/wp-json\/wp\/v2\/media?parent=406338"}],"wp:term":[{"taxonomy":"product_cat","embeddable":true,"href":"https:\/\/www.erresse-shop.it\/de\/wp-json\/wp\/v2\/product_cat?post=406338"},{"taxonomy":"product_tag","embeddable":true,"href":"https:\/\/www.erresse-shop.it\/de\/wp-json\/wp\/v2\/product_tag?post=406338"}],"curies":[{"name":"wp","href":"https:\/\/api.w.org\/{rel}","templated":true}]}}