{"id":406280,"date":"2024-05-13T14:18:53","date_gmt":"2024-05-13T14:18:54","guid":{"rendered":"https:\/\/www.erresse-shop.it\/?post_type=product&#038;p=406280"},"modified":"2025-01-16T09:00:24","modified_gmt":"2025-01-16T09:00:24","slug":"bordallo-pinheiro-eichenblatt-wandstuck-copia","status":"publish","type":"product","link":"https:\/\/www.erresse-shop.it\/de\/shop\/einrichtung-haus\/dekoartikel\/bordallo-pinheiro-eichenblatt-wandstuck-copia\/","title":{"rendered":"BORDALLO PINHEIRO GUDRUN Wandst\u00fcck Ahornblatt Rot"},"content":{"rendered":"<p>Die Kollektion Gudrun by Claudia Schiffer wurde vom Herbst mit seinen fallenden Bl\u00e4ttern und Eicheln inspiriert und hat einen besonderen Platz in ihrem Herzen. Als Kind liebte Claudia es, die Verwandlung der Farben zu beobachten und in die Laubhaufen zu springen, die ihre Mutter in ihrem Garten akribisch sammelte. Nach dem Trocknen entstanden aus diesen Bl\u00e4ttern wundersch\u00f6ne Kunstwerke.<\/p>\n<p>&#8220;Die Keramiken, die ich hergestellt habe, passen zu meinen Holztischen aus der Mitte des Jahrhunderts und tragen dazu bei, mein Zuhause mit den warmen T\u00f6nen des Herbstes zu erf\u00fcllen. Sie finden auch einen Platz in meinen Wochenendh\u00e4usern auf dem Land, wo sie neben einem knisternden Feuer f\u00fcr gem\u00fctliche Farben sorgen. Ich freue mich, dass diese Keramiken einen subtilen Touch in den Wohnraum bringen und sich wunderbar mit gr\u00fcnen Hortensien, einem Herbstklassiker, kombinieren lassen&#8221;. Sagt Claudia Schiffer \u00fcber diese sch\u00f6ne und originelle Kollektion.<\/p>\n<p><strong>Abmessungen<\/strong>: 21 cm x 17,5 cm x 4,8 cm<br \/>\n<strong>Material<\/strong>: Terrakotta<\/p>\n","protected":false},"excerpt":{"rendered":"<p>Die Kollektion Gudrun by Claudia Schiffer wurde vom Herbst mit seinen fallenden Bl\u00e4ttern und Eicheln inspiriert und hat einen besonderen<\/p>\n","protected":false},"featured_media":488284,"template":"","meta":{"_acf_changed":false,"inline_featured_image":false},"product_cat":[6817,14442],"product_tag":[25038,23911,24604,25022],"acf":[],"yoast_head":"<!-- This site is optimized with the Yoast SEO Premium plugin v18.6 (Yoast SEO v19.13) - https:\/\/yoast.com\/wordpress\/plugins\/seo\/ -->\n<title>BORDALLO PINHEIRO GUDRUN Wandst\u00fcck Ahornblatt Rot<\/title>\n<meta name=\"description\" content=\"Entdecken Sie BORDALLO PINHEIRO GUDRUN Wandst\u00fcck Ahornblatt Rot bei ErresseShop. Qualit\u00e4t, Stil und Funktionalit\u00e4t \u2013 jetzt online bestellen!\" \/>\n<meta name=\"robots\" content=\"index, follow, max-snippet:-1, max-image-preview:large, max-video-preview:-1\" \/>\n<link rel=\"canonical\" href=\"https:\/\/www.erresse-shop.it\/de\/shop\/einrichtung-haus\/dekoartikel\/bordallo-pinheiro-eichenblatt-wandstuck-copia\/\" \/>\n<meta property=\"og:locale\" content=\"de_DE\" \/>\n<meta property=\"og:type\" content=\"article\" \/>\n<meta property=\"og:title\" content=\"BORDALLO PINHEIRO GUDRUN Wandst\u00fcck Ahornblatt Rot\" \/>\n<meta property=\"og:description\" content=\"Entdecken Sie BORDALLO PINHEIRO GUDRUN Wandst\u00fcck Ahornblatt Rot bei ErresseShop. Qualit\u00e4t, Stil und Funktionalit\u00e4t \u2013 jetzt online bestellen!\" \/>\n<meta property=\"og:url\" content=\"https:\/\/www.erresse-shop.it\/de\/shop\/einrichtung-haus\/dekoartikel\/bordallo-pinheiro-eichenblatt-wandstuck-copia\/\" \/>\n<meta property=\"og:site_name\" content=\"Erresse Shop\" \/>\n<meta property=\"article:modified_time\" content=\"2025-01-16T09:00:24+00:00\" \/>\n<meta property=\"og:image\" content=\"https:\/\/www.erresse-shop.it\/wp-content\/uploads\/2024\/05\/BORDALLO-PINHEIRO-Pezzo-Da-Parete-Foglia-Foglia-Dacero-Rosso-GUDRUN.png\" \/>\n\t<meta property=\"og:image:width\" content=\"800\" \/>\n\t<meta property=\"og:image:height\" content=\"800\" \/>\n\t<meta property=\"og:image:type\" content=\"image\/png\" \/>\n<meta name=\"twitter:card\" content=\"summary_large_image\" \/>\n<script type=\"application\/ld+json\" class=\"yoast-schema-graph\">{\"@context\":\"https:\/\/schema.org\",\"@graph\":[{\"@type\":\"WebPage\",\"@id\":\"https:\/\/www.erresse-shop.it\/de\/shop\/einrichtung-haus\/dekoartikel\/bordallo-pinheiro-eichenblatt-wandstuck-copia\/\",\"url\":\"https:\/\/www.erresse-shop.it\/de\/shop\/einrichtung-haus\/dekoartikel\/bordallo-pinheiro-eichenblatt-wandstuck-copia\/\",\"name\":\"BORDALLO PINHEIRO GUDRUN Wandst\u00fcck Ahornblatt Rot\",\"isPartOf\":{\"@id\":\"https:\/\/www.erresse-shop.it\/de\/#website\"},\"datePublished\":\"2024-05-13T14:18:54+00:00\",\"dateModified\":\"2025-01-16T09:00:24+00:00\",\"description\":\"Entdecken Sie BORDALLO PINHEIRO GUDRUN Wandst\u00fcck Ahornblatt Rot bei ErresseShop. Qualit\u00e4t, Stil und Funktionalit\u00e4t \u2013 jetzt online bestellen!\",\"breadcrumb\":{\"@id\":\"https:\/\/www.erresse-shop.it\/de\/shop\/einrichtung-haus\/dekoartikel\/bordallo-pinheiro-eichenblatt-wandstuck-copia\/#breadcrumb\"},\"inLanguage\":\"de-DE\",\"potentialAction\":[{\"@type\":\"ReadAction\",\"target\":[\"https:\/\/www.erresse-shop.it\/de\/shop\/einrichtung-haus\/dekoartikel\/bordallo-pinheiro-eichenblatt-wandstuck-copia\/\"]}]},{\"@type\":\"BreadcrumbList\",\"@id\":\"https:\/\/www.erresse-shop.it\/de\/shop\/einrichtung-haus\/dekoartikel\/bordallo-pinheiro-eichenblatt-wandstuck-copia\/#breadcrumb\",\"itemListElement\":[{\"@type\":\"ListItem\",\"position\":1,\"name\":\"Home\",\"item\":\"https:\/\/www.erresse-shop.it\/de\/\"},{\"@type\":\"ListItem\",\"position\":2,\"name\":\"Shop\",\"item\":\"https:\/\/www.erresse-shop.it\/de\/shop\/\"},{\"@type\":\"ListItem\",\"position\":3,\"name\":\"BORDALLO PINHEIRO GUDRUN Wandst\u00fcck Ahornblatt Rot\"}]},{\"@type\":\"WebSite\",\"@id\":\"https:\/\/www.erresse-shop.it\/de\/#website\",\"url\":\"https:\/\/www.erresse-shop.it\/de\/\",\"name\":\"Erresse Shop\",\"description\":\"Articoli di qualit\u00e0 per la casa\",\"potentialAction\":[{\"@type\":\"SearchAction\",\"target\":{\"@type\":\"EntryPoint\",\"urlTemplate\":\"https:\/\/www.erresse-shop.it\/de\/?s={search_term_string}\"},\"query-input\":\"required name=search_term_string\"}],\"inLanguage\":\"de-DE\"}]}<\/script>\n<!-- \/ Yoast SEO Premium plugin. -->","yoast_head_json":{"title":"BORDALLO PINHEIRO GUDRUN Wandst\u00fcck Ahornblatt Rot","description":"Entdecken Sie BORDALLO PINHEIRO GUDRUN Wandst\u00fcck Ahornblatt Rot bei ErresseShop. Qualit\u00e4t, Stil und Funktionalit\u00e4t \u2013 jetzt online bestellen!","robots":{"index":"index","follow":"follow","max-snippet":"max-snippet:-1","max-image-preview":"max-image-preview:large","max-video-preview":"max-video-preview:-1"},"canonical":"https:\/\/www.erresse-shop.it\/de\/shop\/einrichtung-haus\/dekoartikel\/bordallo-pinheiro-eichenblatt-wandstuck-copia\/","og_locale":"de_DE","og_type":"article","og_title":"BORDALLO PINHEIRO GUDRUN Wandst\u00fcck Ahornblatt Rot","og_description":"Entdecken Sie BORDALLO PINHEIRO GUDRUN Wandst\u00fcck Ahornblatt Rot bei ErresseShop. Qualit\u00e4t, Stil und Funktionalit\u00e4t \u2013 jetzt online bestellen!","og_url":"https:\/\/www.erresse-shop.it\/de\/shop\/einrichtung-haus\/dekoartikel\/bordallo-pinheiro-eichenblatt-wandstuck-copia\/","og_site_name":"Erresse Shop","article_modified_time":"2025-01-16T09:00:24+00:00","og_image":[{"width":800,"height":800,"url":"https:\/\/www.erresse-shop.it\/wp-content\/uploads\/2024\/05\/BORDALLO-PINHEIRO-Pezzo-Da-Parete-Foglia-Foglia-Dacero-Rosso-GUDRUN.png","type":"image\/png"}],"twitter_card":"summary_large_image","schema":{"@context":"https:\/\/schema.org","@graph":[{"@type":"WebPage","@id":"https:\/\/www.erresse-shop.it\/de\/shop\/einrichtung-haus\/dekoartikel\/bordallo-pinheiro-eichenblatt-wandstuck-copia\/","url":"https:\/\/www.erresse-shop.it\/de\/shop\/einrichtung-haus\/dekoartikel\/bordallo-pinheiro-eichenblatt-wandstuck-copia\/","name":"BORDALLO PINHEIRO GUDRUN Wandst\u00fcck Ahornblatt Rot","isPartOf":{"@id":"https:\/\/www.erresse-shop.it\/de\/#website"},"datePublished":"2024-05-13T14:18:54+00:00","dateModified":"2025-01-16T09:00:24+00:00","description":"Entdecken Sie BORDALLO PINHEIRO GUDRUN Wandst\u00fcck Ahornblatt Rot bei ErresseShop. Qualit\u00e4t, Stil und Funktionalit\u00e4t \u2013 jetzt online bestellen!","breadcrumb":{"@id":"https:\/\/www.erresse-shop.it\/de\/shop\/einrichtung-haus\/dekoartikel\/bordallo-pinheiro-eichenblatt-wandstuck-copia\/#breadcrumb"},"inLanguage":"de-DE","potentialAction":[{"@type":"ReadAction","target":["https:\/\/www.erresse-shop.it\/de\/shop\/einrichtung-haus\/dekoartikel\/bordallo-pinheiro-eichenblatt-wandstuck-copia\/"]}]},{"@type":"BreadcrumbList","@id":"https:\/\/www.erresse-shop.it\/de\/shop\/einrichtung-haus\/dekoartikel\/bordallo-pinheiro-eichenblatt-wandstuck-copia\/#breadcrumb","itemListElement":[{"@type":"ListItem","position":1,"name":"Home","item":"https:\/\/www.erresse-shop.it\/de\/"},{"@type":"ListItem","position":2,"name":"Shop","item":"https:\/\/www.erresse-shop.it\/de\/shop\/"},{"@type":"ListItem","position":3,"name":"BORDALLO PINHEIRO GUDRUN Wandst\u00fcck Ahornblatt Rot"}]},{"@type":"WebSite","@id":"https:\/\/www.erresse-shop.it\/de\/#website","url":"https:\/\/www.erresse-shop.it\/de\/","name":"Erresse Shop","description":"Articoli di qualit\u00e0 per la casa","potentialAction":[{"@type":"SearchAction","target":{"@type":"EntryPoint","urlTemplate":"https:\/\/www.erresse-shop.it\/de\/?s={search_term_string}"},"query-input":"required name=search_term_string"}],"inLanguage":"de-DE"}]}},"df_price":20.7,"df_sale_price":20.7,"df_regular_price":46,"df_image_link":"https:\/\/www.erresse-shop.it\/wp-content\/uploads\/2024\/05\/BORDALLO-PINHEIRO-GUDRUN-Pezzo-Da-Parete-Foglia-Acero-Rosso-300x300.jpg","_links":{"self":[{"href":"https:\/\/www.erresse-shop.it\/de\/wp-json\/wp\/v2\/product\/406280"}],"collection":[{"href":"https:\/\/www.erresse-shop.it\/de\/wp-json\/wp\/v2\/product"}],"about":[{"href":"https:\/\/www.erresse-shop.it\/de\/wp-json\/wp\/v2\/types\/product"}],"wp:featuredmedia":[{"embeddable":true,"href":"https:\/\/www.erresse-shop.it\/de\/wp-json\/wp\/v2\/media\/488284"}],"wp:attachment":[{"href":"https:\/\/www.erresse-shop.it\/de\/wp-json\/wp\/v2\/media?parent=406280"}],"wp:term":[{"taxonomy":"product_cat","embeddable":true,"href":"https:\/\/www.erresse-shop.it\/de\/wp-json\/wp\/v2\/product_cat?post=406280"},{"taxonomy":"product_tag","embeddable":true,"href":"https:\/\/www.erresse-shop.it\/de\/wp-json\/wp\/v2\/product_tag?post=406280"}],"curies":[{"name":"wp","href":"https:\/\/api.w.org\/{rel}","templated":true}]}}