{"id":406061,"date":"2024-05-13T09:08:43","date_gmt":"2024-05-13T09:08:46","guid":{"rendered":"https:\/\/www.erresse-shop.it\/?post_type=product&#038;p=406061"},"modified":"2025-01-22T06:40:13","modified_gmt":"2025-01-22T06:40:13","slug":"weber-q-1000-gasgrill","status":"publish","type":"product","link":"https:\/\/www.erresse-shop.it\/de\/shop\/kleine-elektrogeraete\/grills-und-barbecues\/weber-q-1000-gasgrill\/","title":{"rendered":"WEBER Q 1000 Gasgrill"},"content":{"rendered":"<p>Die Sonne scheint auf das glitzernde Wasser. Schnappen Sie sich Ihren tragbaren Gasgrill Q 1000, rufen Sie Ihre Freunde an und bereiten Sie das Boot vor. Klein genug, um Sie \u00fcberallhin mitzunehmen, und gro\u00df genug, um eine schnelle Mahlzeit zuzubereiten, wenn Sie zur\u00fcck am Strand sind.<\/p>\n<p><strong>TECHNISCHE SPEZIFIKATIONEN<\/strong><\/p>\n<ul>\n<li>BRENNERLEISTUNG: (KW)2,49<\/li>\n<li>Abmessungen: Deckel ge\u00f6ffnet (Zentimeter): 23,5&#8243; H x 25,5&#8243; B x 20,5&#8243; T<\/li>\n<li><\/li>\n<li>Abmessungen: Deckel geschlossen (Zentimeter): 14,5&#8243; H x 25,5&#8243; B x 16,5&#8243; T<\/li>\n<li>Kochfl\u00e4che (Zentimeter)43&#215;42<\/li>\n<li>Gewicht (kg)12.2<\/li>\n<li>Edelstahlbrenner1<\/li>\n<li>Kraftstofftyp: LPG GAS (separate Einwegkartusche)<\/li>\n<\/ul>\n","protected":false},"excerpt":{"rendered":"<p>Die Sonne scheint auf das glitzernde Wasser. Schnappen Sie sich Ihren tragbaren Gasgrill Q 1000, rufen Sie Ihre Freunde an<\/p>\n","protected":false},"featured_media":507140,"template":"","meta":{"_acf_changed":false,"inline_featured_image":false},"product_cat":[6703,13378],"product_tag":[25182,13379,24604,23632,12210,12211,25022,22516],"acf":[],"yoast_head":"<!-- This site is optimized with the Yoast SEO Premium plugin v18.6 (Yoast SEO v19.13) - https:\/\/yoast.com\/wordpress\/plugins\/seo\/ -->\n<title>WEBER Q 1000 Gasgrill<\/title>\n<meta name=\"description\" content=\"Entdecken Sie WEBER Q 1000 Gasgrill bei ErresseShop. Qualit\u00e4t, Stil und Funktionalit\u00e4t \u2013 jetzt online bestellen!\" \/>\n<meta name=\"robots\" content=\"index, follow, max-snippet:-1, max-image-preview:large, max-video-preview:-1\" \/>\n<link rel=\"canonical\" href=\"https:\/\/www.erresse-shop.it\/de\/shop\/kleine-elektrogeraete\/grills-und-barbecues\/weber-q-1000-gasgrill\/\" \/>\n<meta property=\"og:locale\" content=\"de_DE\" \/>\n<meta property=\"og:type\" content=\"article\" \/>\n<meta property=\"og:title\" content=\"WEBER Q 1000 Gasgrill\" \/>\n<meta property=\"og:description\" content=\"Entdecken Sie WEBER Q 1000 Gasgrill bei ErresseShop. Qualit\u00e4t, Stil und Funktionalit\u00e4t \u2013 jetzt online bestellen!\" \/>\n<meta property=\"og:url\" content=\"https:\/\/www.erresse-shop.it\/de\/shop\/kleine-elektrogeraete\/grills-und-barbecues\/weber-q-1000-gasgrill\/\" \/>\n<meta property=\"og:site_name\" content=\"Erresse Shop\" \/>\n<meta property=\"article:modified_time\" content=\"2025-01-22T06:40:13+00:00\" \/>\n<meta property=\"og:image\" content=\"https:\/\/www.erresse-shop.it\/wp-content\/uploads\/2024\/05\/WEBER-Barbecue-a-Gas-Q-1000.png\" \/>\n\t<meta property=\"og:image:width\" content=\"800\" \/>\n\t<meta property=\"og:image:height\" content=\"800\" \/>\n\t<meta property=\"og:image:type\" content=\"image\/png\" \/>\n<meta name=\"twitter:card\" content=\"summary_large_image\" \/>\n<script type=\"application\/ld+json\" class=\"yoast-schema-graph\">{\"@context\":\"https:\/\/schema.org\",\"@graph\":[{\"@type\":\"WebPage\",\"@id\":\"https:\/\/www.erresse-shop.it\/de\/shop\/kleine-elektrogeraete\/grills-und-barbecues\/weber-q-1000-gasgrill\/\",\"url\":\"https:\/\/www.erresse-shop.it\/de\/shop\/kleine-elektrogeraete\/grills-und-barbecues\/weber-q-1000-gasgrill\/\",\"name\":\"WEBER Q 1000 Gasgrill\",\"isPartOf\":{\"@id\":\"https:\/\/www.erresse-shop.it\/de\/#website\"},\"datePublished\":\"2024-05-13T09:08:46+00:00\",\"dateModified\":\"2025-01-22T06:40:13+00:00\",\"description\":\"Entdecken Sie WEBER Q 1000 Gasgrill bei ErresseShop. Qualit\u00e4t, Stil und Funktionalit\u00e4t \u2013 jetzt online bestellen!\",\"breadcrumb\":{\"@id\":\"https:\/\/www.erresse-shop.it\/de\/shop\/kleine-elektrogeraete\/grills-und-barbecues\/weber-q-1000-gasgrill\/#breadcrumb\"},\"inLanguage\":\"de-DE\",\"potentialAction\":[{\"@type\":\"ReadAction\",\"target\":[\"https:\/\/www.erresse-shop.it\/de\/shop\/kleine-elektrogeraete\/grills-und-barbecues\/weber-q-1000-gasgrill\/\"]}]},{\"@type\":\"BreadcrumbList\",\"@id\":\"https:\/\/www.erresse-shop.it\/de\/shop\/kleine-elektrogeraete\/grills-und-barbecues\/weber-q-1000-gasgrill\/#breadcrumb\",\"itemListElement\":[{\"@type\":\"ListItem\",\"position\":1,\"name\":\"Home\",\"item\":\"https:\/\/www.erresse-shop.it\/de\/\"},{\"@type\":\"ListItem\",\"position\":2,\"name\":\"Shop\",\"item\":\"https:\/\/www.erresse-shop.it\/de\/shop\/\"},{\"@type\":\"ListItem\",\"position\":3,\"name\":\"WEBER Q 1000 Gasgrill\"}]},{\"@type\":\"WebSite\",\"@id\":\"https:\/\/www.erresse-shop.it\/de\/#website\",\"url\":\"https:\/\/www.erresse-shop.it\/de\/\",\"name\":\"Erresse Shop\",\"description\":\"Articoli di qualit\u00e0 per la casa\",\"potentialAction\":[{\"@type\":\"SearchAction\",\"target\":{\"@type\":\"EntryPoint\",\"urlTemplate\":\"https:\/\/www.erresse-shop.it\/de\/?s={search_term_string}\"},\"query-input\":\"required name=search_term_string\"}],\"inLanguage\":\"de-DE\"}]}<\/script>\n<!-- \/ Yoast SEO Premium plugin. -->","yoast_head_json":{"title":"WEBER Q 1000 Gasgrill","description":"Entdecken Sie WEBER Q 1000 Gasgrill bei ErresseShop. Qualit\u00e4t, Stil und Funktionalit\u00e4t \u2013 jetzt online bestellen!","robots":{"index":"index","follow":"follow","max-snippet":"max-snippet:-1","max-image-preview":"max-image-preview:large","max-video-preview":"max-video-preview:-1"},"canonical":"https:\/\/www.erresse-shop.it\/de\/shop\/kleine-elektrogeraete\/grills-und-barbecues\/weber-q-1000-gasgrill\/","og_locale":"de_DE","og_type":"article","og_title":"WEBER Q 1000 Gasgrill","og_description":"Entdecken Sie WEBER Q 1000 Gasgrill bei ErresseShop. Qualit\u00e4t, Stil und Funktionalit\u00e4t \u2013 jetzt online bestellen!","og_url":"https:\/\/www.erresse-shop.it\/de\/shop\/kleine-elektrogeraete\/grills-und-barbecues\/weber-q-1000-gasgrill\/","og_site_name":"Erresse Shop","article_modified_time":"2025-01-22T06:40:13+00:00","og_image":[{"width":800,"height":800,"url":"https:\/\/www.erresse-shop.it\/wp-content\/uploads\/2024\/05\/WEBER-Barbecue-a-Gas-Q-1000.png","type":"image\/png"}],"twitter_card":"summary_large_image","schema":{"@context":"https:\/\/schema.org","@graph":[{"@type":"WebPage","@id":"https:\/\/www.erresse-shop.it\/de\/shop\/kleine-elektrogeraete\/grills-und-barbecues\/weber-q-1000-gasgrill\/","url":"https:\/\/www.erresse-shop.it\/de\/shop\/kleine-elektrogeraete\/grills-und-barbecues\/weber-q-1000-gasgrill\/","name":"WEBER Q 1000 Gasgrill","isPartOf":{"@id":"https:\/\/www.erresse-shop.it\/de\/#website"},"datePublished":"2024-05-13T09:08:46+00:00","dateModified":"2025-01-22T06:40:13+00:00","description":"Entdecken Sie WEBER Q 1000 Gasgrill bei ErresseShop. Qualit\u00e4t, Stil und Funktionalit\u00e4t \u2013 jetzt online bestellen!","breadcrumb":{"@id":"https:\/\/www.erresse-shop.it\/de\/shop\/kleine-elektrogeraete\/grills-und-barbecues\/weber-q-1000-gasgrill\/#breadcrumb"},"inLanguage":"de-DE","potentialAction":[{"@type":"ReadAction","target":["https:\/\/www.erresse-shop.it\/de\/shop\/kleine-elektrogeraete\/grills-und-barbecues\/weber-q-1000-gasgrill\/"]}]},{"@type":"BreadcrumbList","@id":"https:\/\/www.erresse-shop.it\/de\/shop\/kleine-elektrogeraete\/grills-und-barbecues\/weber-q-1000-gasgrill\/#breadcrumb","itemListElement":[{"@type":"ListItem","position":1,"name":"Home","item":"https:\/\/www.erresse-shop.it\/de\/"},{"@type":"ListItem","position":2,"name":"Shop","item":"https:\/\/www.erresse-shop.it\/de\/shop\/"},{"@type":"ListItem","position":3,"name":"WEBER Q 1000 Gasgrill"}]},{"@type":"WebSite","@id":"https:\/\/www.erresse-shop.it\/de\/#website","url":"https:\/\/www.erresse-shop.it\/de\/","name":"Erresse Shop","description":"Articoli di qualit\u00e0 per la casa","potentialAction":[{"@type":"SearchAction","target":{"@type":"EntryPoint","urlTemplate":"https:\/\/www.erresse-shop.it\/de\/?s={search_term_string}"},"query-input":"required name=search_term_string"}],"inLanguage":"de-DE"}]}},"df_price":386.99100000000004,"df_sale_price":386.99100000000004,"df_regular_price":429.99,"df_image_link":"https:\/\/www.erresse-shop.it\/wp-content\/uploads\/2024\/05\/WEBER-Barbecue-a-Gas-Q-1000-300x300.jpg","_links":{"self":[{"href":"https:\/\/www.erresse-shop.it\/de\/wp-json\/wp\/v2\/product\/406061"}],"collection":[{"href":"https:\/\/www.erresse-shop.it\/de\/wp-json\/wp\/v2\/product"}],"about":[{"href":"https:\/\/www.erresse-shop.it\/de\/wp-json\/wp\/v2\/types\/product"}],"wp:featuredmedia":[{"embeddable":true,"href":"https:\/\/www.erresse-shop.it\/de\/wp-json\/wp\/v2\/media\/507140"}],"wp:attachment":[{"href":"https:\/\/www.erresse-shop.it\/de\/wp-json\/wp\/v2\/media?parent=406061"}],"wp:term":[{"taxonomy":"product_cat","embeddable":true,"href":"https:\/\/www.erresse-shop.it\/de\/wp-json\/wp\/v2\/product_cat?post=406061"},{"taxonomy":"product_tag","embeddable":true,"href":"https:\/\/www.erresse-shop.it\/de\/wp-json\/wp\/v2\/product_tag?post=406061"}],"curies":[{"name":"wp","href":"https:\/\/api.w.org\/{rel}","templated":true}]}}