{"id":405970,"date":"2024-05-13T08:05:20","date_gmt":"2024-05-13T08:05:23","guid":{"rendered":"https:\/\/www.erresse-shop.it\/?post_type=product&#038;p=405970"},"modified":"2025-01-22T06:40:11","modified_gmt":"2025-01-22T06:40:11","slug":"tragbarer-gasgrill-weber-traveller","status":"publish","type":"product","link":"https:\/\/www.erresse-shop.it\/de\/shop\/kleine-elektrogeraete\/grills-und-barbecues\/tragbarer-gasgrill-weber-traveller\/","title":{"rendered":"Tragbarer Gasgrill WEBER Traveller"},"content":{"rendered":"<p>Der Weber Traveler* Gasgrill ist ideal f\u00fcr alle, die gerne unterwegs und unterwegs kochen. Perfekt f\u00fcr Camping und Picknicks, sein robustes und kompaktes Design sorgt f\u00fcr ein stets angenehmes Erlebnis, vom Aufbau bis zur Lagerung. Genie\u00dfen Sie unterwegs hochwertige Grillgerichte, unabh\u00e4ngig von Ihrem Reiseziel. *WEBER TRAVELER ist eine eingetragene Marke von Weber-Stephen Products LLC.<\/p>\n<p>\u2022 L\u00e4sst sich kompakt zusammenfalten und so einfach im Kofferraum Ihres Autos oder in der Garage verstauen<br \/>\n\u2022 Es verf\u00fcgt \u00fcber eine gro\u00dfe Kochfl\u00e4che f\u00fcr die gleichzeitige Zubereitung aller Speisen einer kompletten Mahlzeit<br \/>\n\u2022 Es wurde speziell zur Optimierung des Gasverbrauchs entwickelt<br \/>\n\u2022 Gro\u00dfer Temperaturbereich f\u00fcr Pfannkuchen, gebratene Steaks und mehr<br \/>\n\u2022 Leicht zu transportieren, damit Sie es \u00fcberall hin begleiten k\u00f6nnen<br \/>\n\u2022 Der Grill ist am Wagen befestigt, sodass Sie sofort mit dem Kochen beginnen k\u00f6nnen<\/p>\n<p><strong>TECHNISCHE SPEZIFIKATIONEN<\/strong><\/p>\n<p>BRENNERLEISTUNG: (KW)3,8<\/p>\n<p>Abmessungen \u2013 geschlossener Deckel (Zentimeter): 94,5 cm H x 110,8 cm B x 58,4 cm T<\/p>\n<p>Kochfl\u00e4che (Zentimeter) 45,43 x 45,43<\/p>\n<p>Gewicht (kg)21.12<\/p>\n<p>Edelstahlbrenner1<br \/>\nKraftstofftyp: Fl\u00fcssiggas (wiederaufladbare Flasche separat erh\u00e4ltlich)<\/p>\n","protected":false},"excerpt":{"rendered":"<p>Der Weber Traveler* Gasgrill ist ideal f\u00fcr alle, die gerne unterwegs und unterwegs kochen. Perfekt f\u00fcr Camping und Picknicks, sein<\/p>\n","protected":false},"featured_media":477178,"template":"","meta":{"_acf_changed":false,"inline_featured_image":false},"product_cat":[6703,13378],"product_tag":[25182,13379,24604,23632,12210,12211,25022,22516],"acf":[],"yoast_head":"<!-- This site is optimized with the Yoast SEO Premium plugin v18.6 (Yoast SEO v19.13) - https:\/\/yoast.com\/wordpress\/plugins\/seo\/ -->\n<title>Tragbarer Gasgrill WEBER Traveller<\/title>\n<meta name=\"description\" content=\"Entdecken Sie Tragbarer Gasgrill WEBER Traveller bei ErresseShop. Qualit\u00e4t, Stil und Funktionalit\u00e4t \u2013 jetzt online bestellen!\" \/>\n<meta name=\"robots\" content=\"index, follow, max-snippet:-1, max-image-preview:large, max-video-preview:-1\" \/>\n<link rel=\"canonical\" href=\"https:\/\/www.erresse-shop.it\/de\/shop\/kleine-elektrogeraete\/grills-und-barbecues\/tragbarer-gasgrill-weber-traveller\/\" \/>\n<meta property=\"og:locale\" content=\"de_DE\" \/>\n<meta property=\"og:type\" content=\"article\" \/>\n<meta property=\"og:title\" content=\"Tragbarer Gasgrill WEBER Traveller\" \/>\n<meta property=\"og:description\" content=\"Entdecken Sie Tragbarer Gasgrill WEBER Traveller bei ErresseShop. Qualit\u00e4t, Stil und Funktionalit\u00e4t \u2013 jetzt online bestellen!\" \/>\n<meta property=\"og:url\" content=\"https:\/\/www.erresse-shop.it\/de\/shop\/kleine-elektrogeraete\/grills-und-barbecues\/tragbarer-gasgrill-weber-traveller\/\" \/>\n<meta property=\"og:site_name\" content=\"Erresse Shop\" \/>\n<meta property=\"article:modified_time\" content=\"2025-01-22T06:40:11+00:00\" \/>\n<meta property=\"og:image\" content=\"https:\/\/www.erresse-shop.it\/wp-content\/uploads\/2024\/05\/WEBER-Traveler-Barbecue-a-Gas-Portatile.png\" \/>\n\t<meta property=\"og:image:width\" content=\"800\" \/>\n\t<meta property=\"og:image:height\" content=\"800\" \/>\n\t<meta property=\"og:image:type\" content=\"image\/png\" \/>\n<meta name=\"twitter:card\" content=\"summary_large_image\" \/>\n<script type=\"application\/ld+json\" class=\"yoast-schema-graph\">{\"@context\":\"https:\/\/schema.org\",\"@graph\":[{\"@type\":\"WebPage\",\"@id\":\"https:\/\/www.erresse-shop.it\/de\/shop\/kleine-elektrogeraete\/grills-und-barbecues\/tragbarer-gasgrill-weber-traveller\/\",\"url\":\"https:\/\/www.erresse-shop.it\/de\/shop\/kleine-elektrogeraete\/grills-und-barbecues\/tragbarer-gasgrill-weber-traveller\/\",\"name\":\"Tragbarer Gasgrill WEBER Traveller\",\"isPartOf\":{\"@id\":\"https:\/\/www.erresse-shop.it\/de\/#website\"},\"datePublished\":\"2024-05-13T08:05:23+00:00\",\"dateModified\":\"2025-01-22T06:40:11+00:00\",\"description\":\"Entdecken Sie Tragbarer Gasgrill WEBER Traveller bei ErresseShop. Qualit\u00e4t, Stil und Funktionalit\u00e4t \u2013 jetzt online bestellen!\",\"breadcrumb\":{\"@id\":\"https:\/\/www.erresse-shop.it\/de\/shop\/kleine-elektrogeraete\/grills-und-barbecues\/tragbarer-gasgrill-weber-traveller\/#breadcrumb\"},\"inLanguage\":\"de-DE\",\"potentialAction\":[{\"@type\":\"ReadAction\",\"target\":[\"https:\/\/www.erresse-shop.it\/de\/shop\/kleine-elektrogeraete\/grills-und-barbecues\/tragbarer-gasgrill-weber-traveller\/\"]}]},{\"@type\":\"BreadcrumbList\",\"@id\":\"https:\/\/www.erresse-shop.it\/de\/shop\/kleine-elektrogeraete\/grills-und-barbecues\/tragbarer-gasgrill-weber-traveller\/#breadcrumb\",\"itemListElement\":[{\"@type\":\"ListItem\",\"position\":1,\"name\":\"Home\",\"item\":\"https:\/\/www.erresse-shop.it\/de\/\"},{\"@type\":\"ListItem\",\"position\":2,\"name\":\"Shop\",\"item\":\"https:\/\/www.erresse-shop.it\/de\/shop\/\"},{\"@type\":\"ListItem\",\"position\":3,\"name\":\"Tragbarer Gasgrill WEBER Traveller\"}]},{\"@type\":\"WebSite\",\"@id\":\"https:\/\/www.erresse-shop.it\/de\/#website\",\"url\":\"https:\/\/www.erresse-shop.it\/de\/\",\"name\":\"Erresse Shop\",\"description\":\"Articoli di qualit\u00e0 per la casa\",\"potentialAction\":[{\"@type\":\"SearchAction\",\"target\":{\"@type\":\"EntryPoint\",\"urlTemplate\":\"https:\/\/www.erresse-shop.it\/de\/?s={search_term_string}\"},\"query-input\":\"required name=search_term_string\"}],\"inLanguage\":\"de-DE\"}]}<\/script>\n<!-- \/ Yoast SEO Premium plugin. -->","yoast_head_json":{"title":"Tragbarer Gasgrill WEBER Traveller","description":"Entdecken Sie Tragbarer Gasgrill WEBER Traveller bei ErresseShop. Qualit\u00e4t, Stil und Funktionalit\u00e4t \u2013 jetzt online bestellen!","robots":{"index":"index","follow":"follow","max-snippet":"max-snippet:-1","max-image-preview":"max-image-preview:large","max-video-preview":"max-video-preview:-1"},"canonical":"https:\/\/www.erresse-shop.it\/de\/shop\/kleine-elektrogeraete\/grills-und-barbecues\/tragbarer-gasgrill-weber-traveller\/","og_locale":"de_DE","og_type":"article","og_title":"Tragbarer Gasgrill WEBER Traveller","og_description":"Entdecken Sie Tragbarer Gasgrill WEBER Traveller bei ErresseShop. Qualit\u00e4t, Stil und Funktionalit\u00e4t \u2013 jetzt online bestellen!","og_url":"https:\/\/www.erresse-shop.it\/de\/shop\/kleine-elektrogeraete\/grills-und-barbecues\/tragbarer-gasgrill-weber-traveller\/","og_site_name":"Erresse Shop","article_modified_time":"2025-01-22T06:40:11+00:00","og_image":[{"width":800,"height":800,"url":"https:\/\/www.erresse-shop.it\/wp-content\/uploads\/2024\/05\/WEBER-Traveler-Barbecue-a-Gas-Portatile.png","type":"image\/png"}],"twitter_card":"summary_large_image","schema":{"@context":"https:\/\/schema.org","@graph":[{"@type":"WebPage","@id":"https:\/\/www.erresse-shop.it\/de\/shop\/kleine-elektrogeraete\/grills-und-barbecues\/tragbarer-gasgrill-weber-traveller\/","url":"https:\/\/www.erresse-shop.it\/de\/shop\/kleine-elektrogeraete\/grills-und-barbecues\/tragbarer-gasgrill-weber-traveller\/","name":"Tragbarer Gasgrill WEBER Traveller","isPartOf":{"@id":"https:\/\/www.erresse-shop.it\/de\/#website"},"datePublished":"2024-05-13T08:05:23+00:00","dateModified":"2025-01-22T06:40:11+00:00","description":"Entdecken Sie Tragbarer Gasgrill WEBER Traveller bei ErresseShop. Qualit\u00e4t, Stil und Funktionalit\u00e4t \u2013 jetzt online bestellen!","breadcrumb":{"@id":"https:\/\/www.erresse-shop.it\/de\/shop\/kleine-elektrogeraete\/grills-und-barbecues\/tragbarer-gasgrill-weber-traveller\/#breadcrumb"},"inLanguage":"de-DE","potentialAction":[{"@type":"ReadAction","target":["https:\/\/www.erresse-shop.it\/de\/shop\/kleine-elektrogeraete\/grills-und-barbecues\/tragbarer-gasgrill-weber-traveller\/"]}]},{"@type":"BreadcrumbList","@id":"https:\/\/www.erresse-shop.it\/de\/shop\/kleine-elektrogeraete\/grills-und-barbecues\/tragbarer-gasgrill-weber-traveller\/#breadcrumb","itemListElement":[{"@type":"ListItem","position":1,"name":"Home","item":"https:\/\/www.erresse-shop.it\/de\/"},{"@type":"ListItem","position":2,"name":"Shop","item":"https:\/\/www.erresse-shop.it\/de\/shop\/"},{"@type":"ListItem","position":3,"name":"Tragbarer Gasgrill WEBER Traveller"}]},{"@type":"WebSite","@id":"https:\/\/www.erresse-shop.it\/de\/#website","url":"https:\/\/www.erresse-shop.it\/de\/","name":"Erresse Shop","description":"Articoli di qualit\u00e0 per la casa","potentialAction":[{"@type":"SearchAction","target":{"@type":"EntryPoint","urlTemplate":"https:\/\/www.erresse-shop.it\/de\/?s={search_term_string}"},"query-input":"required name=search_term_string"}],"inLanguage":"de-DE"}]}},"df_price":476.99100000000004,"df_sale_price":476.99100000000004,"df_regular_price":529.99,"df_image_link":"https:\/\/www.erresse-shop.it\/wp-content\/uploads\/2024\/05\/WEBER-Traveler-Barbecue-a-Gas-Portatile-300x300.jpg","_links":{"self":[{"href":"https:\/\/www.erresse-shop.it\/de\/wp-json\/wp\/v2\/product\/405970"}],"collection":[{"href":"https:\/\/www.erresse-shop.it\/de\/wp-json\/wp\/v2\/product"}],"about":[{"href":"https:\/\/www.erresse-shop.it\/de\/wp-json\/wp\/v2\/types\/product"}],"wp:featuredmedia":[{"embeddable":true,"href":"https:\/\/www.erresse-shop.it\/de\/wp-json\/wp\/v2\/media\/477178"}],"wp:attachment":[{"href":"https:\/\/www.erresse-shop.it\/de\/wp-json\/wp\/v2\/media?parent=405970"}],"wp:term":[{"taxonomy":"product_cat","embeddable":true,"href":"https:\/\/www.erresse-shop.it\/de\/wp-json\/wp\/v2\/product_cat?post=405970"},{"taxonomy":"product_tag","embeddable":true,"href":"https:\/\/www.erresse-shop.it\/de\/wp-json\/wp\/v2\/product_tag?post=405970"}],"curies":[{"name":"wp","href":"https:\/\/api.w.org\/{rel}","templated":true}]}}