{"id":405919,"date":"2024-05-13T07:31:27","date_gmt":"2024-05-13T07:31:29","guid":{"rendered":"https:\/\/www.erresse-shop.it\/?post_type=product&#038;p=405919"},"modified":"2024-10-29T08:20:20","modified_gmt":"2024-10-29T08:20:20","slug":"ninja-woodifire-universalstaender","status":"publish","type":"product","link":"https:\/\/www.erresse-shop.it\/de\/shop\/kleine-elektrogeraete\/oefen\/ninja-woodifire-universalstaender\/","title":{"rendered":"NINJA Woodifire Universalst\u00e4nder"},"content":{"rendered":"<p>Bringen Sie Ihre Outdoor-Kochstation auf ein neues Niveau mit diesem robusten, verstellbaren St\u00e4nder und Tisch f\u00fcr Ihren Ninja Woodfire Outdoor-Ofen oder Elektrogrill.<\/p>\n<p>Verstellbare H\u00f6he<br \/>\nInklusive Beistelltisch f\u00fcr zus\u00e4tzlichen Platz f\u00fcr die Zubereitung von Speisen<br \/>\nH\u00e4lt Ihren Grill oder Ofen an Ort und Stelle<br \/>\nErfordert Montage.<br \/>\nEnth\u00e4lt: 1 verstellbarer Ninja Woodfire-St\u00e4nder, 1 Beistelltisch, 4 St\u00fctzbeine, 14 Sechskantschrauben, 1 Sechskantschl\u00fcssel.<\/p>\n<p><strong>Abmessungen<\/strong>: 66 cm x 86 cm x 107 cm<\/p>\n","protected":false},"excerpt":{"rendered":"<p>Bringen Sie Ihre Outdoor-Kochstation auf ein neues Niveau mit diesem robusten, verstellbaren St\u00e4nder und Tisch f\u00fcr Ihren Ninja Woodfire Outdoor-Ofen<\/p>\n","protected":false},"featured_media":497665,"template":"","meta":{"_acf_changed":false,"inline_featured_image":false},"product_cat":[6703,15659],"product_tag":[13379,24604],"acf":[],"yoast_head":"<!-- This site is optimized with the Yoast SEO Premium plugin v18.6 (Yoast SEO v19.13) - https:\/\/yoast.com\/wordpress\/plugins\/seo\/ -->\n<title>NINJA Woodifire Universalst\u00e4nder - Erresse Shop<\/title>\n<meta name=\"description\" content=\"Bringen Sie Ihre Outdoor-Kochstation auf ein neues Niveau mit diesem robusten, verstellbaren St\u00e4nder und Tisch f\u00fcr Ihren Ninja Woodfire Outdoor-Ofen oder\" \/>\n<meta name=\"robots\" content=\"index, follow, max-snippet:-1, max-image-preview:large, max-video-preview:-1\" \/>\n<link rel=\"canonical\" href=\"https:\/\/www.erresse-shop.it\/de\/shop\/kleine-elektrogeraete\/oefen\/ninja-woodifire-universalstaender\/\" \/>\n<meta property=\"og:locale\" content=\"de_DE\" \/>\n<meta property=\"og:type\" content=\"article\" \/>\n<meta property=\"og:title\" content=\"NINJA Woodifire Universalst\u00e4nder\" \/>\n<meta property=\"og:description\" content=\"Bringen Sie Ihre Outdoor-Kochstation auf ein neues Niveau mit diesem robusten, verstellbaren St\u00e4nder und Tisch f\u00fcr Ihren Ninja Woodfire Outdoor-Ofen oder\" \/>\n<meta property=\"og:url\" content=\"https:\/\/www.erresse-shop.it\/de\/shop\/kleine-elektrogeraete\/oefen\/ninja-woodifire-universalstaender\/\" \/>\n<meta property=\"og:site_name\" content=\"Erresse Shop\" \/>\n<meta property=\"article:modified_time\" content=\"2024-10-29T08:20:20+00:00\" \/>\n<meta property=\"og:image\" content=\"https:\/\/www.erresse-shop.it\/wp-content\/uploads\/2024\/05\/NINJA-Woodifire-Stand-Universale.png\" \/>\n\t<meta property=\"og:image:width\" content=\"800\" \/>\n\t<meta property=\"og:image:height\" content=\"800\" \/>\n\t<meta property=\"og:image:type\" content=\"image\/png\" \/>\n<meta name=\"twitter:card\" content=\"summary_large_image\" \/>\n<script type=\"application\/ld+json\" class=\"yoast-schema-graph\">{\"@context\":\"https:\/\/schema.org\",\"@graph\":[{\"@type\":\"WebPage\",\"@id\":\"https:\/\/www.erresse-shop.it\/de\/shop\/kleine-elektrogeraete\/oefen\/ninja-woodifire-universalstaender\/\",\"url\":\"https:\/\/www.erresse-shop.it\/de\/shop\/kleine-elektrogeraete\/oefen\/ninja-woodifire-universalstaender\/\",\"name\":\"NINJA Woodifire Universalst\u00e4nder - Erresse Shop\",\"isPartOf\":{\"@id\":\"https:\/\/www.erresse-shop.it\/de\/#website\"},\"datePublished\":\"2024-05-13T07:31:29+00:00\",\"dateModified\":\"2024-10-29T08:20:20+00:00\",\"description\":\"Bringen Sie Ihre Outdoor-Kochstation auf ein neues Niveau mit diesem robusten, verstellbaren St\u00e4nder und Tisch f\u00fcr Ihren Ninja Woodfire Outdoor-Ofen oder\",\"breadcrumb\":{\"@id\":\"https:\/\/www.erresse-shop.it\/de\/shop\/kleine-elektrogeraete\/oefen\/ninja-woodifire-universalstaender\/#breadcrumb\"},\"inLanguage\":\"de-DE\",\"potentialAction\":[{\"@type\":\"ReadAction\",\"target\":[\"https:\/\/www.erresse-shop.it\/de\/shop\/kleine-elektrogeraete\/oefen\/ninja-woodifire-universalstaender\/\"]}]},{\"@type\":\"BreadcrumbList\",\"@id\":\"https:\/\/www.erresse-shop.it\/de\/shop\/kleine-elektrogeraete\/oefen\/ninja-woodifire-universalstaender\/#breadcrumb\",\"itemListElement\":[{\"@type\":\"ListItem\",\"position\":1,\"name\":\"Home\",\"item\":\"https:\/\/www.erresse-shop.it\/de\/\"},{\"@type\":\"ListItem\",\"position\":2,\"name\":\"Shop\",\"item\":\"https:\/\/www.erresse-shop.it\/de\/shop\/\"},{\"@type\":\"ListItem\",\"position\":3,\"name\":\"NINJA Woodifire Universalst\u00e4nder\"}]},{\"@type\":\"WebSite\",\"@id\":\"https:\/\/www.erresse-shop.it\/de\/#website\",\"url\":\"https:\/\/www.erresse-shop.it\/de\/\",\"name\":\"Erresse Shop\",\"description\":\"Articoli di qualit\u00e0 per la casa\",\"potentialAction\":[{\"@type\":\"SearchAction\",\"target\":{\"@type\":\"EntryPoint\",\"urlTemplate\":\"https:\/\/www.erresse-shop.it\/de\/?s={search_term_string}\"},\"query-input\":\"required name=search_term_string\"}],\"inLanguage\":\"de-DE\"}]}<\/script>\n<!-- \/ Yoast SEO Premium plugin. -->","yoast_head_json":{"title":"NINJA Woodifire Universalst\u00e4nder - Erresse Shop","description":"Bringen Sie Ihre Outdoor-Kochstation auf ein neues Niveau mit diesem robusten, verstellbaren St\u00e4nder und Tisch f\u00fcr Ihren Ninja Woodfire Outdoor-Ofen oder","robots":{"index":"index","follow":"follow","max-snippet":"max-snippet:-1","max-image-preview":"max-image-preview:large","max-video-preview":"max-video-preview:-1"},"canonical":"https:\/\/www.erresse-shop.it\/de\/shop\/kleine-elektrogeraete\/oefen\/ninja-woodifire-universalstaender\/","og_locale":"de_DE","og_type":"article","og_title":"NINJA Woodifire Universalst\u00e4nder","og_description":"Bringen Sie Ihre Outdoor-Kochstation auf ein neues Niveau mit diesem robusten, verstellbaren St\u00e4nder und Tisch f\u00fcr Ihren Ninja Woodfire Outdoor-Ofen oder","og_url":"https:\/\/www.erresse-shop.it\/de\/shop\/kleine-elektrogeraete\/oefen\/ninja-woodifire-universalstaender\/","og_site_name":"Erresse Shop","article_modified_time":"2024-10-29T08:20:20+00:00","og_image":[{"width":800,"height":800,"url":"https:\/\/www.erresse-shop.it\/wp-content\/uploads\/2024\/05\/NINJA-Woodifire-Stand-Universale.png","type":"image\/png"}],"twitter_card":"summary_large_image","schema":{"@context":"https:\/\/schema.org","@graph":[{"@type":"WebPage","@id":"https:\/\/www.erresse-shop.it\/de\/shop\/kleine-elektrogeraete\/oefen\/ninja-woodifire-universalstaender\/","url":"https:\/\/www.erresse-shop.it\/de\/shop\/kleine-elektrogeraete\/oefen\/ninja-woodifire-universalstaender\/","name":"NINJA Woodifire Universalst\u00e4nder - Erresse Shop","isPartOf":{"@id":"https:\/\/www.erresse-shop.it\/de\/#website"},"datePublished":"2024-05-13T07:31:29+00:00","dateModified":"2024-10-29T08:20:20+00:00","description":"Bringen Sie Ihre Outdoor-Kochstation auf ein neues Niveau mit diesem robusten, verstellbaren St\u00e4nder und Tisch f\u00fcr Ihren Ninja Woodfire Outdoor-Ofen oder","breadcrumb":{"@id":"https:\/\/www.erresse-shop.it\/de\/shop\/kleine-elektrogeraete\/oefen\/ninja-woodifire-universalstaender\/#breadcrumb"},"inLanguage":"de-DE","potentialAction":[{"@type":"ReadAction","target":["https:\/\/www.erresse-shop.it\/de\/shop\/kleine-elektrogeraete\/oefen\/ninja-woodifire-universalstaender\/"]}]},{"@type":"BreadcrumbList","@id":"https:\/\/www.erresse-shop.it\/de\/shop\/kleine-elektrogeraete\/oefen\/ninja-woodifire-universalstaender\/#breadcrumb","itemListElement":[{"@type":"ListItem","position":1,"name":"Home","item":"https:\/\/www.erresse-shop.it\/de\/"},{"@type":"ListItem","position":2,"name":"Shop","item":"https:\/\/www.erresse-shop.it\/de\/shop\/"},{"@type":"ListItem","position":3,"name":"NINJA Woodifire Universalst\u00e4nder"}]},{"@type":"WebSite","@id":"https:\/\/www.erresse-shop.it\/de\/#website","url":"https:\/\/www.erresse-shop.it\/de\/","name":"Erresse Shop","description":"Articoli di qualit\u00e0 per la casa","potentialAction":[{"@type":"SearchAction","target":{"@type":"EntryPoint","urlTemplate":"https:\/\/www.erresse-shop.it\/de\/?s={search_term_string}"},"query-input":"required name=search_term_string"}],"inLanguage":"de-DE"}]}},"df_price":149.99,"df_sale_price":149.99,"df_regular_price":149.99,"df_image_link":"https:\/\/www.erresse-shop.it\/wp-content\/uploads\/2024\/05\/NINJA-Woodifire-Stand-Universale-300x300.jpg","_links":{"self":[{"href":"https:\/\/www.erresse-shop.it\/de\/wp-json\/wp\/v2\/product\/405919"}],"collection":[{"href":"https:\/\/www.erresse-shop.it\/de\/wp-json\/wp\/v2\/product"}],"about":[{"href":"https:\/\/www.erresse-shop.it\/de\/wp-json\/wp\/v2\/types\/product"}],"wp:featuredmedia":[{"embeddable":true,"href":"https:\/\/www.erresse-shop.it\/de\/wp-json\/wp\/v2\/media\/497665"}],"wp:attachment":[{"href":"https:\/\/www.erresse-shop.it\/de\/wp-json\/wp\/v2\/media?parent=405919"}],"wp:term":[{"taxonomy":"product_cat","embeddable":true,"href":"https:\/\/www.erresse-shop.it\/de\/wp-json\/wp\/v2\/product_cat?post=405919"},{"taxonomy":"product_tag","embeddable":true,"href":"https:\/\/www.erresse-shop.it\/de\/wp-json\/wp\/v2\/product_tag?post=405919"}],"curies":[{"name":"wp","href":"https:\/\/api.w.org\/{rel}","templated":true}]}}