{"id":405576,"date":"2024-05-08T14:17:27","date_gmt":"2024-05-08T14:17:28","guid":{"rendered":"https:\/\/www.erresse-shop.it\/?post_type=product&#038;p=405576"},"modified":"2024-05-09T08:18:54","modified_gmt":"2024-05-09T08:18:54","slug":"tenderflame-tulip-14-reaktives-porzellan-bernstein-copia","status":"publish","type":"product","link":"https:\/\/www.erresse-shop.it\/de\/shop\/einrichtung-haus\/dekoartikel\/tenderflame-tulip-14-reaktives-porzellan-bernstein-copia\/","title":{"rendered":"TENDERFLAME Bio-Tenderfuel 1 Liter"},"content":{"rendered":"<p>Einer der Hauptvorteile von Tenderfuel ist seine Sicherheit. Es ist so konzipiert, dass es sich nicht von selbst entz\u00fcndet, wodurch das Risiko versehentlicher Br\u00e4nde verringert wird. Aufgrund dieser Funktion eignet es sich besonders f\u00fcr Innenr\u00e4ume, in denen Sicherheit im Vordergrund steht. Tenderfuel ist ungiftig, was sowohl der menschlichen Gesundheit als auch der Umwelt zugute kommt. Durch seine Umweltfreundlichkeit entspricht Tenderfuel der wachsenden Verbrauchernachfrage nach nachhaltigen Produkten. Es ist eine verantwortungsvolle Entscheidung f\u00fcr diejenigen, die auf die Umwelt achten. In Kombination mit unserem patentierten Edelstahldocht brennt es bei Temperaturen \u00fcber 100 Grad und sorgt so f\u00fcr eine vollst\u00e4ndige Verbrennung. Dadurch entsteht keine Ru\u00df-, Rauch- oder Geruchsemission, was Tenderflame zur saubersten Umweltflamme der Welt macht.<\/p>\n<p>\u2022 <strong>Fassungsverm\u00f6gen<\/strong>: 1 Liter<br \/>\n\u2022 <strong>Abmessungen<\/strong>: 8 cm x 8 cm x 25 cm<\/p>\n","protected":false},"excerpt":{"rendered":"<p>Einer der Hauptvorteile von Tenderfuel ist seine Sicherheit. Es ist so konzipiert, dass es sich nicht von selbst entz\u00fcndet, wodurch<\/p>\n","protected":false},"featured_media":520665,"template":"","meta":{"_acf_changed":false,"inline_featured_image":false},"product_cat":[6817,14442],"product_tag":[23911],"acf":[],"yoast_head":"<!-- This site is optimized with the Yoast SEO Premium plugin v18.6 (Yoast SEO v19.13) - https:\/\/yoast.com\/wordpress\/plugins\/seo\/ -->\n<title>TENDERFLAME Bio-Tenderfuel 1 Liter - Erresse Shop<\/title>\n<meta name=\"description\" content=\"Einer der Hauptvorteile von Tenderfuel ist seine Sicherheit. Es ist so konzipiert, dass es sich nicht von selbst entz\u00fcndet, wodurch das Risiko\" \/>\n<meta name=\"robots\" content=\"index, follow, max-snippet:-1, max-image-preview:large, max-video-preview:-1\" \/>\n<link rel=\"canonical\" href=\"https:\/\/www.erresse-shop.it\/de\/shop\/einrichtung-haus\/dekoartikel\/tenderflame-tulip-14-reaktives-porzellan-bernstein-copia\/\" \/>\n<meta property=\"og:locale\" content=\"de_DE\" \/>\n<meta property=\"og:type\" content=\"article\" \/>\n<meta property=\"og:title\" content=\"TENDERFLAME Bio-Tenderfuel 1 Liter\" \/>\n<meta property=\"og:description\" content=\"Einer der Hauptvorteile von Tenderfuel ist seine Sicherheit. Es ist so konzipiert, dass es sich nicht von selbst entz\u00fcndet, wodurch das Risiko\" \/>\n<meta property=\"og:url\" content=\"https:\/\/www.erresse-shop.it\/de\/shop\/einrichtung-haus\/dekoartikel\/tenderflame-tulip-14-reaktives-porzellan-bernstein-copia\/\" \/>\n<meta property=\"og:site_name\" content=\"Erresse Shop\" \/>\n<meta property=\"article:modified_time\" content=\"2024-05-09T08:18:54+00:00\" \/>\n<meta property=\"og:image\" content=\"https:\/\/www.erresse-shop.it\/wp-content\/uploads\/2024\/05\/Tenderflame-Tenderfuel-Biologico-1-Litro.png\" \/>\n\t<meta property=\"og:image:width\" content=\"800\" \/>\n\t<meta property=\"og:image:height\" content=\"800\" \/>\n\t<meta property=\"og:image:type\" content=\"image\/png\" \/>\n<meta name=\"twitter:card\" content=\"summary_large_image\" \/>\n<script type=\"application\/ld+json\" class=\"yoast-schema-graph\">{\"@context\":\"https:\/\/schema.org\",\"@graph\":[{\"@type\":\"WebPage\",\"@id\":\"https:\/\/www.erresse-shop.it\/de\/shop\/einrichtung-haus\/dekoartikel\/tenderflame-tulip-14-reaktives-porzellan-bernstein-copia\/\",\"url\":\"https:\/\/www.erresse-shop.it\/de\/shop\/einrichtung-haus\/dekoartikel\/tenderflame-tulip-14-reaktives-porzellan-bernstein-copia\/\",\"name\":\"TENDERFLAME Bio-Tenderfuel 1 Liter - Erresse Shop\",\"isPartOf\":{\"@id\":\"https:\/\/www.erresse-shop.it\/de\/#website\"},\"datePublished\":\"2024-05-08T14:17:28+00:00\",\"dateModified\":\"2024-05-09T08:18:54+00:00\",\"description\":\"Einer der Hauptvorteile von Tenderfuel ist seine Sicherheit. Es ist so konzipiert, dass es sich nicht von selbst entz\u00fcndet, wodurch das Risiko\",\"breadcrumb\":{\"@id\":\"https:\/\/www.erresse-shop.it\/de\/shop\/einrichtung-haus\/dekoartikel\/tenderflame-tulip-14-reaktives-porzellan-bernstein-copia\/#breadcrumb\"},\"inLanguage\":\"de-DE\",\"potentialAction\":[{\"@type\":\"ReadAction\",\"target\":[\"https:\/\/www.erresse-shop.it\/de\/shop\/einrichtung-haus\/dekoartikel\/tenderflame-tulip-14-reaktives-porzellan-bernstein-copia\/\"]}]},{\"@type\":\"BreadcrumbList\",\"@id\":\"https:\/\/www.erresse-shop.it\/de\/shop\/einrichtung-haus\/dekoartikel\/tenderflame-tulip-14-reaktives-porzellan-bernstein-copia\/#breadcrumb\",\"itemListElement\":[{\"@type\":\"ListItem\",\"position\":1,\"name\":\"Home\",\"item\":\"https:\/\/www.erresse-shop.it\/de\/\"},{\"@type\":\"ListItem\",\"position\":2,\"name\":\"Shop\",\"item\":\"https:\/\/www.erresse-shop.it\/de\/shop\/\"},{\"@type\":\"ListItem\",\"position\":3,\"name\":\"TENDERFLAME Bio-Tenderfuel 1 Liter\"}]},{\"@type\":\"WebSite\",\"@id\":\"https:\/\/www.erresse-shop.it\/de\/#website\",\"url\":\"https:\/\/www.erresse-shop.it\/de\/\",\"name\":\"Erresse Shop\",\"description\":\"Articoli di qualit\u00e0 per la casa\",\"potentialAction\":[{\"@type\":\"SearchAction\",\"target\":{\"@type\":\"EntryPoint\",\"urlTemplate\":\"https:\/\/www.erresse-shop.it\/de\/?s={search_term_string}\"},\"query-input\":\"required name=search_term_string\"}],\"inLanguage\":\"de-DE\"}]}<\/script>\n<!-- \/ Yoast SEO Premium plugin. -->","yoast_head_json":{"title":"TENDERFLAME Bio-Tenderfuel 1 Liter - Erresse Shop","description":"Einer der Hauptvorteile von Tenderfuel ist seine Sicherheit. Es ist so konzipiert, dass es sich nicht von selbst entz\u00fcndet, wodurch das Risiko","robots":{"index":"index","follow":"follow","max-snippet":"max-snippet:-1","max-image-preview":"max-image-preview:large","max-video-preview":"max-video-preview:-1"},"canonical":"https:\/\/www.erresse-shop.it\/de\/shop\/einrichtung-haus\/dekoartikel\/tenderflame-tulip-14-reaktives-porzellan-bernstein-copia\/","og_locale":"de_DE","og_type":"article","og_title":"TENDERFLAME Bio-Tenderfuel 1 Liter","og_description":"Einer der Hauptvorteile von Tenderfuel ist seine Sicherheit. Es ist so konzipiert, dass es sich nicht von selbst entz\u00fcndet, wodurch das Risiko","og_url":"https:\/\/www.erresse-shop.it\/de\/shop\/einrichtung-haus\/dekoartikel\/tenderflame-tulip-14-reaktives-porzellan-bernstein-copia\/","og_site_name":"Erresse Shop","article_modified_time":"2024-05-09T08:18:54+00:00","og_image":[{"width":800,"height":800,"url":"https:\/\/www.erresse-shop.it\/wp-content\/uploads\/2024\/05\/Tenderflame-Tenderfuel-Biologico-1-Litro.png","type":"image\/png"}],"twitter_card":"summary_large_image","schema":{"@context":"https:\/\/schema.org","@graph":[{"@type":"WebPage","@id":"https:\/\/www.erresse-shop.it\/de\/shop\/einrichtung-haus\/dekoartikel\/tenderflame-tulip-14-reaktives-porzellan-bernstein-copia\/","url":"https:\/\/www.erresse-shop.it\/de\/shop\/einrichtung-haus\/dekoartikel\/tenderflame-tulip-14-reaktives-porzellan-bernstein-copia\/","name":"TENDERFLAME Bio-Tenderfuel 1 Liter - Erresse Shop","isPartOf":{"@id":"https:\/\/www.erresse-shop.it\/de\/#website"},"datePublished":"2024-05-08T14:17:28+00:00","dateModified":"2024-05-09T08:18:54+00:00","description":"Einer der Hauptvorteile von Tenderfuel ist seine Sicherheit. Es ist so konzipiert, dass es sich nicht von selbst entz\u00fcndet, wodurch das Risiko","breadcrumb":{"@id":"https:\/\/www.erresse-shop.it\/de\/shop\/einrichtung-haus\/dekoartikel\/tenderflame-tulip-14-reaktives-porzellan-bernstein-copia\/#breadcrumb"},"inLanguage":"de-DE","potentialAction":[{"@type":"ReadAction","target":["https:\/\/www.erresse-shop.it\/de\/shop\/einrichtung-haus\/dekoartikel\/tenderflame-tulip-14-reaktives-porzellan-bernstein-copia\/"]}]},{"@type":"BreadcrumbList","@id":"https:\/\/www.erresse-shop.it\/de\/shop\/einrichtung-haus\/dekoartikel\/tenderflame-tulip-14-reaktives-porzellan-bernstein-copia\/#breadcrumb","itemListElement":[{"@type":"ListItem","position":1,"name":"Home","item":"https:\/\/www.erresse-shop.it\/de\/"},{"@type":"ListItem","position":2,"name":"Shop","item":"https:\/\/www.erresse-shop.it\/de\/shop\/"},{"@type":"ListItem","position":3,"name":"TENDERFLAME Bio-Tenderfuel 1 Liter"}]},{"@type":"WebSite","@id":"https:\/\/www.erresse-shop.it\/de\/#website","url":"https:\/\/www.erresse-shop.it\/de\/","name":"Erresse Shop","description":"Articoli di qualit\u00e0 per la casa","potentialAction":[{"@type":"SearchAction","target":{"@type":"EntryPoint","urlTemplate":"https:\/\/www.erresse-shop.it\/de\/?s={search_term_string}"},"query-input":"required name=search_term_string"}],"inLanguage":"de-DE"}]}},"df_price":12.99,"df_sale_price":12.99,"df_regular_price":12.99,"df_image_link":"https:\/\/www.erresse-shop.it\/wp-content\/uploads\/2024\/05\/TENDERFLAME-Tenderfuel-Biologico-1-Litro-300x300.jpg","_links":{"self":[{"href":"https:\/\/www.erresse-shop.it\/de\/wp-json\/wp\/v2\/product\/405576"}],"collection":[{"href":"https:\/\/www.erresse-shop.it\/de\/wp-json\/wp\/v2\/product"}],"about":[{"href":"https:\/\/www.erresse-shop.it\/de\/wp-json\/wp\/v2\/types\/product"}],"wp:featuredmedia":[{"embeddable":true,"href":"https:\/\/www.erresse-shop.it\/de\/wp-json\/wp\/v2\/media\/520665"}],"wp:attachment":[{"href":"https:\/\/www.erresse-shop.it\/de\/wp-json\/wp\/v2\/media?parent=405576"}],"wp:term":[{"taxonomy":"product_cat","embeddable":true,"href":"https:\/\/www.erresse-shop.it\/de\/wp-json\/wp\/v2\/product_cat?post=405576"},{"taxonomy":"product_tag","embeddable":true,"href":"https:\/\/www.erresse-shop.it\/de\/wp-json\/wp\/v2\/product_tag?post=405576"}],"curies":[{"name":"wp","href":"https:\/\/api.w.org\/{rel}","templated":true}]}}