{"id":405260,"date":"2024-05-08T07:40:07","date_gmt":"2024-05-08T07:40:09","guid":{"rendered":"https:\/\/www.erresse-shop.it\/?post_type=product&#038;p=405260"},"modified":"2024-05-09T07:45:09","modified_gmt":"2024-05-09T07:45:09","slug":"demeyere-wok-26-cm-copia","status":"publish","type":"product","link":"https:\/\/www.erresse-shop.it\/de\/shop\/einrichtung-haus\/dekoartikel\/demeyere-wok-26-cm-copia\/","title":{"rendered":"TENDERFLAME Tulip 14 Gr\u00fcnes reaktives Porzellan"},"content":{"rendered":"<p>Nachf\u00fcllbare Tischkerzen mit spezieller TenderFuel-Fl\u00fcssigkeit. Dank ihrer lebhaften Flamme, die sicherer und verantwortungsvoller brennt als jede andere \u00e4hnliche Flamme, sind sie ideal, um eine einladende Atmosph\u00e4re im Haus und in jeder anderen Umgebung zu schaffen.<\/p>\n<p>\u2022 5 cm Docht<br \/>\n\u2022 <strong>Fassungsverm\u00f6gen<\/strong>: 0,25 Liter<br \/>\n\u2022 <strong>Leistung<\/strong>: 500 Watt<br \/>\n\u2022 <strong>Dauer<\/strong>: 4-5 Stunden<br \/>\n\u2022 <strong>Abmessungen<\/strong>: 14,1 cm x 14,1 cm x 12,5 cm<br \/>\n\u2022 <strong>Material<\/strong>: Reaktiv glasiertes Porzellan<\/p>\n","protected":false},"excerpt":{"rendered":"<p>Nachf\u00fcllbare Tischkerzen mit spezieller TenderFuel-Fl\u00fcssigkeit. Dank ihrer lebhaften Flamme, die sicherer und verantwortungsvoller brennt als jede andere \u00e4hnliche Flamme, sind<\/p>\n","protected":false},"featured_media":461810,"template":"","meta":{"_acf_changed":false,"inline_featured_image":false},"product_cat":[6817,14442],"product_tag":[23911],"acf":[],"yoast_head":"<!-- This site is optimized with the Yoast SEO Premium plugin v18.6 (Yoast SEO v19.13) - https:\/\/yoast.com\/wordpress\/plugins\/seo\/ -->\n<title>TENDERFLAME Tulip 14 Gr\u00fcnes reaktives Porzellan - Erresse Shop<\/title>\n<meta name=\"description\" content=\"Nachf\u00fcllbare Tischkerzen mit spezieller TenderFuel-Fl\u00fcssigkeit. Dank ihrer lebhaften Flamme, die sicherer und verantwortungsvoller brennt als jede andere\" \/>\n<meta name=\"robots\" content=\"index, follow, max-snippet:-1, max-image-preview:large, max-video-preview:-1\" \/>\n<link rel=\"canonical\" href=\"https:\/\/www.erresse-shop.it\/de\/shop\/einrichtung-haus\/dekoartikel\/demeyere-wok-26-cm-copia\/\" \/>\n<meta property=\"og:locale\" content=\"de_DE\" \/>\n<meta property=\"og:type\" content=\"article\" \/>\n<meta property=\"og:title\" content=\"TENDERFLAME Tulip 14 Gr\u00fcnes reaktives Porzellan\" \/>\n<meta property=\"og:description\" content=\"Nachf\u00fcllbare Tischkerzen mit spezieller TenderFuel-Fl\u00fcssigkeit. Dank ihrer lebhaften Flamme, die sicherer und verantwortungsvoller brennt als jede andere\" \/>\n<meta property=\"og:url\" content=\"https:\/\/www.erresse-shop.it\/de\/shop\/einrichtung-haus\/dekoartikel\/demeyere-wok-26-cm-copia\/\" \/>\n<meta property=\"og:site_name\" content=\"Erresse Shop\" \/>\n<meta property=\"article:modified_time\" content=\"2024-05-09T07:45:09+00:00\" \/>\n<meta property=\"og:image\" content=\"https:\/\/www.erresse-shop.it\/wp-content\/uploads\/2024\/05\/TENDERFLAME-Tulip-14-Porcellana-Reattiva-Verde.jpg\" \/>\n\t<meta property=\"og:image:width\" content=\"1200\" \/>\n\t<meta property=\"og:image:height\" content=\"1200\" \/>\n\t<meta property=\"og:image:type\" content=\"image\/jpeg\" \/>\n<meta name=\"twitter:card\" content=\"summary_large_image\" \/>\n<script type=\"application\/ld+json\" class=\"yoast-schema-graph\">{\"@context\":\"https:\/\/schema.org\",\"@graph\":[{\"@type\":\"WebPage\",\"@id\":\"https:\/\/www.erresse-shop.it\/de\/shop\/einrichtung-haus\/dekoartikel\/demeyere-wok-26-cm-copia\/\",\"url\":\"https:\/\/www.erresse-shop.it\/de\/shop\/einrichtung-haus\/dekoartikel\/demeyere-wok-26-cm-copia\/\",\"name\":\"TENDERFLAME Tulip 14 Gr\u00fcnes reaktives Porzellan - Erresse Shop\",\"isPartOf\":{\"@id\":\"https:\/\/www.erresse-shop.it\/de\/#website\"},\"datePublished\":\"2024-05-08T07:40:09+00:00\",\"dateModified\":\"2024-05-09T07:45:09+00:00\",\"description\":\"Nachf\u00fcllbare Tischkerzen mit spezieller TenderFuel-Fl\u00fcssigkeit. Dank ihrer lebhaften Flamme, die sicherer und verantwortungsvoller brennt als jede andere\",\"breadcrumb\":{\"@id\":\"https:\/\/www.erresse-shop.it\/de\/shop\/einrichtung-haus\/dekoartikel\/demeyere-wok-26-cm-copia\/#breadcrumb\"},\"inLanguage\":\"de-DE\",\"potentialAction\":[{\"@type\":\"ReadAction\",\"target\":[\"https:\/\/www.erresse-shop.it\/de\/shop\/einrichtung-haus\/dekoartikel\/demeyere-wok-26-cm-copia\/\"]}]},{\"@type\":\"BreadcrumbList\",\"@id\":\"https:\/\/www.erresse-shop.it\/de\/shop\/einrichtung-haus\/dekoartikel\/demeyere-wok-26-cm-copia\/#breadcrumb\",\"itemListElement\":[{\"@type\":\"ListItem\",\"position\":1,\"name\":\"Home\",\"item\":\"https:\/\/www.erresse-shop.it\/de\/\"},{\"@type\":\"ListItem\",\"position\":2,\"name\":\"Shop\",\"item\":\"https:\/\/www.erresse-shop.it\/de\/shop\/\"},{\"@type\":\"ListItem\",\"position\":3,\"name\":\"TENDERFLAME Tulip 14 Gr\u00fcnes reaktives Porzellan\"}]},{\"@type\":\"WebSite\",\"@id\":\"https:\/\/www.erresse-shop.it\/de\/#website\",\"url\":\"https:\/\/www.erresse-shop.it\/de\/\",\"name\":\"Erresse Shop\",\"description\":\"Articoli di qualit\u00e0 per la casa\",\"potentialAction\":[{\"@type\":\"SearchAction\",\"target\":{\"@type\":\"EntryPoint\",\"urlTemplate\":\"https:\/\/www.erresse-shop.it\/de\/?s={search_term_string}\"},\"query-input\":\"required name=search_term_string\"}],\"inLanguage\":\"de-DE\"}]}<\/script>\n<!-- \/ Yoast SEO Premium plugin. -->","yoast_head_json":{"title":"TENDERFLAME Tulip 14 Gr\u00fcnes reaktives Porzellan - Erresse Shop","description":"Nachf\u00fcllbare Tischkerzen mit spezieller TenderFuel-Fl\u00fcssigkeit. Dank ihrer lebhaften Flamme, die sicherer und verantwortungsvoller brennt als jede andere","robots":{"index":"index","follow":"follow","max-snippet":"max-snippet:-1","max-image-preview":"max-image-preview:large","max-video-preview":"max-video-preview:-1"},"canonical":"https:\/\/www.erresse-shop.it\/de\/shop\/einrichtung-haus\/dekoartikel\/demeyere-wok-26-cm-copia\/","og_locale":"de_DE","og_type":"article","og_title":"TENDERFLAME Tulip 14 Gr\u00fcnes reaktives Porzellan","og_description":"Nachf\u00fcllbare Tischkerzen mit spezieller TenderFuel-Fl\u00fcssigkeit. Dank ihrer lebhaften Flamme, die sicherer und verantwortungsvoller brennt als jede andere","og_url":"https:\/\/www.erresse-shop.it\/de\/shop\/einrichtung-haus\/dekoartikel\/demeyere-wok-26-cm-copia\/","og_site_name":"Erresse Shop","article_modified_time":"2024-05-09T07:45:09+00:00","og_image":[{"width":1200,"height":1200,"url":"https:\/\/www.erresse-shop.it\/wp-content\/uploads\/2024\/05\/TENDERFLAME-Tulip-14-Porcellana-Reattiva-Verde.jpg","type":"image\/jpeg"}],"twitter_card":"summary_large_image","schema":{"@context":"https:\/\/schema.org","@graph":[{"@type":"WebPage","@id":"https:\/\/www.erresse-shop.it\/de\/shop\/einrichtung-haus\/dekoartikel\/demeyere-wok-26-cm-copia\/","url":"https:\/\/www.erresse-shop.it\/de\/shop\/einrichtung-haus\/dekoartikel\/demeyere-wok-26-cm-copia\/","name":"TENDERFLAME Tulip 14 Gr\u00fcnes reaktives Porzellan - Erresse Shop","isPartOf":{"@id":"https:\/\/www.erresse-shop.it\/de\/#website"},"datePublished":"2024-05-08T07:40:09+00:00","dateModified":"2024-05-09T07:45:09+00:00","description":"Nachf\u00fcllbare Tischkerzen mit spezieller TenderFuel-Fl\u00fcssigkeit. Dank ihrer lebhaften Flamme, die sicherer und verantwortungsvoller brennt als jede andere","breadcrumb":{"@id":"https:\/\/www.erresse-shop.it\/de\/shop\/einrichtung-haus\/dekoartikel\/demeyere-wok-26-cm-copia\/#breadcrumb"},"inLanguage":"de-DE","potentialAction":[{"@type":"ReadAction","target":["https:\/\/www.erresse-shop.it\/de\/shop\/einrichtung-haus\/dekoartikel\/demeyere-wok-26-cm-copia\/"]}]},{"@type":"BreadcrumbList","@id":"https:\/\/www.erresse-shop.it\/de\/shop\/einrichtung-haus\/dekoartikel\/demeyere-wok-26-cm-copia\/#breadcrumb","itemListElement":[{"@type":"ListItem","position":1,"name":"Home","item":"https:\/\/www.erresse-shop.it\/de\/"},{"@type":"ListItem","position":2,"name":"Shop","item":"https:\/\/www.erresse-shop.it\/de\/shop\/"},{"@type":"ListItem","position":3,"name":"TENDERFLAME Tulip 14 Gr\u00fcnes reaktives Porzellan"}]},{"@type":"WebSite","@id":"https:\/\/www.erresse-shop.it\/de\/#website","url":"https:\/\/www.erresse-shop.it\/de\/","name":"Erresse Shop","description":"Articoli di qualit\u00e0 per la casa","potentialAction":[{"@type":"SearchAction","target":{"@type":"EntryPoint","urlTemplate":"https:\/\/www.erresse-shop.it\/de\/?s={search_term_string}"},"query-input":"required name=search_term_string"}],"inLanguage":"de-DE"}]}},"df_price":89.9,"df_sale_price":89.9,"df_regular_price":89.9,"df_image_link":"https:\/\/www.erresse-shop.it\/wp-content\/uploads\/2024\/05\/TENDERFLAME-Tulip-14-Porcellana-Reattiva-Verde-300x300.jpg","_links":{"self":[{"href":"https:\/\/www.erresse-shop.it\/de\/wp-json\/wp\/v2\/product\/405260"}],"collection":[{"href":"https:\/\/www.erresse-shop.it\/de\/wp-json\/wp\/v2\/product"}],"about":[{"href":"https:\/\/www.erresse-shop.it\/de\/wp-json\/wp\/v2\/types\/product"}],"wp:featuredmedia":[{"embeddable":true,"href":"https:\/\/www.erresse-shop.it\/de\/wp-json\/wp\/v2\/media\/461810"}],"wp:attachment":[{"href":"https:\/\/www.erresse-shop.it\/de\/wp-json\/wp\/v2\/media?parent=405260"}],"wp:term":[{"taxonomy":"product_cat","embeddable":true,"href":"https:\/\/www.erresse-shop.it\/de\/wp-json\/wp\/v2\/product_cat?post=405260"},{"taxonomy":"product_tag","embeddable":true,"href":"https:\/\/www.erresse-shop.it\/de\/wp-json\/wp\/v2\/product_tag?post=405260"}],"curies":[{"name":"wp","href":"https:\/\/api.w.org\/{rel}","templated":true}]}}