{"id":404749,"date":"2024-05-07T08:34:59","date_gmt":"2024-05-07T08:35:01","guid":{"rendered":"https:\/\/www.erresse-shop.it\/?post_type=product&#038;p=404749"},"modified":"2025-01-17T17:59:24","modified_gmt":"2025-01-17T17:59:24","slug":"victorinox-6-klassische-tafelmesser-set","status":"publish","type":"product","link":"https:\/\/www.erresse-shop.it\/de\/shop\/kuche\/messer\/victorinox-6-klassische-tafelmesser-set\/","title":{"rendered":"VICTORINOX 6 Klassische Tafelmesser Set"},"content":{"rendered":"<p><strong>Swiss Classic 6 Messerset mit gewellter Klinge und schwarzem Griff.<\/strong><\/p>\n<p>Die Swiss Classic Messerkollektion von Victorinox wurde entwickelt, um alle Aufgaben in der K\u00fcche zu bew\u00e4ltigen, von der kleinsten bis zur anspruchsvollsten Aufgabe. Es sind leichte Messer mit sp\u00fclmaschinenfesten, farbigen Griffen, 100% Swiss Made.<br \/>\nSwiss Made. In einer Kollektion, in der Funktionalit\u00e4t auf Fr\u00f6hlichkeit trifft, d\u00fcrfen die n\u00fctzlichen Messerbl\u00f6cke und verschiedene Geschenksets nicht fehlen.<br \/>\nIn dieser Kollektion fehlt es an nichts.<\/p>\n<p>&#8211; Schwarzer Polypropylen-Griff<br \/>\n&#8211; L\u00e4nge der Klinge: 11 cm<br \/>\n&#8211; Hergestellt in der Schweiz<\/p>\n<p>Klingenl\u00e4nge 11 cm<br \/>\nLebenslange Garantie gegen Herstellungsfehler<br \/>\nAbmessungen 24,90 x 2,70 x 5,20 cm<br \/>\nGewicht 184 g<\/p>\n","protected":false},"excerpt":{"rendered":"<p>Swiss Classic 6 Messerset mit gewellter Klinge und schwarzem Griff. Die Swiss Classic Messerkollektion von Victorinox wurde entwickelt, um alle<\/p>\n","protected":false},"featured_media":404761,"template":"","meta":{"_acf_changed":false,"inline_featured_image":false},"product_cat":[6742,6706,6766],"product_tag":[25038,24604,25022],"acf":[],"yoast_head":"<!-- This site is optimized with the Yoast SEO Premium plugin v18.6 (Yoast SEO v19.13) - https:\/\/yoast.com\/wordpress\/plugins\/seo\/ -->\n<title>VICTORINOX 6 Klassische Tafelmesser Set<\/title>\n<meta name=\"description\" content=\"Entdecken Sie VICTORINOX 6 Klassische Tafelmesser Set bei ErresseShop. Qualit\u00e4t, Stil und Funktionalit\u00e4t \u2013 jetzt online bestellen!\" \/>\n<meta name=\"robots\" content=\"index, follow, max-snippet:-1, max-image-preview:large, max-video-preview:-1\" \/>\n<link rel=\"canonical\" href=\"https:\/\/www.erresse-shop.it\/de\/shop\/kuche\/messer\/victorinox-6-klassische-tafelmesser-set\/\" \/>\n<meta property=\"og:locale\" content=\"de_DE\" \/>\n<meta property=\"og:type\" content=\"article\" \/>\n<meta property=\"og:title\" content=\"VICTORINOX 6 Klassische Tafelmesser Set\" \/>\n<meta property=\"og:description\" content=\"Entdecken Sie VICTORINOX 6 Klassische Tafelmesser Set bei ErresseShop. Qualit\u00e4t, Stil und Funktionalit\u00e4t \u2013 jetzt online bestellen!\" \/>\n<meta property=\"og:url\" content=\"https:\/\/www.erresse-shop.it\/de\/shop\/kuche\/messer\/victorinox-6-klassische-tafelmesser-set\/\" \/>\n<meta property=\"og:site_name\" content=\"Erresse Shop\" \/>\n<meta property=\"article:modified_time\" content=\"2025-01-17T17:59:24+00:00\" \/>\n<meta property=\"og:image\" content=\"https:\/\/www.erresse-shop.it\/wp-content\/uploads\/2024\/05\/victorinox-set-6-colt.jpg\" \/>\n\t<meta property=\"og:image:width\" content=\"800\" \/>\n\t<meta property=\"og:image:height\" content=\"800\" \/>\n\t<meta property=\"og:image:type\" content=\"image\/jpeg\" \/>\n<meta name=\"twitter:card\" content=\"summary_large_image\" \/>\n<script type=\"application\/ld+json\" class=\"yoast-schema-graph\">{\"@context\":\"https:\/\/schema.org\",\"@graph\":[{\"@type\":\"WebPage\",\"@id\":\"https:\/\/www.erresse-shop.it\/de\/shop\/kuche\/messer\/victorinox-6-klassische-tafelmesser-set\/\",\"url\":\"https:\/\/www.erresse-shop.it\/de\/shop\/kuche\/messer\/victorinox-6-klassische-tafelmesser-set\/\",\"name\":\"VICTORINOX 6 Klassische Tafelmesser Set\",\"isPartOf\":{\"@id\":\"https:\/\/www.erresse-shop.it\/de\/#website\"},\"datePublished\":\"2024-05-07T08:35:01+00:00\",\"dateModified\":\"2025-01-17T17:59:24+00:00\",\"description\":\"Entdecken Sie VICTORINOX 6 Klassische Tafelmesser Set bei ErresseShop. Qualit\u00e4t, Stil und Funktionalit\u00e4t \u2013 jetzt online bestellen!\",\"breadcrumb\":{\"@id\":\"https:\/\/www.erresse-shop.it\/de\/shop\/kuche\/messer\/victorinox-6-klassische-tafelmesser-set\/#breadcrumb\"},\"inLanguage\":\"de-DE\",\"potentialAction\":[{\"@type\":\"ReadAction\",\"target\":[\"https:\/\/www.erresse-shop.it\/de\/shop\/kuche\/messer\/victorinox-6-klassische-tafelmesser-set\/\"]}]},{\"@type\":\"BreadcrumbList\",\"@id\":\"https:\/\/www.erresse-shop.it\/de\/shop\/kuche\/messer\/victorinox-6-klassische-tafelmesser-set\/#breadcrumb\",\"itemListElement\":[{\"@type\":\"ListItem\",\"position\":1,\"name\":\"Home\",\"item\":\"https:\/\/www.erresse-shop.it\/de\/\"},{\"@type\":\"ListItem\",\"position\":2,\"name\":\"Shop\",\"item\":\"https:\/\/www.erresse-shop.it\/de\/shop\/\"},{\"@type\":\"ListItem\",\"position\":3,\"name\":\"VICTORINOX 6 Klassische Tafelmesser Set\"}]},{\"@type\":\"WebSite\",\"@id\":\"https:\/\/www.erresse-shop.it\/de\/#website\",\"url\":\"https:\/\/www.erresse-shop.it\/de\/\",\"name\":\"Erresse Shop\",\"description\":\"Articoli di qualit\u00e0 per la casa\",\"potentialAction\":[{\"@type\":\"SearchAction\",\"target\":{\"@type\":\"EntryPoint\",\"urlTemplate\":\"https:\/\/www.erresse-shop.it\/de\/?s={search_term_string}\"},\"query-input\":\"required name=search_term_string\"}],\"inLanguage\":\"de-DE\"}]}<\/script>\n<!-- \/ Yoast SEO Premium plugin. -->","yoast_head_json":{"title":"VICTORINOX 6 Klassische Tafelmesser Set","description":"Entdecken Sie VICTORINOX 6 Klassische Tafelmesser Set bei ErresseShop. Qualit\u00e4t, Stil und Funktionalit\u00e4t \u2013 jetzt online bestellen!","robots":{"index":"index","follow":"follow","max-snippet":"max-snippet:-1","max-image-preview":"max-image-preview:large","max-video-preview":"max-video-preview:-1"},"canonical":"https:\/\/www.erresse-shop.it\/de\/shop\/kuche\/messer\/victorinox-6-klassische-tafelmesser-set\/","og_locale":"de_DE","og_type":"article","og_title":"VICTORINOX 6 Klassische Tafelmesser Set","og_description":"Entdecken Sie VICTORINOX 6 Klassische Tafelmesser Set bei ErresseShop. Qualit\u00e4t, Stil und Funktionalit\u00e4t \u2013 jetzt online bestellen!","og_url":"https:\/\/www.erresse-shop.it\/de\/shop\/kuche\/messer\/victorinox-6-klassische-tafelmesser-set\/","og_site_name":"Erresse Shop","article_modified_time":"2025-01-17T17:59:24+00:00","og_image":[{"width":800,"height":800,"url":"https:\/\/www.erresse-shop.it\/wp-content\/uploads\/2024\/05\/victorinox-set-6-colt.jpg","type":"image\/jpeg"}],"twitter_card":"summary_large_image","schema":{"@context":"https:\/\/schema.org","@graph":[{"@type":"WebPage","@id":"https:\/\/www.erresse-shop.it\/de\/shop\/kuche\/messer\/victorinox-6-klassische-tafelmesser-set\/","url":"https:\/\/www.erresse-shop.it\/de\/shop\/kuche\/messer\/victorinox-6-klassische-tafelmesser-set\/","name":"VICTORINOX 6 Klassische Tafelmesser Set","isPartOf":{"@id":"https:\/\/www.erresse-shop.it\/de\/#website"},"datePublished":"2024-05-07T08:35:01+00:00","dateModified":"2025-01-17T17:59:24+00:00","description":"Entdecken Sie VICTORINOX 6 Klassische Tafelmesser Set bei ErresseShop. Qualit\u00e4t, Stil und Funktionalit\u00e4t \u2013 jetzt online bestellen!","breadcrumb":{"@id":"https:\/\/www.erresse-shop.it\/de\/shop\/kuche\/messer\/victorinox-6-klassische-tafelmesser-set\/#breadcrumb"},"inLanguage":"de-DE","potentialAction":[{"@type":"ReadAction","target":["https:\/\/www.erresse-shop.it\/de\/shop\/kuche\/messer\/victorinox-6-klassische-tafelmesser-set\/"]}]},{"@type":"BreadcrumbList","@id":"https:\/\/www.erresse-shop.it\/de\/shop\/kuche\/messer\/victorinox-6-klassische-tafelmesser-set\/#breadcrumb","itemListElement":[{"@type":"ListItem","position":1,"name":"Home","item":"https:\/\/www.erresse-shop.it\/de\/"},{"@type":"ListItem","position":2,"name":"Shop","item":"https:\/\/www.erresse-shop.it\/de\/shop\/"},{"@type":"ListItem","position":3,"name":"VICTORINOX 6 Klassische Tafelmesser Set"}]},{"@type":"WebSite","@id":"https:\/\/www.erresse-shop.it\/de\/#website","url":"https:\/\/www.erresse-shop.it\/de\/","name":"Erresse Shop","description":"Articoli di qualit\u00e0 per la casa","potentialAction":[{"@type":"SearchAction","target":{"@type":"EntryPoint","urlTemplate":"https:\/\/www.erresse-shop.it\/de\/?s={search_term_string}"},"query-input":"required name=search_term_string"}],"inLanguage":"de-DE"}]}},"df_price":19.45,"df_sale_price":19.45,"df_regular_price":38.9,"df_image_link":"https:\/\/www.erresse-shop.it\/wp-content\/uploads\/2024\/05\/victorinox-set-6-colt-300x300.jpg","_links":{"self":[{"href":"https:\/\/www.erresse-shop.it\/de\/wp-json\/wp\/v2\/product\/404749"}],"collection":[{"href":"https:\/\/www.erresse-shop.it\/de\/wp-json\/wp\/v2\/product"}],"about":[{"href":"https:\/\/www.erresse-shop.it\/de\/wp-json\/wp\/v2\/types\/product"}],"wp:featuredmedia":[{"embeddable":true,"href":"https:\/\/www.erresse-shop.it\/de\/wp-json\/wp\/v2\/media\/404761"}],"wp:attachment":[{"href":"https:\/\/www.erresse-shop.it\/de\/wp-json\/wp\/v2\/media?parent=404749"}],"wp:term":[{"taxonomy":"product_cat","embeddable":true,"href":"https:\/\/www.erresse-shop.it\/de\/wp-json\/wp\/v2\/product_cat?post=404749"},{"taxonomy":"product_tag","embeddable":true,"href":"https:\/\/www.erresse-shop.it\/de\/wp-json\/wp\/v2\/product_tag?post=404749"}],"curies":[{"name":"wp","href":"https:\/\/api.w.org\/{rel}","templated":true}]}}