{"id":404211,"date":"2024-05-02T08:44:36","date_gmt":"2024-05-02T08:44:45","guid":{"rendered":"https:\/\/www.erresse-shop.it\/?post_type=product&#038;p=404211"},"modified":"2025-01-26T15:33:38","modified_gmt":"2025-01-26T15:33:38","slug":"venini-deco-vase-copia-2","status":"publish","type":"product","link":"https:\/\/www.erresse-shop.it\/de\/shop\/einrichtung-haus\/lampen\/venini-deco-vase-copia-2\/","title":{"rendered":"VENINI Deko-Lampe Rot"},"content":{"rendered":"<p>Lassen Sie sich von unserer Murano-Tischleuchte inspirieren und erhellen Sie Ihren Raum mit Eleganz.<\/p>\n<p>Die historische Vase, die 1930 von Napoleone Martinuzzi entworfen wurde, wird zu einer wiederaufladbaren, batteriebetriebenen Tischleuchte umgestaltet, die die Eleganz der Vergangenheit mit dem Komfort der Gegenwart verbindet. Diese faszinierende Lampe verwandelt eine historische Glasvase in eine einzigartige Lichtquelle. Mit ihrem zeitlosen Design verzaubert die Deco durch ihre eigentliche Sch\u00f6nheit. Jedes Detail mit seinen flie\u00dfenden, konzentrischen Linien erz\u00e4hlt eine Geschichte vergangener Epochen. Der eigentliche Zauber beginnt jedoch, wenn dieses Werk als Lampe zum Leben erweckt wird. Die wiederaufladbare, batteriebetriebene Tischleuchte bietet au\u00dferdem eine Vielzahl von Beleuchtungsm\u00f6glichkeiten. Sie k\u00f6nnen die Lichtintensit\u00e4t Ihren Bed\u00fcrfnissen anpassen und f\u00fcr jeden Anlass die perfekte Atmosph\u00e4re schaffen. Erleben Sie das perfekte Gleichgewicht zwischen \u00c4sthetik und Funktionalit\u00e4t und bringen Sie einen Hauch von historischer Eleganz in jede Ecke Ihres Zuhauses.<\/p>\n<p><strong>HERGESTELLT IN ITALIEN<\/strong><\/p>\n<p>H\u00f6he 19 CM<br \/>\nDurchmesser 17.00 CM<br \/>\nJahr 2023<br \/>\nKollektion DECO LUCE<br \/>\nTechnik Opalin, geblasen<br \/>\nLeuchtmittel 1 x max 1,5W LED 5V &#8211; Dimmer<br \/>\nOberfl\u00e4che Br\u00fcniertes Metall<\/p>\n","protected":false},"excerpt":{"rendered":"<p>Lassen Sie sich von unserer Murano-Tischleuchte inspirieren und erhellen Sie Ihren Raum mit Eleganz. Die historische Vase, die 1930 von<\/p>\n","protected":false},"featured_media":404246,"template":"","meta":{"_acf_changed":false,"inline_featured_image":false},"product_cat":[6817,6862],"product_tag":[25182,17496,14411,14425,24681,11718,17497,25022,11847],"acf":[],"yoast_head":"<!-- This site is optimized with the Yoast SEO Premium plugin v18.6 (Yoast SEO v19.13) - https:\/\/yoast.com\/wordpress\/plugins\/seo\/ -->\n<title>VENINI Deko-Lampe Rot<\/title>\n<meta name=\"description\" content=\"Entdecken Sie VENINI Deko-Lampe Rot bei ErresseShop. Qualit\u00e4t, Stil und Funktionalit\u00e4t \u2013 jetzt online bestellen!\" \/>\n<meta name=\"robots\" content=\"index, follow, max-snippet:-1, max-image-preview:large, max-video-preview:-1\" \/>\n<link rel=\"canonical\" href=\"https:\/\/www.erresse-shop.it\/de\/shop\/einrichtung-haus\/lampen\/venini-deco-vase-copia-2\/\" \/>\n<meta property=\"og:locale\" content=\"de_DE\" \/>\n<meta property=\"og:type\" content=\"article\" \/>\n<meta property=\"og:title\" content=\"VENINI Deko-Lampe Rot\" \/>\n<meta property=\"og:description\" content=\"Entdecken Sie VENINI Deko-Lampe Rot bei ErresseShop. Qualit\u00e4t, Stil und Funktionalit\u00e4t \u2013 jetzt online bestellen!\" \/>\n<meta property=\"og:url\" content=\"https:\/\/www.erresse-shop.it\/de\/shop\/einrichtung-haus\/lampen\/venini-deco-vase-copia-2\/\" \/>\n<meta property=\"og:site_name\" content=\"Erresse Shop\" \/>\n<meta property=\"article:modified_time\" content=\"2025-01-26T15:33:38+00:00\" \/>\n<meta property=\"og:image\" content=\"https:\/\/www.erresse-shop.it\/wp-content\/uploads\/2024\/05\/venihni-vaso-deco.jpg\" \/>\n\t<meta property=\"og:image:width\" content=\"800\" \/>\n\t<meta property=\"og:image:height\" content=\"800\" \/>\n\t<meta property=\"og:image:type\" content=\"image\/jpeg\" \/>\n<meta name=\"twitter:card\" content=\"summary_large_image\" \/>\n<script type=\"application\/ld+json\" class=\"yoast-schema-graph\">{\"@context\":\"https:\/\/schema.org\",\"@graph\":[{\"@type\":\"WebPage\",\"@id\":\"https:\/\/www.erresse-shop.it\/de\/shop\/einrichtung-haus\/lampen\/venini-deco-vase-copia-2\/\",\"url\":\"https:\/\/www.erresse-shop.it\/de\/shop\/einrichtung-haus\/lampen\/venini-deco-vase-copia-2\/\",\"name\":\"VENINI Deko-Lampe Rot\",\"isPartOf\":{\"@id\":\"https:\/\/www.erresse-shop.it\/de\/#website\"},\"datePublished\":\"2024-05-02T08:44:45+00:00\",\"dateModified\":\"2025-01-26T15:33:38+00:00\",\"description\":\"Entdecken Sie VENINI Deko-Lampe Rot bei ErresseShop. Qualit\u00e4t, Stil und Funktionalit\u00e4t \u2013 jetzt online bestellen!\",\"breadcrumb\":{\"@id\":\"https:\/\/www.erresse-shop.it\/de\/shop\/einrichtung-haus\/lampen\/venini-deco-vase-copia-2\/#breadcrumb\"},\"inLanguage\":\"de-DE\",\"potentialAction\":[{\"@type\":\"ReadAction\",\"target\":[\"https:\/\/www.erresse-shop.it\/de\/shop\/einrichtung-haus\/lampen\/venini-deco-vase-copia-2\/\"]}]},{\"@type\":\"BreadcrumbList\",\"@id\":\"https:\/\/www.erresse-shop.it\/de\/shop\/einrichtung-haus\/lampen\/venini-deco-vase-copia-2\/#breadcrumb\",\"itemListElement\":[{\"@type\":\"ListItem\",\"position\":1,\"name\":\"Home\",\"item\":\"https:\/\/www.erresse-shop.it\/de\/\"},{\"@type\":\"ListItem\",\"position\":2,\"name\":\"Shop\",\"item\":\"https:\/\/www.erresse-shop.it\/de\/shop\/\"},{\"@type\":\"ListItem\",\"position\":3,\"name\":\"VENINI Deko-Lampe Rot\"}]},{\"@type\":\"WebSite\",\"@id\":\"https:\/\/www.erresse-shop.it\/de\/#website\",\"url\":\"https:\/\/www.erresse-shop.it\/de\/\",\"name\":\"Erresse Shop\",\"description\":\"Articoli di qualit\u00e0 per la casa\",\"potentialAction\":[{\"@type\":\"SearchAction\",\"target\":{\"@type\":\"EntryPoint\",\"urlTemplate\":\"https:\/\/www.erresse-shop.it\/de\/?s={search_term_string}\"},\"query-input\":\"required name=search_term_string\"}],\"inLanguage\":\"de-DE\"}]}<\/script>\n<!-- \/ Yoast SEO Premium plugin. -->","yoast_head_json":{"title":"VENINI Deko-Lampe Rot","description":"Entdecken Sie VENINI Deko-Lampe Rot bei ErresseShop. Qualit\u00e4t, Stil und Funktionalit\u00e4t \u2013 jetzt online bestellen!","robots":{"index":"index","follow":"follow","max-snippet":"max-snippet:-1","max-image-preview":"max-image-preview:large","max-video-preview":"max-video-preview:-1"},"canonical":"https:\/\/www.erresse-shop.it\/de\/shop\/einrichtung-haus\/lampen\/venini-deco-vase-copia-2\/","og_locale":"de_DE","og_type":"article","og_title":"VENINI Deko-Lampe Rot","og_description":"Entdecken Sie VENINI Deko-Lampe Rot bei ErresseShop. Qualit\u00e4t, Stil und Funktionalit\u00e4t \u2013 jetzt online bestellen!","og_url":"https:\/\/www.erresse-shop.it\/de\/shop\/einrichtung-haus\/lampen\/venini-deco-vase-copia-2\/","og_site_name":"Erresse Shop","article_modified_time":"2025-01-26T15:33:38+00:00","og_image":[{"width":800,"height":800,"url":"https:\/\/www.erresse-shop.it\/wp-content\/uploads\/2024\/05\/venihni-vaso-deco.jpg","type":"image\/jpeg"}],"twitter_card":"summary_large_image","schema":{"@context":"https:\/\/schema.org","@graph":[{"@type":"WebPage","@id":"https:\/\/www.erresse-shop.it\/de\/shop\/einrichtung-haus\/lampen\/venini-deco-vase-copia-2\/","url":"https:\/\/www.erresse-shop.it\/de\/shop\/einrichtung-haus\/lampen\/venini-deco-vase-copia-2\/","name":"VENINI Deko-Lampe Rot","isPartOf":{"@id":"https:\/\/www.erresse-shop.it\/de\/#website"},"datePublished":"2024-05-02T08:44:45+00:00","dateModified":"2025-01-26T15:33:38+00:00","description":"Entdecken Sie VENINI Deko-Lampe Rot bei ErresseShop. Qualit\u00e4t, Stil und Funktionalit\u00e4t \u2013 jetzt online bestellen!","breadcrumb":{"@id":"https:\/\/www.erresse-shop.it\/de\/shop\/einrichtung-haus\/lampen\/venini-deco-vase-copia-2\/#breadcrumb"},"inLanguage":"de-DE","potentialAction":[{"@type":"ReadAction","target":["https:\/\/www.erresse-shop.it\/de\/shop\/einrichtung-haus\/lampen\/venini-deco-vase-copia-2\/"]}]},{"@type":"BreadcrumbList","@id":"https:\/\/www.erresse-shop.it\/de\/shop\/einrichtung-haus\/lampen\/venini-deco-vase-copia-2\/#breadcrumb","itemListElement":[{"@type":"ListItem","position":1,"name":"Home","item":"https:\/\/www.erresse-shop.it\/de\/"},{"@type":"ListItem","position":2,"name":"Shop","item":"https:\/\/www.erresse-shop.it\/de\/shop\/"},{"@type":"ListItem","position":3,"name":"VENINI Deko-Lampe Rot"}]},{"@type":"WebSite","@id":"https:\/\/www.erresse-shop.it\/de\/#website","url":"https:\/\/www.erresse-shop.it\/de\/","name":"Erresse Shop","description":"Articoli di qualit\u00e0 per la casa","potentialAction":[{"@type":"SearchAction","target":{"@type":"EntryPoint","urlTemplate":"https:\/\/www.erresse-shop.it\/de\/?s={search_term_string}"},"query-input":"required name=search_term_string"}],"inLanguage":"de-DE"}]}},"df_price":332.8,"df_sale_price":332.8,"df_regular_price":640,"df_image_link":"https:\/\/www.erresse-shop.it\/wp-content\/uploads\/2024\/05\/venihni-vaso-deco-300x300.jpg","_links":{"self":[{"href":"https:\/\/www.erresse-shop.it\/de\/wp-json\/wp\/v2\/product\/404211"}],"collection":[{"href":"https:\/\/www.erresse-shop.it\/de\/wp-json\/wp\/v2\/product"}],"about":[{"href":"https:\/\/www.erresse-shop.it\/de\/wp-json\/wp\/v2\/types\/product"}],"wp:featuredmedia":[{"embeddable":true,"href":"https:\/\/www.erresse-shop.it\/de\/wp-json\/wp\/v2\/media\/404246"}],"wp:attachment":[{"href":"https:\/\/www.erresse-shop.it\/de\/wp-json\/wp\/v2\/media?parent=404211"}],"wp:term":[{"taxonomy":"product_cat","embeddable":true,"href":"https:\/\/www.erresse-shop.it\/de\/wp-json\/wp\/v2\/product_cat?post=404211"},{"taxonomy":"product_tag","embeddable":true,"href":"https:\/\/www.erresse-shop.it\/de\/wp-json\/wp\/v2\/product_tag?post=404211"}],"curies":[{"name":"wp","href":"https:\/\/api.w.org\/{rel}","templated":true}]}}