{"id":404090,"date":"2024-05-02T07:14:20","date_gmt":"2024-05-02T07:14:22","guid":{"rendered":"https:\/\/www.erresse-shop.it\/?post_type=product&#038;p=404090"},"modified":"2025-01-16T08:05:43","modified_gmt":"2025-01-16T08:05:43","slug":"berkel-schwungradschneider-fuer-den-hausgebrauch-b2-schwarz","status":"publish","type":"product","link":"https:\/\/www.erresse-shop.it\/de\/shop\/kleine-elektrogeraete\/aufschnittmaschinen\/berkel-schwungradschneider-fuer-den-hausgebrauch-b2-schwarz\/","title":{"rendered":"BERKEL Schwungradschneider f\u00fcr den Hausgebrauch B2 Schwarz"},"content":{"rendered":"<p>Das j\u00fcngste Mitglied der Berkel Volano-Familie ist gleichzeitig die kompakteste Schneidemaschine der Neuzeit. Trotz eines Klingen-Durchmessers von 265 mm, der in dieser Kategorie eindeutig \u00fcberragend ist, hat der neue Volano B2 sehr kompakte Abmessungen, die eine einfache Positionierung in der K\u00fcche erm\u00f6glichen. Das Schwungrad ragt nur 33 mm unter den F\u00fc\u00dfen hervor, so dass die Schubladen unter der Arbeitsplatte ge\u00f6ffnet werden k\u00f6nnen; die \u00fcbliche Liebe zum Detail bei Berkel-Produkten macht in diesem Fall noch mehr den Unterschied aus. Harmonisch und wohlproportioniert, bewahrt es die unverwechselbare Eleganz unserer Flywheels und bietet gleichzeitig den perfekten Schliff, nach dem unser Gr\u00fcnder Wilhelmus van Berkel lange gesucht hat.<\/p>\n<p><strong>PERFORMANCE<\/strong><\/p>\n<p>&#8211; Geh\u00e4usekonstruktion aus spezieller Aluminiumlegierung und ABS-Edelstahl sowie Gummif\u00fc\u00dfe f\u00fcr maximale Stabilit\u00e4t w\u00e4hrend des Gebrauchs<br \/>\n&#8211; Das Schwungrad ragt nur 33 mm (das Minimum auf dem Markt) aus der Auflagefl\u00e4che heraus, um das \u00d6ffnen der Schubladen darunter zu erleichtern<br \/>\n&#8211; Fu\u00dfmodifikationssatz, um die Maschine bei Bedarf um zus\u00e4tzliche 22 mm anzuheben<br \/>\n&#8211; 265 mm Klinge aus verchromtem Stahl mit professionellem Profil: reduziert den Abfall und sorgt f\u00fcr gleichm\u00e4\u00dfige Schnitte<br \/>\n&#8211; Schnellvorschubsystem und millimetrischer Platteneinstellknopf f\u00fcr perfekte Produktpositionierung<br \/>\n&#8211; Klassisches Berkel-Turmdesign, solide Konstruktion und Eleganz vereint<br \/>\n&#8211; Goldverzierungen versch\u00f6nern alle lackierten Teile<br \/>\n&#8211; Klassisches Berkel-Schwungrad mit quadratischem Profil und interner Auswuchtung, um die Drehung in jeder Position zu blockieren<br \/>\n&#8211; Abnehmbare Sch\u00e4rfer bereits mit separater Bewegung Sch\u00e4rfung System f\u00fcr maximale Pr\u00e4zision geliefert<br \/>\n&#8211; Einstellknopf f\u00fcr die Scheibendicke mit 8 Positionen zum Einstellen der Scheibendicke zwischen 0,15 mm und 1,3 mm<br \/>\n&#8211; Minimale Dicke der letzten Scheibe zur Minimierung des Produktabfalls<br \/>\n&#8211; Stahlklappe mit einfachem Magnethaken zum leichteren Abl\u00f6sen der Scheiben<br \/>\n&#8211; NFC TAG im Geh\u00e4use eingebettet, um die Originalit\u00e4t zu garantieren<\/p>\n<p><strong>REINIGUNG UND HYGIENE<\/strong><\/p>\n<p>&#8211; Professionelle Edelstahlplatte und Unterplatte mit Ausl\u00f6sesystem f\u00fcr maximale Reinigung und Gummiblockierpads dazwischen, um Bewegungen beim Schneiden zu minimieren<br \/>\n&#8211; Unterst\u00fctzter Schieber aus eloxiertem Aluminium mit Stahlspitzen f\u00fcr optimale Produktspannung<br \/>\n&#8211; Umfangreiche Reinigungsm\u00f6glichkeiten und r\u00fcckw\u00e4rtiger Schrottcontainer<br \/>\n&#8211; Schnelles Abnahmesystem des Haubenaufsatzes zur einfachen Reinigung<br \/>\n&#8211; Abnehmbare, sp\u00fclmaschinenfeste Handschuhe aus Edelstahl<\/p>\n<p>&nbsp;<\/p>\n<p><strong>SICHERHEIT<\/strong><\/p>\n<p>&#8211; Vollstahl-Klingenschutzring mit manuellem Ausl\u00f6sesystem f\u00fcr maximale Sicherheit<br \/>\n&#8211; Hinterer Klingenschutzring aus lebensmittelechtem Aluminium f\u00fcr zus\u00e4tzliche Sicherheit<br \/>\n&#8211; Ergonomische Bedienelemente aus schwarz eloxiertem Aluminium, um den Griff zu erleichtern und den Kraftaufwand des Bedieners zu minimieren<\/p>\n<p><strong>TECHNISCHE DATEN<\/strong><\/p>\n<p>Gewicht 33 kg<br \/>\nH\u00f6he [B] 570 mm<br \/>\nTiefe [C] 675 mm<br \/>\nBreite [A] 530 mm<br \/>\nDurchmesser der Klinge 265 mm<br \/>\nMaterial der Schneideklinge 100Cr6<br \/>\nSchnittst\u00e4rke 0 &#8211; 1,35 mm<br \/>\nSchneidkapazit\u00e4t (kreisf\u00f6rmig) 176 mm<br \/>\nSchneidkapazit\u00e4t (rechteckig) 190&#215;165 mm<br \/>\nDetails: Schraubmechanismus f\u00fcr Klingenschutzbewegung; gemalter Berkeldekor und Signatur<br \/>\nAbnehmbare Teile: Klingenschutz; Handschuhfach; Abdeckplatte<br \/>\nInklusive Anspitzer, zwei Bewegungen<\/p>\n<p><span style=\"text-decoration: underline;\"><strong>Nicht zum Verkauf au\u00dferhalb Europas<\/strong><\/span><\/p>\n","protected":false},"excerpt":{"rendered":"<p>Das j\u00fcngste Mitglied der Berkel Volano-Familie ist gleichzeitig die kompakteste Schneidemaschine der Neuzeit. Trotz eines Klingen-Durchmessers von 265 mm, der<\/p>\n","protected":false},"featured_media":404117,"template":"","meta":{"_acf_changed":false,"inline_featured_image":false},"product_cat":[6703,17346],"product_tag":[17354,17290,24681,11718,19129,17355],"acf":[],"yoast_head":"<!-- This site is optimized with the Yoast SEO Premium plugin v18.6 (Yoast SEO v19.13) - https:\/\/yoast.com\/wordpress\/plugins\/seo\/ -->\n<title>BERKEL Schwungradschneider f\u00fcr den Hausgebrauch B2 Schwarz<\/title>\n<meta name=\"description\" content=\"Entdecken Sie BERKEL Schwungradschneider f\u00fcr den Hausgebrauch B2 Schwarz bei ErresseShop. Qualit\u00e4t, Stil und Funktionalit\u00e4t \u2013 jetzt online bestellen!\" \/>\n<meta name=\"robots\" content=\"index, follow, max-snippet:-1, max-image-preview:large, max-video-preview:-1\" \/>\n<link rel=\"canonical\" href=\"https:\/\/www.erresse-shop.it\/de\/shop\/kleine-elektrogeraete\/aufschnittmaschinen\/berkel-schwungradschneider-fuer-den-hausgebrauch-b2-schwarz\/\" \/>\n<meta property=\"og:locale\" content=\"de_DE\" \/>\n<meta property=\"og:type\" content=\"article\" \/>\n<meta property=\"og:title\" content=\"BERKEL Schwungradschneider f\u00fcr den Hausgebrauch B2 Schwarz\" \/>\n<meta property=\"og:description\" content=\"Entdecken Sie BERKEL Schwungradschneider f\u00fcr den Hausgebrauch B2 Schwarz bei ErresseShop. Qualit\u00e4t, Stil und Funktionalit\u00e4t \u2013 jetzt online bestellen!\" \/>\n<meta property=\"og:url\" content=\"https:\/\/www.erresse-shop.it\/de\/shop\/kleine-elektrogeraete\/aufschnittmaschinen\/berkel-schwungradschneider-fuer-den-hausgebrauch-b2-schwarz\/\" \/>\n<meta property=\"og:site_name\" content=\"Erresse Shop\" \/>\n<meta property=\"article:modified_time\" content=\"2025-01-16T08:05:43+00:00\" \/>\n<meta property=\"og:image\" content=\"https:\/\/www.erresse-shop.it\/wp-content\/uploads\/2024\/05\/berkel-volano-b2-1.jpg\" \/>\n\t<meta property=\"og:image:width\" content=\"800\" \/>\n\t<meta property=\"og:image:height\" content=\"800\" \/>\n\t<meta property=\"og:image:type\" content=\"image\/jpeg\" \/>\n<meta name=\"twitter:card\" content=\"summary_large_image\" \/>\n<script type=\"application\/ld+json\" class=\"yoast-schema-graph\">{\"@context\":\"https:\/\/schema.org\",\"@graph\":[{\"@type\":\"WebPage\",\"@id\":\"https:\/\/www.erresse-shop.it\/de\/shop\/kleine-elektrogeraete\/aufschnittmaschinen\/berkel-schwungradschneider-fuer-den-hausgebrauch-b2-schwarz\/\",\"url\":\"https:\/\/www.erresse-shop.it\/de\/shop\/kleine-elektrogeraete\/aufschnittmaschinen\/berkel-schwungradschneider-fuer-den-hausgebrauch-b2-schwarz\/\",\"name\":\"BERKEL Schwungradschneider f\u00fcr den Hausgebrauch B2 Schwarz\",\"isPartOf\":{\"@id\":\"https:\/\/www.erresse-shop.it\/de\/#website\"},\"datePublished\":\"2024-05-02T07:14:22+00:00\",\"dateModified\":\"2025-01-16T08:05:43+00:00\",\"description\":\"Entdecken Sie BERKEL Schwungradschneider f\u00fcr den Hausgebrauch B2 Schwarz bei ErresseShop. Qualit\u00e4t, Stil und Funktionalit\u00e4t \u2013 jetzt online bestellen!\",\"breadcrumb\":{\"@id\":\"https:\/\/www.erresse-shop.it\/de\/shop\/kleine-elektrogeraete\/aufschnittmaschinen\/berkel-schwungradschneider-fuer-den-hausgebrauch-b2-schwarz\/#breadcrumb\"},\"inLanguage\":\"de-DE\",\"potentialAction\":[{\"@type\":\"ReadAction\",\"target\":[\"https:\/\/www.erresse-shop.it\/de\/shop\/kleine-elektrogeraete\/aufschnittmaschinen\/berkel-schwungradschneider-fuer-den-hausgebrauch-b2-schwarz\/\"]}]},{\"@type\":\"BreadcrumbList\",\"@id\":\"https:\/\/www.erresse-shop.it\/de\/shop\/kleine-elektrogeraete\/aufschnittmaschinen\/berkel-schwungradschneider-fuer-den-hausgebrauch-b2-schwarz\/#breadcrumb\",\"itemListElement\":[{\"@type\":\"ListItem\",\"position\":1,\"name\":\"Home\",\"item\":\"https:\/\/www.erresse-shop.it\/de\/\"},{\"@type\":\"ListItem\",\"position\":2,\"name\":\"Shop\",\"item\":\"https:\/\/www.erresse-shop.it\/de\/shop\/\"},{\"@type\":\"ListItem\",\"position\":3,\"name\":\"BERKEL Schwungradschneider f\u00fcr den Hausgebrauch B2 Schwarz\"}]},{\"@type\":\"WebSite\",\"@id\":\"https:\/\/www.erresse-shop.it\/de\/#website\",\"url\":\"https:\/\/www.erresse-shop.it\/de\/\",\"name\":\"Erresse Shop\",\"description\":\"Articoli di qualit\u00e0 per la casa\",\"potentialAction\":[{\"@type\":\"SearchAction\",\"target\":{\"@type\":\"EntryPoint\",\"urlTemplate\":\"https:\/\/www.erresse-shop.it\/de\/?s={search_term_string}\"},\"query-input\":\"required name=search_term_string\"}],\"inLanguage\":\"de-DE\"}]}<\/script>\n<!-- \/ Yoast SEO Premium plugin. -->","yoast_head_json":{"title":"BERKEL Schwungradschneider f\u00fcr den Hausgebrauch B2 Schwarz","description":"Entdecken Sie BERKEL Schwungradschneider f\u00fcr den Hausgebrauch B2 Schwarz bei ErresseShop. Qualit\u00e4t, Stil und Funktionalit\u00e4t \u2013 jetzt online bestellen!","robots":{"index":"index","follow":"follow","max-snippet":"max-snippet:-1","max-image-preview":"max-image-preview:large","max-video-preview":"max-video-preview:-1"},"canonical":"https:\/\/www.erresse-shop.it\/de\/shop\/kleine-elektrogeraete\/aufschnittmaschinen\/berkel-schwungradschneider-fuer-den-hausgebrauch-b2-schwarz\/","og_locale":"de_DE","og_type":"article","og_title":"BERKEL Schwungradschneider f\u00fcr den Hausgebrauch B2 Schwarz","og_description":"Entdecken Sie BERKEL Schwungradschneider f\u00fcr den Hausgebrauch B2 Schwarz bei ErresseShop. Qualit\u00e4t, Stil und Funktionalit\u00e4t \u2013 jetzt online bestellen!","og_url":"https:\/\/www.erresse-shop.it\/de\/shop\/kleine-elektrogeraete\/aufschnittmaschinen\/berkel-schwungradschneider-fuer-den-hausgebrauch-b2-schwarz\/","og_site_name":"Erresse Shop","article_modified_time":"2025-01-16T08:05:43+00:00","og_image":[{"width":800,"height":800,"url":"https:\/\/www.erresse-shop.it\/wp-content\/uploads\/2024\/05\/berkel-volano-b2-1.jpg","type":"image\/jpeg"}],"twitter_card":"summary_large_image","schema":{"@context":"https:\/\/schema.org","@graph":[{"@type":"WebPage","@id":"https:\/\/www.erresse-shop.it\/de\/shop\/kleine-elektrogeraete\/aufschnittmaschinen\/berkel-schwungradschneider-fuer-den-hausgebrauch-b2-schwarz\/","url":"https:\/\/www.erresse-shop.it\/de\/shop\/kleine-elektrogeraete\/aufschnittmaschinen\/berkel-schwungradschneider-fuer-den-hausgebrauch-b2-schwarz\/","name":"BERKEL Schwungradschneider f\u00fcr den Hausgebrauch B2 Schwarz","isPartOf":{"@id":"https:\/\/www.erresse-shop.it\/de\/#website"},"datePublished":"2024-05-02T07:14:22+00:00","dateModified":"2025-01-16T08:05:43+00:00","description":"Entdecken Sie BERKEL Schwungradschneider f\u00fcr den Hausgebrauch B2 Schwarz bei ErresseShop. Qualit\u00e4t, Stil und Funktionalit\u00e4t \u2013 jetzt online bestellen!","breadcrumb":{"@id":"https:\/\/www.erresse-shop.it\/de\/shop\/kleine-elektrogeraete\/aufschnittmaschinen\/berkel-schwungradschneider-fuer-den-hausgebrauch-b2-schwarz\/#breadcrumb"},"inLanguage":"de-DE","potentialAction":[{"@type":"ReadAction","target":["https:\/\/www.erresse-shop.it\/de\/shop\/kleine-elektrogeraete\/aufschnittmaschinen\/berkel-schwungradschneider-fuer-den-hausgebrauch-b2-schwarz\/"]}]},{"@type":"BreadcrumbList","@id":"https:\/\/www.erresse-shop.it\/de\/shop\/kleine-elektrogeraete\/aufschnittmaschinen\/berkel-schwungradschneider-fuer-den-hausgebrauch-b2-schwarz\/#breadcrumb","itemListElement":[{"@type":"ListItem","position":1,"name":"Home","item":"https:\/\/www.erresse-shop.it\/de\/"},{"@type":"ListItem","position":2,"name":"Shop","item":"https:\/\/www.erresse-shop.it\/de\/shop\/"},{"@type":"ListItem","position":3,"name":"BERKEL Schwungradschneider f\u00fcr den Hausgebrauch B2 Schwarz"}]},{"@type":"WebSite","@id":"https:\/\/www.erresse-shop.it\/de\/#website","url":"https:\/\/www.erresse-shop.it\/de\/","name":"Erresse Shop","description":"Articoli di qualit\u00e0 per la casa","potentialAction":[{"@type":"SearchAction","target":{"@type":"EntryPoint","urlTemplate":"https:\/\/www.erresse-shop.it\/de\/?s={search_term_string}"},"query-input":"required name=search_term_string"}],"inLanguage":"de-DE"}]}},"df_price":5990,"df_sale_price":5990,"df_regular_price":7299,"df_image_link":"https:\/\/www.erresse-shop.it\/wp-content\/uploads\/2024\/05\/berkel-volano-b2-1-300x300.jpg","_links":{"self":[{"href":"https:\/\/www.erresse-shop.it\/de\/wp-json\/wp\/v2\/product\/404090"}],"collection":[{"href":"https:\/\/www.erresse-shop.it\/de\/wp-json\/wp\/v2\/product"}],"about":[{"href":"https:\/\/www.erresse-shop.it\/de\/wp-json\/wp\/v2\/types\/product"}],"wp:featuredmedia":[{"embeddable":true,"href":"https:\/\/www.erresse-shop.it\/de\/wp-json\/wp\/v2\/media\/404117"}],"wp:attachment":[{"href":"https:\/\/www.erresse-shop.it\/de\/wp-json\/wp\/v2\/media?parent=404090"}],"wp:term":[{"taxonomy":"product_cat","embeddable":true,"href":"https:\/\/www.erresse-shop.it\/de\/wp-json\/wp\/v2\/product_cat?post=404090"},{"taxonomy":"product_tag","embeddable":true,"href":"https:\/\/www.erresse-shop.it\/de\/wp-json\/wp\/v2\/product_tag?post=404090"}],"curies":[{"name":"wp","href":"https:\/\/api.w.org\/{rel}","templated":true}]}}