{"id":404065,"date":"2024-05-02T07:07:57","date_gmt":"2024-05-02T07:07:59","guid":{"rendered":"https:\/\/www.erresse-shop.it\/?post_type=product&#038;p=404065"},"modified":"2025-01-16T08:05:43","modified_gmt":"2025-01-16T08:05:43","slug":"berkel-domestic-slicer-schwungrad-b3-schwarz","status":"publish","type":"product","link":"https:\/\/www.erresse-shop.it\/de\/shop\/kleine-elektrogeraete\/aufschnittmaschinen\/berkel-domestic-slicer-schwungrad-b3-schwarz\/","title":{"rendered":"BERKEL Domestic Slicer Schwungrad B3 Schwarz"},"content":{"rendered":"<p><strong>GROSSE SCHNEIDKAPAZIT\u00c4T IN EDLEM DESIGN<\/strong><\/p>\n<p>Ein Schwungradschneider f\u00fcr den Hausgebrauch mit gro\u00dfer Schnittkapazit\u00e4t und Vintage-\u00c4sthetik, der einen perfekten Schnitt in einem Vintage-Design mit hochwertiger Verarbeitung garantiert.<\/p>\n<p><strong>PERFORMANCE<\/strong><\/p>\n<ul>\n<li>Einstellbare Gummif\u00fc\u00dfe in verschiedenen Konfigurationen<\/li>\n<li>300-mm-Klinge aus 100cr6-Chromstahl mit professionellem Profil: reduziert den Abfall und sorgt f\u00fcr gleichm\u00e4\u00dfige Schnitte<\/li>\n<li>Schnellvorschubsystem und millimetrischer Platteneinstellknopf f\u00fcr perfekte Produktpositionierung<\/li>\n<li>Abnehmbare Sch\u00e4rfer mit separater Bewegung Sch\u00e4rfsystem f\u00fcr maximale Pr\u00e4zision geliefert<\/li>\n<li>Einstellknopf f\u00fcr die Scheibendicke zwischen 0 mm und 1,5 mm<\/li>\n<li>Minimale Dicke der letzten Scheibe zur Minimierung des Produktabfalls<\/li>\n<li>Stahlschutz mit einfachem Einhaken zum leichteren L\u00f6sen der Scheibe<\/li>\n<li>NFC TAG im Geh\u00e4use eingebettet, um die Originalit\u00e4t zu garantieren<\/li>\n<\/ul>\n<p><strong>REINIGUNG UND HYGIENE<\/strong><\/p>\n<ul>\n<li>Platte mit Ausl\u00f6sesystem f\u00fcr maximale Reinigung<\/li>\n<li>Ausreichend Platz f\u00fcr die Reinigung und den hinteren Abfallbeh\u00e4lter<\/li>\n<li>Schnelles Abnahmesystem der Frontplatte zur einfachen Reinigung<\/li>\n<li>Abnehmbare und sp\u00fclmaschinenfeste Techno-Polymer-Handschuhe<\/li>\n<\/ul>\n<p><strong>SICHERHEIT<\/strong><\/p>\n<ul>\n<li>Ganzstahlklingenschutzring mit manuellem Ausl\u00f6sesystem f\u00fcr maximale Sicherheit<\/li>\n<li>Fester hinterer Klingenschutzring f\u00fcr zus\u00e4tzliche Sicherheit<\/li>\n<li>Ergonomische Bedienelemente zur Erleichterung des Griffs und Minimierung des Kraftaufwands des Bedieners<\/li>\n<\/ul>\n<p><strong>TECHNISCHE DATEN<\/strong><\/p>\n<p>Gewicht 46 kg<br \/>\nH\u00f6he [B] 700 mm<br \/>\nTiefe [C] 805 mm<br \/>\nBreite [A] 670 mm<br \/>\nDurchmesser der Klinge 300 mm<br \/>\nMaterial der Schneideklinge 100Cr6<br \/>\nSchnittst\u00e4rke 0 &#8211; 1,5 mm<br \/>\nSchneidkapazit\u00e4t (kreisf\u00f6rmig) 210 mm<br \/>\nSchnittkapazit\u00e4t (rechteckig) 270&#215;210 mm<br \/>\nDetails: Schraubmechanismus f\u00fcr Klingenschutzbewegung; Bemalter Berkeldekor und Signatur<br \/>\nAbnehmbare Teile: Messerschutz; Handschuhfach; Abdeckplatte<br \/>\nAnspitzer: enthalten, zwei Bewegungen<\/p>\n<p><span style=\"text-decoration: underline;\"><strong>Nicht zum Verkauf au\u00dferhalb Europas<\/strong><\/span><\/p>\n","protected":false},"excerpt":{"rendered":"<p>GROSSE SCHNEIDKAPAZIT\u00c4T IN EDLEM DESIGN Ein Schwungradschneider f\u00fcr den Hausgebrauch mit gro\u00dfer Schnittkapazit\u00e4t und Vintage-\u00c4sthetik, der einen perfekten Schnitt in<\/p>\n","protected":false},"featured_media":404073,"template":"","meta":{"_acf_changed":false,"inline_featured_image":false},"product_cat":[6703,17346],"product_tag":[17354,17290,24681,11718,19129,17355],"acf":[],"yoast_head":"<!-- This site is optimized with the Yoast SEO Premium plugin v18.6 (Yoast SEO v19.13) - https:\/\/yoast.com\/wordpress\/plugins\/seo\/ -->\n<title>BERKEL Domestic Slicer Schwungrad B3 Schwarz<\/title>\n<meta name=\"description\" content=\"Entdecken Sie BERKEL Domestic Slicer Schwungrad B3 Schwarz bei ErresseShop. Qualit\u00e4t, Stil und Funktionalit\u00e4t \u2013 jetzt online bestellen!\" \/>\n<meta name=\"robots\" content=\"index, follow, max-snippet:-1, max-image-preview:large, max-video-preview:-1\" \/>\n<link rel=\"canonical\" href=\"https:\/\/www.erresse-shop.it\/de\/shop\/kleine-elektrogeraete\/aufschnittmaschinen\/berkel-domestic-slicer-schwungrad-b3-schwarz\/\" \/>\n<meta property=\"og:locale\" content=\"de_DE\" \/>\n<meta property=\"og:type\" content=\"article\" \/>\n<meta property=\"og:title\" content=\"BERKEL Domestic Slicer Schwungrad B3 Schwarz\" \/>\n<meta property=\"og:description\" content=\"Entdecken Sie BERKEL Domestic Slicer Schwungrad B3 Schwarz bei ErresseShop. Qualit\u00e4t, Stil und Funktionalit\u00e4t \u2013 jetzt online bestellen!\" \/>\n<meta property=\"og:url\" content=\"https:\/\/www.erresse-shop.it\/de\/shop\/kleine-elektrogeraete\/aufschnittmaschinen\/berkel-domestic-slicer-schwungrad-b3-schwarz\/\" \/>\n<meta property=\"og:site_name\" content=\"Erresse Shop\" \/>\n<meta property=\"article:modified_time\" content=\"2025-01-16T08:05:43+00:00\" \/>\n<meta property=\"og:image\" content=\"https:\/\/www.erresse-shop.it\/wp-content\/uploads\/2024\/05\/berkel-volano-b3.jpg\" \/>\n\t<meta property=\"og:image:width\" content=\"800\" \/>\n\t<meta property=\"og:image:height\" content=\"800\" \/>\n\t<meta property=\"og:image:type\" content=\"image\/jpeg\" \/>\n<meta name=\"twitter:card\" content=\"summary_large_image\" \/>\n<script type=\"application\/ld+json\" class=\"yoast-schema-graph\">{\"@context\":\"https:\/\/schema.org\",\"@graph\":[{\"@type\":\"WebPage\",\"@id\":\"https:\/\/www.erresse-shop.it\/de\/shop\/kleine-elektrogeraete\/aufschnittmaschinen\/berkel-domestic-slicer-schwungrad-b3-schwarz\/\",\"url\":\"https:\/\/www.erresse-shop.it\/de\/shop\/kleine-elektrogeraete\/aufschnittmaschinen\/berkel-domestic-slicer-schwungrad-b3-schwarz\/\",\"name\":\"BERKEL Domestic Slicer Schwungrad B3 Schwarz\",\"isPartOf\":{\"@id\":\"https:\/\/www.erresse-shop.it\/de\/#website\"},\"datePublished\":\"2024-05-02T07:07:59+00:00\",\"dateModified\":\"2025-01-16T08:05:43+00:00\",\"description\":\"Entdecken Sie BERKEL Domestic Slicer Schwungrad B3 Schwarz bei ErresseShop. Qualit\u00e4t, Stil und Funktionalit\u00e4t \u2013 jetzt online bestellen!\",\"breadcrumb\":{\"@id\":\"https:\/\/www.erresse-shop.it\/de\/shop\/kleine-elektrogeraete\/aufschnittmaschinen\/berkel-domestic-slicer-schwungrad-b3-schwarz\/#breadcrumb\"},\"inLanguage\":\"de-DE\",\"potentialAction\":[{\"@type\":\"ReadAction\",\"target\":[\"https:\/\/www.erresse-shop.it\/de\/shop\/kleine-elektrogeraete\/aufschnittmaschinen\/berkel-domestic-slicer-schwungrad-b3-schwarz\/\"]}]},{\"@type\":\"BreadcrumbList\",\"@id\":\"https:\/\/www.erresse-shop.it\/de\/shop\/kleine-elektrogeraete\/aufschnittmaschinen\/berkel-domestic-slicer-schwungrad-b3-schwarz\/#breadcrumb\",\"itemListElement\":[{\"@type\":\"ListItem\",\"position\":1,\"name\":\"Home\",\"item\":\"https:\/\/www.erresse-shop.it\/de\/\"},{\"@type\":\"ListItem\",\"position\":2,\"name\":\"Shop\",\"item\":\"https:\/\/www.erresse-shop.it\/de\/shop\/\"},{\"@type\":\"ListItem\",\"position\":3,\"name\":\"BERKEL Domestic Slicer Schwungrad B3 Schwarz\"}]},{\"@type\":\"WebSite\",\"@id\":\"https:\/\/www.erresse-shop.it\/de\/#website\",\"url\":\"https:\/\/www.erresse-shop.it\/de\/\",\"name\":\"Erresse Shop\",\"description\":\"Articoli di qualit\u00e0 per la casa\",\"potentialAction\":[{\"@type\":\"SearchAction\",\"target\":{\"@type\":\"EntryPoint\",\"urlTemplate\":\"https:\/\/www.erresse-shop.it\/de\/?s={search_term_string}\"},\"query-input\":\"required name=search_term_string\"}],\"inLanguage\":\"de-DE\"}]}<\/script>\n<!-- \/ Yoast SEO Premium plugin. -->","yoast_head_json":{"title":"BERKEL Domestic Slicer Schwungrad B3 Schwarz","description":"Entdecken Sie BERKEL Domestic Slicer Schwungrad B3 Schwarz bei ErresseShop. Qualit\u00e4t, Stil und Funktionalit\u00e4t \u2013 jetzt online bestellen!","robots":{"index":"index","follow":"follow","max-snippet":"max-snippet:-1","max-image-preview":"max-image-preview:large","max-video-preview":"max-video-preview:-1"},"canonical":"https:\/\/www.erresse-shop.it\/de\/shop\/kleine-elektrogeraete\/aufschnittmaschinen\/berkel-domestic-slicer-schwungrad-b3-schwarz\/","og_locale":"de_DE","og_type":"article","og_title":"BERKEL Domestic Slicer Schwungrad B3 Schwarz","og_description":"Entdecken Sie BERKEL Domestic Slicer Schwungrad B3 Schwarz bei ErresseShop. Qualit\u00e4t, Stil und Funktionalit\u00e4t \u2013 jetzt online bestellen!","og_url":"https:\/\/www.erresse-shop.it\/de\/shop\/kleine-elektrogeraete\/aufschnittmaschinen\/berkel-domestic-slicer-schwungrad-b3-schwarz\/","og_site_name":"Erresse Shop","article_modified_time":"2025-01-16T08:05:43+00:00","og_image":[{"width":800,"height":800,"url":"https:\/\/www.erresse-shop.it\/wp-content\/uploads\/2024\/05\/berkel-volano-b3.jpg","type":"image\/jpeg"}],"twitter_card":"summary_large_image","schema":{"@context":"https:\/\/schema.org","@graph":[{"@type":"WebPage","@id":"https:\/\/www.erresse-shop.it\/de\/shop\/kleine-elektrogeraete\/aufschnittmaschinen\/berkel-domestic-slicer-schwungrad-b3-schwarz\/","url":"https:\/\/www.erresse-shop.it\/de\/shop\/kleine-elektrogeraete\/aufschnittmaschinen\/berkel-domestic-slicer-schwungrad-b3-schwarz\/","name":"BERKEL Domestic Slicer Schwungrad B3 Schwarz","isPartOf":{"@id":"https:\/\/www.erresse-shop.it\/de\/#website"},"datePublished":"2024-05-02T07:07:59+00:00","dateModified":"2025-01-16T08:05:43+00:00","description":"Entdecken Sie BERKEL Domestic Slicer Schwungrad B3 Schwarz bei ErresseShop. Qualit\u00e4t, Stil und Funktionalit\u00e4t \u2013 jetzt online bestellen!","breadcrumb":{"@id":"https:\/\/www.erresse-shop.it\/de\/shop\/kleine-elektrogeraete\/aufschnittmaschinen\/berkel-domestic-slicer-schwungrad-b3-schwarz\/#breadcrumb"},"inLanguage":"de-DE","potentialAction":[{"@type":"ReadAction","target":["https:\/\/www.erresse-shop.it\/de\/shop\/kleine-elektrogeraete\/aufschnittmaschinen\/berkel-domestic-slicer-schwungrad-b3-schwarz\/"]}]},{"@type":"BreadcrumbList","@id":"https:\/\/www.erresse-shop.it\/de\/shop\/kleine-elektrogeraete\/aufschnittmaschinen\/berkel-domestic-slicer-schwungrad-b3-schwarz\/#breadcrumb","itemListElement":[{"@type":"ListItem","position":1,"name":"Home","item":"https:\/\/www.erresse-shop.it\/de\/"},{"@type":"ListItem","position":2,"name":"Shop","item":"https:\/\/www.erresse-shop.it\/de\/shop\/"},{"@type":"ListItem","position":3,"name":"BERKEL Domestic Slicer Schwungrad B3 Schwarz"}]},{"@type":"WebSite","@id":"https:\/\/www.erresse-shop.it\/de\/#website","url":"https:\/\/www.erresse-shop.it\/de\/","name":"Erresse Shop","description":"Articoli di qualit\u00e0 per la casa","potentialAction":[{"@type":"SearchAction","target":{"@type":"EntryPoint","urlTemplate":"https:\/\/www.erresse-shop.it\/de\/?s={search_term_string}"},"query-input":"required name=search_term_string"}],"inLanguage":"de-DE"}]}},"df_price":6299,"df_sale_price":6299,"df_regular_price":7749,"df_image_link":"https:\/\/www.erresse-shop.it\/wp-content\/uploads\/2024\/05\/berkel-volano-b3-300x300.jpg","_links":{"self":[{"href":"https:\/\/www.erresse-shop.it\/de\/wp-json\/wp\/v2\/product\/404065"}],"collection":[{"href":"https:\/\/www.erresse-shop.it\/de\/wp-json\/wp\/v2\/product"}],"about":[{"href":"https:\/\/www.erresse-shop.it\/de\/wp-json\/wp\/v2\/types\/product"}],"wp:featuredmedia":[{"embeddable":true,"href":"https:\/\/www.erresse-shop.it\/de\/wp-json\/wp\/v2\/media\/404073"}],"wp:attachment":[{"href":"https:\/\/www.erresse-shop.it\/de\/wp-json\/wp\/v2\/media?parent=404065"}],"wp:term":[{"taxonomy":"product_cat","embeddable":true,"href":"https:\/\/www.erresse-shop.it\/de\/wp-json\/wp\/v2\/product_cat?post=404065"},{"taxonomy":"product_tag","embeddable":true,"href":"https:\/\/www.erresse-shop.it\/de\/wp-json\/wp\/v2\/product_tag?post=404065"}],"curies":[{"name":"wp","href":"https:\/\/api.w.org\/{rel}","templated":true}]}}