{"id":403286,"date":"2024-04-23T08:13:36","date_gmt":"2024-04-23T08:13:38","guid":{"rendered":"https:\/\/www.erresse-shop.it\/?post_type=product&#038;p=403286"},"modified":"2025-01-16T08:55:57","modified_gmt":"2025-01-16T08:55:57","slug":"blendtec-professional-800-mixer-copia","status":"publish","type":"product","link":"https:\/\/www.erresse-shop.it\/de\/shop\/kleine-elektrogeraete\/mixer\/blendtec-professional-800-mixer-copia\/","title":{"rendered":"BLENDTEC Designer Blender 650 Schwarz"},"content":{"rendered":"<p>Er ist der Mixer, der alles kann, auch Ihre K\u00fccheneinrichtung. Der Designer 650 verf\u00fcgt \u00fcber eine Mixer- und Steuerungstechnologie der n\u00e4chsten Generation und eine atemberaubende Farbpalette mit sieben Farben zur Auswahl.<\/p>\n<p>Der Designer 650 ist nicht nur f\u00fcr hohe Leistung ausgelegt, sondern auch f\u00fcr Ihren modischen Geschmack.<\/p>\n<p><strong>MERKMALE:<\/strong><\/p>\n<p>3,0-PS-Motor<br \/>\nBeleuchtetes, kapazitives Touch-Interface<br \/>\n6 vorprogrammierte Zyklen: Saucen\/Chips, Eiscrusher\/Margarita, Smoothie, Eiscreme, Vollsaft, hei\u00dfe Suppe und Fondue<br \/>\nKapazitiver 8-Gang-Touch-Schieberegler + Pulse<br \/>\nBeleuchtetes Display zeigt die verbleibende Mixzeit an<br \/>\nBedruckte Oberfl\u00e4che<br \/>\nFarben: Schwarz, Rot, Chartreuse, Seafoam, Orchidee, Schiefergrau, Polarwei\u00df<br \/>\nAbmessungen: 18 x 24 x 38 cm (7\u2033 breit x 9,25\u2033 tief x 15,5\u2033 hoch)<br \/>\nGewicht: 4,2 kg (9,25 lbs)<br \/>\n1560 Watt, 230 Volt<br \/>\nNetzkabel: UK- oder EU-Stecker<br \/>\n8 Jahre Garantie<\/p>\n<p><strong>PAKET ENTH\u00c4LT<\/strong><br \/>\n-Designermotor 650 Basis<br \/>\n-PA-freie WildSide+ Dose mit bel\u00fcftetem Deckel<br \/>\n-8 MANUELLE GESCHWINDIGKEITEN + PULS<\/p>\n<p>Sie haben jetzt die totale Kontrolle \u00fcber die Mischgeschwindigkeit buchst\u00e4blich mit Ihren Fingerspitzen. Hier finden Sie unsere Schieberegler-Oberfl\u00e4che zur vollst\u00e4ndigen Kontrolle. Durch einfaches Ber\u00fchren oder Schieben Ihrer Fingerspitze haben Sie die vollst\u00e4ndige Kontrolle \u00fcber die Mischgeschwindigkeit. Sie k\u00f6nnen eine beliebige Geschwindigkeit ausw\u00e4hlen oder Ihren Finger von links nach rechts schieben, um die Geschwindigkeit zu erh\u00f6hen oder zu verringern. Neben dem Schieberegler befinden sich Stopp- und Impulsregler.<\/p>\n<p><strong>WILDSIDE+ JAR<\/strong><br \/>\nDieser Beh\u00e4lter hat das Hochgeschwindigkeitsmischen revolutioniert. Der WildSide+-Beh\u00e4lter verf\u00fcgt \u00fcber einen extra breiten Boden und eine f\u00fcnfte, schmale &#8220;wilde&#8221; Seite, die f\u00fcr ein schnelleres und gleichm\u00e4\u00dfigeres Mixen sorgt. Der WildSide+-Beh\u00e4lter verf\u00fcgt au\u00dferdem \u00fcber zwei vertikale Rillen an den Innenw\u00e4nden, die das Mischmuster weiter auflockern und das Mischen beschleunigen. Das Ergebnis? Die schnellsten und glattesten Mischungen aller Zeiten.<\/p>\n<p><strong>UNGLAUBLICHE 8-JAHRES-GARANTIE<\/strong><br \/>\nF\u00fcr den Designer 650 gilt eine 8-Jahres-Garantie &#8211; die l\u00e4ngste Garantie in seiner Klasse. Aber er ist so konstruiert, dass er noch viel l\u00e4nger h\u00e4lt &#8211; ein Ger\u00e4t, an dem Sie ein Leben lang Freude haben werden.<\/p>\n<p><strong>Beleuchtete Touch-Bedienelemente<\/strong><br \/>\nEin intuitiver Touchscreen mit leicht erkennbaren Symbolen macht den Designer 650 noch vielseitiger und benutzerfreundlicher. Er leuchtet mit einer einzigen Ber\u00fchrung auf, schaltet sich automatisch aus und ist v\u00f6llig flach, so dass die Reinigung so einfach ist wie ein schnelles Abwischen.<\/p>\n<p><strong>VORPROGRAMMIERTE UND OPTIMIERTE MISCHZYKLEN<\/strong><br \/>\nSchluss mit dem R\u00e4tselraten! Die Designer-Serie verf\u00fcgt \u00fcber sechs individuelle, vorprogrammierte Zyklen: Mixen, Zerkleinern, Sch\u00fctteln, Eiscreme, Vollsaft, hei\u00dfe Suppe. Diese einzigartige Technologie f\u00fcr Mixerzyklen sorgt f\u00fcr perfekte Mischungen auf Knopfdruck.<\/p>\n<p>Sp\u00fclmaschinengeeigneter Krug: Ja<\/p>\n<p><span style=\"text-decoration: underline;\"><strong>Nicht zum Verkauf au\u00dferhalb Europas<\/strong><\/span><\/p>\n","protected":false},"excerpt":{"rendered":"<p>Er ist der Mixer, der alles kann, auch Ihre K\u00fccheneinrichtung. Der Designer 650 verf\u00fcgt \u00fcber eine Mixer- und Steuerungstechnologie der<\/p>\n","protected":false},"featured_media":403302,"template":"","meta":{"_acf_changed":false,"inline_featured_image":false},"product_cat":[6703,6886],"product_tag":[11925],"acf":[],"yoast_head":"<!-- This site is optimized with the Yoast SEO Premium plugin v18.6 (Yoast SEO v19.13) - https:\/\/yoast.com\/wordpress\/plugins\/seo\/ -->\n<title>BLENDTEC Designer Blender 650 Schwarz<\/title>\n<meta name=\"description\" content=\"Entdecken Sie BLENDTEC Designer Blender 650 Schwarz bei ErresseShop. Qualit\u00e4t, Stil und Funktionalit\u00e4t \u2013 jetzt online bestellen!\" \/>\n<meta name=\"robots\" content=\"index, follow, max-snippet:-1, max-image-preview:large, max-video-preview:-1\" \/>\n<link rel=\"canonical\" href=\"https:\/\/www.erresse-shop.it\/de\/shop\/kleine-elektrogeraete\/mixer\/blendtec-professional-800-mixer-copia\/\" \/>\n<meta property=\"og:locale\" content=\"de_DE\" \/>\n<meta property=\"og:type\" content=\"article\" \/>\n<meta property=\"og:title\" content=\"BLENDTEC Designer Blender 650 Schwarz\" \/>\n<meta property=\"og:description\" content=\"Entdecken Sie BLENDTEC Designer Blender 650 Schwarz bei ErresseShop. Qualit\u00e4t, Stil und Funktionalit\u00e4t \u2013 jetzt online bestellen!\" \/>\n<meta property=\"og:url\" content=\"https:\/\/www.erresse-shop.it\/de\/shop\/kleine-elektrogeraete\/mixer\/blendtec-professional-800-mixer-copia\/\" \/>\n<meta property=\"og:site_name\" content=\"Erresse Shop\" \/>\n<meta property=\"article:modified_time\" content=\"2025-01-16T08:55:57+00:00\" \/>\n<meta property=\"og:image\" content=\"https:\/\/www.erresse-shop.it\/wp-content\/uploads\/2024\/04\/blendtec-designer-650-nero.jpg\" \/>\n\t<meta property=\"og:image:width\" content=\"800\" \/>\n\t<meta property=\"og:image:height\" content=\"800\" \/>\n\t<meta property=\"og:image:type\" content=\"image\/jpeg\" \/>\n<meta name=\"twitter:card\" content=\"summary_large_image\" \/>\n<script type=\"application\/ld+json\" class=\"yoast-schema-graph\">{\"@context\":\"https:\/\/schema.org\",\"@graph\":[{\"@type\":\"WebPage\",\"@id\":\"https:\/\/www.erresse-shop.it\/de\/shop\/kleine-elektrogeraete\/mixer\/blendtec-professional-800-mixer-copia\/\",\"url\":\"https:\/\/www.erresse-shop.it\/de\/shop\/kleine-elektrogeraete\/mixer\/blendtec-professional-800-mixer-copia\/\",\"name\":\"BLENDTEC Designer Blender 650 Schwarz\",\"isPartOf\":{\"@id\":\"https:\/\/www.erresse-shop.it\/de\/#website\"},\"datePublished\":\"2024-04-23T08:13:38+00:00\",\"dateModified\":\"2025-01-16T08:55:57+00:00\",\"description\":\"Entdecken Sie BLENDTEC Designer Blender 650 Schwarz bei ErresseShop. Qualit\u00e4t, Stil und Funktionalit\u00e4t \u2013 jetzt online bestellen!\",\"breadcrumb\":{\"@id\":\"https:\/\/www.erresse-shop.it\/de\/shop\/kleine-elektrogeraete\/mixer\/blendtec-professional-800-mixer-copia\/#breadcrumb\"},\"inLanguage\":\"de-DE\",\"potentialAction\":[{\"@type\":\"ReadAction\",\"target\":[\"https:\/\/www.erresse-shop.it\/de\/shop\/kleine-elektrogeraete\/mixer\/blendtec-professional-800-mixer-copia\/\"]}]},{\"@type\":\"BreadcrumbList\",\"@id\":\"https:\/\/www.erresse-shop.it\/de\/shop\/kleine-elektrogeraete\/mixer\/blendtec-professional-800-mixer-copia\/#breadcrumb\",\"itemListElement\":[{\"@type\":\"ListItem\",\"position\":1,\"name\":\"Home\",\"item\":\"https:\/\/www.erresse-shop.it\/de\/\"},{\"@type\":\"ListItem\",\"position\":2,\"name\":\"Shop\",\"item\":\"https:\/\/www.erresse-shop.it\/de\/shop\/\"},{\"@type\":\"ListItem\",\"position\":3,\"name\":\"BLENDTEC Designer Blender 650 Schwarz\"}]},{\"@type\":\"WebSite\",\"@id\":\"https:\/\/www.erresse-shop.it\/de\/#website\",\"url\":\"https:\/\/www.erresse-shop.it\/de\/\",\"name\":\"Erresse Shop\",\"description\":\"Articoli di qualit\u00e0 per la casa\",\"potentialAction\":[{\"@type\":\"SearchAction\",\"target\":{\"@type\":\"EntryPoint\",\"urlTemplate\":\"https:\/\/www.erresse-shop.it\/de\/?s={search_term_string}\"},\"query-input\":\"required name=search_term_string\"}],\"inLanguage\":\"de-DE\"}]}<\/script>\n<!-- \/ Yoast SEO Premium plugin. -->","yoast_head_json":{"title":"BLENDTEC Designer Blender 650 Schwarz","description":"Entdecken Sie BLENDTEC Designer Blender 650 Schwarz bei ErresseShop. Qualit\u00e4t, Stil und Funktionalit\u00e4t \u2013 jetzt online bestellen!","robots":{"index":"index","follow":"follow","max-snippet":"max-snippet:-1","max-image-preview":"max-image-preview:large","max-video-preview":"max-video-preview:-1"},"canonical":"https:\/\/www.erresse-shop.it\/de\/shop\/kleine-elektrogeraete\/mixer\/blendtec-professional-800-mixer-copia\/","og_locale":"de_DE","og_type":"article","og_title":"BLENDTEC Designer Blender 650 Schwarz","og_description":"Entdecken Sie BLENDTEC Designer Blender 650 Schwarz bei ErresseShop. Qualit\u00e4t, Stil und Funktionalit\u00e4t \u2013 jetzt online bestellen!","og_url":"https:\/\/www.erresse-shop.it\/de\/shop\/kleine-elektrogeraete\/mixer\/blendtec-professional-800-mixer-copia\/","og_site_name":"Erresse Shop","article_modified_time":"2025-01-16T08:55:57+00:00","og_image":[{"width":800,"height":800,"url":"https:\/\/www.erresse-shop.it\/wp-content\/uploads\/2024\/04\/blendtec-designer-650-nero.jpg","type":"image\/jpeg"}],"twitter_card":"summary_large_image","schema":{"@context":"https:\/\/schema.org","@graph":[{"@type":"WebPage","@id":"https:\/\/www.erresse-shop.it\/de\/shop\/kleine-elektrogeraete\/mixer\/blendtec-professional-800-mixer-copia\/","url":"https:\/\/www.erresse-shop.it\/de\/shop\/kleine-elektrogeraete\/mixer\/blendtec-professional-800-mixer-copia\/","name":"BLENDTEC Designer Blender 650 Schwarz","isPartOf":{"@id":"https:\/\/www.erresse-shop.it\/de\/#website"},"datePublished":"2024-04-23T08:13:38+00:00","dateModified":"2025-01-16T08:55:57+00:00","description":"Entdecken Sie BLENDTEC Designer Blender 650 Schwarz bei ErresseShop. Qualit\u00e4t, Stil und Funktionalit\u00e4t \u2013 jetzt online bestellen!","breadcrumb":{"@id":"https:\/\/www.erresse-shop.it\/de\/shop\/kleine-elektrogeraete\/mixer\/blendtec-professional-800-mixer-copia\/#breadcrumb"},"inLanguage":"de-DE","potentialAction":[{"@type":"ReadAction","target":["https:\/\/www.erresse-shop.it\/de\/shop\/kleine-elektrogeraete\/mixer\/blendtec-professional-800-mixer-copia\/"]}]},{"@type":"BreadcrumbList","@id":"https:\/\/www.erresse-shop.it\/de\/shop\/kleine-elektrogeraete\/mixer\/blendtec-professional-800-mixer-copia\/#breadcrumb","itemListElement":[{"@type":"ListItem","position":1,"name":"Home","item":"https:\/\/www.erresse-shop.it\/de\/"},{"@type":"ListItem","position":2,"name":"Shop","item":"https:\/\/www.erresse-shop.it\/de\/shop\/"},{"@type":"ListItem","position":3,"name":"BLENDTEC Designer Blender 650 Schwarz"}]},{"@type":"WebSite","@id":"https:\/\/www.erresse-shop.it\/de\/#website","url":"https:\/\/www.erresse-shop.it\/de\/","name":"Erresse Shop","description":"Articoli di qualit\u00e0 per la casa","potentialAction":[{"@type":"SearchAction","target":{"@type":"EntryPoint","urlTemplate":"https:\/\/www.erresse-shop.it\/de\/?s={search_term_string}"},"query-input":"required name=search_term_string"}],"inLanguage":"de-DE"}]}},"df_price":729.95,"df_sale_price":729.95,"df_regular_price":849,"df_image_link":"https:\/\/www.erresse-shop.it\/wp-content\/uploads\/2024\/04\/blendtec-designer-650-nero-300x300.jpg","_links":{"self":[{"href":"https:\/\/www.erresse-shop.it\/de\/wp-json\/wp\/v2\/product\/403286"}],"collection":[{"href":"https:\/\/www.erresse-shop.it\/de\/wp-json\/wp\/v2\/product"}],"about":[{"href":"https:\/\/www.erresse-shop.it\/de\/wp-json\/wp\/v2\/types\/product"}],"wp:featuredmedia":[{"embeddable":true,"href":"https:\/\/www.erresse-shop.it\/de\/wp-json\/wp\/v2\/media\/403302"}],"wp:attachment":[{"href":"https:\/\/www.erresse-shop.it\/de\/wp-json\/wp\/v2\/media?parent=403286"}],"wp:term":[{"taxonomy":"product_cat","embeddable":true,"href":"https:\/\/www.erresse-shop.it\/de\/wp-json\/wp\/v2\/product_cat?post=403286"},{"taxonomy":"product_tag","embeddable":true,"href":"https:\/\/www.erresse-shop.it\/de\/wp-json\/wp\/v2\/product_tag?post=403286"}],"curies":[{"name":"wp","href":"https:\/\/api.w.org\/{rel}","templated":true}]}}