{"id":40306,"date":"2019-10-02T13:10:22","date_gmt":"2019-10-02T13:10:23","guid":{"rendered":"https:\/\/www.erresse-shop.it\/?post_type=product&#038;p=40306"},"modified":"2025-01-17T08:14:09","modified_gmt":"2025-01-17T08:14:09","slug":"le-creuset-gourmet-brater-cm-30-schwarz","status":"publish","type":"product","link":"https:\/\/www.erresse-shop.it\/de\/shop\/toepfe-pfannen\/schmorpfannen\/le-creuset-gourmet-brater-cm-30-schwarz\/","title":{"rendered":"LE CREUSET Gourmet Brater cm 30 Schwarz"},"content":{"rendered":"<p>Le Cocotte <strong>Le Creuset<\/strong> <em>Evolution<\/em> ist ideal f\u00fcr die Zubereitung schmackhafter Gerichte auf der Basis von Fleisch und \/ oder Gem\u00fcse, die Ihre K\u00fcche mit ihren unwiderstehlichen D\u00fcften berauschen werden!<\/p>\n<p>Seit Generationen und Generationen sch\u00e4tzen Familien den klassischen Gusseisenkoks, der W\u00e4rme gleichm\u00e4\u00dfig verteilt. Das Gusseisen, ein ausgezeichneter W\u00e4rmeleiter, ist eines der besten Materialien in der K\u00fcche. Der Boden, die W\u00e4nde und der Deckel haben die gleiche Dicke und sorgen f\u00fcr Absorption und gleichf\u00f6rmige W\u00e4rmeverteilung, ohne \u00fcberhitzte Bereiche zu erzeugen. Das Ergebnis ist, dass Lebensmittel weder brennen noch roh im Inneren bleiben. Au\u00dferdem verlieren sie w\u00e4hrend des Kochens keine Fl\u00fcssigkeit, wodurch sie ihre N\u00e4hrstoffe und Vitamine erhalten k\u00f6nnen.<\/p>\n<p>Gusseisen emailliert:<\/p>\n<p>&#8211; Gleichm\u00e4\u00dfige W\u00e4rmeverteilung ohne \u00dcberhitzungszonen.<br \/>\n&#8211; Ausgezeichnete W\u00e4rmespeicherung.<br \/>\n&#8211; Rostfreier Stahlknopf, der gegen irgendeine Temperatur best\u00e4ndig ist und \/ oder phenoplastischer Knopf best\u00e4ndig bis 180 \u00b0 C.<br \/>\n&#8211; Griffe f\u00fcr optimale Griffigkeit.<br \/>\n&#8211; Innere und \u00e4u\u00dfere verglaste Oberfl\u00e4che. Nimmt keine Feuchtigkeit, Geschmack oder Geruch von Lebensmitteln auf.<br \/>\n&#8211; Kompatibel mit allen W\u00e4rmequellen, einschlie\u00dflich Induktion.<br \/>\n&#8211; Einfache Reinigung.<br \/>\n&#8211; Au\u00dfergew\u00f6hnliche Dauer.<br \/>\n&#8211; Lebenslange Garantie.<\/p>\n<p><a style=\"font-size: 13px;\" href=\"https:\/\/www.youtube.com\/watch?v=HDOljJrHsg0\" target=\"_blank\" rel=\"noopener\">See Movie 1<\/a><br style=\"font-size: 13px;\" \/><a style=\"font-size: 13px;\" href=\"https:\/\/www.youtube.com\/watch?v=ro9F2zRA4gE\" target=\"_blank\" rel=\"noopener\">See Movie 2<\/a><\/p>\n","protected":false},"excerpt":{"rendered":"<p>Le Cocotte Le Creuset Evolution ist ideal f\u00fcr die Zubereitung schmackhafter Gerichte auf der Basis von Fleisch und \/ oder<\/p>\n","protected":false},"featured_media":498490,"template":"","meta":{"_acf_changed":false,"inline_featured_image":false},"product_cat":[6709,14798],"product_tag":[25088,11385,12315,11873,25022,11607,11875,12205],"acf":[],"yoast_head":"<!-- This site is optimized with the Yoast SEO Premium plugin v18.6 (Yoast SEO v19.13) - https:\/\/yoast.com\/wordpress\/plugins\/seo\/ -->\n<title>LE CREUSET Gourmet Brater cm 30 Schwarz<\/title>\n<meta name=\"description\" content=\"Entdecken Sie LE CREUSET Gourmet Brater cm 30 Schwarz bei ErresseShop. Qualit\u00e4t, Stil und Funktionalit\u00e4t \u2013 jetzt online bestellen!\" \/>\n<meta name=\"robots\" content=\"index, follow, max-snippet:-1, max-image-preview:large, max-video-preview:-1\" \/>\n<link rel=\"canonical\" href=\"https:\/\/www.erresse-shop.it\/de\/shop\/toepfe-pfannen\/schmorpfannen\/le-creuset-gourmet-brater-cm-30-schwarz\/\" \/>\n<meta property=\"og:locale\" content=\"de_DE\" \/>\n<meta property=\"og:type\" content=\"article\" \/>\n<meta property=\"og:title\" content=\"LE CREUSET Gourmet Brater cm 30 Schwarz\" \/>\n<meta property=\"og:description\" content=\"Entdecken Sie LE CREUSET Gourmet Brater cm 30 Schwarz bei ErresseShop. Qualit\u00e4t, Stil und Funktionalit\u00e4t \u2013 jetzt online bestellen!\" \/>\n<meta property=\"og:url\" content=\"https:\/\/www.erresse-shop.it\/de\/shop\/toepfe-pfannen\/schmorpfannen\/le-creuset-gourmet-brater-cm-30-schwarz\/\" \/>\n<meta property=\"og:site_name\" content=\"Erresse Shop\" \/>\n<meta property=\"article:modified_time\" content=\"2025-01-17T08:14:09+00:00\" \/>\n<meta property=\"og:image\" content=\"https:\/\/www.erresse-shop.it\/wp-content\/uploads\/2019\/10\/LE-CREUSET-Tegame-Alto-Risotto-in-Ghisa-30-cm-Nero.png\" \/>\n\t<meta property=\"og:image:width\" content=\"800\" \/>\n\t<meta property=\"og:image:height\" content=\"800\" \/>\n\t<meta property=\"og:image:type\" content=\"image\/png\" \/>\n<meta name=\"twitter:card\" content=\"summary_large_image\" \/>\n<script type=\"application\/ld+json\" class=\"yoast-schema-graph\">{\"@context\":\"https:\/\/schema.org\",\"@graph\":[{\"@type\":\"WebPage\",\"@id\":\"https:\/\/www.erresse-shop.it\/de\/shop\/toepfe-pfannen\/schmorpfannen\/le-creuset-gourmet-brater-cm-30-schwarz\/\",\"url\":\"https:\/\/www.erresse-shop.it\/de\/shop\/toepfe-pfannen\/schmorpfannen\/le-creuset-gourmet-brater-cm-30-schwarz\/\",\"name\":\"LE CREUSET Gourmet Brater cm 30 Schwarz\",\"isPartOf\":{\"@id\":\"https:\/\/www.erresse-shop.it\/de\/#website\"},\"datePublished\":\"2019-10-02T13:10:23+00:00\",\"dateModified\":\"2025-01-17T08:14:09+00:00\",\"description\":\"Entdecken Sie LE CREUSET Gourmet Brater cm 30 Schwarz bei ErresseShop. Qualit\u00e4t, Stil und Funktionalit\u00e4t \u2013 jetzt online bestellen!\",\"breadcrumb\":{\"@id\":\"https:\/\/www.erresse-shop.it\/de\/shop\/toepfe-pfannen\/schmorpfannen\/le-creuset-gourmet-brater-cm-30-schwarz\/#breadcrumb\"},\"inLanguage\":\"de-DE\",\"potentialAction\":[{\"@type\":\"ReadAction\",\"target\":[\"https:\/\/www.erresse-shop.it\/de\/shop\/toepfe-pfannen\/schmorpfannen\/le-creuset-gourmet-brater-cm-30-schwarz\/\"]}]},{\"@type\":\"BreadcrumbList\",\"@id\":\"https:\/\/www.erresse-shop.it\/de\/shop\/toepfe-pfannen\/schmorpfannen\/le-creuset-gourmet-brater-cm-30-schwarz\/#breadcrumb\",\"itemListElement\":[{\"@type\":\"ListItem\",\"position\":1,\"name\":\"Home\",\"item\":\"https:\/\/www.erresse-shop.it\/de\/\"},{\"@type\":\"ListItem\",\"position\":2,\"name\":\"Shop\",\"item\":\"https:\/\/www.erresse-shop.it\/de\/shop\/\"},{\"@type\":\"ListItem\",\"position\":3,\"name\":\"LE CREUSET Gourmet Brater cm 30 Schwarz\"}]},{\"@type\":\"WebSite\",\"@id\":\"https:\/\/www.erresse-shop.it\/de\/#website\",\"url\":\"https:\/\/www.erresse-shop.it\/de\/\",\"name\":\"Erresse Shop\",\"description\":\"Articoli di qualit\u00e0 per la casa\",\"potentialAction\":[{\"@type\":\"SearchAction\",\"target\":{\"@type\":\"EntryPoint\",\"urlTemplate\":\"https:\/\/www.erresse-shop.it\/de\/?s={search_term_string}\"},\"query-input\":\"required name=search_term_string\"}],\"inLanguage\":\"de-DE\"}]}<\/script>\n<!-- \/ Yoast SEO Premium plugin. -->","yoast_head_json":{"title":"LE CREUSET Gourmet Brater cm 30 Schwarz","description":"Entdecken Sie LE CREUSET Gourmet Brater cm 30 Schwarz bei ErresseShop. Qualit\u00e4t, Stil und Funktionalit\u00e4t \u2013 jetzt online bestellen!","robots":{"index":"index","follow":"follow","max-snippet":"max-snippet:-1","max-image-preview":"max-image-preview:large","max-video-preview":"max-video-preview:-1"},"canonical":"https:\/\/www.erresse-shop.it\/de\/shop\/toepfe-pfannen\/schmorpfannen\/le-creuset-gourmet-brater-cm-30-schwarz\/","og_locale":"de_DE","og_type":"article","og_title":"LE CREUSET Gourmet Brater cm 30 Schwarz","og_description":"Entdecken Sie LE CREUSET Gourmet Brater cm 30 Schwarz bei ErresseShop. Qualit\u00e4t, Stil und Funktionalit\u00e4t \u2013 jetzt online bestellen!","og_url":"https:\/\/www.erresse-shop.it\/de\/shop\/toepfe-pfannen\/schmorpfannen\/le-creuset-gourmet-brater-cm-30-schwarz\/","og_site_name":"Erresse Shop","article_modified_time":"2025-01-17T08:14:09+00:00","og_image":[{"width":800,"height":800,"url":"https:\/\/www.erresse-shop.it\/wp-content\/uploads\/2019\/10\/LE-CREUSET-Tegame-Alto-Risotto-in-Ghisa-30-cm-Nero.png","type":"image\/png"}],"twitter_card":"summary_large_image","schema":{"@context":"https:\/\/schema.org","@graph":[{"@type":"WebPage","@id":"https:\/\/www.erresse-shop.it\/de\/shop\/toepfe-pfannen\/schmorpfannen\/le-creuset-gourmet-brater-cm-30-schwarz\/","url":"https:\/\/www.erresse-shop.it\/de\/shop\/toepfe-pfannen\/schmorpfannen\/le-creuset-gourmet-brater-cm-30-schwarz\/","name":"LE CREUSET Gourmet Brater cm 30 Schwarz","isPartOf":{"@id":"https:\/\/www.erresse-shop.it\/de\/#website"},"datePublished":"2019-10-02T13:10:23+00:00","dateModified":"2025-01-17T08:14:09+00:00","description":"Entdecken Sie LE CREUSET Gourmet Brater cm 30 Schwarz bei ErresseShop. Qualit\u00e4t, Stil und Funktionalit\u00e4t \u2013 jetzt online bestellen!","breadcrumb":{"@id":"https:\/\/www.erresse-shop.it\/de\/shop\/toepfe-pfannen\/schmorpfannen\/le-creuset-gourmet-brater-cm-30-schwarz\/#breadcrumb"},"inLanguage":"de-DE","potentialAction":[{"@type":"ReadAction","target":["https:\/\/www.erresse-shop.it\/de\/shop\/toepfe-pfannen\/schmorpfannen\/le-creuset-gourmet-brater-cm-30-schwarz\/"]}]},{"@type":"BreadcrumbList","@id":"https:\/\/www.erresse-shop.it\/de\/shop\/toepfe-pfannen\/schmorpfannen\/le-creuset-gourmet-brater-cm-30-schwarz\/#breadcrumb","itemListElement":[{"@type":"ListItem","position":1,"name":"Home","item":"https:\/\/www.erresse-shop.it\/de\/"},{"@type":"ListItem","position":2,"name":"Shop","item":"https:\/\/www.erresse-shop.it\/de\/shop\/"},{"@type":"ListItem","position":3,"name":"LE CREUSET Gourmet Brater cm 30 Schwarz"}]},{"@type":"WebSite","@id":"https:\/\/www.erresse-shop.it\/de\/#website","url":"https:\/\/www.erresse-shop.it\/de\/","name":"Erresse Shop","description":"Articoli di qualit\u00e0 per la casa","potentialAction":[{"@type":"SearchAction","target":{"@type":"EntryPoint","urlTemplate":"https:\/\/www.erresse-shop.it\/de\/?s={search_term_string}"},"query-input":"required name=search_term_string"}],"inLanguage":"de-DE"}]}},"df_price":159.75,"df_sale_price":159.75,"df_regular_price":355,"df_image_link":"https:\/\/www.erresse-shop.it\/wp-content\/uploads\/2019\/10\/LE-CREUSET-Tegame-Alto-Risotto-in-Ghisa-30-cm-Nero-300x300.jpg","_links":{"self":[{"href":"https:\/\/www.erresse-shop.it\/de\/wp-json\/wp\/v2\/product\/40306"}],"collection":[{"href":"https:\/\/www.erresse-shop.it\/de\/wp-json\/wp\/v2\/product"}],"about":[{"href":"https:\/\/www.erresse-shop.it\/de\/wp-json\/wp\/v2\/types\/product"}],"wp:featuredmedia":[{"embeddable":true,"href":"https:\/\/www.erresse-shop.it\/de\/wp-json\/wp\/v2\/media\/498490"}],"wp:attachment":[{"href":"https:\/\/www.erresse-shop.it\/de\/wp-json\/wp\/v2\/media?parent=40306"}],"wp:term":[{"taxonomy":"product_cat","embeddable":true,"href":"https:\/\/www.erresse-shop.it\/de\/wp-json\/wp\/v2\/product_cat?post=40306"},{"taxonomy":"product_tag","embeddable":true,"href":"https:\/\/www.erresse-shop.it\/de\/wp-json\/wp\/v2\/product_tag?post=40306"}],"curies":[{"name":"wp","href":"https:\/\/api.w.org\/{rel}","templated":true}]}}