{"id":402531,"date":"2024-04-16T09:38:09","date_gmt":"2024-04-16T09:38:13","guid":{"rendered":"https:\/\/www.erresse-shop.it\/?post_type=product&#038;p=402531"},"modified":"2025-01-16T13:12:30","modified_gmt":"2025-01-16T13:12:30","slug":"cilio-plaid-picknick-wochenende-copia","status":"publish","type":"product","link":"https:\/\/www.erresse-shop.it\/de\/shop\/tisch\/picknickkoerbe\/cilio-plaid-picknick-wochenende-copia\/","title":{"rendered":"CILIO Plaid Picknick Strand"},"content":{"rendered":"<p>Hier kommt die Wochenendstimmung! Die <strong>Picknickdecke Beach von cilio<\/strong> l\u00e4dt dazu ein, in die Wolken zu schauen, die Gedanken schweifen zu lassen und die Seele baumeln zu lassen. Die wasserabweisende Unterseite h\u00e4lt die Feuchtigkeit drau\u00dfen, w\u00e4hrend der weiche Flanell mit attraktivem Karomuster die Oberseite w\u00e4rmt. Genie\u00dfen Sie Ihre Auszeit vom hektischen Alltag im Wald, im Stadtgarten oder am See. Die Liegefl\u00e4che ist ausreichend gro\u00df und unempfindlich gegen Schmutz &#8211; auch das tr\u00e4gt zur Entspannung bei. Zum Transport wird die Liege mit dem praktischen Tragegriff und Klettverschluss klein und passt in die Fahrradtasche.<\/p>\n<p>Mit Tragegriff und Klettverschluss.<\/p>\n<p><strong>Abmessungen<\/strong>: 200 x 200 cm<br \/>\n<strong>Material<\/strong>: Flanell, gummierte und wasserabweisende Unterlage<\/p>\n<p><strong>Cilio<\/strong> wurde <strong>1993 in Solingen<\/strong> gegr\u00fcndet, wo das Unternehmen auch heute noch ans\u00e4ssig ist. Von Anfang an hat Cilio gro\u00dfen Wert darauf gelegt, hochwertige Materialien, unverwechselbares Design, exzellente handwerkliche und industrielle Verarbeitung mit perfektem Nutzen zu verbinden. Diese Philosophie zieht sich durch alle Bereiche.<\/p>\n","protected":false},"excerpt":{"rendered":"<p>Hier kommt die Wochenendstimmung! Die Picknickdecke Beach von cilio l\u00e4dt dazu ein, in die Wolken zu schauen, die Gedanken schweifen<\/p>\n","protected":false},"featured_media":457129,"template":"","meta":{"_acf_changed":false,"inline_featured_image":false},"product_cat":[6787,15508],"product_tag":[25027,24604,15501,25022],"acf":[],"yoast_head":"<!-- This site is optimized with the Yoast SEO Premium plugin v18.6 (Yoast SEO v19.13) - https:\/\/yoast.com\/wordpress\/plugins\/seo\/ -->\n<title>CILIO Plaid Picknick Strand<\/title>\n<meta name=\"description\" content=\"Entdecken Sie CILIO Plaid Picknick Strand bei ErresseShop. Qualit\u00e4t, Stil und Funktionalit\u00e4t \u2013 jetzt online bestellen!\" \/>\n<meta name=\"robots\" content=\"index, follow, max-snippet:-1, max-image-preview:large, max-video-preview:-1\" \/>\n<link rel=\"canonical\" href=\"https:\/\/www.erresse-shop.it\/de\/shop\/tisch\/picknickkoerbe\/cilio-plaid-picknick-wochenende-copia\/\" \/>\n<meta property=\"og:locale\" content=\"de_DE\" \/>\n<meta property=\"og:type\" content=\"article\" \/>\n<meta property=\"og:title\" content=\"CILIO Plaid Picknick Strand\" \/>\n<meta property=\"og:description\" content=\"Entdecken Sie CILIO Plaid Picknick Strand bei ErresseShop. Qualit\u00e4t, Stil und Funktionalit\u00e4t \u2013 jetzt online bestellen!\" \/>\n<meta property=\"og:url\" content=\"https:\/\/www.erresse-shop.it\/de\/shop\/tisch\/picknickkoerbe\/cilio-plaid-picknick-wochenende-copia\/\" \/>\n<meta property=\"og:site_name\" content=\"Erresse Shop\" \/>\n<meta property=\"article:modified_time\" content=\"2025-01-16T13:12:30+00:00\" \/>\n<meta property=\"og:image\" content=\"https:\/\/www.erresse-shop.it\/wp-content\/uploads\/2024\/04\/CILIO-Plaid-Picnic-Beach.jpg\" \/>\n\t<meta property=\"og:image:width\" content=\"1200\" \/>\n\t<meta property=\"og:image:height\" content=\"1200\" \/>\n\t<meta property=\"og:image:type\" content=\"image\/jpeg\" \/>\n<meta name=\"twitter:card\" content=\"summary_large_image\" \/>\n<script type=\"application\/ld+json\" class=\"yoast-schema-graph\">{\"@context\":\"https:\/\/schema.org\",\"@graph\":[{\"@type\":\"WebPage\",\"@id\":\"https:\/\/www.erresse-shop.it\/de\/shop\/tisch\/picknickkoerbe\/cilio-plaid-picknick-wochenende-copia\/\",\"url\":\"https:\/\/www.erresse-shop.it\/de\/shop\/tisch\/picknickkoerbe\/cilio-plaid-picknick-wochenende-copia\/\",\"name\":\"CILIO Plaid Picknick Strand\",\"isPartOf\":{\"@id\":\"https:\/\/www.erresse-shop.it\/de\/#website\"},\"datePublished\":\"2024-04-16T09:38:13+00:00\",\"dateModified\":\"2025-01-16T13:12:30+00:00\",\"description\":\"Entdecken Sie CILIO Plaid Picknick Strand bei ErresseShop. Qualit\u00e4t, Stil und Funktionalit\u00e4t \u2013 jetzt online bestellen!\",\"breadcrumb\":{\"@id\":\"https:\/\/www.erresse-shop.it\/de\/shop\/tisch\/picknickkoerbe\/cilio-plaid-picknick-wochenende-copia\/#breadcrumb\"},\"inLanguage\":\"de-DE\",\"potentialAction\":[{\"@type\":\"ReadAction\",\"target\":[\"https:\/\/www.erresse-shop.it\/de\/shop\/tisch\/picknickkoerbe\/cilio-plaid-picknick-wochenende-copia\/\"]}]},{\"@type\":\"BreadcrumbList\",\"@id\":\"https:\/\/www.erresse-shop.it\/de\/shop\/tisch\/picknickkoerbe\/cilio-plaid-picknick-wochenende-copia\/#breadcrumb\",\"itemListElement\":[{\"@type\":\"ListItem\",\"position\":1,\"name\":\"Home\",\"item\":\"https:\/\/www.erresse-shop.it\/de\/\"},{\"@type\":\"ListItem\",\"position\":2,\"name\":\"Shop\",\"item\":\"https:\/\/www.erresse-shop.it\/de\/shop\/\"},{\"@type\":\"ListItem\",\"position\":3,\"name\":\"CILIO Plaid Picknick Strand\"}]},{\"@type\":\"WebSite\",\"@id\":\"https:\/\/www.erresse-shop.it\/de\/#website\",\"url\":\"https:\/\/www.erresse-shop.it\/de\/\",\"name\":\"Erresse Shop\",\"description\":\"Articoli di qualit\u00e0 per la casa\",\"potentialAction\":[{\"@type\":\"SearchAction\",\"target\":{\"@type\":\"EntryPoint\",\"urlTemplate\":\"https:\/\/www.erresse-shop.it\/de\/?s={search_term_string}\"},\"query-input\":\"required name=search_term_string\"}],\"inLanguage\":\"de-DE\"}]}<\/script>\n<!-- \/ Yoast SEO Premium plugin. -->","yoast_head_json":{"title":"CILIO Plaid Picknick Strand","description":"Entdecken Sie CILIO Plaid Picknick Strand bei ErresseShop. Qualit\u00e4t, Stil und Funktionalit\u00e4t \u2013 jetzt online bestellen!","robots":{"index":"index","follow":"follow","max-snippet":"max-snippet:-1","max-image-preview":"max-image-preview:large","max-video-preview":"max-video-preview:-1"},"canonical":"https:\/\/www.erresse-shop.it\/de\/shop\/tisch\/picknickkoerbe\/cilio-plaid-picknick-wochenende-copia\/","og_locale":"de_DE","og_type":"article","og_title":"CILIO Plaid Picknick Strand","og_description":"Entdecken Sie CILIO Plaid Picknick Strand bei ErresseShop. Qualit\u00e4t, Stil und Funktionalit\u00e4t \u2013 jetzt online bestellen!","og_url":"https:\/\/www.erresse-shop.it\/de\/shop\/tisch\/picknickkoerbe\/cilio-plaid-picknick-wochenende-copia\/","og_site_name":"Erresse Shop","article_modified_time":"2025-01-16T13:12:30+00:00","og_image":[{"width":1200,"height":1200,"url":"https:\/\/www.erresse-shop.it\/wp-content\/uploads\/2024\/04\/CILIO-Plaid-Picnic-Beach.jpg","type":"image\/jpeg"}],"twitter_card":"summary_large_image","schema":{"@context":"https:\/\/schema.org","@graph":[{"@type":"WebPage","@id":"https:\/\/www.erresse-shop.it\/de\/shop\/tisch\/picknickkoerbe\/cilio-plaid-picknick-wochenende-copia\/","url":"https:\/\/www.erresse-shop.it\/de\/shop\/tisch\/picknickkoerbe\/cilio-plaid-picknick-wochenende-copia\/","name":"CILIO Plaid Picknick Strand","isPartOf":{"@id":"https:\/\/www.erresse-shop.it\/de\/#website"},"datePublished":"2024-04-16T09:38:13+00:00","dateModified":"2025-01-16T13:12:30+00:00","description":"Entdecken Sie CILIO Plaid Picknick Strand bei ErresseShop. Qualit\u00e4t, Stil und Funktionalit\u00e4t \u2013 jetzt online bestellen!","breadcrumb":{"@id":"https:\/\/www.erresse-shop.it\/de\/shop\/tisch\/picknickkoerbe\/cilio-plaid-picknick-wochenende-copia\/#breadcrumb"},"inLanguage":"de-DE","potentialAction":[{"@type":"ReadAction","target":["https:\/\/www.erresse-shop.it\/de\/shop\/tisch\/picknickkoerbe\/cilio-plaid-picknick-wochenende-copia\/"]}]},{"@type":"BreadcrumbList","@id":"https:\/\/www.erresse-shop.it\/de\/shop\/tisch\/picknickkoerbe\/cilio-plaid-picknick-wochenende-copia\/#breadcrumb","itemListElement":[{"@type":"ListItem","position":1,"name":"Home","item":"https:\/\/www.erresse-shop.it\/de\/"},{"@type":"ListItem","position":2,"name":"Shop","item":"https:\/\/www.erresse-shop.it\/de\/shop\/"},{"@type":"ListItem","position":3,"name":"CILIO Plaid Picknick Strand"}]},{"@type":"WebSite","@id":"https:\/\/www.erresse-shop.it\/de\/#website","url":"https:\/\/www.erresse-shop.it\/de\/","name":"Erresse Shop","description":"Articoli di qualit\u00e0 per la casa","potentialAction":[{"@type":"SearchAction","target":{"@type":"EntryPoint","urlTemplate":"https:\/\/www.erresse-shop.it\/de\/?s={search_term_string}"},"query-input":"required name=search_term_string"}],"inLanguage":"de-DE"}]}},"df_price":39.95,"df_sale_price":39.95,"df_regular_price":45.5,"df_image_link":"https:\/\/www.erresse-shop.it\/wp-content\/uploads\/2024\/04\/CILIO-Plaid-Picnic-Beach-300x300.jpg","_links":{"self":[{"href":"https:\/\/www.erresse-shop.it\/de\/wp-json\/wp\/v2\/product\/402531"}],"collection":[{"href":"https:\/\/www.erresse-shop.it\/de\/wp-json\/wp\/v2\/product"}],"about":[{"href":"https:\/\/www.erresse-shop.it\/de\/wp-json\/wp\/v2\/types\/product"}],"wp:featuredmedia":[{"embeddable":true,"href":"https:\/\/www.erresse-shop.it\/de\/wp-json\/wp\/v2\/media\/457129"}],"wp:attachment":[{"href":"https:\/\/www.erresse-shop.it\/de\/wp-json\/wp\/v2\/media?parent=402531"}],"wp:term":[{"taxonomy":"product_cat","embeddable":true,"href":"https:\/\/www.erresse-shop.it\/de\/wp-json\/wp\/v2\/product_cat?post=402531"},{"taxonomy":"product_tag","embeddable":true,"href":"https:\/\/www.erresse-shop.it\/de\/wp-json\/wp\/v2\/product_tag?post=402531"}],"curies":[{"name":"wp","href":"https:\/\/api.w.org\/{rel}","templated":true}]}}