{"id":402488,"date":"2024-04-16T08:52:40","date_gmt":"2024-04-16T08:52:44","guid":{"rendered":"https:\/\/www.erresse-shop.it\/?post_type=product&#038;p=402488"},"modified":"2026-02-13T12:15:06","modified_gmt":"2026-02-13T12:15:06","slug":"cilio-salerno-korb-picknick-copia","status":"publish","type":"product","link":"https:\/\/www.erresse-shop.it\/de\/shop\/tisch\/picknickkoerbe\/cilio-salerno-korb-picknick-copia\/","title":{"rendered":"CILIO Palermo Korb Picknick"},"content":{"rendered":"<p><span class=\"HwtZe\" lang=\"de\"><span class=\"jCAhz\"><span class=\"ryNqvb\">\u00dcberraschung!<\/span><\/span> <span class=\"jCAhz ChMk0b\"><span class=\"ryNqvb\">Heute gibt es ein entspanntes und sch\u00f6nes Mittagessen mit der Familie in einer gr\u00fcnen Oase.<\/span><\/span><span class=\"jCAhz ChMk0b\"><span class=\"ryNqvb\"> Oder wir genie\u00dfen ein Abendessen im Freien bei Kerzenschein.<\/span><\/span> <span class=\"jCAhz ChMk0b\"><span class=\"ryNqvb\">Der Cilio Palermo Picknickkorb enth\u00e4lt alles, was Sie f\u00fcr ein Familienessen oder ein romantisches Abendessen ben\u00f6tigen.<\/span><\/span><span class=\"jCAhz ChMk0b\"><span class=\"ryNqvb\"> Er ist komplett ausgestattet mit Besteck, Gl\u00e4sern und Tellern f\u00fcr vier Personen.<\/span><\/span> <span class=\"jCAhz ChMk0b\"><span class=\"ryNqvb\">Jeder Korb bietet ausreichend Platz f\u00fcr Ihre Lieblingsgerichte, Teelichter und ein Thermofach, um Speisen warmzuhalten.<\/span><\/span><span class=\"jCAhz ChMk0b\"><span class=\"ryNqvb\"> Innenliegende Gurte verhindern, dass etwas herunterf\u00e4llt;<\/span><\/span> <span class=\"jCAhz ChMk0b\"><span class=\"ryNqvb\">der stabile Tragegriff sorgt f\u00fcr sicheren Halt.<\/span><\/span><\/span><\/p>\n<p>Im Inneren finden Sie:<\/p>\n<ul>\n<li>4 Keramikschalen 18 cm<\/li>\n<li>4 Glasbecher<\/li>\n<li>Besteck f\u00fcr 4 Personen<\/li>\n<li>1 Schneidebrett 14 x 14 cm<\/li>\n<li>Verstellbarer Schultergurt aus Polyester<\/li>\n<li>Thermofach<\/li>\n<\/ul>\n<p><strong>Abmessungen<\/strong>: 65 x 34,5 x 26 cm<br \/>\n<strong>Material<\/strong>: Weide und Kiefer<\/p>\n<p><strong>Cilio<\/strong> wurde <strong>1993 in Solingen<\/strong> gegr\u00fcndet, wo das Unternehmen auch heute noch ans\u00e4ssig ist. Von Anfang an hat Cilio gro\u00dfen Wert darauf gelegt, hochwertige Materialien, unverwechselbares Design, exzellente Handwerkskunst und industrielle Verarbeitung mit perfektem Nutzen zu verbinden. Diese Philosophie zieht sich durch alle Bereiche.<\/p>\n","protected":false},"excerpt":{"rendered":"<p>\u00dcberraschung! Heute gibt es ein entspanntes und sch\u00f6nes Mittagessen mit der Familie in einer gr\u00fcnen Oase. Oder wir genie\u00dfen ein<\/p>\n","protected":false},"featured_media":431268,"template":"","meta":{"_acf_changed":false,"inline_featured_image":false},"product_cat":[6787,15508],"product_tag":[25027,24604,15501,25022],"acf":[],"yoast_head":"<!-- This site is optimized with the Yoast SEO Premium plugin v18.6 (Yoast SEO v19.13) - https:\/\/yoast.com\/wordpress\/plugins\/seo\/ -->\n<title>CILIO Palermo Korb Picknick<\/title>\n<meta name=\"description\" content=\"Entdecken Sie CILIO Palermo Korb Picknick bei ErresseShop. Qualit\u00e4t, Stil und Funktionalit\u00e4t \u2013 jetzt online bestellen!\" \/>\n<meta name=\"robots\" content=\"index, follow, max-snippet:-1, max-image-preview:large, max-video-preview:-1\" \/>\n<link rel=\"canonical\" href=\"https:\/\/www.erresse-shop.it\/de\/shop\/tisch\/picknickkoerbe\/cilio-salerno-korb-picknick-copia\/\" \/>\n<meta property=\"og:locale\" content=\"de_DE\" \/>\n<meta property=\"og:type\" content=\"article\" \/>\n<meta property=\"og:title\" content=\"CILIO Palermo Korb Picknick\" \/>\n<meta property=\"og:description\" content=\"Entdecken Sie CILIO Palermo Korb Picknick bei ErresseShop. Qualit\u00e4t, Stil und Funktionalit\u00e4t \u2013 jetzt online bestellen!\" \/>\n<meta property=\"og:url\" content=\"https:\/\/www.erresse-shop.it\/de\/shop\/tisch\/picknickkoerbe\/cilio-salerno-korb-picknick-copia\/\" \/>\n<meta property=\"og:site_name\" content=\"Erresse Shop\" \/>\n<meta property=\"article:modified_time\" content=\"2026-02-13T12:15:06+00:00\" \/>\n<meta property=\"og:image\" content=\"https:\/\/www.erresse-shop.it\/wp-content\/uploads\/2024\/04\/CILIO-Cestino-Picnic-Palermo.jpg\" \/>\n\t<meta property=\"og:image:width\" content=\"800\" \/>\n\t<meta property=\"og:image:height\" content=\"800\" \/>\n\t<meta property=\"og:image:type\" content=\"image\/jpeg\" \/>\n<meta name=\"twitter:card\" content=\"summary_large_image\" \/>\n<script type=\"application\/ld+json\" class=\"yoast-schema-graph\">{\"@context\":\"https:\/\/schema.org\",\"@graph\":[{\"@type\":\"WebPage\",\"@id\":\"https:\/\/www.erresse-shop.it\/de\/shop\/tisch\/picknickkoerbe\/cilio-salerno-korb-picknick-copia\/\",\"url\":\"https:\/\/www.erresse-shop.it\/de\/shop\/tisch\/picknickkoerbe\/cilio-salerno-korb-picknick-copia\/\",\"name\":\"CILIO Palermo Korb Picknick\",\"isPartOf\":{\"@id\":\"https:\/\/www.erresse-shop.it\/de\/#website\"},\"datePublished\":\"2024-04-16T08:52:44+00:00\",\"dateModified\":\"2026-02-13T12:15:06+00:00\",\"description\":\"Entdecken Sie CILIO Palermo Korb Picknick bei ErresseShop. Qualit\u00e4t, Stil und Funktionalit\u00e4t \u2013 jetzt online bestellen!\",\"breadcrumb\":{\"@id\":\"https:\/\/www.erresse-shop.it\/de\/shop\/tisch\/picknickkoerbe\/cilio-salerno-korb-picknick-copia\/#breadcrumb\"},\"inLanguage\":\"de-DE\",\"potentialAction\":[{\"@type\":\"ReadAction\",\"target\":[\"https:\/\/www.erresse-shop.it\/de\/shop\/tisch\/picknickkoerbe\/cilio-salerno-korb-picknick-copia\/\"]}]},{\"@type\":\"BreadcrumbList\",\"@id\":\"https:\/\/www.erresse-shop.it\/de\/shop\/tisch\/picknickkoerbe\/cilio-salerno-korb-picknick-copia\/#breadcrumb\",\"itemListElement\":[{\"@type\":\"ListItem\",\"position\":1,\"name\":\"Home\",\"item\":\"https:\/\/www.erresse-shop.it\/de\/\"},{\"@type\":\"ListItem\",\"position\":2,\"name\":\"Shop\",\"item\":\"https:\/\/www.erresse-shop.it\/de\/shop\/\"},{\"@type\":\"ListItem\",\"position\":3,\"name\":\"CILIO Palermo Korb Picknick\"}]},{\"@type\":\"WebSite\",\"@id\":\"https:\/\/www.erresse-shop.it\/de\/#website\",\"url\":\"https:\/\/www.erresse-shop.it\/de\/\",\"name\":\"Erresse Shop\",\"description\":\"Articoli di qualit\u00e0 per la casa\",\"potentialAction\":[{\"@type\":\"SearchAction\",\"target\":{\"@type\":\"EntryPoint\",\"urlTemplate\":\"https:\/\/www.erresse-shop.it\/de\/?s={search_term_string}\"},\"query-input\":\"required name=search_term_string\"}],\"inLanguage\":\"de-DE\"}]}<\/script>\n<!-- \/ Yoast SEO Premium plugin. -->","yoast_head_json":{"title":"CILIO Palermo Korb Picknick","description":"Entdecken Sie CILIO Palermo Korb Picknick bei ErresseShop. Qualit\u00e4t, Stil und Funktionalit\u00e4t \u2013 jetzt online bestellen!","robots":{"index":"index","follow":"follow","max-snippet":"max-snippet:-1","max-image-preview":"max-image-preview:large","max-video-preview":"max-video-preview:-1"},"canonical":"https:\/\/www.erresse-shop.it\/de\/shop\/tisch\/picknickkoerbe\/cilio-salerno-korb-picknick-copia\/","og_locale":"de_DE","og_type":"article","og_title":"CILIO Palermo Korb Picknick","og_description":"Entdecken Sie CILIO Palermo Korb Picknick bei ErresseShop. Qualit\u00e4t, Stil und Funktionalit\u00e4t \u2013 jetzt online bestellen!","og_url":"https:\/\/www.erresse-shop.it\/de\/shop\/tisch\/picknickkoerbe\/cilio-salerno-korb-picknick-copia\/","og_site_name":"Erresse Shop","article_modified_time":"2026-02-13T12:15:06+00:00","og_image":[{"width":800,"height":800,"url":"https:\/\/www.erresse-shop.it\/wp-content\/uploads\/2024\/04\/CILIO-Cestino-Picnic-Palermo.jpg","type":"image\/jpeg"}],"twitter_card":"summary_large_image","schema":{"@context":"https:\/\/schema.org","@graph":[{"@type":"WebPage","@id":"https:\/\/www.erresse-shop.it\/de\/shop\/tisch\/picknickkoerbe\/cilio-salerno-korb-picknick-copia\/","url":"https:\/\/www.erresse-shop.it\/de\/shop\/tisch\/picknickkoerbe\/cilio-salerno-korb-picknick-copia\/","name":"CILIO Palermo Korb Picknick","isPartOf":{"@id":"https:\/\/www.erresse-shop.it\/de\/#website"},"datePublished":"2024-04-16T08:52:44+00:00","dateModified":"2026-02-13T12:15:06+00:00","description":"Entdecken Sie CILIO Palermo Korb Picknick bei ErresseShop. Qualit\u00e4t, Stil und Funktionalit\u00e4t \u2013 jetzt online bestellen!","breadcrumb":{"@id":"https:\/\/www.erresse-shop.it\/de\/shop\/tisch\/picknickkoerbe\/cilio-salerno-korb-picknick-copia\/#breadcrumb"},"inLanguage":"de-DE","potentialAction":[{"@type":"ReadAction","target":["https:\/\/www.erresse-shop.it\/de\/shop\/tisch\/picknickkoerbe\/cilio-salerno-korb-picknick-copia\/"]}]},{"@type":"BreadcrumbList","@id":"https:\/\/www.erresse-shop.it\/de\/shop\/tisch\/picknickkoerbe\/cilio-salerno-korb-picknick-copia\/#breadcrumb","itemListElement":[{"@type":"ListItem","position":1,"name":"Home","item":"https:\/\/www.erresse-shop.it\/de\/"},{"@type":"ListItem","position":2,"name":"Shop","item":"https:\/\/www.erresse-shop.it\/de\/shop\/"},{"@type":"ListItem","position":3,"name":"CILIO Palermo Korb Picknick"}]},{"@type":"WebSite","@id":"https:\/\/www.erresse-shop.it\/de\/#website","url":"https:\/\/www.erresse-shop.it\/de\/","name":"Erresse Shop","description":"Articoli di qualit\u00e0 per la casa","potentialAction":[{"@type":"SearchAction","target":{"@type":"EntryPoint","urlTemplate":"https:\/\/www.erresse-shop.it\/de\/?s={search_term_string}"},"query-input":"required name=search_term_string"}],"inLanguage":"de-DE"}]}},"df_price":149.95,"df_sale_price":149.95,"df_regular_price":209.9,"df_image_link":"https:\/\/www.erresse-shop.it\/wp-content\/uploads\/2024\/04\/CILIO-Cestino-Picnic-Palermo-300x300.jpg","_links":{"self":[{"href":"https:\/\/www.erresse-shop.it\/de\/wp-json\/wp\/v2\/product\/402488"}],"collection":[{"href":"https:\/\/www.erresse-shop.it\/de\/wp-json\/wp\/v2\/product"}],"about":[{"href":"https:\/\/www.erresse-shop.it\/de\/wp-json\/wp\/v2\/types\/product"}],"wp:featuredmedia":[{"embeddable":true,"href":"https:\/\/www.erresse-shop.it\/de\/wp-json\/wp\/v2\/media\/431268"}],"wp:attachment":[{"href":"https:\/\/www.erresse-shop.it\/de\/wp-json\/wp\/v2\/media?parent=402488"}],"wp:term":[{"taxonomy":"product_cat","embeddable":true,"href":"https:\/\/www.erresse-shop.it\/de\/wp-json\/wp\/v2\/product_cat?post=402488"},{"taxonomy":"product_tag","embeddable":true,"href":"https:\/\/www.erresse-shop.it\/de\/wp-json\/wp\/v2\/product_tag?post=402488"}],"curies":[{"name":"wp","href":"https:\/\/api.w.org\/{rel}","templated":true}]}}