{"id":402335,"date":"2024-04-16T07:02:37","date_gmt":"2024-04-16T07:02:39","guid":{"rendered":"https:\/\/www.erresse-shop.it\/?post_type=product&#038;p=402335"},"modified":"2025-01-22T07:20:56","modified_gmt":"2025-01-22T07:20:56","slug":"zwilling-focus-set-5-kochgeschirr-copia","status":"publish","type":"product","link":"https:\/\/www.erresse-shop.it\/de\/shop\/toepfe-pfannen\/topfsets\/zwilling-focus-set-5-kochgeschirr-copia\/","title":{"rendered":"ZWILLING Vitality Set 5 Kochgeschirr"},"content":{"rendered":"<p>Dank des SIGMA Classic+ Sandwichbodens ist er f\u00fcr alle Herdarten geeignet, auch f\u00fcr Induktionskochfelder. Die W\u00e4rme wird gleichm\u00e4\u00dfig \u00fcber den gesamten Boden verteilt und lange gespeichert, w\u00e4hrend die Stay Cool Griffe lange k\u00fchl bleiben. Der Kocher ist mit einem praktischen Glasdeckel ausgestattet, mit dem Sie den Kochvorgang jederzeit kontrollieren k\u00f6nnen, ohne ihn anheben zu m\u00fcssen. Auf diese Weise bleiben Dampf und W\u00e4rme im Topf und Sie sparen Energie. Der Topf entlastet Sie auch von einer anderen wichtigen Aufgabe: dem Abwasch. Denn die Produkte der Vitality-Kollektion sind sp\u00fclmaschinengeeignet. Das von Stefan Sch\u00f6ning entworfene Design ist sch\u00f6n schlicht und \u00e4u\u00dferst funktional. Ob auf dem Herd, in der Anrichte oder auf dem Tisch, dieses Kochgeschirr macht \u00fcberall eine gute Figur.<\/p>\n<p>Hygienische, geschmacksneutrale Oberfl\u00e4che aus Edelstahl 18\/10<br \/>\nSIGMA Classic+ Sandwichboden, geeignet f\u00fcr Induktionskochfelder<br \/>\nHervorragende W\u00e4rmeentwicklung und -verteilung \u00fcber den gesamten Boden<br \/>\nSolide Stay-Cool-Edelstahlgriffe<br \/>\nDeckel mit Silikon-Innenstruktur, abgedeckt mit einem Edelstahlschutz, f\u00fcr energie- und wassersparendes Kochen<br \/>\nGeeignet f\u00fcr alle Herdarten, einschlie\u00dflich Induktionskochfelder.<\/p>\n<p><strong>Im Inneren finden Sie:<\/strong><\/p>\n<p>1 Stielkasserolle 20 cm<br \/>\n1 Stielkasserolle (16 cm)<br \/>\n1 Stielkasserolle (16 cm)<br \/>\n1 Stielkasserolle 20 cm<br \/>\n1 Stielkasserolle (24 cm)<\/p>\n<p><strong>Sp\u00fclmaschinenfest. Kann auch im Backofen verwendet werden.<\/strong><\/p>\n","protected":false},"excerpt":{"rendered":"<p>Dank des SIGMA Classic+ Sandwichbodens ist er f\u00fcr alle Herdarten geeignet, auch f\u00fcr Induktionskochfelder. Die W\u00e4rme wird gleichm\u00e4\u00dfig \u00fcber den<\/p>\n","protected":false},"featured_media":402344,"template":"","meta":{"_acf_changed":false,"inline_featured_image":false},"product_cat":[6709,14781],"product_tag":[25038,25022],"acf":[],"yoast_head":"<!-- This site is optimized with the Yoast SEO Premium plugin v18.6 (Yoast SEO v19.13) - https:\/\/yoast.com\/wordpress\/plugins\/seo\/ -->\n<title>ZWILLING Vitality Set 5 Kochgeschirr<\/title>\n<meta name=\"description\" content=\"Entdecken Sie ZWILLING Vitality Set 5 Kochgeschirr bei ErresseShop. Qualit\u00e4t, Stil und Funktionalit\u00e4t \u2013 jetzt online bestellen!\" \/>\n<meta name=\"robots\" content=\"index, follow, max-snippet:-1, max-image-preview:large, max-video-preview:-1\" \/>\n<link rel=\"canonical\" href=\"https:\/\/www.erresse-shop.it\/de\/shop\/toepfe-pfannen\/topfsets\/zwilling-focus-set-5-kochgeschirr-copia\/\" \/>\n<meta property=\"og:locale\" content=\"de_DE\" \/>\n<meta property=\"og:type\" content=\"article\" \/>\n<meta property=\"og:title\" content=\"ZWILLING Vitality Set 5 Kochgeschirr\" \/>\n<meta property=\"og:description\" content=\"Entdecken Sie ZWILLING Vitality Set 5 Kochgeschirr bei ErresseShop. Qualit\u00e4t, Stil und Funktionalit\u00e4t \u2013 jetzt online bestellen!\" \/>\n<meta property=\"og:url\" content=\"https:\/\/www.erresse-shop.it\/de\/shop\/toepfe-pfannen\/topfsets\/zwilling-focus-set-5-kochgeschirr-copia\/\" \/>\n<meta property=\"og:site_name\" content=\"Erresse Shop\" \/>\n<meta property=\"article:modified_time\" content=\"2025-01-22T07:20:56+00:00\" \/>\n<meta property=\"og:image\" content=\"https:\/\/www.erresse-shop.it\/wp-content\/uploads\/2024\/04\/zwilling-set-5-pentole-vitality.jpg\" \/>\n\t<meta property=\"og:image:width\" content=\"800\" \/>\n\t<meta property=\"og:image:height\" content=\"800\" \/>\n\t<meta property=\"og:image:type\" content=\"image\/jpeg\" \/>\n<meta name=\"twitter:card\" content=\"summary_large_image\" \/>\n<script type=\"application\/ld+json\" class=\"yoast-schema-graph\">{\"@context\":\"https:\/\/schema.org\",\"@graph\":[{\"@type\":\"WebPage\",\"@id\":\"https:\/\/www.erresse-shop.it\/de\/shop\/toepfe-pfannen\/topfsets\/zwilling-focus-set-5-kochgeschirr-copia\/\",\"url\":\"https:\/\/www.erresse-shop.it\/de\/shop\/toepfe-pfannen\/topfsets\/zwilling-focus-set-5-kochgeschirr-copia\/\",\"name\":\"ZWILLING Vitality Set 5 Kochgeschirr\",\"isPartOf\":{\"@id\":\"https:\/\/www.erresse-shop.it\/de\/#website\"},\"datePublished\":\"2024-04-16T07:02:39+00:00\",\"dateModified\":\"2025-01-22T07:20:56+00:00\",\"description\":\"Entdecken Sie ZWILLING Vitality Set 5 Kochgeschirr bei ErresseShop. Qualit\u00e4t, Stil und Funktionalit\u00e4t \u2013 jetzt online bestellen!\",\"breadcrumb\":{\"@id\":\"https:\/\/www.erresse-shop.it\/de\/shop\/toepfe-pfannen\/topfsets\/zwilling-focus-set-5-kochgeschirr-copia\/#breadcrumb\"},\"inLanguage\":\"de-DE\",\"potentialAction\":[{\"@type\":\"ReadAction\",\"target\":[\"https:\/\/www.erresse-shop.it\/de\/shop\/toepfe-pfannen\/topfsets\/zwilling-focus-set-5-kochgeschirr-copia\/\"]}]},{\"@type\":\"BreadcrumbList\",\"@id\":\"https:\/\/www.erresse-shop.it\/de\/shop\/toepfe-pfannen\/topfsets\/zwilling-focus-set-5-kochgeschirr-copia\/#breadcrumb\",\"itemListElement\":[{\"@type\":\"ListItem\",\"position\":1,\"name\":\"Home\",\"item\":\"https:\/\/www.erresse-shop.it\/de\/\"},{\"@type\":\"ListItem\",\"position\":2,\"name\":\"Shop\",\"item\":\"https:\/\/www.erresse-shop.it\/de\/shop\/\"},{\"@type\":\"ListItem\",\"position\":3,\"name\":\"ZWILLING Vitality Set 5 Kochgeschirr\"}]},{\"@type\":\"WebSite\",\"@id\":\"https:\/\/www.erresse-shop.it\/de\/#website\",\"url\":\"https:\/\/www.erresse-shop.it\/de\/\",\"name\":\"Erresse Shop\",\"description\":\"Articoli di qualit\u00e0 per la casa\",\"potentialAction\":[{\"@type\":\"SearchAction\",\"target\":{\"@type\":\"EntryPoint\",\"urlTemplate\":\"https:\/\/www.erresse-shop.it\/de\/?s={search_term_string}\"},\"query-input\":\"required name=search_term_string\"}],\"inLanguage\":\"de-DE\"}]}<\/script>\n<!-- \/ Yoast SEO Premium plugin. -->","yoast_head_json":{"title":"ZWILLING Vitality Set 5 Kochgeschirr","description":"Entdecken Sie ZWILLING Vitality Set 5 Kochgeschirr bei ErresseShop. Qualit\u00e4t, Stil und Funktionalit\u00e4t \u2013 jetzt online bestellen!","robots":{"index":"index","follow":"follow","max-snippet":"max-snippet:-1","max-image-preview":"max-image-preview:large","max-video-preview":"max-video-preview:-1"},"canonical":"https:\/\/www.erresse-shop.it\/de\/shop\/toepfe-pfannen\/topfsets\/zwilling-focus-set-5-kochgeschirr-copia\/","og_locale":"de_DE","og_type":"article","og_title":"ZWILLING Vitality Set 5 Kochgeschirr","og_description":"Entdecken Sie ZWILLING Vitality Set 5 Kochgeschirr bei ErresseShop. Qualit\u00e4t, Stil und Funktionalit\u00e4t \u2013 jetzt online bestellen!","og_url":"https:\/\/www.erresse-shop.it\/de\/shop\/toepfe-pfannen\/topfsets\/zwilling-focus-set-5-kochgeschirr-copia\/","og_site_name":"Erresse Shop","article_modified_time":"2025-01-22T07:20:56+00:00","og_image":[{"width":800,"height":800,"url":"https:\/\/www.erresse-shop.it\/wp-content\/uploads\/2024\/04\/zwilling-set-5-pentole-vitality.jpg","type":"image\/jpeg"}],"twitter_card":"summary_large_image","schema":{"@context":"https:\/\/schema.org","@graph":[{"@type":"WebPage","@id":"https:\/\/www.erresse-shop.it\/de\/shop\/toepfe-pfannen\/topfsets\/zwilling-focus-set-5-kochgeschirr-copia\/","url":"https:\/\/www.erresse-shop.it\/de\/shop\/toepfe-pfannen\/topfsets\/zwilling-focus-set-5-kochgeschirr-copia\/","name":"ZWILLING Vitality Set 5 Kochgeschirr","isPartOf":{"@id":"https:\/\/www.erresse-shop.it\/de\/#website"},"datePublished":"2024-04-16T07:02:39+00:00","dateModified":"2025-01-22T07:20:56+00:00","description":"Entdecken Sie ZWILLING Vitality Set 5 Kochgeschirr bei ErresseShop. Qualit\u00e4t, Stil und Funktionalit\u00e4t \u2013 jetzt online bestellen!","breadcrumb":{"@id":"https:\/\/www.erresse-shop.it\/de\/shop\/toepfe-pfannen\/topfsets\/zwilling-focus-set-5-kochgeschirr-copia\/#breadcrumb"},"inLanguage":"de-DE","potentialAction":[{"@type":"ReadAction","target":["https:\/\/www.erresse-shop.it\/de\/shop\/toepfe-pfannen\/topfsets\/zwilling-focus-set-5-kochgeschirr-copia\/"]}]},{"@type":"BreadcrumbList","@id":"https:\/\/www.erresse-shop.it\/de\/shop\/toepfe-pfannen\/topfsets\/zwilling-focus-set-5-kochgeschirr-copia\/#breadcrumb","itemListElement":[{"@type":"ListItem","position":1,"name":"Home","item":"https:\/\/www.erresse-shop.it\/de\/"},{"@type":"ListItem","position":2,"name":"Shop","item":"https:\/\/www.erresse-shop.it\/de\/shop\/"},{"@type":"ListItem","position":3,"name":"ZWILLING Vitality Set 5 Kochgeschirr"}]},{"@type":"WebSite","@id":"https:\/\/www.erresse-shop.it\/de\/#website","url":"https:\/\/www.erresse-shop.it\/de\/","name":"Erresse Shop","description":"Articoli di qualit\u00e0 per la casa","potentialAction":[{"@type":"SearchAction","target":{"@type":"EntryPoint","urlTemplate":"https:\/\/www.erresse-shop.it\/de\/?s={search_term_string}"},"query-input":"required name=search_term_string"}],"inLanguage":"de-DE"}]}},"df_price":149.975,"df_sale_price":149.975,"df_regular_price":299.95,"df_image_link":"https:\/\/www.erresse-shop.it\/wp-content\/uploads\/2024\/04\/zwilling-set-5-pentole-vitality-300x300.jpg","_links":{"self":[{"href":"https:\/\/www.erresse-shop.it\/de\/wp-json\/wp\/v2\/product\/402335"}],"collection":[{"href":"https:\/\/www.erresse-shop.it\/de\/wp-json\/wp\/v2\/product"}],"about":[{"href":"https:\/\/www.erresse-shop.it\/de\/wp-json\/wp\/v2\/types\/product"}],"wp:featuredmedia":[{"embeddable":true,"href":"https:\/\/www.erresse-shop.it\/de\/wp-json\/wp\/v2\/media\/402344"}],"wp:attachment":[{"href":"https:\/\/www.erresse-shop.it\/de\/wp-json\/wp\/v2\/media?parent=402335"}],"wp:term":[{"taxonomy":"product_cat","embeddable":true,"href":"https:\/\/www.erresse-shop.it\/de\/wp-json\/wp\/v2\/product_cat?post=402335"},{"taxonomy":"product_tag","embeddable":true,"href":"https:\/\/www.erresse-shop.it\/de\/wp-json\/wp\/v2\/product_tag?post=402335"}],"curies":[{"name":"wp","href":"https:\/\/api.w.org\/{rel}","templated":true}]}}