{"id":401242,"date":"2024-04-08T07:44:44","date_gmt":"2024-04-08T07:44:47","guid":{"rendered":"https:\/\/www.erresse-shop.it\/?post_type=product&#038;p=401242"},"modified":"2025-01-17T13:20:29","modified_gmt":"2025-01-17T13:20:29","slug":"shark-tragbarer-fleckenentferner","status":"publish","type":"product","link":"https:\/\/www.erresse-shop.it\/de\/shop\/kleine-elektrogeraete\/staubsauger\/shark-tragbarer-fleckenentferner\/","title":{"rendered":"SHARK Tragbarer Fleckenentferner"},"content":{"rendered":"<p>Tragbarer Haifischfleckenentferner<br \/>\nZwei Haifischformeln, die kombiniert und aktiviert werden, um Flecken effektiv zu entfernen.<\/p>\n<p>Entfernen Sie hartn\u00e4ckige Flecken und hartn\u00e4ckige Ger\u00fcche aus jedem Winkel Ihrer Wohnung mit diesem kompakten Reiniger, der Lebensmittel- und Fl\u00fcssigkeitsreste aufsaugt.<br \/>\nDie Kombination der beiden Formulierungen, Shark CarpetXpert Deep Clean Pro und Shark StainStriker OXY Multiplier, aktiviert eine 20-fache Fleckenentfernung.<br \/>\nDer Hochdruckstrahl dringt tief in die Fasern von Teppichen und Polsterm\u00f6beln ein, ohne eine Spur von Feuchtigkeit zu hinterlassen.<br \/>\nDie starke Saugkraft von Shark saugt Schmutz und Fl\u00fcssigkeiten auf und sorgt f\u00fcr eine schnelle Trocknung.<br \/>\nDer Staubsauger ist leicht und l\u00e4sst sich dank seines bequemen Griffs und des langen Netzkabels einfach im Haus bewegen.<br \/>\nDer Schlauch und die Aufs\u00e4tze erm\u00f6glichen eine gr\u00fcndliche Reinigung in allen Ecken und Winkeln.<\/p>\n<p><strong>Technische Daten:<\/strong><\/p>\n<p>Entfernt Lebensmittel- und Fl\u00fcssigkeitsreste, Flecken und Ger\u00fcche, die durch Haustiere, Schlamm und verkrusteten Schmutz verursacht wurden.<br \/>\nStarke Saugkraft saugt Schmutz und Fl\u00fcssigkeiten auf und trocknet schnell.<br \/>\nPerfekt f\u00fcr Polsterm\u00f6bel, Treppen, Teppiche und Autoinnenr\u00e4ume.<\/p>\n<p><strong>Inhalt der Box<\/strong><\/p>\n<p>Manuelles Zubeh\u00f6r f\u00fcr hartn\u00e4ckige Flecken<br \/>\nAufsatz zum Auffangen von Haustierflecken<br \/>\nFugend\u00fcse<br \/>\nSchlauchreinigungs-Zubeh\u00f6r<br \/>\n177 ml Shark\u00ae CarpetXpert Deep Clean Pro L\u00f6sung<br \/>\n355 ml Shark\u00ae StainStriker OXY Multiplier L\u00f6sung<\/p>\n<p><b><u><strong>Nicht zum Verkauf au\u00dferhalb Europas<\/strong><\/u><\/b><\/p>\n","protected":false},"excerpt":{"rendered":"<p>Tragbarer Haifischfleckenentferner Zwei Haifischformeln, die kombiniert und aktiviert werden, um Flecken effektiv zu entfernen. Entfernen Sie hartn\u00e4ckige Flecken und hartn\u00e4ckige<\/p>\n","protected":false},"featured_media":401266,"template":"","meta":{"_acf_changed":false,"inline_featured_image":false},"product_cat":[6703,23771],"product_tag":[23775],"acf":[],"yoast_head":"<!-- This site is optimized with the Yoast SEO Premium plugin v18.6 (Yoast SEO v19.13) - https:\/\/yoast.com\/wordpress\/plugins\/seo\/ -->\n<title>SHARK Tragbarer Fleckenentferner<\/title>\n<meta name=\"description\" content=\"Entdecken Sie SHARK Tragbarer Fleckenentferner bei ErresseShop. Qualit\u00e4t, Stil und Funktionalit\u00e4t \u2013 jetzt online bestellen!\" \/>\n<meta name=\"robots\" content=\"index, follow, max-snippet:-1, max-image-preview:large, max-video-preview:-1\" \/>\n<link rel=\"canonical\" href=\"https:\/\/www.erresse-shop.it\/de\/shop\/kleine-elektrogeraete\/staubsauger\/shark-tragbarer-fleckenentferner\/\" \/>\n<meta property=\"og:locale\" content=\"de_DE\" \/>\n<meta property=\"og:type\" content=\"article\" \/>\n<meta property=\"og:title\" content=\"SHARK Tragbarer Fleckenentferner\" \/>\n<meta property=\"og:description\" content=\"Entdecken Sie SHARK Tragbarer Fleckenentferner bei ErresseShop. Qualit\u00e4t, Stil und Funktionalit\u00e4t \u2013 jetzt online bestellen!\" \/>\n<meta property=\"og:url\" content=\"https:\/\/www.erresse-shop.it\/de\/shop\/kleine-elektrogeraete\/staubsauger\/shark-tragbarer-fleckenentferner\/\" \/>\n<meta property=\"og:site_name\" content=\"Erresse Shop\" \/>\n<meta property=\"article:modified_time\" content=\"2025-01-17T13:20:29+00:00\" \/>\n<meta property=\"og:image\" content=\"https:\/\/www.erresse-shop.it\/wp-content\/uploads\/2024\/04\/shark-smacchiatore-portatile-2.jpg\" \/>\n\t<meta property=\"og:image:width\" content=\"800\" \/>\n\t<meta property=\"og:image:height\" content=\"800\" \/>\n\t<meta property=\"og:image:type\" content=\"image\/jpeg\" \/>\n<meta name=\"twitter:card\" content=\"summary_large_image\" \/>\n<script type=\"application\/ld+json\" class=\"yoast-schema-graph\">{\"@context\":\"https:\/\/schema.org\",\"@graph\":[{\"@type\":\"WebPage\",\"@id\":\"https:\/\/www.erresse-shop.it\/de\/shop\/kleine-elektrogeraete\/staubsauger\/shark-tragbarer-fleckenentferner\/\",\"url\":\"https:\/\/www.erresse-shop.it\/de\/shop\/kleine-elektrogeraete\/staubsauger\/shark-tragbarer-fleckenentferner\/\",\"name\":\"SHARK Tragbarer Fleckenentferner\",\"isPartOf\":{\"@id\":\"https:\/\/www.erresse-shop.it\/de\/#website\"},\"datePublished\":\"2024-04-08T07:44:47+00:00\",\"dateModified\":\"2025-01-17T13:20:29+00:00\",\"description\":\"Entdecken Sie SHARK Tragbarer Fleckenentferner bei ErresseShop. Qualit\u00e4t, Stil und Funktionalit\u00e4t \u2013 jetzt online bestellen!\",\"breadcrumb\":{\"@id\":\"https:\/\/www.erresse-shop.it\/de\/shop\/kleine-elektrogeraete\/staubsauger\/shark-tragbarer-fleckenentferner\/#breadcrumb\"},\"inLanguage\":\"de-DE\",\"potentialAction\":[{\"@type\":\"ReadAction\",\"target\":[\"https:\/\/www.erresse-shop.it\/de\/shop\/kleine-elektrogeraete\/staubsauger\/shark-tragbarer-fleckenentferner\/\"]}]},{\"@type\":\"BreadcrumbList\",\"@id\":\"https:\/\/www.erresse-shop.it\/de\/shop\/kleine-elektrogeraete\/staubsauger\/shark-tragbarer-fleckenentferner\/#breadcrumb\",\"itemListElement\":[{\"@type\":\"ListItem\",\"position\":1,\"name\":\"Home\",\"item\":\"https:\/\/www.erresse-shop.it\/de\/\"},{\"@type\":\"ListItem\",\"position\":2,\"name\":\"Shop\",\"item\":\"https:\/\/www.erresse-shop.it\/de\/shop\/\"},{\"@type\":\"ListItem\",\"position\":3,\"name\":\"SHARK Tragbarer Fleckenentferner\"}]},{\"@type\":\"WebSite\",\"@id\":\"https:\/\/www.erresse-shop.it\/de\/#website\",\"url\":\"https:\/\/www.erresse-shop.it\/de\/\",\"name\":\"Erresse Shop\",\"description\":\"Articoli di qualit\u00e0 per la casa\",\"potentialAction\":[{\"@type\":\"SearchAction\",\"target\":{\"@type\":\"EntryPoint\",\"urlTemplate\":\"https:\/\/www.erresse-shop.it\/de\/?s={search_term_string}\"},\"query-input\":\"required name=search_term_string\"}],\"inLanguage\":\"de-DE\"}]}<\/script>\n<!-- \/ Yoast SEO Premium plugin. -->","yoast_head_json":{"title":"SHARK Tragbarer Fleckenentferner","description":"Entdecken Sie SHARK Tragbarer Fleckenentferner bei ErresseShop. Qualit\u00e4t, Stil und Funktionalit\u00e4t \u2013 jetzt online bestellen!","robots":{"index":"index","follow":"follow","max-snippet":"max-snippet:-1","max-image-preview":"max-image-preview:large","max-video-preview":"max-video-preview:-1"},"canonical":"https:\/\/www.erresse-shop.it\/de\/shop\/kleine-elektrogeraete\/staubsauger\/shark-tragbarer-fleckenentferner\/","og_locale":"de_DE","og_type":"article","og_title":"SHARK Tragbarer Fleckenentferner","og_description":"Entdecken Sie SHARK Tragbarer Fleckenentferner bei ErresseShop. Qualit\u00e4t, Stil und Funktionalit\u00e4t \u2013 jetzt online bestellen!","og_url":"https:\/\/www.erresse-shop.it\/de\/shop\/kleine-elektrogeraete\/staubsauger\/shark-tragbarer-fleckenentferner\/","og_site_name":"Erresse Shop","article_modified_time":"2025-01-17T13:20:29+00:00","og_image":[{"width":800,"height":800,"url":"https:\/\/www.erresse-shop.it\/wp-content\/uploads\/2024\/04\/shark-smacchiatore-portatile-2.jpg","type":"image\/jpeg"}],"twitter_card":"summary_large_image","schema":{"@context":"https:\/\/schema.org","@graph":[{"@type":"WebPage","@id":"https:\/\/www.erresse-shop.it\/de\/shop\/kleine-elektrogeraete\/staubsauger\/shark-tragbarer-fleckenentferner\/","url":"https:\/\/www.erresse-shop.it\/de\/shop\/kleine-elektrogeraete\/staubsauger\/shark-tragbarer-fleckenentferner\/","name":"SHARK Tragbarer Fleckenentferner","isPartOf":{"@id":"https:\/\/www.erresse-shop.it\/de\/#website"},"datePublished":"2024-04-08T07:44:47+00:00","dateModified":"2025-01-17T13:20:29+00:00","description":"Entdecken Sie SHARK Tragbarer Fleckenentferner bei ErresseShop. Qualit\u00e4t, Stil und Funktionalit\u00e4t \u2013 jetzt online bestellen!","breadcrumb":{"@id":"https:\/\/www.erresse-shop.it\/de\/shop\/kleine-elektrogeraete\/staubsauger\/shark-tragbarer-fleckenentferner\/#breadcrumb"},"inLanguage":"de-DE","potentialAction":[{"@type":"ReadAction","target":["https:\/\/www.erresse-shop.it\/de\/shop\/kleine-elektrogeraete\/staubsauger\/shark-tragbarer-fleckenentferner\/"]}]},{"@type":"BreadcrumbList","@id":"https:\/\/www.erresse-shop.it\/de\/shop\/kleine-elektrogeraete\/staubsauger\/shark-tragbarer-fleckenentferner\/#breadcrumb","itemListElement":[{"@type":"ListItem","position":1,"name":"Home","item":"https:\/\/www.erresse-shop.it\/de\/"},{"@type":"ListItem","position":2,"name":"Shop","item":"https:\/\/www.erresse-shop.it\/de\/shop\/"},{"@type":"ListItem","position":3,"name":"SHARK Tragbarer Fleckenentferner"}]},{"@type":"WebSite","@id":"https:\/\/www.erresse-shop.it\/de\/#website","url":"https:\/\/www.erresse-shop.it\/de\/","name":"Erresse Shop","description":"Articoli di qualit\u00e0 per la casa","potentialAction":[{"@type":"SearchAction","target":{"@type":"EntryPoint","urlTemplate":"https:\/\/www.erresse-shop.it\/de\/?s={search_term_string}"},"query-input":"required name=search_term_string"}],"inLanguage":"de-DE"}]}},"df_price":199.99,"df_sale_price":199.99,"df_regular_price":199.99,"df_image_link":"https:\/\/www.erresse-shop.it\/wp-content\/uploads\/2024\/04\/shark-smacchiatore-portatile-2-300x300.jpg","_links":{"self":[{"href":"https:\/\/www.erresse-shop.it\/de\/wp-json\/wp\/v2\/product\/401242"}],"collection":[{"href":"https:\/\/www.erresse-shop.it\/de\/wp-json\/wp\/v2\/product"}],"about":[{"href":"https:\/\/www.erresse-shop.it\/de\/wp-json\/wp\/v2\/types\/product"}],"wp:featuredmedia":[{"embeddable":true,"href":"https:\/\/www.erresse-shop.it\/de\/wp-json\/wp\/v2\/media\/401266"}],"wp:attachment":[{"href":"https:\/\/www.erresse-shop.it\/de\/wp-json\/wp\/v2\/media?parent=401242"}],"wp:term":[{"taxonomy":"product_cat","embeddable":true,"href":"https:\/\/www.erresse-shop.it\/de\/wp-json\/wp\/v2\/product_cat?post=401242"},{"taxonomy":"product_tag","embeddable":true,"href":"https:\/\/www.erresse-shop.it\/de\/wp-json\/wp\/v2\/product_tag?post=401242"}],"curies":[{"name":"wp","href":"https:\/\/api.w.org\/{rel}","templated":true}]}}