{"id":401082,"date":"2024-04-08T06:23:42","date_gmt":"2024-04-08T06:23:43","guid":{"rendered":"https:\/\/www.erresse-shop.it\/?post_type=product&#038;p=401082"},"modified":"2024-04-08T06:39:15","modified_gmt":"2024-04-08T06:39:15","slug":"ninja-woodfire-barbecue-elektrisch-mit-holzfeuer-smoker-blau","status":"publish","type":"product","link":"https:\/\/www.erresse-shop.it\/de\/shop\/kleine-elektrogeraete\/oefen\/ninja-woodfire-barbecue-elektrisch-mit-holzfeuer-smoker-blau\/","title":{"rendered":"NINJA Woodfire Barbecue Elektrisch mit Holzfeuer Smoker Blau"},"content":{"rendered":"<p>Unser XL-Elektrogrill mit integrierter Sonde erm\u00f6glicht das R\u00e4uchern, Luftbraten und Garen von Speisen nach Ihrem Geschmack und verleiht ihnen den nat\u00fcrlichen Geschmack des R\u00e4ucherns.<br \/>\nBereiten Sie ein Sonntagsgrillfest, ein zwangloses Mittagessen oder einfach eine schnelle Mahlzeit unter der Woche zu: Sie m\u00fcssen den Garvorgang nicht immer wieder \u00fcberpr\u00fcfen.<\/p>\n<p>Mit dem Ninja Woodfire Pro Connect XL Elektrogrill und Smoker k\u00f6nnen Sie Ihr bevorzugtes Garprogramm ausw\u00e4hlen und den Garvorgang direkt von Ihrem Mobiltelefon aus \u00fcberwachen. Genie\u00dfen Sie die Freiheit und verbringen Sie wertvolle Zeit mit Familie und Freunden. Keine b\u00f6sen \u00dcberraschungen mehr. Sie m\u00fcssen Ihr Gargut nicht mehr st\u00e4ndig kontrollieren. Das Kochen liegt ganz in Ihrer Hand.<\/p>\n<p><strong>\u00dcberwachen Sie jeden Schritt mit der Ninja Pro Connect App: <\/strong><br \/>\n&#8211; Programmierbare Kochtische: Sie w\u00e4hlen Ihre Lieblingsspeise aus, der Elektrogrill erledigt den Rest dank der integrierten digitalen Kochsonde, die Ihr Essen perfekt gart. Rare oder nur kurz angebraten? Sie entscheiden!<br \/>\n&#8211; Fernsteuerung: Sie bestimmen die Garzeit und die Temperatur und f\u00fcgen mit der Woodfire Flavour-Technologie direkt \u00fcber die App ein rauchiges Aroma hinzu.<br \/>\n&#8211; Live-\u00dcberwachung: \u00dcberpr\u00fcfen Sie, wie viel Zeit bis zum Ende des Garvorgangs verbleibt.<br \/>\n&#8211; Echtzeit-Benachrichtigungen: Sie erhalten eine Benachrichtigung, wenn es Zeit ist, Zutaten hinzuzuf\u00fcgen, Gerichte zu wenden und vieles mehr.<\/p>\n<p><strong>Mehr Platz: <\/strong><br \/>\nDieser gro\u00dfe Elektrogrill f\u00fcr den Au\u00dfenbereich verf\u00fcgt \u00fcber 30 % mehr Grillfl\u00e4che*, perfekt f\u00fcr das gemeinsame Grillen von mehr Speisen.<br \/>\nDer gro\u00dfe Grillrost (45 x 31 cm) ist ideal f\u00fcr gro\u00dfe Mahlzeiten und bietet Platz f\u00fcr bis zu 10 Hamburger, 40 Hot Dogs, 2 Reihen Rippchen oder zwei 3 kg schwere ganze H\u00e4hnchen. Der Frittierkorb fasst bis zu 1,8 kg Lebensmittel, ideal f\u00fcr lange Pommes frites, Wedges und andere Beilagen.<\/p>\n<p><strong>Der Geschmack eines Grills, die Einfachheit eines Elektroger\u00e4ts, ohne Gas oder Holzkohle: <\/strong><br \/>\nSie erhalten das gleiche Finish und die gleiche Br\u00e4unung wie bei einem traditionellen Grill, aber mit dem Komfort eines Elektroger\u00e4ts und jetzt auch mit einem integrierten Thermometer, um jedes Mal perfekte Ergebnisse zu erzielen. Und ganz gleich, f\u00fcr welches Kochprogramm Sie sich entscheiden, die Woodfire-Technologie erm\u00f6glicht es Ihnen, Ihren Speisen mit nur einer Schaufel echter Holzpellets ein authentisches Raucharoma zu verleihen.<br \/>\nDer elektrisch betriebene und einfach zu bedienende Woodfire heizt schnell auf und kann sicher in G\u00e4rten, auf Veranden, Campingpl\u00e4tzen, Balkonen und anderen Au\u00dfenbereichen eingesetzt werden. Ohne Kohle, Gas oder Flammen.<\/p>\n<p><strong>Machen Sie sich keine Sorgen mehr \u00fcber das \u00dcber- oder Untergaren:<\/strong><br \/>\nMit dem integrierten Grillthermometer k\u00f6nnen Sie Fleisch und Fisch immer perfekt zubereiten. F\u00fchren Sie einfach den digitalen F\u00fchler in das Grillgut ein und w\u00e4hlen Sie \u00fcber die App oder die Tasten am Elektrogrill die Art des Grillguts und die bevorzugte Garstufe, f\u00fcr blutige oder durchgebratene Gerichte.<br \/>\nDas Smart Cook-System \u00fcberwacht kontinuierlich die Innentemperatur des Grillguts und sagt Ihnen, wann es fertig ist. So k\u00f6nnen Sie sich beim Kochen entspannen und Ihr Grillgut unbesorgt genie\u00dfen.<\/p>\n<p><strong>Mehr als ein Grill, mit 7 Garprogrammen: <\/strong><br \/>\n&#8211; BBQ Grill: f\u00fcr klassische Burger, W\u00fcrstchen, Steaks, Spie\u00dfe, gegrillten Halloumi, Fajitas, Maiskolben und vieles mehr, mit einer Br\u00e4unung, die einem traditionellen Grill w\u00fcrdig ist.<br \/>\nDer Elektrogrill erreicht hohe Temperaturen von bis zu 260\u00b0C, w\u00e4hrend die Heizelemente oben und unten mit einem Gebl\u00e4se f\u00fcr gleichm\u00e4\u00dfiges Garen ausgestattet sind.<br \/>\n&#8211; BBQ Smoker: Der integrierte Smoker arbeitet mit echten Holzpellets und sorgt dank des Konvektionsgebl\u00e4ses, das Hitze und Rauch gleichm\u00e4\u00dfig verteilt, f\u00fcr den authentischen, intensiven Geschmack von ger\u00e4ucherten Speisen.<br \/>\nDas langsame R\u00e4uchern eignet sich perfekt zum Garen von zartem Brustfleisch, Rippchen, ganzen H\u00e4hnchen und gro\u00dfen Fleischst\u00fccken mit dem intensiven Geschmack von ger\u00e4ucherten Speisen.<\/p>\n<p>&#8211; Luftfritieren: bis zu 75 % weniger Fett als bei herk\u00f6mmlichen Frittiermethoden**. Machen Sie Ihre Beilagen wie Pommes frites und Mozzarella-Pommes schmackhafter. Wenn Sie andere Gerichte wie vegane Burger bevorzugen, sorgen Sie f\u00fcr mehr Knusprigkeit, ohne dass Ihre G\u00e4ste den Garvorgang kontrollieren m\u00fcssen.<br \/>\nErg\u00e4nzen Sie das Essen mit k\u00f6stlichen Desserts wie S&#8217;mores, mit Schokolade gef\u00fcllten Bananen und karamellisierter Ananas.<br \/>\n&#8211; Braten: viel mehr als nur ein Grill. Garen Sie ein ganzes H\u00e4hnchen im Freien oder begleiten Sie eine Mahlzeit mit knusprigen Bratkartoffeln, gef\u00fcllten roten Paprikaschoten oder mit Harissa gebratenen Blumenkohlsteaks.<br \/>\n&#8211; Backen: zum Backen von Brot, Kuchen und Desserts, ohne die G\u00e4ste allein zu lassen. Ideal f\u00fcr Knoblauchbrot, Rosmarin-Focaccia oder einen k\u00f6stlichen Blaubeer-Streuselkuchen.<br \/>\n&#8211; Dehydrieren: Trockene Zutaten f\u00fcr Trockenfleisch, Trockenobstsnacks, hausgemachte getrocknete Kr\u00e4uter, Cocktailgarnituren und mehr.<br \/>\n&#8211; Aufw\u00e4rmen: Gibt Resten den leckeren, frisch gekochten Geschmack zur\u00fcck.<\/p>\n<p>Woodfire-Technologie: Elektrisch betrieben, mit echten Holzpellets aromatisiert.<br \/>\nGaren von Speisen in jedem beliebigen Kochprogramm, mit rauchigem Geschmack.<\/p>\n<p>Speziell f\u00fcr Ninja Woodfire entwickelt und aus 100% hochwertigem Massivholz hergestellt, werden unsere Pellets nicht als Brennstoff, sondern ausschlie\u00dflich zum Aromatisieren von Speisen verwendet. Nur 1 Schaufel reicht aus, um Ihr Grillgut auf die n\u00e4chste Stufe zu bringen.<br \/>\nGr\u00f6\u00dfe und Form der Pellets sind f\u00fcr einen optimalen Luftdurchlass und gleichm\u00e4\u00dfiges R\u00e4uchern ausgelegt. Hohe Dichte und geringer Feuchtigkeitsgehalt: die perfekte Kombination f\u00fcr die Erzeugung von Rauch und die Verst\u00e4rkung von Aromen.<br \/>\n&#8211; Robuste Mischung: der reiche Geschmack des klassischen Barbecues, perfekt f\u00fcr Rind, Schwein und Huhn<br \/>\n&#8211; Mehrzweckmischung: ein ausgewogener, milder und s\u00fc\u00dfer Geschmack, ideal f\u00fcr Fisch und Gem\u00fcse.<br \/>\nDer Elektrogrill enth\u00e4lt eine Packung Ninja Woodfire Pellets in jeder Geschmacksrichtung und einen Messbecher f\u00fcr die perfekte Dosierung. Weitere Pellet-Packungen k\u00f6nnen direkt auf der Ninja-Website erworben werden.<\/p>\n<p><strong>Tiefk\u00fchlkost grillen:<\/strong><br \/>\nKochen und grillen Sie gefrorene Lebensmittel. Diese Funktion ist ideal f\u00fcr das Grillen am Wochenende in letzter Sekunde oder f\u00fcr die einfache Zubereitung von tiefgefrorenen W\u00fcrstchen und Veggie-Burgern.<\/p>\n<p><strong>Wetterfest:<\/strong><br \/>\nDie Materialien des Ninja Woodfire Grills sind wetterfest und k\u00f6nnen das ganze Jahr \u00fcber im Freien verwendet werden. Wasserdichtigkeit nach IPX4.<\/p>\n<p><strong>Leicht zu reinigen:<\/strong><br \/>\nDer antihaftbeschichtete Grillrost und die herausnehmbare Tropfschale sind leicht zu reinigen. Werfen Sie einen Blick in das im Paket enthaltene, speziell von einem Koch erstellte Kochbuch.<br \/>\nBitte beachten Sie: Das Produkt ist nur f\u00fcr die Verwendung im Freien bestimmt.<br \/>\nEbenfalls erh\u00e4ltlich: das perfekte Grill-Setup.<br \/>\nPerfektionieren Sie Ihr Grill-Setup mit unserem Zubeh\u00f6r, das speziell f\u00fcr den Ninja Woodfire Pro Connect entwickelt wurde. Sie haben die Wahl zwischen unserer glatten Grillplatte zum Anbraten und Sautieren, einem beeindruckenden Set mit Grill und glatter Grillplatte, einem verchromten Stahlgrill f\u00fcr Rippchen, einem verchromten Stahlgrill zum Braten und R\u00e4uchern, einer wetterfesten Grilltasche, Tropfschalen, einem verstellbaren Grillwagen mit Seitenbrett und Woodfire-Pellet-Taschen. (Alles kann separat erworben werden).<br \/>\n*Im Vergleich zur OG700-Serie.<br \/>\n**Getestet gegen handgeschnittene, traditionell in schwerem \u00d6l frittierte Pommes frites.<\/p>\n<p><strong>DATENBLATT<\/strong>:<\/p>\n<p>Pro Connect App: Steuern Sie Ihren Grill und \u00fcberwachen Sie den Garvorgang direkt von Ihrem Mobiltelefon aus<br \/>\nGro\u00dfer Grill f\u00fcr die Zubereitung von bis zu 10 Burgern, 6 Steaks oder 2 ganzen 3 kg schweren H\u00e4hnchen<br \/>\nIntegrierte Sonde und 7 Programme: Grillen, R\u00e4uchern, Luftbraten, Backen, Braten, Trocknen, Erhitzen<\/p>\n<p>Verbrennt echte Holzpellets f\u00fcr ein authentisches Raucharoma<br \/>\nStromversorgung: ideal f\u00fcr G\u00e4rten, Balkone, Veranden, Campingpl\u00e4tze und andere Orte<br \/>\nWetterfest<br \/>\nH: 41 cm x B: 57 cm x T: 51 cm<br \/>\nGewicht: 18 kg<br \/>\nNur f\u00fcr den Au\u00dfenbereich geeignet.<br \/>\nWasserdichtigkeit IPX4<\/p>\n<p><strong>PACKUNG:<\/strong><\/p>\n<p>Kochrost: 45 cm x 31 cm<br \/>\nSonde + Buchse f\u00fcr Doppelsonde<br \/>\nFrittierkorb<br \/>\nSchaufel f\u00fcr Pellets<br \/>\nLeccarda<br \/>\nVielseitige und robuste Pelletmischung<br \/>\nKochbuch<\/p>\n<p><b><u><strong>Nicht zum Verkauf au\u00dferhalb Europas<\/strong><\/u><\/b><\/p>\n","protected":false},"excerpt":{"rendered":"<p>Unser XL-Elektrogrill mit integrierter Sonde erm\u00f6glicht das R\u00e4uchern, Luftbraten und Garen von Speisen nach Ihrem Geschmack und verleiht ihnen den<\/p>\n","protected":false},"featured_media":401105,"template":"","meta":{"_acf_changed":false,"inline_featured_image":false},"product_cat":[6703,15659],"product_tag":[11555,24604],"acf":[],"yoast_head":"<!-- This site is optimized with the Yoast SEO Premium plugin v18.6 (Yoast SEO v19.13) - https:\/\/yoast.com\/wordpress\/plugins\/seo\/ -->\n<title>NINJA Woodfire Barbecue Elektrisch mit Holzfeuer Smoker Blau - Erresse Shop<\/title>\n<meta name=\"description\" content=\"Unser XL-Elektrogrill mit integrierter Sonde erm\u00f6glicht das R\u00e4uchern, Luftbraten und Garen von Speisen nach Ihrem Geschmack und verleiht ihnen den\" \/>\n<meta name=\"robots\" content=\"index, follow, max-snippet:-1, max-image-preview:large, max-video-preview:-1\" \/>\n<link rel=\"canonical\" href=\"https:\/\/www.erresse-shop.it\/de\/shop\/kleine-elektrogeraete\/oefen\/ninja-woodfire-barbecue-elektrisch-mit-holzfeuer-smoker-blau\/\" \/>\n<meta property=\"og:locale\" content=\"de_DE\" \/>\n<meta property=\"og:type\" content=\"article\" \/>\n<meta property=\"og:title\" content=\"NINJA Woodfire Barbecue Elektrisch mit Holzfeuer Smoker Blau\" \/>\n<meta property=\"og:description\" content=\"Unser XL-Elektrogrill mit integrierter Sonde erm\u00f6glicht das R\u00e4uchern, Luftbraten und Garen von Speisen nach Ihrem Geschmack und verleiht ihnen den\" \/>\n<meta property=\"og:url\" content=\"https:\/\/www.erresse-shop.it\/de\/shop\/kleine-elektrogeraete\/oefen\/ninja-woodfire-barbecue-elektrisch-mit-holzfeuer-smoker-blau\/\" \/>\n<meta property=\"og:site_name\" content=\"Erresse Shop\" \/>\n<meta property=\"article:modified_time\" content=\"2024-04-08T06:39:15+00:00\" \/>\n<meta property=\"og:image\" content=\"https:\/\/www.erresse-shop.it\/wp-content\/uploads\/2024\/04\/Ninja-woodfire-barbecue-e-affumicatore-blu.jpg\" \/>\n\t<meta property=\"og:image:width\" content=\"800\" \/>\n\t<meta property=\"og:image:height\" content=\"800\" \/>\n\t<meta property=\"og:image:type\" content=\"image\/jpeg\" \/>\n<meta name=\"twitter:card\" content=\"summary_large_image\" \/>\n<script type=\"application\/ld+json\" class=\"yoast-schema-graph\">{\"@context\":\"https:\/\/schema.org\",\"@graph\":[{\"@type\":\"WebPage\",\"@id\":\"https:\/\/www.erresse-shop.it\/de\/shop\/kleine-elektrogeraete\/oefen\/ninja-woodfire-barbecue-elektrisch-mit-holzfeuer-smoker-blau\/\",\"url\":\"https:\/\/www.erresse-shop.it\/de\/shop\/kleine-elektrogeraete\/oefen\/ninja-woodfire-barbecue-elektrisch-mit-holzfeuer-smoker-blau\/\",\"name\":\"NINJA Woodfire Barbecue Elektrisch mit Holzfeuer Smoker Blau - Erresse Shop\",\"isPartOf\":{\"@id\":\"https:\/\/www.erresse-shop.it\/de\/#website\"},\"datePublished\":\"2024-04-08T06:23:43+00:00\",\"dateModified\":\"2024-04-08T06:39:15+00:00\",\"description\":\"Unser XL-Elektrogrill mit integrierter Sonde erm\u00f6glicht das R\u00e4uchern, Luftbraten und Garen von Speisen nach Ihrem Geschmack und verleiht ihnen den\",\"breadcrumb\":{\"@id\":\"https:\/\/www.erresse-shop.it\/de\/shop\/kleine-elektrogeraete\/oefen\/ninja-woodfire-barbecue-elektrisch-mit-holzfeuer-smoker-blau\/#breadcrumb\"},\"inLanguage\":\"de-DE\",\"potentialAction\":[{\"@type\":\"ReadAction\",\"target\":[\"https:\/\/www.erresse-shop.it\/de\/shop\/kleine-elektrogeraete\/oefen\/ninja-woodfire-barbecue-elektrisch-mit-holzfeuer-smoker-blau\/\"]}]},{\"@type\":\"BreadcrumbList\",\"@id\":\"https:\/\/www.erresse-shop.it\/de\/shop\/kleine-elektrogeraete\/oefen\/ninja-woodfire-barbecue-elektrisch-mit-holzfeuer-smoker-blau\/#breadcrumb\",\"itemListElement\":[{\"@type\":\"ListItem\",\"position\":1,\"name\":\"Home\",\"item\":\"https:\/\/www.erresse-shop.it\/de\/\"},{\"@type\":\"ListItem\",\"position\":2,\"name\":\"Shop\",\"item\":\"https:\/\/www.erresse-shop.it\/de\/shop\/\"},{\"@type\":\"ListItem\",\"position\":3,\"name\":\"NINJA Woodfire Barbecue Elektrisch mit Holzfeuer Smoker Blau\"}]},{\"@type\":\"WebSite\",\"@id\":\"https:\/\/www.erresse-shop.it\/de\/#website\",\"url\":\"https:\/\/www.erresse-shop.it\/de\/\",\"name\":\"Erresse Shop\",\"description\":\"Articoli di qualit\u00e0 per la casa\",\"potentialAction\":[{\"@type\":\"SearchAction\",\"target\":{\"@type\":\"EntryPoint\",\"urlTemplate\":\"https:\/\/www.erresse-shop.it\/de\/?s={search_term_string}\"},\"query-input\":\"required name=search_term_string\"}],\"inLanguage\":\"de-DE\"}]}<\/script>\n<!-- \/ Yoast SEO Premium plugin. -->","yoast_head_json":{"title":"NINJA Woodfire Barbecue Elektrisch mit Holzfeuer Smoker Blau - Erresse Shop","description":"Unser XL-Elektrogrill mit integrierter Sonde erm\u00f6glicht das R\u00e4uchern, Luftbraten und Garen von Speisen nach Ihrem Geschmack und verleiht ihnen den","robots":{"index":"index","follow":"follow","max-snippet":"max-snippet:-1","max-image-preview":"max-image-preview:large","max-video-preview":"max-video-preview:-1"},"canonical":"https:\/\/www.erresse-shop.it\/de\/shop\/kleine-elektrogeraete\/oefen\/ninja-woodfire-barbecue-elektrisch-mit-holzfeuer-smoker-blau\/","og_locale":"de_DE","og_type":"article","og_title":"NINJA Woodfire Barbecue Elektrisch mit Holzfeuer Smoker Blau","og_description":"Unser XL-Elektrogrill mit integrierter Sonde erm\u00f6glicht das R\u00e4uchern, Luftbraten und Garen von Speisen nach Ihrem Geschmack und verleiht ihnen den","og_url":"https:\/\/www.erresse-shop.it\/de\/shop\/kleine-elektrogeraete\/oefen\/ninja-woodfire-barbecue-elektrisch-mit-holzfeuer-smoker-blau\/","og_site_name":"Erresse Shop","article_modified_time":"2024-04-08T06:39:15+00:00","og_image":[{"width":800,"height":800,"url":"https:\/\/www.erresse-shop.it\/wp-content\/uploads\/2024\/04\/Ninja-woodfire-barbecue-e-affumicatore-blu.jpg","type":"image\/jpeg"}],"twitter_card":"summary_large_image","schema":{"@context":"https:\/\/schema.org","@graph":[{"@type":"WebPage","@id":"https:\/\/www.erresse-shop.it\/de\/shop\/kleine-elektrogeraete\/oefen\/ninja-woodfire-barbecue-elektrisch-mit-holzfeuer-smoker-blau\/","url":"https:\/\/www.erresse-shop.it\/de\/shop\/kleine-elektrogeraete\/oefen\/ninja-woodfire-barbecue-elektrisch-mit-holzfeuer-smoker-blau\/","name":"NINJA Woodfire Barbecue Elektrisch mit Holzfeuer Smoker Blau - Erresse Shop","isPartOf":{"@id":"https:\/\/www.erresse-shop.it\/de\/#website"},"datePublished":"2024-04-08T06:23:43+00:00","dateModified":"2024-04-08T06:39:15+00:00","description":"Unser XL-Elektrogrill mit integrierter Sonde erm\u00f6glicht das R\u00e4uchern, Luftbraten und Garen von Speisen nach Ihrem Geschmack und verleiht ihnen den","breadcrumb":{"@id":"https:\/\/www.erresse-shop.it\/de\/shop\/kleine-elektrogeraete\/oefen\/ninja-woodfire-barbecue-elektrisch-mit-holzfeuer-smoker-blau\/#breadcrumb"},"inLanguage":"de-DE","potentialAction":[{"@type":"ReadAction","target":["https:\/\/www.erresse-shop.it\/de\/shop\/kleine-elektrogeraete\/oefen\/ninja-woodfire-barbecue-elektrisch-mit-holzfeuer-smoker-blau\/"]}]},{"@type":"BreadcrumbList","@id":"https:\/\/www.erresse-shop.it\/de\/shop\/kleine-elektrogeraete\/oefen\/ninja-woodfire-barbecue-elektrisch-mit-holzfeuer-smoker-blau\/#breadcrumb","itemListElement":[{"@type":"ListItem","position":1,"name":"Home","item":"https:\/\/www.erresse-shop.it\/de\/"},{"@type":"ListItem","position":2,"name":"Shop","item":"https:\/\/www.erresse-shop.it\/de\/shop\/"},{"@type":"ListItem","position":3,"name":"NINJA Woodfire Barbecue Elektrisch mit Holzfeuer Smoker Blau"}]},{"@type":"WebSite","@id":"https:\/\/www.erresse-shop.it\/de\/#website","url":"https:\/\/www.erresse-shop.it\/de\/","name":"Erresse Shop","description":"Articoli di qualit\u00e0 per la casa","potentialAction":[{"@type":"SearchAction","target":{"@type":"EntryPoint","urlTemplate":"https:\/\/www.erresse-shop.it\/de\/?s={search_term_string}"},"query-input":"required name=search_term_string"}],"inLanguage":"de-DE"}]}},"df_price":449.99,"df_sale_price":449.99,"df_regular_price":449.99,"df_image_link":"https:\/\/www.erresse-shop.it\/wp-content\/uploads\/2024\/04\/Ninja-woodfire-barbecue-e-affumicatore-blu-300x300.jpg","_links":{"self":[{"href":"https:\/\/www.erresse-shop.it\/de\/wp-json\/wp\/v2\/product\/401082"}],"collection":[{"href":"https:\/\/www.erresse-shop.it\/de\/wp-json\/wp\/v2\/product"}],"about":[{"href":"https:\/\/www.erresse-shop.it\/de\/wp-json\/wp\/v2\/types\/product"}],"wp:featuredmedia":[{"embeddable":true,"href":"https:\/\/www.erresse-shop.it\/de\/wp-json\/wp\/v2\/media\/401105"}],"wp:attachment":[{"href":"https:\/\/www.erresse-shop.it\/de\/wp-json\/wp\/v2\/media?parent=401082"}],"wp:term":[{"taxonomy":"product_cat","embeddable":true,"href":"https:\/\/www.erresse-shop.it\/de\/wp-json\/wp\/v2\/product_cat?post=401082"},{"taxonomy":"product_tag","embeddable":true,"href":"https:\/\/www.erresse-shop.it\/de\/wp-json\/wp\/v2\/product_tag?post=401082"}],"curies":[{"name":"wp","href":"https:\/\/api.w.org\/{rel}","templated":true}]}}