{"id":400894,"date":"2024-04-05T12:47:17","date_gmt":"2024-04-05T12:47:20","guid":{"rendered":"https:\/\/www.erresse-shop.it\/?post_type=product&#038;p=400894"},"modified":"2025-01-16T16:00:12","modified_gmt":"2025-01-16T16:00:12","slug":"ga-ma-gp-phon-iq1-perfetto-grau","status":"publish","type":"product","link":"https:\/\/www.erresse-shop.it\/de\/shop\/kleine-elektrogeraete\/haartrockner-und-glaetteisen\/ga-ma-gp-phon-iq1-perfetto-grau\/","title":{"rendered":"GA.MA GP Phon IQ1 Perfetto Grau"},"content":{"rendered":"<p>iQ1 Perfetto ist die erste Entwicklung eines professionellen Haartrockners, der so leicht wie ein Smartphone ist. Kompakt, ergonomisch, revolution\u00e4r. Jetzt mit einem zweifach auswaschbaren Filter, der die Reinigung erleichtert und die Lebensdauer des Haartrockners verl\u00e4ngert.<\/p>\n<p><strong>IQ1 HAARTROCKNER PERFEKT<\/strong><\/p>\n<p>Der iQ1 ist die erste Weiterentwicklung der professionellen Haartrocknerlinie iQ Perfect. Mit einem Gewicht von nur 294 Gramm ist er ergonomisch und kompakt und erf\u00fcllt die t\u00e4glichen Anforderungen von Profis.<\/p>\n<p>Wie sein Vorg\u00e4nger ist er mit einem Motor ausgestattet, der eine Geschwindigkeit von 110.000 Umdrehungen pro Minute erreicht, wodurch das Haar schneller getrocknet werden kann als bei einem durchschnittlichen professionellen Haartrockner auf dem Markt.<\/p>\n<p>Im Vergleich zu seinem Vorg\u00e4nger ist er mit den innovativen doppelten mikroperforierten, herausnehmbaren und waschbaren Filtern ausgestattet, die eine l\u00e4ngere Lebensdauer des Motors garantieren und verhindern, dass sich Schmutzpartikel im Motor ablagern und die Kopfhaut erreichen.<\/p>\n<p>Die Auto-Clean-Technologie erm\u00f6glicht eine gr\u00fcndliche Selbstreinigung des Filters dank der Rotation der Motorturbine in die entgegengesetzte Richtung. Die Emission von Aktivsauerstoff verleiht dem Haar Wohlbefinden, Glanz und eine lang anhaltende Farbe, dank seiner Wirkung als starkes antibakterielles Mittel, das die Kopfhaut sch\u00fctzt und auch eine bessere Farbfixierung erm\u00f6glicht. Der Venturi-Effekt vervielfacht den vom iQ1-Motor gelieferten Luftstrom, ohne zus\u00e4tzliche Energie zu verbrauchen.<\/p>\n<p>Dank der Memory Function-Technologie k\u00f6nnen Sie au\u00dferdem Ihre gew\u00fcnschte Geschwindigkeit und Temperatur speichern. Alle Funktionen des Haartrockners lassen sich ganz einfach \u00fcber das LED-Display steuern. iQ1 ist die L\u00f6sung f\u00fcr alle Haarstylingw\u00fcnsche.<\/p>\n<ul>\n<li>Dedizierte Unterst\u00fctzung der iQ-Linie<\/li>\n<li>Professionell Ja<\/li>\n<li>Gew\u00fcnschter Effekt Anti-Frizz, Glanz<\/li>\n<li>Oxy-Active-Technologie<\/li>\n<li>Leistung 1600 W<\/li>\n<li>B\u00fcrstenloser Motor<\/li>\n<li>Motordrehzahl 110.000 U\/min<\/li>\n<li>LED-Anzeige<\/li>\n<li>Temperatur 4<\/li>\n<li>Geschwindigkeit 3<\/li>\n<li>Kaltluftgebl\u00e4se Ja<\/li>\n<li>Herausnehmbarer Filter Ja<\/li>\n<li>Kabell\u00e4nge 3,00 m<\/li>\n<li>Mitgeliefertes Zubeh\u00f6r 2 Profid\u00fcsen, Diffusor<\/li>\n<li>Gewicht ohne Kabel 294 g<\/li>\n<li>Ger\u00e4uschpegel 78 dB<\/li>\n<li>Luftdurchsatz 74 m3\/H<\/li>\n<li>Druck 650 mmH2O<\/li>\n<li>Spannungsbereich 220-240V~<\/li>\n<\/ul>\n<p><strong>Stecker: EU<\/strong><br \/>\n<span style=\"text-decoration: underline;\"><strong>Nicht zum Verkauf au\u00dferhalb Europas<\/strong><\/span><\/p>\n","protected":false},"excerpt":{"rendered":"<p>iQ1 Perfetto ist die erste Entwicklung eines professionellen Haartrockners, der so leicht wie ein Smartphone ist. Kompakt, ergonomisch, revolution\u00e4r. Jetzt<\/p>\n","protected":false},"featured_media":400941,"template":"","meta":{"_acf_changed":false,"inline_featured_image":false},"product_cat":[6703,24043],"product_tag":[25038,25022],"acf":[],"yoast_head":"<!-- This site is optimized with the Yoast SEO Premium plugin v18.6 (Yoast SEO v19.13) - https:\/\/yoast.com\/wordpress\/plugins\/seo\/ -->\n<title>GA.MA GP Phon IQ1 Perfetto Grau<\/title>\n<meta name=\"description\" content=\"Entdecken Sie GA.MA GP Phon IQ1 Perfetto Grau bei ErresseShop. Qualit\u00e4t, Stil und Funktionalit\u00e4t \u2013 jetzt online bestellen!\" \/>\n<meta name=\"robots\" content=\"index, follow, max-snippet:-1, max-image-preview:large, max-video-preview:-1\" \/>\n<link rel=\"canonical\" href=\"https:\/\/www.erresse-shop.it\/de\/shop\/kleine-elektrogeraete\/haartrockner-und-glaetteisen\/ga-ma-gp-phon-iq1-perfetto-grau\/\" \/>\n<meta property=\"og:locale\" content=\"de_DE\" \/>\n<meta property=\"og:type\" content=\"article\" \/>\n<meta property=\"og:title\" content=\"GA.MA GP Phon IQ1 Perfetto Grau\" \/>\n<meta property=\"og:description\" content=\"Entdecken Sie GA.MA GP Phon IQ1 Perfetto Grau bei ErresseShop. Qualit\u00e4t, Stil und Funktionalit\u00e4t \u2013 jetzt online bestellen!\" \/>\n<meta property=\"og:url\" content=\"https:\/\/www.erresse-shop.it\/de\/shop\/kleine-elektrogeraete\/haartrockner-und-glaetteisen\/ga-ma-gp-phon-iq1-perfetto-grau\/\" \/>\n<meta property=\"og:site_name\" content=\"Erresse Shop\" \/>\n<meta property=\"article:modified_time\" content=\"2025-01-16T16:00:12+00:00\" \/>\n<meta property=\"og:image\" content=\"https:\/\/www.erresse-shop.it\/wp-content\/uploads\/2024\/04\/ga.ma-iq-prof-1.jpg\" \/>\n\t<meta property=\"og:image:width\" content=\"1418\" \/>\n\t<meta property=\"og:image:height\" content=\"1500\" \/>\n\t<meta property=\"og:image:type\" content=\"image\/jpeg\" \/>\n<meta name=\"twitter:card\" content=\"summary_large_image\" \/>\n<script type=\"application\/ld+json\" class=\"yoast-schema-graph\">{\"@context\":\"https:\/\/schema.org\",\"@graph\":[{\"@type\":\"WebPage\",\"@id\":\"https:\/\/www.erresse-shop.it\/de\/shop\/kleine-elektrogeraete\/haartrockner-und-glaetteisen\/ga-ma-gp-phon-iq1-perfetto-grau\/\",\"url\":\"https:\/\/www.erresse-shop.it\/de\/shop\/kleine-elektrogeraete\/haartrockner-und-glaetteisen\/ga-ma-gp-phon-iq1-perfetto-grau\/\",\"name\":\"GA.MA GP Phon IQ1 Perfetto Grau\",\"isPartOf\":{\"@id\":\"https:\/\/www.erresse-shop.it\/de\/#website\"},\"datePublished\":\"2024-04-05T12:47:20+00:00\",\"dateModified\":\"2025-01-16T16:00:12+00:00\",\"description\":\"Entdecken Sie GA.MA GP Phon IQ1 Perfetto Grau bei ErresseShop. Qualit\u00e4t, Stil und Funktionalit\u00e4t \u2013 jetzt online bestellen!\",\"breadcrumb\":{\"@id\":\"https:\/\/www.erresse-shop.it\/de\/shop\/kleine-elektrogeraete\/haartrockner-und-glaetteisen\/ga-ma-gp-phon-iq1-perfetto-grau\/#breadcrumb\"},\"inLanguage\":\"de-DE\",\"potentialAction\":[{\"@type\":\"ReadAction\",\"target\":[\"https:\/\/www.erresse-shop.it\/de\/shop\/kleine-elektrogeraete\/haartrockner-und-glaetteisen\/ga-ma-gp-phon-iq1-perfetto-grau\/\"]}]},{\"@type\":\"BreadcrumbList\",\"@id\":\"https:\/\/www.erresse-shop.it\/de\/shop\/kleine-elektrogeraete\/haartrockner-und-glaetteisen\/ga-ma-gp-phon-iq1-perfetto-grau\/#breadcrumb\",\"itemListElement\":[{\"@type\":\"ListItem\",\"position\":1,\"name\":\"Home\",\"item\":\"https:\/\/www.erresse-shop.it\/de\/\"},{\"@type\":\"ListItem\",\"position\":2,\"name\":\"Shop\",\"item\":\"https:\/\/www.erresse-shop.it\/de\/shop\/\"},{\"@type\":\"ListItem\",\"position\":3,\"name\":\"GA.MA GP Phon IQ1 Perfetto Grau\"}]},{\"@type\":\"WebSite\",\"@id\":\"https:\/\/www.erresse-shop.it\/de\/#website\",\"url\":\"https:\/\/www.erresse-shop.it\/de\/\",\"name\":\"Erresse Shop\",\"description\":\"Articoli di qualit\u00e0 per la casa\",\"potentialAction\":[{\"@type\":\"SearchAction\",\"target\":{\"@type\":\"EntryPoint\",\"urlTemplate\":\"https:\/\/www.erresse-shop.it\/de\/?s={search_term_string}\"},\"query-input\":\"required name=search_term_string\"}],\"inLanguage\":\"de-DE\"}]}<\/script>\n<!-- \/ Yoast SEO Premium plugin. -->","yoast_head_json":{"title":"GA.MA GP Phon IQ1 Perfetto Grau","description":"Entdecken Sie GA.MA GP Phon IQ1 Perfetto Grau bei ErresseShop. Qualit\u00e4t, Stil und Funktionalit\u00e4t \u2013 jetzt online bestellen!","robots":{"index":"index","follow":"follow","max-snippet":"max-snippet:-1","max-image-preview":"max-image-preview:large","max-video-preview":"max-video-preview:-1"},"canonical":"https:\/\/www.erresse-shop.it\/de\/shop\/kleine-elektrogeraete\/haartrockner-und-glaetteisen\/ga-ma-gp-phon-iq1-perfetto-grau\/","og_locale":"de_DE","og_type":"article","og_title":"GA.MA GP Phon IQ1 Perfetto Grau","og_description":"Entdecken Sie GA.MA GP Phon IQ1 Perfetto Grau bei ErresseShop. Qualit\u00e4t, Stil und Funktionalit\u00e4t \u2013 jetzt online bestellen!","og_url":"https:\/\/www.erresse-shop.it\/de\/shop\/kleine-elektrogeraete\/haartrockner-und-glaetteisen\/ga-ma-gp-phon-iq1-perfetto-grau\/","og_site_name":"Erresse Shop","article_modified_time":"2025-01-16T16:00:12+00:00","og_image":[{"width":1418,"height":1500,"url":"https:\/\/www.erresse-shop.it\/wp-content\/uploads\/2024\/04\/ga.ma-iq-prof-1.jpg","type":"image\/jpeg"}],"twitter_card":"summary_large_image","schema":{"@context":"https:\/\/schema.org","@graph":[{"@type":"WebPage","@id":"https:\/\/www.erresse-shop.it\/de\/shop\/kleine-elektrogeraete\/haartrockner-und-glaetteisen\/ga-ma-gp-phon-iq1-perfetto-grau\/","url":"https:\/\/www.erresse-shop.it\/de\/shop\/kleine-elektrogeraete\/haartrockner-und-glaetteisen\/ga-ma-gp-phon-iq1-perfetto-grau\/","name":"GA.MA GP Phon IQ1 Perfetto Grau","isPartOf":{"@id":"https:\/\/www.erresse-shop.it\/de\/#website"},"datePublished":"2024-04-05T12:47:20+00:00","dateModified":"2025-01-16T16:00:12+00:00","description":"Entdecken Sie GA.MA GP Phon IQ1 Perfetto Grau bei ErresseShop. Qualit\u00e4t, Stil und Funktionalit\u00e4t \u2013 jetzt online bestellen!","breadcrumb":{"@id":"https:\/\/www.erresse-shop.it\/de\/shop\/kleine-elektrogeraete\/haartrockner-und-glaetteisen\/ga-ma-gp-phon-iq1-perfetto-grau\/#breadcrumb"},"inLanguage":"de-DE","potentialAction":[{"@type":"ReadAction","target":["https:\/\/www.erresse-shop.it\/de\/shop\/kleine-elektrogeraete\/haartrockner-und-glaetteisen\/ga-ma-gp-phon-iq1-perfetto-grau\/"]}]},{"@type":"BreadcrumbList","@id":"https:\/\/www.erresse-shop.it\/de\/shop\/kleine-elektrogeraete\/haartrockner-und-glaetteisen\/ga-ma-gp-phon-iq1-perfetto-grau\/#breadcrumb","itemListElement":[{"@type":"ListItem","position":1,"name":"Home","item":"https:\/\/www.erresse-shop.it\/de\/"},{"@type":"ListItem","position":2,"name":"Shop","item":"https:\/\/www.erresse-shop.it\/de\/shop\/"},{"@type":"ListItem","position":3,"name":"GA.MA GP Phon IQ1 Perfetto Grau"}]},{"@type":"WebSite","@id":"https:\/\/www.erresse-shop.it\/de\/#website","url":"https:\/\/www.erresse-shop.it\/de\/","name":"Erresse Shop","description":"Articoli di qualit\u00e0 per la casa","potentialAction":[{"@type":"SearchAction","target":{"@type":"EntryPoint","urlTemplate":"https:\/\/www.erresse-shop.it\/de\/?s={search_term_string}"},"query-input":"required name=search_term_string"}],"inLanguage":"de-DE"}]}},"df_price":179.322,"df_sale_price":179.322,"df_regular_price":229.9,"df_image_link":"https:\/\/www.erresse-shop.it\/wp-content\/uploads\/2024\/04\/ga.ma-iq-prof-1-284x300.jpg","_links":{"self":[{"href":"https:\/\/www.erresse-shop.it\/de\/wp-json\/wp\/v2\/product\/400894"}],"collection":[{"href":"https:\/\/www.erresse-shop.it\/de\/wp-json\/wp\/v2\/product"}],"about":[{"href":"https:\/\/www.erresse-shop.it\/de\/wp-json\/wp\/v2\/types\/product"}],"wp:featuredmedia":[{"embeddable":true,"href":"https:\/\/www.erresse-shop.it\/de\/wp-json\/wp\/v2\/media\/400941"}],"wp:attachment":[{"href":"https:\/\/www.erresse-shop.it\/de\/wp-json\/wp\/v2\/media?parent=400894"}],"wp:term":[{"taxonomy":"product_cat","embeddable":true,"href":"https:\/\/www.erresse-shop.it\/de\/wp-json\/wp\/v2\/product_cat?post=400894"},{"taxonomy":"product_tag","embeddable":true,"href":"https:\/\/www.erresse-shop.it\/de\/wp-json\/wp\/v2\/product_tag?post=400894"}],"curies":[{"name":"wp","href":"https:\/\/api.w.org\/{rel}","templated":true}]}}