{"id":400757,"date":"2024-04-05T07:21:30","date_gmt":"2024-04-05T07:21:33","guid":{"rendered":"https:\/\/www.erresse-shop.it\/?post_type=product&#038;p=400757"},"modified":"2025-01-16T16:00:11","modified_gmt":"2025-01-16T16:00:11","slug":"ga-ma-gp-phon-iq2-perfetto-schwarz","status":"publish","type":"product","link":"https:\/\/www.erresse-shop.it\/de\/shop\/kleine-elektrogeraete\/haartrockner-und-glaetteisen\/ga-ma-gp-phon-iq2-perfetto-schwarz\/","title":{"rendered":"GA.MA GP Phon IQ2 Perfetto Schwarz"},"content":{"rendered":"<p>Die Evolution einer Revolution in der Welt der Haartrockner<\/p>\n<p>iQ2, der neue professionelle Haartrockner von GAMA, ist die neue Generation des preisgekr\u00f6nten iQ Perfetto.<br \/>\nMit seiner Kombination aus Leichtigkeit, Kraft und hoher Leistung ist iQ2 dazu bestimmt, einen Quantensprung in der Arbeitsweise der Salons zu bewirken.<\/p>\n<p>Im Jahr 2022 gewann iQ2 den Cosmoprof Award in der Kategorie Haarprodukte.<\/p>\n<p><strong>MINI LIGHTNESS. MAXI POWER<\/strong><\/p>\n<p>Nur 294 Gramm, 1600 Watt Leistung<br \/>\nDie TURBO-Funktion steigert den Luftstrom, indem sie den Motor 30 Sekunden lang von einer normalen Drehzahl von 110.00 U\/min auf eine maximale Drehzahl von 120.000 U\/min bringt.<\/p>\n<p><strong>VENTURI-EFFEKT<\/strong><\/p>\n<p>Vervielfacht den Luftstrom ohne zus\u00e4tzlichen Energieverbrauch und verk\u00fcrzt die Trocknungszeit.<\/p>\n<p><strong>ULTRA-EFFIZIENTER HAARTROCKNER<\/strong><\/p>\n<p>Dank des langlebigen b\u00fcrstenlosen Motors<\/p>\n<p><strong>DER INTELLIGENTE HAARTROCKNER MIT SMART PAD<\/strong><\/p>\n<p>Der einzige professionelle Haartrockner mit &#8220;iQ Standby Technology&#8221;: er schaltet sich automatisch aus, wenn er auf das GAMA Smart Pad gestellt wird. Entwickelt, um die Energieverschwendung zu reduzieren und die Arbeit des Friseurs einfacher und effizienter zu machen. Das Pad ist in der Verpackung enthalten.<\/p>\n<p><strong>REINIGUNG, DIE DIE LEBENSDAUER VERL\u00c4NGERT<\/strong><\/p>\n<p>Beim Q2 werden die mikroperforierten Filter zu 2 magnetischen, abnehmbaren und waschbaren Filtern, um zu verhindern, dass sich auch nur die kleinsten Schmutzpartikel im Motor absetzen und auf die Kopfhaut gelangen, und um die Lebensdauer des Motors zu verl\u00e4ngern.<\/p>\n<p>Das neue waschbare und leicht zu entfernende magnetische Design soll die t\u00e4gliche Reinigung und Wartung erleichtern, um auch nach l\u00e4ngerem Gebrauch im Salon maximale Leistung zu gew\u00e4hrleisten.<br \/>\nDie Auto-Clean-Technologie, die in der gesamten iQ-Linie vorhanden ist, erm\u00f6glicht eine gr\u00fcndliche Selbstreinigung des Haartrockners, indem sie den Schmutz dank der Rotation der Motorturbine in die entgegengesetzte Richtung ausst\u00f6\u00dft.<\/p>\n<p>Reinigungsset in der Verpackung enthalten.<\/p>\n<p><strong>OXY-AKTIVE TECHNOLOGIE<\/strong><\/p>\n<p>Der iQ2 gibt aktiven Sauerstoff ab, der als starkes antibakterielles Mittel die Kopfhaut sch\u00fctzt und gleichzeitig eine bessere Fixierung der Farbe erm\u00f6glicht.<\/p>\n<ul>\n<li>COLOUR-LOCK-EFFEKT<\/li>\n<li>BESEITIGT FRIZZ<\/li>\n<li>SPENDET DEM HAAR FEUCHTIGKEIT UND MACHT ES GESCHMEIDIG, VERJ\u00dcNGT ES<\/li>\n<\/ul>\n<p>eSystem-C<\/p>\n<p>eSystem-C ist eine neue Technologie, die es dem iQ Perfetto erm\u00f6glicht, zu erkennen, wenn die Einsatzbedingungen ungeeignet sind. Dadurch wird sichergestellt, dass die Stylingarbeit nicht unterbrochen wird und eine lange Lebensdauer des Haartrockners gew\u00e4hrleistet ist.<\/p>\n<p>Wann und warum wird sie aktiviert? Wenn die Temperaturanzeige erlischt und die Anzeige f\u00fcr die mittlere Geschwindigkeit zu blinken beginnt, signalisiert Ihr iQ, dass der hintere Filter verstopft ist und\/oder der Luftstrom aus den D\u00fcsen behindert wird. Es ist Zeit, Ihren Haartrockner zu reinigen!<\/p>\n<p>Die Reinigung der Filter ist unerl\u00e4sslich, um die Lebensdauer Ihres Haartrockners zu verl\u00e4ngern und die bestm\u00f6gliche Leistung zu gew\u00e4hrleisten: In der Verpackung finden Sie 9 Stofffilter, die Sie gegen die verschmutzten Filter austauschen k\u00f6nnen.<\/p>\n<p><strong>Rampeneffekt<\/strong><\/p>\n<p>Wenn der Haartrockner ein- und ausgeschaltet wird, setzt der Rampeneffekt ein, der aus einer allm\u00e4hlichen \u00c4nderung der Leistung besteht. Der Hauptzweck dieser Funktion besteht darin, die Innentemperatur des Haartrockners effizient zu regulieren.<\/p>\n<p><strong>Wie funktioniert sie?<\/strong><\/p>\n<p>Wenn der Haartrockner ausgeschaltet wird, deaktiviert das System das Heizelement und l\u00e4sst den Motor noch 2 Sekunden lang weiterlaufen, um die Restw\u00e4rme abzuf\u00fchren und die Temperatur zu senken. Beim Einschalten l\u00e4uft der Vorgang \u00e4hnlich ab, jedoch in umgekehrter Reihenfolge. Diese Abfolge von Vorg\u00e4ngen gew\u00e4hrleistet ein sicheres und kontrolliertes Anfahren Ihres iQ.<\/p>\n<p><strong>Stecker: EU<\/strong><br \/>\n<span style=\"text-decoration: underline;\"><strong>Nicht zum Verkauf au\u00dferhalb Europas<\/strong><\/span><\/p>\n","protected":false},"excerpt":{"rendered":"<p>Die Evolution einer Revolution in der Welt der Haartrockner iQ2, der neue professionelle Haartrockner von GAMA, ist die neue Generation<\/p>\n","protected":false},"featured_media":400764,"template":"","meta":{"_acf_changed":false,"inline_featured_image":false},"product_cat":[6703,24043],"product_tag":[25038,25022],"acf":[],"yoast_head":"<!-- This site is optimized with the Yoast SEO Premium plugin v18.6 (Yoast SEO v19.13) - https:\/\/yoast.com\/wordpress\/plugins\/seo\/ -->\n<title>GA.MA GP Phon IQ2 Perfetto Schwarz<\/title>\n<meta name=\"description\" content=\"Entdecken Sie GA.MA GP Phon IQ2 Perfetto Schwarz bei ErresseShop. Qualit\u00e4t, Stil und Funktionalit\u00e4t \u2013 jetzt online bestellen!\" \/>\n<meta name=\"robots\" content=\"index, follow, max-snippet:-1, max-image-preview:large, max-video-preview:-1\" \/>\n<link rel=\"canonical\" href=\"https:\/\/www.erresse-shop.it\/de\/shop\/kleine-elektrogeraete\/haartrockner-und-glaetteisen\/ga-ma-gp-phon-iq2-perfetto-schwarz\/\" \/>\n<meta property=\"og:locale\" content=\"de_DE\" \/>\n<meta property=\"og:type\" content=\"article\" \/>\n<meta property=\"og:title\" content=\"GA.MA GP Phon IQ2 Perfetto Schwarz\" \/>\n<meta property=\"og:description\" content=\"Entdecken Sie GA.MA GP Phon IQ2 Perfetto Schwarz bei ErresseShop. Qualit\u00e4t, Stil und Funktionalit\u00e4t \u2013 jetzt online bestellen!\" \/>\n<meta property=\"og:url\" content=\"https:\/\/www.erresse-shop.it\/de\/shop\/kleine-elektrogeraete\/haartrockner-und-glaetteisen\/ga-ma-gp-phon-iq2-perfetto-schwarz\/\" \/>\n<meta property=\"og:site_name\" content=\"Erresse Shop\" \/>\n<meta property=\"article:modified_time\" content=\"2025-01-16T16:00:11+00:00\" \/>\n<meta property=\"og:image\" content=\"https:\/\/www.erresse-shop.it\/wp-content\/uploads\/2024\/04\/ga.ma-iq2.jpg\" \/>\n\t<meta property=\"og:image:width\" content=\"800\" \/>\n\t<meta property=\"og:image:height\" content=\"800\" \/>\n\t<meta property=\"og:image:type\" content=\"image\/jpeg\" \/>\n<meta name=\"twitter:card\" content=\"summary_large_image\" \/>\n<script type=\"application\/ld+json\" class=\"yoast-schema-graph\">{\"@context\":\"https:\/\/schema.org\",\"@graph\":[{\"@type\":\"WebPage\",\"@id\":\"https:\/\/www.erresse-shop.it\/de\/shop\/kleine-elektrogeraete\/haartrockner-und-glaetteisen\/ga-ma-gp-phon-iq2-perfetto-schwarz\/\",\"url\":\"https:\/\/www.erresse-shop.it\/de\/shop\/kleine-elektrogeraete\/haartrockner-und-glaetteisen\/ga-ma-gp-phon-iq2-perfetto-schwarz\/\",\"name\":\"GA.MA GP Phon IQ2 Perfetto Schwarz\",\"isPartOf\":{\"@id\":\"https:\/\/www.erresse-shop.it\/de\/#website\"},\"datePublished\":\"2024-04-05T07:21:33+00:00\",\"dateModified\":\"2025-01-16T16:00:11+00:00\",\"description\":\"Entdecken Sie GA.MA GP Phon IQ2 Perfetto Schwarz bei ErresseShop. Qualit\u00e4t, Stil und Funktionalit\u00e4t \u2013 jetzt online bestellen!\",\"breadcrumb\":{\"@id\":\"https:\/\/www.erresse-shop.it\/de\/shop\/kleine-elektrogeraete\/haartrockner-und-glaetteisen\/ga-ma-gp-phon-iq2-perfetto-schwarz\/#breadcrumb\"},\"inLanguage\":\"de-DE\",\"potentialAction\":[{\"@type\":\"ReadAction\",\"target\":[\"https:\/\/www.erresse-shop.it\/de\/shop\/kleine-elektrogeraete\/haartrockner-und-glaetteisen\/ga-ma-gp-phon-iq2-perfetto-schwarz\/\"]}]},{\"@type\":\"BreadcrumbList\",\"@id\":\"https:\/\/www.erresse-shop.it\/de\/shop\/kleine-elektrogeraete\/haartrockner-und-glaetteisen\/ga-ma-gp-phon-iq2-perfetto-schwarz\/#breadcrumb\",\"itemListElement\":[{\"@type\":\"ListItem\",\"position\":1,\"name\":\"Home\",\"item\":\"https:\/\/www.erresse-shop.it\/de\/\"},{\"@type\":\"ListItem\",\"position\":2,\"name\":\"Shop\",\"item\":\"https:\/\/www.erresse-shop.it\/de\/shop\/\"},{\"@type\":\"ListItem\",\"position\":3,\"name\":\"GA.MA GP Phon IQ2 Perfetto Schwarz\"}]},{\"@type\":\"WebSite\",\"@id\":\"https:\/\/www.erresse-shop.it\/de\/#website\",\"url\":\"https:\/\/www.erresse-shop.it\/de\/\",\"name\":\"Erresse Shop\",\"description\":\"Articoli di qualit\u00e0 per la casa\",\"potentialAction\":[{\"@type\":\"SearchAction\",\"target\":{\"@type\":\"EntryPoint\",\"urlTemplate\":\"https:\/\/www.erresse-shop.it\/de\/?s={search_term_string}\"},\"query-input\":\"required name=search_term_string\"}],\"inLanguage\":\"de-DE\"}]}<\/script>\n<!-- \/ Yoast SEO Premium plugin. -->","yoast_head_json":{"title":"GA.MA GP Phon IQ2 Perfetto Schwarz","description":"Entdecken Sie GA.MA GP Phon IQ2 Perfetto Schwarz bei ErresseShop. Qualit\u00e4t, Stil und Funktionalit\u00e4t \u2013 jetzt online bestellen!","robots":{"index":"index","follow":"follow","max-snippet":"max-snippet:-1","max-image-preview":"max-image-preview:large","max-video-preview":"max-video-preview:-1"},"canonical":"https:\/\/www.erresse-shop.it\/de\/shop\/kleine-elektrogeraete\/haartrockner-und-glaetteisen\/ga-ma-gp-phon-iq2-perfetto-schwarz\/","og_locale":"de_DE","og_type":"article","og_title":"GA.MA GP Phon IQ2 Perfetto Schwarz","og_description":"Entdecken Sie GA.MA GP Phon IQ2 Perfetto Schwarz bei ErresseShop. Qualit\u00e4t, Stil und Funktionalit\u00e4t \u2013 jetzt online bestellen!","og_url":"https:\/\/www.erresse-shop.it\/de\/shop\/kleine-elektrogeraete\/haartrockner-und-glaetteisen\/ga-ma-gp-phon-iq2-perfetto-schwarz\/","og_site_name":"Erresse Shop","article_modified_time":"2025-01-16T16:00:11+00:00","og_image":[{"width":800,"height":800,"url":"https:\/\/www.erresse-shop.it\/wp-content\/uploads\/2024\/04\/ga.ma-iq2.jpg","type":"image\/jpeg"}],"twitter_card":"summary_large_image","schema":{"@context":"https:\/\/schema.org","@graph":[{"@type":"WebPage","@id":"https:\/\/www.erresse-shop.it\/de\/shop\/kleine-elektrogeraete\/haartrockner-und-glaetteisen\/ga-ma-gp-phon-iq2-perfetto-schwarz\/","url":"https:\/\/www.erresse-shop.it\/de\/shop\/kleine-elektrogeraete\/haartrockner-und-glaetteisen\/ga-ma-gp-phon-iq2-perfetto-schwarz\/","name":"GA.MA GP Phon IQ2 Perfetto Schwarz","isPartOf":{"@id":"https:\/\/www.erresse-shop.it\/de\/#website"},"datePublished":"2024-04-05T07:21:33+00:00","dateModified":"2025-01-16T16:00:11+00:00","description":"Entdecken Sie GA.MA GP Phon IQ2 Perfetto Schwarz bei ErresseShop. Qualit\u00e4t, Stil und Funktionalit\u00e4t \u2013 jetzt online bestellen!","breadcrumb":{"@id":"https:\/\/www.erresse-shop.it\/de\/shop\/kleine-elektrogeraete\/haartrockner-und-glaetteisen\/ga-ma-gp-phon-iq2-perfetto-schwarz\/#breadcrumb"},"inLanguage":"de-DE","potentialAction":[{"@type":"ReadAction","target":["https:\/\/www.erresse-shop.it\/de\/shop\/kleine-elektrogeraete\/haartrockner-und-glaetteisen\/ga-ma-gp-phon-iq2-perfetto-schwarz\/"]}]},{"@type":"BreadcrumbList","@id":"https:\/\/www.erresse-shop.it\/de\/shop\/kleine-elektrogeraete\/haartrockner-und-glaetteisen\/ga-ma-gp-phon-iq2-perfetto-schwarz\/#breadcrumb","itemListElement":[{"@type":"ListItem","position":1,"name":"Home","item":"https:\/\/www.erresse-shop.it\/de\/"},{"@type":"ListItem","position":2,"name":"Shop","item":"https:\/\/www.erresse-shop.it\/de\/shop\/"},{"@type":"ListItem","position":3,"name":"GA.MA GP Phon IQ2 Perfetto Schwarz"}]},{"@type":"WebSite","@id":"https:\/\/www.erresse-shop.it\/de\/#website","url":"https:\/\/www.erresse-shop.it\/de\/","name":"Erresse Shop","description":"Articoli di qualit\u00e0 per la casa","potentialAction":[{"@type":"SearchAction","target":{"@type":"EntryPoint","urlTemplate":"https:\/\/www.erresse-shop.it\/de\/?s={search_term_string}"},"query-input":"required name=search_term_string"}],"inLanguage":"de-DE"}]}},"df_price":252.5,"df_sale_price":252.5,"df_regular_price":329.9,"df_image_link":"https:\/\/www.erresse-shop.it\/wp-content\/uploads\/2024\/04\/ga.ma-iq2-300x300.jpg","_links":{"self":[{"href":"https:\/\/www.erresse-shop.it\/de\/wp-json\/wp\/v2\/product\/400757"}],"collection":[{"href":"https:\/\/www.erresse-shop.it\/de\/wp-json\/wp\/v2\/product"}],"about":[{"href":"https:\/\/www.erresse-shop.it\/de\/wp-json\/wp\/v2\/types\/product"}],"wp:featuredmedia":[{"embeddable":true,"href":"https:\/\/www.erresse-shop.it\/de\/wp-json\/wp\/v2\/media\/400764"}],"wp:attachment":[{"href":"https:\/\/www.erresse-shop.it\/de\/wp-json\/wp\/v2\/media?parent=400757"}],"wp:term":[{"taxonomy":"product_cat","embeddable":true,"href":"https:\/\/www.erresse-shop.it\/de\/wp-json\/wp\/v2\/product_cat?post=400757"},{"taxonomy":"product_tag","embeddable":true,"href":"https:\/\/www.erresse-shop.it\/de\/wp-json\/wp\/v2\/product_tag?post=400757"}],"curies":[{"name":"wp","href":"https:\/\/api.w.org\/{rel}","templated":true}]}}