{"id":400310,"date":"2024-04-02T06:48:17","date_gmt":"2024-04-02T06:48:19","guid":{"rendered":"https:\/\/www.erresse-shop.it\/?post_type=product&#038;p=400310"},"modified":"2025-01-21T16:45:45","modified_gmt":"2025-01-21T16:45:45","slug":"villeroy-boch-afina-satz-von-6-tellern-29-cm","status":"publish","type":"product","link":"https:\/\/www.erresse-shop.it\/de\/shop\/tisch\/teller-geschirr\/villeroy-boch-afina-satz-von-6-tellern-29-cm\/","title":{"rendered":"VILLEROY &#038; BOCH Afina Satz von 4 Tellern 29 cm"},"content":{"rendered":"<p><b><strong>Flacher Teller mit gro\u00dfem Durchmesser, um Gerichte ansprechend zu pr\u00e4sentieren<\/strong><\/b><\/p>\n<p>In einer Welt, die von der Suche nach Einzigartigkeit und gleichzeitig nach R\u00e4umen des Wohlbefindens gepr\u00e4gt ist, pr\u00e4sentieren wir die Geschirrkollektion Afina, die vom Lifestyle-Trend des raffinierten Geschmacks inspiriert ist. Die Kollektion zeichnet sich durch ein einzigartiges Designkonzept aus, das minimalistische Formen und zarte, raffinierte Details kombiniert.<\/p>\n<p>Klare Formen werden gekonnt mit feinen Details kombiniert, was zu einer modernen Coup\u00e9-Form mit erh\u00f6htem Rand f\u00fchrt. Inspiriert von konzentrischen Sonnenstrahlen, zeichnet sich dieses Geschirr durch ein faszinierendes Ringrelief aus, das ein exquisites haptisches Erlebnis schafft. Die besondere, schwebende Optik wird durch einen sorgf\u00e4ltig verdeckten Sockel unterstrichen. Der Suppenteller mit gro\u00dfem Durchmesser eignet sich f\u00fcr die attraktive Pr\u00e4sentation einer Vielzahl von Speisen. Mit seinem gro\u00dfz\u00fcgigen Platzangebot und seinem eleganten Design verleiht er jedem Men\u00fc einen Hauch von Eleganz und Raffinesse. Entdecken Sie mit Afina die Perfektion der minimalistischen Raffinesse und lassen Sie Ihre K\u00fcchen und Esszimmer in beeindruckendem Glanz erstrahlen.<\/p>\n<p><b><strong>Material:<\/strong><\/b> Porzellan<br \/>\n<b><strong>Durchmesser:<\/strong><\/b> 292 mm<br \/>\n<b><strong>Fassungsverm\u00f6gen: <\/strong><\/b>ca. 400 ml<br \/>\n<b><strong>Sp\u00fclmaschinengeeignet:<\/strong><\/b> ja<br \/>\n<b><strong>F\u00fcr die Mikrowelle geeignet:<\/strong><\/b> ja<\/p>\n","protected":false},"excerpt":{"rendered":"<p>Flacher Teller mit gro\u00dfem Durchmesser, um Gerichte ansprechend zu pr\u00e4sentieren In einer Welt, die von der Suche nach Einzigartigkeit und<\/p>\n","protected":false},"featured_media":400302,"template":"","meta":{"_acf_changed":false,"inline_featured_image":false},"product_cat":[6793,6787],"product_tag":[25027,24398,11971,22042,21970,25022,14289,11827],"acf":[],"yoast_head":"<!-- This site is optimized with the Yoast SEO Premium plugin v18.6 (Yoast SEO v19.13) - https:\/\/yoast.com\/wordpress\/plugins\/seo\/ -->\n<title>VILLEROY &amp; BOCH Afina Satz von 4 Tellern 29 cm<\/title>\n<meta name=\"description\" content=\"Entdecken Sie VILLEROY &amp; BOCH Afina Satz von 4 Tellern 29 cm bei ErresseShop. Qualit\u00e4t, Stil und Funktionalit\u00e4t \u2013 jetzt online bestellen!\" \/>\n<meta name=\"robots\" content=\"index, follow, max-snippet:-1, max-image-preview:large, max-video-preview:-1\" \/>\n<link rel=\"canonical\" href=\"https:\/\/www.erresse-shop.it\/de\/shop\/tisch\/teller-geschirr\/villeroy-boch-afina-satz-von-6-tellern-29-cm\/\" \/>\n<meta property=\"og:locale\" content=\"de_DE\" \/>\n<meta property=\"og:type\" content=\"article\" \/>\n<meta property=\"og:title\" content=\"VILLEROY &amp; BOCH Afina Satz von 4 Tellern 29 cm\" \/>\n<meta property=\"og:description\" content=\"Entdecken Sie VILLEROY &amp; BOCH Afina Satz von 4 Tellern 29 cm bei ErresseShop. Qualit\u00e4t, Stil und Funktionalit\u00e4t \u2013 jetzt online bestellen!\" \/>\n<meta property=\"og:url\" content=\"https:\/\/www.erresse-shop.it\/de\/shop\/tisch\/teller-geschirr\/villeroy-boch-afina-satz-von-6-tellern-29-cm\/\" \/>\n<meta property=\"og:site_name\" content=\"Erresse Shop\" \/>\n<meta property=\"article:modified_time\" content=\"2025-01-21T16:45:45+00:00\" \/>\n<meta property=\"og:image\" content=\"https:\/\/www.erresse-shop.it\/wp-content\/uploads\/2024\/04\/villeroy-e-boch-afina-piatto-fondo.jpg\" \/>\n\t<meta property=\"og:image:width\" content=\"800\" \/>\n\t<meta property=\"og:image:height\" content=\"800\" \/>\n\t<meta property=\"og:image:type\" content=\"image\/jpeg\" \/>\n<meta name=\"twitter:card\" content=\"summary_large_image\" \/>\n<script type=\"application\/ld+json\" class=\"yoast-schema-graph\">{\"@context\":\"https:\/\/schema.org\",\"@graph\":[{\"@type\":\"WebPage\",\"@id\":\"https:\/\/www.erresse-shop.it\/de\/shop\/tisch\/teller-geschirr\/villeroy-boch-afina-satz-von-6-tellern-29-cm\/\",\"url\":\"https:\/\/www.erresse-shop.it\/de\/shop\/tisch\/teller-geschirr\/villeroy-boch-afina-satz-von-6-tellern-29-cm\/\",\"name\":\"VILLEROY & BOCH Afina Satz von 4 Tellern 29 cm\",\"isPartOf\":{\"@id\":\"https:\/\/www.erresse-shop.it\/de\/#website\"},\"datePublished\":\"2024-04-02T06:48:19+00:00\",\"dateModified\":\"2025-01-21T16:45:45+00:00\",\"description\":\"Entdecken Sie VILLEROY & BOCH Afina Satz von 4 Tellern 29 cm bei ErresseShop. Qualit\u00e4t, Stil und Funktionalit\u00e4t \u2013 jetzt online bestellen!\",\"breadcrumb\":{\"@id\":\"https:\/\/www.erresse-shop.it\/de\/shop\/tisch\/teller-geschirr\/villeroy-boch-afina-satz-von-6-tellern-29-cm\/#breadcrumb\"},\"inLanguage\":\"de-DE\",\"potentialAction\":[{\"@type\":\"ReadAction\",\"target\":[\"https:\/\/www.erresse-shop.it\/de\/shop\/tisch\/teller-geschirr\/villeroy-boch-afina-satz-von-6-tellern-29-cm\/\"]}]},{\"@type\":\"BreadcrumbList\",\"@id\":\"https:\/\/www.erresse-shop.it\/de\/shop\/tisch\/teller-geschirr\/villeroy-boch-afina-satz-von-6-tellern-29-cm\/#breadcrumb\",\"itemListElement\":[{\"@type\":\"ListItem\",\"position\":1,\"name\":\"Home\",\"item\":\"https:\/\/www.erresse-shop.it\/de\/\"},{\"@type\":\"ListItem\",\"position\":2,\"name\":\"Shop\",\"item\":\"https:\/\/www.erresse-shop.it\/de\/shop\/\"},{\"@type\":\"ListItem\",\"position\":3,\"name\":\"VILLEROY &#038; BOCH Afina Satz von 4 Tellern 29 cm\"}]},{\"@type\":\"WebSite\",\"@id\":\"https:\/\/www.erresse-shop.it\/de\/#website\",\"url\":\"https:\/\/www.erresse-shop.it\/de\/\",\"name\":\"Erresse Shop\",\"description\":\"Articoli di qualit\u00e0 per la casa\",\"potentialAction\":[{\"@type\":\"SearchAction\",\"target\":{\"@type\":\"EntryPoint\",\"urlTemplate\":\"https:\/\/www.erresse-shop.it\/de\/?s={search_term_string}\"},\"query-input\":\"required name=search_term_string\"}],\"inLanguage\":\"de-DE\"}]}<\/script>\n<!-- \/ Yoast SEO Premium plugin. -->","yoast_head_json":{"title":"VILLEROY & BOCH Afina Satz von 4 Tellern 29 cm","description":"Entdecken Sie VILLEROY & BOCH Afina Satz von 4 Tellern 29 cm bei ErresseShop. Qualit\u00e4t, Stil und Funktionalit\u00e4t \u2013 jetzt online bestellen!","robots":{"index":"index","follow":"follow","max-snippet":"max-snippet:-1","max-image-preview":"max-image-preview:large","max-video-preview":"max-video-preview:-1"},"canonical":"https:\/\/www.erresse-shop.it\/de\/shop\/tisch\/teller-geschirr\/villeroy-boch-afina-satz-von-6-tellern-29-cm\/","og_locale":"de_DE","og_type":"article","og_title":"VILLEROY & BOCH Afina Satz von 4 Tellern 29 cm","og_description":"Entdecken Sie VILLEROY & BOCH Afina Satz von 4 Tellern 29 cm bei ErresseShop. Qualit\u00e4t, Stil und Funktionalit\u00e4t \u2013 jetzt online bestellen!","og_url":"https:\/\/www.erresse-shop.it\/de\/shop\/tisch\/teller-geschirr\/villeroy-boch-afina-satz-von-6-tellern-29-cm\/","og_site_name":"Erresse Shop","article_modified_time":"2025-01-21T16:45:45+00:00","og_image":[{"width":800,"height":800,"url":"https:\/\/www.erresse-shop.it\/wp-content\/uploads\/2024\/04\/villeroy-e-boch-afina-piatto-fondo.jpg","type":"image\/jpeg"}],"twitter_card":"summary_large_image","schema":{"@context":"https:\/\/schema.org","@graph":[{"@type":"WebPage","@id":"https:\/\/www.erresse-shop.it\/de\/shop\/tisch\/teller-geschirr\/villeroy-boch-afina-satz-von-6-tellern-29-cm\/","url":"https:\/\/www.erresse-shop.it\/de\/shop\/tisch\/teller-geschirr\/villeroy-boch-afina-satz-von-6-tellern-29-cm\/","name":"VILLEROY & BOCH Afina Satz von 4 Tellern 29 cm","isPartOf":{"@id":"https:\/\/www.erresse-shop.it\/de\/#website"},"datePublished":"2024-04-02T06:48:19+00:00","dateModified":"2025-01-21T16:45:45+00:00","description":"Entdecken Sie VILLEROY & BOCH Afina Satz von 4 Tellern 29 cm bei ErresseShop. Qualit\u00e4t, Stil und Funktionalit\u00e4t \u2013 jetzt online bestellen!","breadcrumb":{"@id":"https:\/\/www.erresse-shop.it\/de\/shop\/tisch\/teller-geschirr\/villeroy-boch-afina-satz-von-6-tellern-29-cm\/#breadcrumb"},"inLanguage":"de-DE","potentialAction":[{"@type":"ReadAction","target":["https:\/\/www.erresse-shop.it\/de\/shop\/tisch\/teller-geschirr\/villeroy-boch-afina-satz-von-6-tellern-29-cm\/"]}]},{"@type":"BreadcrumbList","@id":"https:\/\/www.erresse-shop.it\/de\/shop\/tisch\/teller-geschirr\/villeroy-boch-afina-satz-von-6-tellern-29-cm\/#breadcrumb","itemListElement":[{"@type":"ListItem","position":1,"name":"Home","item":"https:\/\/www.erresse-shop.it\/de\/"},{"@type":"ListItem","position":2,"name":"Shop","item":"https:\/\/www.erresse-shop.it\/de\/shop\/"},{"@type":"ListItem","position":3,"name":"VILLEROY &#038; BOCH Afina Satz von 4 Tellern 29 cm"}]},{"@type":"WebSite","@id":"https:\/\/www.erresse-shop.it\/de\/#website","url":"https:\/\/www.erresse-shop.it\/de\/","name":"Erresse Shop","description":"Articoli di qualit\u00e0 per la casa","potentialAction":[{"@type":"SearchAction","target":{"@type":"EntryPoint","urlTemplate":"https:\/\/www.erresse-shop.it\/de\/?s={search_term_string}"},"query-input":"required name=search_term_string"}],"inLanguage":"de-DE"}]}},"df_price":143.52,"df_sale_price":143.52,"df_regular_price":179.4,"df_image_link":"https:\/\/www.erresse-shop.it\/wp-content\/uploads\/2024\/04\/villeroy-e-boch-afina-piatto-fondo-300x300.jpg","_links":{"self":[{"href":"https:\/\/www.erresse-shop.it\/de\/wp-json\/wp\/v2\/product\/400310"}],"collection":[{"href":"https:\/\/www.erresse-shop.it\/de\/wp-json\/wp\/v2\/product"}],"about":[{"href":"https:\/\/www.erresse-shop.it\/de\/wp-json\/wp\/v2\/types\/product"}],"wp:featuredmedia":[{"embeddable":true,"href":"https:\/\/www.erresse-shop.it\/de\/wp-json\/wp\/v2\/media\/400302"}],"wp:attachment":[{"href":"https:\/\/www.erresse-shop.it\/de\/wp-json\/wp\/v2\/media?parent=400310"}],"wp:term":[{"taxonomy":"product_cat","embeddable":true,"href":"https:\/\/www.erresse-shop.it\/de\/wp-json\/wp\/v2\/product_cat?post=400310"},{"taxonomy":"product_tag","embeddable":true,"href":"https:\/\/www.erresse-shop.it\/de\/wp-json\/wp\/v2\/product_tag?post=400310"}],"curies":[{"name":"wp","href":"https:\/\/api.w.org\/{rel}","templated":true}]}}