{"id":400278,"date":"2024-04-02T06:36:28","date_gmt":"2024-04-02T06:36:29","guid":{"rendered":"https:\/\/www.erresse-shop.it\/?post_type=product&#038;p=400278"},"modified":"2025-01-21T16:45:44","modified_gmt":"2025-01-21T16:45:44","slug":"villeroy-boch-afina-6er-set-servierteller-25-cm","status":"publish","type":"product","link":"https:\/\/www.erresse-shop.it\/de\/shop\/tisch\/teller-geschirr\/villeroy-boch-afina-6er-set-servierteller-25-cm\/","title":{"rendered":"VILLEROY &#038; BOCH Afina 6er-Set Servierteller 25 cm"},"content":{"rendered":"<p><strong>Speiseteller f\u00fcr Suppen oder Nudelgerichte<\/strong><\/p>\n<p>In einer Welt, die von der Suche nach Einzigartigkeit und gleichzeitig nach R\u00e4umen des Wohlbefindens gepr\u00e4gt ist, pr\u00e4sentieren wir die Geschirrkollektion Afina, die vom Lifestyle-Trend des raffinierten Geschmacks inspiriert ist. Die Kollektion zeichnet sich durch ein einzigartiges Designkonzept aus, das minimalistische Formen und zarte, raffinierte Details kombiniert.<\/p>\n<p>Klare Formen werden gekonnt mit feinen Details kombiniert, was zu einer modernen Coup\u00e9-Form mit erh\u00f6htem Rand f\u00fchrt. Inspiriert von konzentrischen Sonnenstrahlen, zeichnet sich dieses Geschirr durch ein faszinierendes Ringrelief aus, das ein exquisites haptisches Erlebnis schafft. Das unverwechselbare, schwebende Erscheinungsbild wird durch einen sorgf\u00e4ltig verdeckten Sockel unterstrichen. Der Suppenteller ist ideal f\u00fcr Suppen und Nudelgerichte. Mit seiner gro\u00dfz\u00fcgigen Form und seinem eleganten Design bietet er eine perfekte L\u00f6sung f\u00fcr die Pr\u00e4sentation verschiedener Nudelsorten und k\u00f6stlicher Pastagerichte. Entdecken Sie mit Afina die Perfektion der minimalistischen Raffinesse und lassen Sie Ihre K\u00fcchen und Esszimmer in beeindruckendem Glanz erstrahlen.<\/p>\n<p><strong>Material:<\/strong> Porzellan<br \/>\n<strong>Durchmesser:<\/strong> 249 mm<br \/>\n<strong>Fassungsverm\u00f6gen: <\/strong>ca. 300 ml<br \/>\n<strong>Sp\u00fclmaschinengeeignet:<\/strong> ja<br \/>\n<strong>F\u00fcr die Mikrowelle geeignet:<\/strong> ja<\/p>\n","protected":false},"excerpt":{"rendered":"<p>Speiseteller f\u00fcr Suppen oder Nudelgerichte In einer Welt, die von der Suche nach Einzigartigkeit und gleichzeitig nach R\u00e4umen des Wohlbefindens<\/p>\n","protected":false},"featured_media":475524,"template":"","meta":{"_acf_changed":false,"inline_featured_image":false},"product_cat":[6793,6787],"product_tag":[25027,24398,11971,22042,21970,25022,14289,11827],"acf":[],"yoast_head":"<!-- This site is optimized with the Yoast SEO Premium plugin v18.6 (Yoast SEO v19.13) - https:\/\/yoast.com\/wordpress\/plugins\/seo\/ -->\n<title>VILLEROY &amp; BOCH Afina 6er-Set Servierteller 25 cm<\/title>\n<meta name=\"description\" content=\"Entdecken Sie VILLEROY &amp; BOCH Afina 6er-Set Servierteller 25 cm bei ErresseShop. Qualit\u00e4t, Stil und Funktionalit\u00e4t \u2013 jetzt online bestellen!\" \/>\n<meta name=\"robots\" content=\"index, follow, max-snippet:-1, max-image-preview:large, max-video-preview:-1\" \/>\n<link rel=\"canonical\" href=\"https:\/\/www.erresse-shop.it\/de\/shop\/tisch\/teller-geschirr\/villeroy-boch-afina-6er-set-servierteller-25-cm\/\" \/>\n<meta property=\"og:locale\" content=\"de_DE\" \/>\n<meta property=\"og:type\" content=\"article\" \/>\n<meta property=\"og:title\" content=\"VILLEROY &amp; BOCH Afina 6er-Set Servierteller 25 cm\" \/>\n<meta property=\"og:description\" content=\"Entdecken Sie VILLEROY &amp; BOCH Afina 6er-Set Servierteller 25 cm bei ErresseShop. Qualit\u00e4t, Stil und Funktionalit\u00e4t \u2013 jetzt online bestellen!\" \/>\n<meta property=\"og:url\" content=\"https:\/\/www.erresse-shop.it\/de\/shop\/tisch\/teller-geschirr\/villeroy-boch-afina-6er-set-servierteller-25-cm\/\" \/>\n<meta property=\"og:site_name\" content=\"Erresse Shop\" \/>\n<meta property=\"article:modified_time\" content=\"2025-01-21T16:45:44+00:00\" \/>\n<meta property=\"og:image\" content=\"https:\/\/www.erresse-shop.it\/wp-content\/uploads\/2024\/04\/villeroy-e-boch-afina-piatto-fondo.jpg\" \/>\n\t<meta property=\"og:image:width\" content=\"800\" \/>\n\t<meta property=\"og:image:height\" content=\"800\" \/>\n\t<meta property=\"og:image:type\" content=\"image\/jpeg\" \/>\n<meta name=\"twitter:card\" content=\"summary_large_image\" \/>\n<script type=\"application\/ld+json\" class=\"yoast-schema-graph\">{\"@context\":\"https:\/\/schema.org\",\"@graph\":[{\"@type\":\"WebPage\",\"@id\":\"https:\/\/www.erresse-shop.it\/de\/shop\/tisch\/teller-geschirr\/villeroy-boch-afina-6er-set-servierteller-25-cm\/\",\"url\":\"https:\/\/www.erresse-shop.it\/de\/shop\/tisch\/teller-geschirr\/villeroy-boch-afina-6er-set-servierteller-25-cm\/\",\"name\":\"VILLEROY & BOCH Afina 6er-Set Servierteller 25 cm\",\"isPartOf\":{\"@id\":\"https:\/\/www.erresse-shop.it\/de\/#website\"},\"datePublished\":\"2024-04-02T06:36:29+00:00\",\"dateModified\":\"2025-01-21T16:45:44+00:00\",\"description\":\"Entdecken Sie VILLEROY & BOCH Afina 6er-Set Servierteller 25 cm bei ErresseShop. Qualit\u00e4t, Stil und Funktionalit\u00e4t \u2013 jetzt online bestellen!\",\"breadcrumb\":{\"@id\":\"https:\/\/www.erresse-shop.it\/de\/shop\/tisch\/teller-geschirr\/villeroy-boch-afina-6er-set-servierteller-25-cm\/#breadcrumb\"},\"inLanguage\":\"de-DE\",\"potentialAction\":[{\"@type\":\"ReadAction\",\"target\":[\"https:\/\/www.erresse-shop.it\/de\/shop\/tisch\/teller-geschirr\/villeroy-boch-afina-6er-set-servierteller-25-cm\/\"]}]},{\"@type\":\"BreadcrumbList\",\"@id\":\"https:\/\/www.erresse-shop.it\/de\/shop\/tisch\/teller-geschirr\/villeroy-boch-afina-6er-set-servierteller-25-cm\/#breadcrumb\",\"itemListElement\":[{\"@type\":\"ListItem\",\"position\":1,\"name\":\"Home\",\"item\":\"https:\/\/www.erresse-shop.it\/de\/\"},{\"@type\":\"ListItem\",\"position\":2,\"name\":\"Shop\",\"item\":\"https:\/\/www.erresse-shop.it\/de\/shop\/\"},{\"@type\":\"ListItem\",\"position\":3,\"name\":\"VILLEROY &#038; BOCH Afina 6er-Set Servierteller 25 cm\"}]},{\"@type\":\"WebSite\",\"@id\":\"https:\/\/www.erresse-shop.it\/de\/#website\",\"url\":\"https:\/\/www.erresse-shop.it\/de\/\",\"name\":\"Erresse Shop\",\"description\":\"Articoli di qualit\u00e0 per la casa\",\"potentialAction\":[{\"@type\":\"SearchAction\",\"target\":{\"@type\":\"EntryPoint\",\"urlTemplate\":\"https:\/\/www.erresse-shop.it\/de\/?s={search_term_string}\"},\"query-input\":\"required name=search_term_string\"}],\"inLanguage\":\"de-DE\"}]}<\/script>\n<!-- \/ Yoast SEO Premium plugin. -->","yoast_head_json":{"title":"VILLEROY & BOCH Afina 6er-Set Servierteller 25 cm","description":"Entdecken Sie VILLEROY & BOCH Afina 6er-Set Servierteller 25 cm bei ErresseShop. Qualit\u00e4t, Stil und Funktionalit\u00e4t \u2013 jetzt online bestellen!","robots":{"index":"index","follow":"follow","max-snippet":"max-snippet:-1","max-image-preview":"max-image-preview:large","max-video-preview":"max-video-preview:-1"},"canonical":"https:\/\/www.erresse-shop.it\/de\/shop\/tisch\/teller-geschirr\/villeroy-boch-afina-6er-set-servierteller-25-cm\/","og_locale":"de_DE","og_type":"article","og_title":"VILLEROY & BOCH Afina 6er-Set Servierteller 25 cm","og_description":"Entdecken Sie VILLEROY & BOCH Afina 6er-Set Servierteller 25 cm bei ErresseShop. Qualit\u00e4t, Stil und Funktionalit\u00e4t \u2013 jetzt online bestellen!","og_url":"https:\/\/www.erresse-shop.it\/de\/shop\/tisch\/teller-geschirr\/villeroy-boch-afina-6er-set-servierteller-25-cm\/","og_site_name":"Erresse Shop","article_modified_time":"2025-01-21T16:45:44+00:00","og_image":[{"width":800,"height":800,"url":"https:\/\/www.erresse-shop.it\/wp-content\/uploads\/2024\/04\/villeroy-e-boch-afina-piatto-fondo.jpg","type":"image\/jpeg"}],"twitter_card":"summary_large_image","schema":{"@context":"https:\/\/schema.org","@graph":[{"@type":"WebPage","@id":"https:\/\/www.erresse-shop.it\/de\/shop\/tisch\/teller-geschirr\/villeroy-boch-afina-6er-set-servierteller-25-cm\/","url":"https:\/\/www.erresse-shop.it\/de\/shop\/tisch\/teller-geschirr\/villeroy-boch-afina-6er-set-servierteller-25-cm\/","name":"VILLEROY & BOCH Afina 6er-Set Servierteller 25 cm","isPartOf":{"@id":"https:\/\/www.erresse-shop.it\/de\/#website"},"datePublished":"2024-04-02T06:36:29+00:00","dateModified":"2025-01-21T16:45:44+00:00","description":"Entdecken Sie VILLEROY & BOCH Afina 6er-Set Servierteller 25 cm bei ErresseShop. Qualit\u00e4t, Stil und Funktionalit\u00e4t \u2013 jetzt online bestellen!","breadcrumb":{"@id":"https:\/\/www.erresse-shop.it\/de\/shop\/tisch\/teller-geschirr\/villeroy-boch-afina-6er-set-servierteller-25-cm\/#breadcrumb"},"inLanguage":"de-DE","potentialAction":[{"@type":"ReadAction","target":["https:\/\/www.erresse-shop.it\/de\/shop\/tisch\/teller-geschirr\/villeroy-boch-afina-6er-set-servierteller-25-cm\/"]}]},{"@type":"BreadcrumbList","@id":"https:\/\/www.erresse-shop.it\/de\/shop\/tisch\/teller-geschirr\/villeroy-boch-afina-6er-set-servierteller-25-cm\/#breadcrumb","itemListElement":[{"@type":"ListItem","position":1,"name":"Home","item":"https:\/\/www.erresse-shop.it\/de\/"},{"@type":"ListItem","position":2,"name":"Shop","item":"https:\/\/www.erresse-shop.it\/de\/shop\/"},{"@type":"ListItem","position":3,"name":"VILLEROY &#038; BOCH Afina 6er-Set Servierteller 25 cm"}]},{"@type":"WebSite","@id":"https:\/\/www.erresse-shop.it\/de\/#website","url":"https:\/\/www.erresse-shop.it\/de\/","name":"Erresse Shop","description":"Articoli di qualit\u00e0 per la casa","potentialAction":[{"@type":"SearchAction","target":{"@type":"EntryPoint","urlTemplate":"https:\/\/www.erresse-shop.it\/de\/?s={search_term_string}"},"query-input":"required name=search_term_string"}],"inLanguage":"de-DE"}]}},"df_price":74.7,"df_sale_price":74.7,"df_regular_price":149.4,"df_image_link":"https:\/\/www.erresse-shop.it\/wp-content\/uploads\/2024\/04\/VILLEROY-BOCH-Afina-Set-6-Piatti-Fondi-25-cm-1-300x300.jpg","_links":{"self":[{"href":"https:\/\/www.erresse-shop.it\/de\/wp-json\/wp\/v2\/product\/400278"}],"collection":[{"href":"https:\/\/www.erresse-shop.it\/de\/wp-json\/wp\/v2\/product"}],"about":[{"href":"https:\/\/www.erresse-shop.it\/de\/wp-json\/wp\/v2\/types\/product"}],"wp:featuredmedia":[{"embeddable":true,"href":"https:\/\/www.erresse-shop.it\/de\/wp-json\/wp\/v2\/media\/475524"}],"wp:attachment":[{"href":"https:\/\/www.erresse-shop.it\/de\/wp-json\/wp\/v2\/media?parent=400278"}],"wp:term":[{"taxonomy":"product_cat","embeddable":true,"href":"https:\/\/www.erresse-shop.it\/de\/wp-json\/wp\/v2\/product_cat?post=400278"},{"taxonomy":"product_tag","embeddable":true,"href":"https:\/\/www.erresse-shop.it\/de\/wp-json\/wp\/v2\/product_tag?post=400278"}],"curies":[{"name":"wp","href":"https:\/\/api.w.org\/{rel}","templated":true}]}}