{"id":399678,"date":"2024-03-27T10:51:39","date_gmt":"2024-03-27T10:51:41","guid":{"rendered":"https:\/\/www.erresse-shop.it\/?post_type=product&#038;p=399678"},"modified":"2025-06-13T08:08:24","modified_gmt":"2025-06-13T08:08:24","slug":"villeroy-boch-iconic-teller-la-petite-boule-schwarz-und-weiss","status":"publish","type":"product","link":"https:\/\/www.erresse-shop.it\/de\/shop\/tisch\/teller-geschirr\/villeroy-boch-iconic-teller-la-petite-boule-schwarz-und-weiss\/","title":{"rendered":"VILLEROY &#038; BOCH Iconic Teller La Petite Boule Schwarz und Weiss"},"content":{"rendered":"<p><b><strong>Snacks und M\u00f6bel in einer eleganten Kombination<\/strong><\/b><\/p>\n<p>La Boule ist ein Designobjekt, das bereits tief in der DNA von Villeroy &amp; Boch verwurzelt ist und die St\u00e4rke der Marke V&amp;B mit keramischem Know-how und ikonischem Design verbindet. Wir setzen die Erfolgsgeschichte mit einer &#8216;Iconic Family&#8217; fort: Die petite Boule ist die kleinere Version unserer erfolgreichen La Boule Memphis, Black&amp;White, White and Black und Toy&#8217;s Delight. Als \u00c4quivalent zu La Boule, das Essen und Dekoration vereint, kombiniert die Petite-Version kleine Snacks und Dekoration. La petite Boule White ist nicht nur ein exquisites Sammlerst\u00fcck, sondern auch die perfekte Wahl f\u00fcr Liebhaber des feinen Geschmacks, die ein ideales Geschenk f\u00fcr verschiedene Anl\u00e4sse suchen.<\/p>\n<p>Die raffinierte Kreation verbindet erstklassige Funktionalit\u00e4t mit kultigem Design und wird nicht nur zum Blickfang auf dem Tisch, sondern auch zum absoluten Highlight in jeder stilvollen Einrichtung. Das Besondere an diesem Tischset ist die einfache Verwandlung in eine Kunstkugel.<\/p>\n<p>Das Set besteht aus f\u00fcnf Teilen, darunter vier Schalen und ein Mittelteller, und ist aus hochwertigem Porzellan made in Germany gefertigt. La petite Boule White verk\u00f6rpert zeitlose Eleganz und erstklassige Qualit\u00e4t. Sichern Sie sich jetzt Ihr innovatives Snack-Set!<\/p>\n<p><b><strong>Das Set besteht aus:<\/strong><\/b><\/p>\n<p>2 Schalen<br \/>\n2 Tellern<br \/>\n1 Untertasse<\/p>\n<p><b><strong>Material: <\/strong><\/b>Porzellan<br \/>\n<b><strong>Sp\u00fclmaschinengeeignet<br \/>\n<\/strong><\/b><b><strong>Mikrowellengeeignet<\/strong><\/b><\/p>\n","protected":false},"excerpt":{"rendered":"<p>Snacks und M\u00f6bel in einer eleganten Kombination La Boule ist ein Designobjekt, das bereits tief in der DNA von Villeroy<\/p>\n","protected":false},"featured_media":399686,"template":"","meta":{"_acf_changed":false,"inline_featured_image":false},"product_cat":[6793,6787],"product_tag":[17527,14262,11827],"acf":[],"yoast_head":"<!-- This site is optimized with the Yoast SEO Premium plugin v18.6 (Yoast SEO v19.13) - https:\/\/yoast.com\/wordpress\/plugins\/seo\/ -->\n<title>VILLEROY &amp; BOCH Iconic Teller La Petite Boule Schwarz und Weiss<\/title>\n<meta name=\"description\" content=\"Entdecken Sie VILLEROY &amp; BOCH Iconic Teller La Petite Boule Schwarz und Weiss bei ErresseShop. Qualit\u00e4t, Stil und Funktionalit\u00e4t \u2013 jetzt online bestellen!\" \/>\n<meta name=\"robots\" content=\"index, follow, max-snippet:-1, max-image-preview:large, max-video-preview:-1\" \/>\n<link rel=\"canonical\" href=\"https:\/\/www.erresse-shop.it\/de\/shop\/tisch\/teller-geschirr\/villeroy-boch-iconic-teller-la-petite-boule-schwarz-und-weiss\/\" \/>\n<meta property=\"og:locale\" content=\"de_DE\" \/>\n<meta property=\"og:type\" content=\"article\" \/>\n<meta property=\"og:title\" content=\"VILLEROY &amp; BOCH Iconic Teller La Petite Boule Schwarz und Weiss\" \/>\n<meta property=\"og:description\" content=\"Entdecken Sie VILLEROY &amp; BOCH Iconic Teller La Petite Boule Schwarz und Weiss bei ErresseShop. Qualit\u00e4t, Stil und Funktionalit\u00e4t \u2013 jetzt online bestellen!\" \/>\n<meta property=\"og:url\" content=\"https:\/\/www.erresse-shop.it\/de\/shop\/tisch\/teller-geschirr\/villeroy-boch-iconic-teller-la-petite-boule-schwarz-und-weiss\/\" \/>\n<meta property=\"og:site_name\" content=\"Erresse Shop\" \/>\n<meta property=\"article:modified_time\" content=\"2025-06-13T08:08:24+00:00\" \/>\n<meta property=\"og:image\" content=\"https:\/\/www.erresse-shop.it\/wp-content\/uploads\/2024\/03\/villeroy-e-boch-la-petite-boule-nero-e-bianco.jpg\" \/>\n\t<meta property=\"og:image:width\" content=\"800\" \/>\n\t<meta property=\"og:image:height\" content=\"800\" \/>\n\t<meta property=\"og:image:type\" content=\"image\/jpeg\" \/>\n<meta name=\"twitter:card\" content=\"summary_large_image\" \/>\n<script type=\"application\/ld+json\" class=\"yoast-schema-graph\">{\"@context\":\"https:\/\/schema.org\",\"@graph\":[{\"@type\":\"WebPage\",\"@id\":\"https:\/\/www.erresse-shop.it\/de\/shop\/tisch\/teller-geschirr\/villeroy-boch-iconic-teller-la-petite-boule-schwarz-und-weiss\/\",\"url\":\"https:\/\/www.erresse-shop.it\/de\/shop\/tisch\/teller-geschirr\/villeroy-boch-iconic-teller-la-petite-boule-schwarz-und-weiss\/\",\"name\":\"VILLEROY & BOCH Iconic Teller La Petite Boule Schwarz und Weiss\",\"isPartOf\":{\"@id\":\"https:\/\/www.erresse-shop.it\/de\/#website\"},\"datePublished\":\"2024-03-27T10:51:41+00:00\",\"dateModified\":\"2025-06-13T08:08:24+00:00\",\"description\":\"Entdecken Sie VILLEROY & BOCH Iconic Teller La Petite Boule Schwarz und Weiss bei ErresseShop. Qualit\u00e4t, Stil und Funktionalit\u00e4t \u2013 jetzt online bestellen!\",\"breadcrumb\":{\"@id\":\"https:\/\/www.erresse-shop.it\/de\/shop\/tisch\/teller-geschirr\/villeroy-boch-iconic-teller-la-petite-boule-schwarz-und-weiss\/#breadcrumb\"},\"inLanguage\":\"de-DE\",\"potentialAction\":[{\"@type\":\"ReadAction\",\"target\":[\"https:\/\/www.erresse-shop.it\/de\/shop\/tisch\/teller-geschirr\/villeroy-boch-iconic-teller-la-petite-boule-schwarz-und-weiss\/\"]}]},{\"@type\":\"BreadcrumbList\",\"@id\":\"https:\/\/www.erresse-shop.it\/de\/shop\/tisch\/teller-geschirr\/villeroy-boch-iconic-teller-la-petite-boule-schwarz-und-weiss\/#breadcrumb\",\"itemListElement\":[{\"@type\":\"ListItem\",\"position\":1,\"name\":\"Home\",\"item\":\"https:\/\/www.erresse-shop.it\/de\/\"},{\"@type\":\"ListItem\",\"position\":2,\"name\":\"Shop\",\"item\":\"https:\/\/www.erresse-shop.it\/de\/shop\/\"},{\"@type\":\"ListItem\",\"position\":3,\"name\":\"VILLEROY &#038; BOCH Iconic Teller La Petite Boule Schwarz und Weiss\"}]},{\"@type\":\"WebSite\",\"@id\":\"https:\/\/www.erresse-shop.it\/de\/#website\",\"url\":\"https:\/\/www.erresse-shop.it\/de\/\",\"name\":\"Erresse Shop\",\"description\":\"Articoli di qualit\u00e0 per la casa\",\"potentialAction\":[{\"@type\":\"SearchAction\",\"target\":{\"@type\":\"EntryPoint\",\"urlTemplate\":\"https:\/\/www.erresse-shop.it\/de\/?s={search_term_string}\"},\"query-input\":\"required name=search_term_string\"}],\"inLanguage\":\"de-DE\"}]}<\/script>\n<!-- \/ Yoast SEO Premium plugin. -->","yoast_head_json":{"title":"VILLEROY & BOCH Iconic Teller La Petite Boule Schwarz und Weiss","description":"Entdecken Sie VILLEROY & BOCH Iconic Teller La Petite Boule Schwarz und Weiss bei ErresseShop. Qualit\u00e4t, Stil und Funktionalit\u00e4t \u2013 jetzt online bestellen!","robots":{"index":"index","follow":"follow","max-snippet":"max-snippet:-1","max-image-preview":"max-image-preview:large","max-video-preview":"max-video-preview:-1"},"canonical":"https:\/\/www.erresse-shop.it\/de\/shop\/tisch\/teller-geschirr\/villeroy-boch-iconic-teller-la-petite-boule-schwarz-und-weiss\/","og_locale":"de_DE","og_type":"article","og_title":"VILLEROY & BOCH Iconic Teller La Petite Boule Schwarz und Weiss","og_description":"Entdecken Sie VILLEROY & BOCH Iconic Teller La Petite Boule Schwarz und Weiss bei ErresseShop. Qualit\u00e4t, Stil und Funktionalit\u00e4t \u2013 jetzt online bestellen!","og_url":"https:\/\/www.erresse-shop.it\/de\/shop\/tisch\/teller-geschirr\/villeroy-boch-iconic-teller-la-petite-boule-schwarz-und-weiss\/","og_site_name":"Erresse Shop","article_modified_time":"2025-06-13T08:08:24+00:00","og_image":[{"width":800,"height":800,"url":"https:\/\/www.erresse-shop.it\/wp-content\/uploads\/2024\/03\/villeroy-e-boch-la-petite-boule-nero-e-bianco.jpg","type":"image\/jpeg"}],"twitter_card":"summary_large_image","schema":{"@context":"https:\/\/schema.org","@graph":[{"@type":"WebPage","@id":"https:\/\/www.erresse-shop.it\/de\/shop\/tisch\/teller-geschirr\/villeroy-boch-iconic-teller-la-petite-boule-schwarz-und-weiss\/","url":"https:\/\/www.erresse-shop.it\/de\/shop\/tisch\/teller-geschirr\/villeroy-boch-iconic-teller-la-petite-boule-schwarz-und-weiss\/","name":"VILLEROY & BOCH Iconic Teller La Petite Boule Schwarz und Weiss","isPartOf":{"@id":"https:\/\/www.erresse-shop.it\/de\/#website"},"datePublished":"2024-03-27T10:51:41+00:00","dateModified":"2025-06-13T08:08:24+00:00","description":"Entdecken Sie VILLEROY & BOCH Iconic Teller La Petite Boule Schwarz und Weiss bei ErresseShop. Qualit\u00e4t, Stil und Funktionalit\u00e4t \u2013 jetzt online bestellen!","breadcrumb":{"@id":"https:\/\/www.erresse-shop.it\/de\/shop\/tisch\/teller-geschirr\/villeroy-boch-iconic-teller-la-petite-boule-schwarz-und-weiss\/#breadcrumb"},"inLanguage":"de-DE","potentialAction":[{"@type":"ReadAction","target":["https:\/\/www.erresse-shop.it\/de\/shop\/tisch\/teller-geschirr\/villeroy-boch-iconic-teller-la-petite-boule-schwarz-und-weiss\/"]}]},{"@type":"BreadcrumbList","@id":"https:\/\/www.erresse-shop.it\/de\/shop\/tisch\/teller-geschirr\/villeroy-boch-iconic-teller-la-petite-boule-schwarz-und-weiss\/#breadcrumb","itemListElement":[{"@type":"ListItem","position":1,"name":"Home","item":"https:\/\/www.erresse-shop.it\/de\/"},{"@type":"ListItem","position":2,"name":"Shop","item":"https:\/\/www.erresse-shop.it\/de\/shop\/"},{"@type":"ListItem","position":3,"name":"VILLEROY &#038; BOCH Iconic Teller La Petite Boule Schwarz und Weiss"}]},{"@type":"WebSite","@id":"https:\/\/www.erresse-shop.it\/de\/#website","url":"https:\/\/www.erresse-shop.it\/de\/","name":"Erresse Shop","description":"Articoli di qualit\u00e0 per la casa","potentialAction":[{"@type":"SearchAction","target":{"@type":"EntryPoint","urlTemplate":"https:\/\/www.erresse-shop.it\/de\/?s={search_term_string}"},"query-input":"required name=search_term_string"}],"inLanguage":"de-DE"}]}},"df_price":125,"df_sale_price":125,"df_regular_price":139,"df_image_link":"https:\/\/www.erresse-shop.it\/wp-content\/uploads\/2024\/03\/villeroy-e-boch-la-petite-boule-nero-e-bianco-300x300.jpg","_links":{"self":[{"href":"https:\/\/www.erresse-shop.it\/de\/wp-json\/wp\/v2\/product\/399678"}],"collection":[{"href":"https:\/\/www.erresse-shop.it\/de\/wp-json\/wp\/v2\/product"}],"about":[{"href":"https:\/\/www.erresse-shop.it\/de\/wp-json\/wp\/v2\/types\/product"}],"wp:featuredmedia":[{"embeddable":true,"href":"https:\/\/www.erresse-shop.it\/de\/wp-json\/wp\/v2\/media\/399686"}],"wp:attachment":[{"href":"https:\/\/www.erresse-shop.it\/de\/wp-json\/wp\/v2\/media?parent=399678"}],"wp:term":[{"taxonomy":"product_cat","embeddable":true,"href":"https:\/\/www.erresse-shop.it\/de\/wp-json\/wp\/v2\/product_cat?post=399678"},{"taxonomy":"product_tag","embeddable":true,"href":"https:\/\/www.erresse-shop.it\/de\/wp-json\/wp\/v2\/product_tag?post=399678"}],"curies":[{"name":"wp","href":"https:\/\/api.w.org\/{rel}","templated":true}]}}