{"id":398148,"date":"2024-03-20T07:29:53","date_gmt":"2024-03-20T07:29:56","guid":{"rendered":"https:\/\/www.erresse-shop.it\/?post_type=product&#038;p=398148"},"modified":"2025-01-16T08:05:40","modified_gmt":"2025-01-16T08:05:40","slug":"berkel-pro-line-xs25-rote-schneidemaschine-copia","status":"publish","type":"product","link":"https:\/\/www.erresse-shop.it\/de\/shop\/kleine-elektrogeraete\/aufschnittmaschinen\/berkel-pro-line-xs25-rote-schneidemaschine-copia\/","title":{"rendered":"BERKEL Pro Line XS30 Rote Schneidemaschine"},"content":{"rendered":"<p>Die Pro Line XS 25-30 ist die neueste Linie der professionellen elektrischen Schwerkraftschneidemaschinen von Berkel. Diese Produktreihe kombiniert kompakte Abmessungen mit dem raffinierten Design, das alle unsere Aufschnittmaschinen auszeichnet: weiche Linien, keine scharfen Kanten, Hochleistungsmaterialien und alle Details in dem charakteristischen Berkel-Rot.<\/p>\n<p>Die Pro Line XS richtet sich vor allem an den HO.RE.CA.-Kanal und erf\u00fcllt die Bed\u00fcrfnisse eines Benutzers, der mit einer begrenzten Investition eine hervorragende Schneidleistung sucht, ohne auf die h\u00f6chsten Sicherheitsstandards und eine in dieser Kategorie un\u00fcbertroffene Reinigungsfreundlichkeit verzichten zu m\u00fcssen.<\/p>\n<p>Einige Details k\u00f6nnen von den auf dem Foto gezeigten abweichen<\/p>\n<p><b><strong>PERFORMANCE<\/strong><\/b><\/p>\n<p>&#8211; 38\u00b0 geneigter Steg, um das Pressen des Produkts und das Abwerfen der Scheiben zu erleichtern<\/p>\n<p>&#8211; 15\u00b0 diagonal \u00f6ffnende Bahn zur Erleichterung der Produktfreigabe beim Schneiden<\/p>\n<p>&#8211; Kontinuierlich profilierte Messerabdeckung f\u00fcr gleichm\u00e4\u00dfige Scheibendicken<\/p>\n<p>&#8211; Minimale letzte Scheibendicke zur Minimierung des Produktabfalls<\/p>\n<p>&#8211; Gro\u00dfer Schieber f\u00fcr bessere Produktklemmung im Betrieb<\/p>\n<p>&#8211; Vollst\u00e4ndig abgedichtetes IP67-Bedienfeld und lebensmittelechte Silikondichtungen an allen freiliegenden Teilen<\/p>\n<p>&#8211; Messer\u00f6ffnungsknopf mit 14 Millimeterpositionen f\u00fcr perfekte Einstellung<\/p>\n<p>&#8211; Klingenschutz aus Stahl mit einfacher Magnetbefestigung<\/p>\n<p>&#8211; Inklusive abnehmbarem Sch\u00e4rfer<\/p>\n<p><b><strong>REINIGUNG UND HYGIENE<\/strong><\/b><\/p>\n<p>&#8211; Geneigte Segeltropfschale zum Ablassen von Fl\u00fcssigkeiten<\/p>\n<p>&#8211; In das Geh\u00e4use integrierte Fl\u00fcssigkeitsauffangwanne f\u00fcr tadellose Hygiene und Sauberkeit<\/p>\n<p>&#8211; Gro\u00dfer Spalt von 42 mm zwischen Messer und Motor f\u00fcr eine einfache und schnelle Reinigung<\/p>\n<p>&#8211; Schnelles System zum Entfernen des Messerschutzes<\/p>\n<p>&#8211; Geh\u00e4use aus einem Guss, daher keine L\u00fccken<\/p>\n<p><b><strong>SICHERHEIT<\/strong><\/b><\/p>\n<p>&#8211; Vollst\u00e4ndige Schlie\u00dfung des Segels f\u00fcr maximale Sicherheit w\u00e4hrend der Reinigungsarbeiten und Vorhandensein der CE-Verriegelung, um ein \u00d6ffnen zu verhindern, sobald die Platte entfernt wurde<\/p>\n<p>&#8211; Verriegeltes Parksystem f\u00fcr den Schieber, um ein versehentliches Ausl\u00f6sen zu verhindern<\/p>\n<p>&#8211; Ein\/Aus-Schalter mit gut sichtbarem LED-Licht<\/p>\n<p>&#8211; Aluminiumklingenschutzring f\u00fcr zus\u00e4tzliche Sicherheit<\/p>\n<p>&#8211; Transparenter Deckschutz aus Technopolymer f\u00fcr perfekte Sicht auf die Schneidvorg\u00e4nge<\/p>\n<p>&#8211; Ergonomische Bedienelemente mit einfacher Positionierung zur Minimierung des Arbeitsaufwands<\/p>\n<p><b><strong>TECHNISCHE MERKMALE<\/strong><\/b><\/p>\n<p><b><strong>Gewicht<\/strong><\/b> 29 kg<\/p>\n<p><b><strong>Durchmesser der Klinge<\/strong><\/b> 300 mm<\/p>\n<p><b><strong>Stecker<\/strong><\/b> Kabel wird mit EU-Stecker geliefert<\/p>\n<p><b><strong>Elektrische Daten<\/strong><\/b> 230 V 50 Hz 1 PH<\/p>\n<p><b><strong>Motorleistung<\/strong><\/b> 0,35 kW<\/p>\n<p><b><strong>Schnittdicke<\/strong><\/b> 0 &#8211; 14 mm<\/p>\n<p><b><strong>Schnittkapazit\u00e4t<\/strong><\/b> (rund) 230 mm<\/p>\n<p><b><strong>Schneidekapazit\u00e4t<\/strong><\/b> (rechteckig) 245X195 mm<\/p>\n<p><b><strong>Abnehmbare Teile<\/strong><\/b> Messerschutzscheibe, Messerplatte, Klappenabweiser<\/p>\n<p>Inklusive <b><strong>Sch\u00e4rfvorrichtung<\/strong><\/b>, zwei Bewegungen<\/p>\n<p><b><strong>Messerabsaugung<\/strong><\/b> Gro\u00dfe Reinigungsr\u00e4ume: nicht erforderlich<\/p>\n<p><strong>REINIGUNG &amp; HYGIENE<\/strong><\/p>\n<ul>\n<li>Geh\u00e4use mit Klingenschutz: Eine Schale im S\u00e4geblatt begrenzt die Zwischenr\u00e4ume, um Ablagerungen zu vermeiden<\/li>\n<li>Kontinuierlicher Klingenschutz aus lebensmittelechtem Aluminium mit schneller Entfernung f\u00fcr einfache Reinigung<\/li>\n<li>Klappplatte zur schnellen Reinigung des Maschinenk\u00f6rpers<\/li>\n<li>Einfach abnehmbare und sp\u00fclmaschinenfeste Presse<\/li>\n<li>Klinge Abzieher enthalten<\/li>\n<li>Untergestell mit Aluminiumplatte, wodurch keine L\u00fccken zwischen Maschine und Bank entstehen<\/li>\n<\/ul>\n<p><span style=\"text-decoration: underline;\"><strong>Nicht au\u00dferhalb Europas verk\u00e4uflich<\/strong><\/span><\/p>\n","protected":false},"excerpt":{"rendered":"<p>Die Pro Line XS 25-30 ist die neueste Linie der professionellen elektrischen Schwerkraftschneidemaschinen von Berkel. Diese Produktreihe kombiniert kompakte Abmessungen<\/p>\n","protected":false},"featured_media":398062,"template":"","meta":{"_acf_changed":false,"inline_featured_image":false},"product_cat":[6703,17346],"product_tag":[17354,24184,17290,11718,19129,17355],"acf":[],"yoast_head":"<!-- This site is optimized with the Yoast SEO Premium plugin v18.6 (Yoast SEO v19.13) - https:\/\/yoast.com\/wordpress\/plugins\/seo\/ -->\n<title>BERKEL Pro Line XS30 Rote Schneidemaschine<\/title>\n<meta name=\"description\" content=\"Entdecken Sie BERKEL Pro Line XS30 Rote Schneidemaschine bei ErresseShop. Qualit\u00e4t, Stil und Funktionalit\u00e4t \u2013 jetzt online bestellen!\" \/>\n<meta name=\"robots\" content=\"index, follow, max-snippet:-1, max-image-preview:large, max-video-preview:-1\" \/>\n<link rel=\"canonical\" href=\"https:\/\/www.erresse-shop.it\/de\/shop\/kleine-elektrogeraete\/aufschnittmaschinen\/berkel-pro-line-xs25-rote-schneidemaschine-copia\/\" \/>\n<meta property=\"og:locale\" content=\"de_DE\" \/>\n<meta property=\"og:type\" content=\"article\" \/>\n<meta property=\"og:title\" content=\"BERKEL Pro Line XS30 Rote Schneidemaschine\" \/>\n<meta property=\"og:description\" content=\"Entdecken Sie BERKEL Pro Line XS30 Rote Schneidemaschine bei ErresseShop. Qualit\u00e4t, Stil und Funktionalit\u00e4t \u2013 jetzt online bestellen!\" \/>\n<meta property=\"og:url\" content=\"https:\/\/www.erresse-shop.it\/de\/shop\/kleine-elektrogeraete\/aufschnittmaschinen\/berkel-pro-line-xs25-rote-schneidemaschine-copia\/\" \/>\n<meta property=\"og:site_name\" content=\"Erresse Shop\" \/>\n<meta property=\"article:modified_time\" content=\"2025-01-16T08:05:40+00:00\" \/>\n<meta property=\"og:image\" content=\"https:\/\/www.erresse-shop.it\/wp-content\/uploads\/2024\/03\/Berkel-Affettatrice-pro-line-x25-red-5.jpg\" \/>\n\t<meta property=\"og:image:width\" content=\"800\" \/>\n\t<meta property=\"og:image:height\" content=\"800\" \/>\n\t<meta property=\"og:image:type\" content=\"image\/jpeg\" \/>\n<meta name=\"twitter:card\" content=\"summary_large_image\" \/>\n<script type=\"application\/ld+json\" class=\"yoast-schema-graph\">{\"@context\":\"https:\/\/schema.org\",\"@graph\":[{\"@type\":\"WebPage\",\"@id\":\"https:\/\/www.erresse-shop.it\/de\/shop\/kleine-elektrogeraete\/aufschnittmaschinen\/berkel-pro-line-xs25-rote-schneidemaschine-copia\/\",\"url\":\"https:\/\/www.erresse-shop.it\/de\/shop\/kleine-elektrogeraete\/aufschnittmaschinen\/berkel-pro-line-xs25-rote-schneidemaschine-copia\/\",\"name\":\"BERKEL Pro Line XS30 Rote Schneidemaschine\",\"isPartOf\":{\"@id\":\"https:\/\/www.erresse-shop.it\/de\/#website\"},\"datePublished\":\"2024-03-20T07:29:56+00:00\",\"dateModified\":\"2025-01-16T08:05:40+00:00\",\"description\":\"Entdecken Sie BERKEL Pro Line XS30 Rote Schneidemaschine bei ErresseShop. Qualit\u00e4t, Stil und Funktionalit\u00e4t \u2013 jetzt online bestellen!\",\"breadcrumb\":{\"@id\":\"https:\/\/www.erresse-shop.it\/de\/shop\/kleine-elektrogeraete\/aufschnittmaschinen\/berkel-pro-line-xs25-rote-schneidemaschine-copia\/#breadcrumb\"},\"inLanguage\":\"de-DE\",\"potentialAction\":[{\"@type\":\"ReadAction\",\"target\":[\"https:\/\/www.erresse-shop.it\/de\/shop\/kleine-elektrogeraete\/aufschnittmaschinen\/berkel-pro-line-xs25-rote-schneidemaschine-copia\/\"]}]},{\"@type\":\"BreadcrumbList\",\"@id\":\"https:\/\/www.erresse-shop.it\/de\/shop\/kleine-elektrogeraete\/aufschnittmaschinen\/berkel-pro-line-xs25-rote-schneidemaschine-copia\/#breadcrumb\",\"itemListElement\":[{\"@type\":\"ListItem\",\"position\":1,\"name\":\"Home\",\"item\":\"https:\/\/www.erresse-shop.it\/de\/\"},{\"@type\":\"ListItem\",\"position\":2,\"name\":\"Shop\",\"item\":\"https:\/\/www.erresse-shop.it\/de\/shop\/\"},{\"@type\":\"ListItem\",\"position\":3,\"name\":\"BERKEL Pro Line XS30 Rote Schneidemaschine\"}]},{\"@type\":\"WebSite\",\"@id\":\"https:\/\/www.erresse-shop.it\/de\/#website\",\"url\":\"https:\/\/www.erresse-shop.it\/de\/\",\"name\":\"Erresse Shop\",\"description\":\"Articoli di qualit\u00e0 per la casa\",\"potentialAction\":[{\"@type\":\"SearchAction\",\"target\":{\"@type\":\"EntryPoint\",\"urlTemplate\":\"https:\/\/www.erresse-shop.it\/de\/?s={search_term_string}\"},\"query-input\":\"required name=search_term_string\"}],\"inLanguage\":\"de-DE\"}]}<\/script>\n<!-- \/ Yoast SEO Premium plugin. -->","yoast_head_json":{"title":"BERKEL Pro Line XS30 Rote Schneidemaschine","description":"Entdecken Sie BERKEL Pro Line XS30 Rote Schneidemaschine bei ErresseShop. Qualit\u00e4t, Stil und Funktionalit\u00e4t \u2013 jetzt online bestellen!","robots":{"index":"index","follow":"follow","max-snippet":"max-snippet:-1","max-image-preview":"max-image-preview:large","max-video-preview":"max-video-preview:-1"},"canonical":"https:\/\/www.erresse-shop.it\/de\/shop\/kleine-elektrogeraete\/aufschnittmaschinen\/berkel-pro-line-xs25-rote-schneidemaschine-copia\/","og_locale":"de_DE","og_type":"article","og_title":"BERKEL Pro Line XS30 Rote Schneidemaschine","og_description":"Entdecken Sie BERKEL Pro Line XS30 Rote Schneidemaschine bei ErresseShop. Qualit\u00e4t, Stil und Funktionalit\u00e4t \u2013 jetzt online bestellen!","og_url":"https:\/\/www.erresse-shop.it\/de\/shop\/kleine-elektrogeraete\/aufschnittmaschinen\/berkel-pro-line-xs25-rote-schneidemaschine-copia\/","og_site_name":"Erresse Shop","article_modified_time":"2025-01-16T08:05:40+00:00","og_image":[{"width":800,"height":800,"url":"https:\/\/www.erresse-shop.it\/wp-content\/uploads\/2024\/03\/Berkel-Affettatrice-pro-line-x25-red-5.jpg","type":"image\/jpeg"}],"twitter_card":"summary_large_image","schema":{"@context":"https:\/\/schema.org","@graph":[{"@type":"WebPage","@id":"https:\/\/www.erresse-shop.it\/de\/shop\/kleine-elektrogeraete\/aufschnittmaschinen\/berkel-pro-line-xs25-rote-schneidemaschine-copia\/","url":"https:\/\/www.erresse-shop.it\/de\/shop\/kleine-elektrogeraete\/aufschnittmaschinen\/berkel-pro-line-xs25-rote-schneidemaschine-copia\/","name":"BERKEL Pro Line XS30 Rote Schneidemaschine","isPartOf":{"@id":"https:\/\/www.erresse-shop.it\/de\/#website"},"datePublished":"2024-03-20T07:29:56+00:00","dateModified":"2025-01-16T08:05:40+00:00","description":"Entdecken Sie BERKEL Pro Line XS30 Rote Schneidemaschine bei ErresseShop. Qualit\u00e4t, Stil und Funktionalit\u00e4t \u2013 jetzt online bestellen!","breadcrumb":{"@id":"https:\/\/www.erresse-shop.it\/de\/shop\/kleine-elektrogeraete\/aufschnittmaschinen\/berkel-pro-line-xs25-rote-schneidemaschine-copia\/#breadcrumb"},"inLanguage":"de-DE","potentialAction":[{"@type":"ReadAction","target":["https:\/\/www.erresse-shop.it\/de\/shop\/kleine-elektrogeraete\/aufschnittmaschinen\/berkel-pro-line-xs25-rote-schneidemaschine-copia\/"]}]},{"@type":"BreadcrumbList","@id":"https:\/\/www.erresse-shop.it\/de\/shop\/kleine-elektrogeraete\/aufschnittmaschinen\/berkel-pro-line-xs25-rote-schneidemaschine-copia\/#breadcrumb","itemListElement":[{"@type":"ListItem","position":1,"name":"Home","item":"https:\/\/www.erresse-shop.it\/de\/"},{"@type":"ListItem","position":2,"name":"Shop","item":"https:\/\/www.erresse-shop.it\/de\/shop\/"},{"@type":"ListItem","position":3,"name":"BERKEL Pro Line XS30 Rote Schneidemaschine"}]},{"@type":"WebSite","@id":"https:\/\/www.erresse-shop.it\/de\/#website","url":"https:\/\/www.erresse-shop.it\/de\/","name":"Erresse Shop","description":"Articoli di qualit\u00e0 per la casa","potentialAction":[{"@type":"SearchAction","target":{"@type":"EntryPoint","urlTemplate":"https:\/\/www.erresse-shop.it\/de\/?s={search_term_string}"},"query-input":"required name=search_term_string"}],"inLanguage":"de-DE"}]}},"df_price":869.5,"df_sale_price":869.5,"df_regular_price":1739,"df_image_link":"https:\/\/www.erresse-shop.it\/wp-content\/uploads\/2024\/03\/Berkel-Affettatrice-pro-line-x25-red-5-300x300.jpg","_links":{"self":[{"href":"https:\/\/www.erresse-shop.it\/de\/wp-json\/wp\/v2\/product\/398148"}],"collection":[{"href":"https:\/\/www.erresse-shop.it\/de\/wp-json\/wp\/v2\/product"}],"about":[{"href":"https:\/\/www.erresse-shop.it\/de\/wp-json\/wp\/v2\/types\/product"}],"wp:featuredmedia":[{"embeddable":true,"href":"https:\/\/www.erresse-shop.it\/de\/wp-json\/wp\/v2\/media\/398062"}],"wp:attachment":[{"href":"https:\/\/www.erresse-shop.it\/de\/wp-json\/wp\/v2\/media?parent=398148"}],"wp:term":[{"taxonomy":"product_cat","embeddable":true,"href":"https:\/\/www.erresse-shop.it\/de\/wp-json\/wp\/v2\/product_cat?post=398148"},{"taxonomy":"product_tag","embeddable":true,"href":"https:\/\/www.erresse-shop.it\/de\/wp-json\/wp\/v2\/product_tag?post=398148"}],"curies":[{"name":"wp","href":"https:\/\/api.w.org\/{rel}","templated":true}]}}