{"id":397995,"date":"2024-03-19T10:16:47","date_gmt":"2024-03-19T10:16:49","guid":{"rendered":"https:\/\/www.erresse-shop.it\/?post_type=product&#038;p=397995"},"modified":"2025-01-17T13:20:28","modified_gmt":"2025-01-17T13:20:28","slug":"shark-flexstyle-complete-set-haartrockner-ottanio-limitierte-auflage","status":"publish","type":"product","link":"https:\/\/www.erresse-shop.it\/de\/shop\/kleine-elektrogeraete\/haartrockner-und-glaetteisen\/shark-flexstyle-complete-set-haartrockner-ottanio-limitierte-auflage\/","title":{"rendered":"SHARK Flexstyle Complete Set Haartrockner Ottanio Limitierte Auflage"},"content":{"rendered":"<p>Verleihen Sie Ihrer Haarroutine einen Hauch von Glamour mit der limitierten Auflage des Shark FlexStyle im unnachahmlichen Farbton Teal.<\/p>\n<p>Dieses Geschenkset enth\u00e4lt auch unser innovatives Zubeh\u00f6r f\u00fcr das Styling aller Haartypen ohne Hitzesch\u00e4den.<\/p>\n<p>\u00c4ndern Sie Ihre Routine, \u00e4ndern Sie Ihren Stil: Mit einem einfachen Dreh verwandelt sich der Shark FlexStyle vom leistungsstarken Haartrockner in einen vielseitigen 5-in-1-Luftstyler.<\/p>\n<p><b><strong>Locken, Volumen geben, gl\u00e4tten und trocknen mit den 5 Styling-Zubeh\u00f6rteilen:<\/strong><\/b><\/p>\n<p>FrizzFighter Finish-Zubeh\u00f6r: zieht das Haar automatisch an, bek\u00e4mpft Frizz und b\u00e4ndigt widerspenstige Str\u00e4hnen f\u00fcr unglaublich gl\u00e4nzendes und glattes Haar. Verwenden Sie es auf trockenem Haar, um Glanz ohne Hitzesch\u00e4den zu erzielen. Nutzt die Coanda-Technologie, die die Kraft von zwei Luftstr\u00f6men nutzt, um das Haar anzuziehen, Frizz zu beseitigen und widerspenstige Str\u00e4hnen zu b\u00e4ndigen.<\/p>\n<p><b><strong>Luftzylinder<\/strong><\/b> (32 mm und 24 mm): \u00c4ndern Sie die Art und Weise, wie Sie Ihre Locken definieren. Die Coanda-Technologie nutzt die Kraft der Luft, um das Haar zu wickeln, es zu kr\u00e4useln und das Styling zu fixieren. Bringen Sie die Str\u00e4hne in die N\u00e4he des Zylinders und lassen Sie die Luft den Rest erledigen: So erhalten Sie in Sekundenschnelle perfekte Locken.<\/p>\n<p><b><strong>32-mm-Luftzylinder<\/strong><\/b>: perfekt f\u00fcr breitere Locken bei langem Haar.<\/p>\n<p><b><strong>24-mm-Luftzylinder<\/strong><\/b>: Ideal f\u00fcr festere Locken bei kurzem Haar.<\/p>\n<p><b><strong>Ovale B\u00fcrste:<\/strong><\/b> Verleiht der Frisur Elastizit\u00e4t und Volumen. Die Kombination aus Wildschwein- und Kunststoffborsten gl\u00e4ttet und beseitigt Frizz und verleiht dem Haar einen neuen Glanz.<\/p>\n<p><b><strong>Konzentrator<\/strong><\/b>: Das Haar ist im Handumdrehen trocken und gestylt. Mit der rotierenden Konzentrator-D\u00fcse k\u00f6nnen Sie Ihr Haar m\u00fchelos f\u00f6hnen und gl\u00e4tten, um die Haarstr\u00e4hnen aus jedem Winkel m\u00fchelos zu stylen.<\/p>\n<p>Dieses Geschenkset enth\u00e4lt au\u00dferdem Krokodilklemmen, mit denen sich die Haare w\u00e4hrend des Stylings bequem in Str\u00e4hnen aufteilen lassen, sowie eine Schutzh\u00fclle, die sich perfekt f\u00fcr Reisen und zur Aufbewahrung des Zubeh\u00f6rs eignet.<\/p>\n<p><b><strong>Trocknen und Stylen ohne Hitzesch\u00e4den:<\/strong><\/b> Shark FlexStyle misst die Temperatur 1.000 Mal pro Sekunde, um eine gleichm\u00e4\u00dfige Hitze ohne Sch\u00e4den zu gew\u00e4hrleisten.<\/p>\n<p><b><strong>Keine extreme Hitze:<\/strong><\/b> Sanftes Trocknen und Stylen aller Haartypen mit 3 W\u00e4rme- und Luftstromeinstellungen, damit Sie immer die volle Kontrolle haben.<\/p>\n<p><b><strong>Schnelles Trocknen:<\/strong><\/b> Ein kompakter, leichter Haartrockner und Styler, der hohe Leistung f\u00fcr schnelles Trocknen bietet. Perfekt, um Ihre Morgenroutine zu beschleunigen.<\/p>\n<p><b><strong>Professionelle Ergebnisse f\u00fcr zu Hause:<\/strong><\/b> weicheres, gl\u00e4nzenderes Haar mit weniger Frizz und widerspenstigen Locken*.<\/p>\n<p>Fixieren Sie das Styling mit der Cool Shot-Einstellung f\u00fcr einen ganzt\u00e4gigen Look.<\/p>\n<p>Die Packung enth\u00e4lt einen praktischen Styling-Guide mit vielen Tipps, Tricks und Hinweisen f\u00fcr perfekte Ergebnisse.<\/p>\n<p>Stylen und Trocknen wie nie zuvor: Mit einem Gewicht von knapp 700 g ist der Shark FlexStyle leicht und \u00e4u\u00dferst komfortabel in der Anwendung. Sein kompaktes Design macht ihn auch auf Reisen perfekt.<\/p>\n<p>Wir k\u00f6nnen es kaum erwarten, Ihre Meinung zu h\u00f6ren: Lesen Sie die Bewertungen unten!<\/p>\n<p>*Lufttrocken.<\/p>\n<p><b><strong>TECHNISCHE DATEN:<\/strong><\/b><\/p>\n<p>Produktgewicht 0,7 kg<\/p>\n<p>Garantie 2 Jahre<\/p>\n<p>Kabell\u00e4nge 2,5 m<\/p>\n<p>Spannung (V) 230 V<\/p>\n<p><b><strong>ENTH\u00c4LT<\/strong><\/b>:<\/p>\n<p>1 FlexStyle Haartrockner<\/p>\n<p>1 ovale B\u00fcrste<\/p>\n<p>2 x 24 mm selbstaufrollende Walzen<\/p>\n<p>2 x 32 mm selbstaufrollende Walzen<\/p>\n<p>1 Konzentrator<\/p>\n<p>1 FrizzFighter Finish-Aufsatz<\/p>\n<p>1 Etui<\/p>\n<p>Krokodilklemmen<\/p>\n<p>Anleitung zum Styling<\/p>\n<p>Gebrauchsanweisung<\/p>\n<p><b><u><strong>Nicht zum Verkauf au\u00dferhalb Europas<\/strong><\/u><\/b><\/p>\n","protected":false},"excerpt":{"rendered":"<p>Verleihen Sie Ihrer Haarroutine einen Hauch von Glamour mit der limitierten Auflage des Shark FlexStyle im unnachahmlichen Farbton Teal. Dieses<\/p>\n","protected":false},"featured_media":465488,"template":"","meta":{"_acf_changed":false,"inline_featured_image":false},"product_cat":[6703,24043],"product_tag":[],"acf":[],"yoast_head":"<!-- This site is optimized with the Yoast SEO Premium plugin v18.6 (Yoast SEO v19.13) - https:\/\/yoast.com\/wordpress\/plugins\/seo\/ -->\n<title>SHARK Flexstyle Complete Set Haartrockner Ottanio Limitierte Auflage<\/title>\n<meta name=\"description\" content=\"Entdecken Sie SHARK Flexstyle Complete Set Haartrockner Ottanio Limitierte Auflage bei ErresseShop. Qualit\u00e4t, Stil und Funktionalit\u00e4t \u2013 jetzt online bestellen!\" \/>\n<meta name=\"robots\" content=\"index, follow, max-snippet:-1, max-image-preview:large, max-video-preview:-1\" \/>\n<link rel=\"canonical\" href=\"https:\/\/www.erresse-shop.it\/de\/shop\/kleine-elektrogeraete\/haartrockner-und-glaetteisen\/shark-flexstyle-complete-set-haartrockner-ottanio-limitierte-auflage\/\" \/>\n<meta property=\"og:locale\" content=\"de_DE\" \/>\n<meta property=\"og:type\" content=\"article\" \/>\n<meta property=\"og:title\" content=\"SHARK Flexstyle Complete Set Haartrockner Ottanio Limitierte Auflage\" \/>\n<meta property=\"og:description\" content=\"Entdecken Sie SHARK Flexstyle Complete Set Haartrockner Ottanio Limitierte Auflage bei ErresseShop. Qualit\u00e4t, Stil und Funktionalit\u00e4t \u2013 jetzt online bestellen!\" \/>\n<meta property=\"og:url\" content=\"https:\/\/www.erresse-shop.it\/de\/shop\/kleine-elektrogeraete\/haartrockner-und-glaetteisen\/shark-flexstyle-complete-set-haartrockner-ottanio-limitierte-auflage\/\" \/>\n<meta property=\"og:site_name\" content=\"Erresse Shop\" \/>\n<meta property=\"article:modified_time\" content=\"2025-01-17T13:20:28+00:00\" \/>\n<meta property=\"og:image\" content=\"https:\/\/www.erresse-shop.it\/wp-content\/uploads\/2024\/03\/SHARK-STYLER-E-ASCIUGACAPELLI-SHARK-FLEXSTYLE-LIMITED-EDITION-OTTANIO-HD450TLEU.png\" \/>\n\t<meta property=\"og:image:width\" content=\"800\" \/>\n\t<meta property=\"og:image:height\" content=\"800\" \/>\n\t<meta property=\"og:image:type\" content=\"image\/png\" \/>\n<meta name=\"twitter:card\" content=\"summary_large_image\" \/>\n<script type=\"application\/ld+json\" class=\"yoast-schema-graph\">{\"@context\":\"https:\/\/schema.org\",\"@graph\":[{\"@type\":\"WebPage\",\"@id\":\"https:\/\/www.erresse-shop.it\/de\/shop\/kleine-elektrogeraete\/haartrockner-und-glaetteisen\/shark-flexstyle-complete-set-haartrockner-ottanio-limitierte-auflage\/\",\"url\":\"https:\/\/www.erresse-shop.it\/de\/shop\/kleine-elektrogeraete\/haartrockner-und-glaetteisen\/shark-flexstyle-complete-set-haartrockner-ottanio-limitierte-auflage\/\",\"name\":\"SHARK Flexstyle Complete Set Haartrockner Ottanio Limitierte Auflage\",\"isPartOf\":{\"@id\":\"https:\/\/www.erresse-shop.it\/de\/#website\"},\"datePublished\":\"2024-03-19T10:16:49+00:00\",\"dateModified\":\"2025-01-17T13:20:28+00:00\",\"description\":\"Entdecken Sie SHARK Flexstyle Complete Set Haartrockner Ottanio Limitierte Auflage bei ErresseShop. Qualit\u00e4t, Stil und Funktionalit\u00e4t \u2013 jetzt online bestellen!\",\"breadcrumb\":{\"@id\":\"https:\/\/www.erresse-shop.it\/de\/shop\/kleine-elektrogeraete\/haartrockner-und-glaetteisen\/shark-flexstyle-complete-set-haartrockner-ottanio-limitierte-auflage\/#breadcrumb\"},\"inLanguage\":\"de-DE\",\"potentialAction\":[{\"@type\":\"ReadAction\",\"target\":[\"https:\/\/www.erresse-shop.it\/de\/shop\/kleine-elektrogeraete\/haartrockner-und-glaetteisen\/shark-flexstyle-complete-set-haartrockner-ottanio-limitierte-auflage\/\"]}]},{\"@type\":\"BreadcrumbList\",\"@id\":\"https:\/\/www.erresse-shop.it\/de\/shop\/kleine-elektrogeraete\/haartrockner-und-glaetteisen\/shark-flexstyle-complete-set-haartrockner-ottanio-limitierte-auflage\/#breadcrumb\",\"itemListElement\":[{\"@type\":\"ListItem\",\"position\":1,\"name\":\"Home\",\"item\":\"https:\/\/www.erresse-shop.it\/de\/\"},{\"@type\":\"ListItem\",\"position\":2,\"name\":\"Shop\",\"item\":\"https:\/\/www.erresse-shop.it\/de\/shop\/\"},{\"@type\":\"ListItem\",\"position\":3,\"name\":\"SHARK Flexstyle Complete Set Haartrockner Ottanio Limitierte Auflage\"}]},{\"@type\":\"WebSite\",\"@id\":\"https:\/\/www.erresse-shop.it\/de\/#website\",\"url\":\"https:\/\/www.erresse-shop.it\/de\/\",\"name\":\"Erresse Shop\",\"description\":\"Articoli di qualit\u00e0 per la casa\",\"potentialAction\":[{\"@type\":\"SearchAction\",\"target\":{\"@type\":\"EntryPoint\",\"urlTemplate\":\"https:\/\/www.erresse-shop.it\/de\/?s={search_term_string}\"},\"query-input\":\"required name=search_term_string\"}],\"inLanguage\":\"de-DE\"}]}<\/script>\n<!-- \/ Yoast SEO Premium plugin. -->","yoast_head_json":{"title":"SHARK Flexstyle Complete Set Haartrockner Ottanio Limitierte Auflage","description":"Entdecken Sie SHARK Flexstyle Complete Set Haartrockner Ottanio Limitierte Auflage bei ErresseShop. Qualit\u00e4t, Stil und Funktionalit\u00e4t \u2013 jetzt online bestellen!","robots":{"index":"index","follow":"follow","max-snippet":"max-snippet:-1","max-image-preview":"max-image-preview:large","max-video-preview":"max-video-preview:-1"},"canonical":"https:\/\/www.erresse-shop.it\/de\/shop\/kleine-elektrogeraete\/haartrockner-und-glaetteisen\/shark-flexstyle-complete-set-haartrockner-ottanio-limitierte-auflage\/","og_locale":"de_DE","og_type":"article","og_title":"SHARK Flexstyle Complete Set Haartrockner Ottanio Limitierte Auflage","og_description":"Entdecken Sie SHARK Flexstyle Complete Set Haartrockner Ottanio Limitierte Auflage bei ErresseShop. Qualit\u00e4t, Stil und Funktionalit\u00e4t \u2013 jetzt online bestellen!","og_url":"https:\/\/www.erresse-shop.it\/de\/shop\/kleine-elektrogeraete\/haartrockner-und-glaetteisen\/shark-flexstyle-complete-set-haartrockner-ottanio-limitierte-auflage\/","og_site_name":"Erresse Shop","article_modified_time":"2025-01-17T13:20:28+00:00","og_image":[{"width":800,"height":800,"url":"https:\/\/www.erresse-shop.it\/wp-content\/uploads\/2024\/03\/SHARK-STYLER-E-ASCIUGACAPELLI-SHARK-FLEXSTYLE-LIMITED-EDITION-OTTANIO-HD450TLEU.png","type":"image\/png"}],"twitter_card":"summary_large_image","schema":{"@context":"https:\/\/schema.org","@graph":[{"@type":"WebPage","@id":"https:\/\/www.erresse-shop.it\/de\/shop\/kleine-elektrogeraete\/haartrockner-und-glaetteisen\/shark-flexstyle-complete-set-haartrockner-ottanio-limitierte-auflage\/","url":"https:\/\/www.erresse-shop.it\/de\/shop\/kleine-elektrogeraete\/haartrockner-und-glaetteisen\/shark-flexstyle-complete-set-haartrockner-ottanio-limitierte-auflage\/","name":"SHARK Flexstyle Complete Set Haartrockner Ottanio Limitierte Auflage","isPartOf":{"@id":"https:\/\/www.erresse-shop.it\/de\/#website"},"datePublished":"2024-03-19T10:16:49+00:00","dateModified":"2025-01-17T13:20:28+00:00","description":"Entdecken Sie SHARK Flexstyle Complete Set Haartrockner Ottanio Limitierte Auflage bei ErresseShop. Qualit\u00e4t, Stil und Funktionalit\u00e4t \u2013 jetzt online bestellen!","breadcrumb":{"@id":"https:\/\/www.erresse-shop.it\/de\/shop\/kleine-elektrogeraete\/haartrockner-und-glaetteisen\/shark-flexstyle-complete-set-haartrockner-ottanio-limitierte-auflage\/#breadcrumb"},"inLanguage":"de-DE","potentialAction":[{"@type":"ReadAction","target":["https:\/\/www.erresse-shop.it\/de\/shop\/kleine-elektrogeraete\/haartrockner-und-glaetteisen\/shark-flexstyle-complete-set-haartrockner-ottanio-limitierte-auflage\/"]}]},{"@type":"BreadcrumbList","@id":"https:\/\/www.erresse-shop.it\/de\/shop\/kleine-elektrogeraete\/haartrockner-und-glaetteisen\/shark-flexstyle-complete-set-haartrockner-ottanio-limitierte-auflage\/#breadcrumb","itemListElement":[{"@type":"ListItem","position":1,"name":"Home","item":"https:\/\/www.erresse-shop.it\/de\/"},{"@type":"ListItem","position":2,"name":"Shop","item":"https:\/\/www.erresse-shop.it\/de\/shop\/"},{"@type":"ListItem","position":3,"name":"SHARK Flexstyle Complete Set Haartrockner Ottanio Limitierte Auflage"}]},{"@type":"WebSite","@id":"https:\/\/www.erresse-shop.it\/de\/#website","url":"https:\/\/www.erresse-shop.it\/de\/","name":"Erresse Shop","description":"Articoli di qualit\u00e0 per la casa","potentialAction":[{"@type":"SearchAction","target":{"@type":"EntryPoint","urlTemplate":"https:\/\/www.erresse-shop.it\/de\/?s={search_term_string}"},"query-input":"required name=search_term_string"}],"inLanguage":"de-DE"}]}},"df_price":249.95,"df_sale_price":249.95,"df_regular_price":299.99,"df_image_link":"https:\/\/www.erresse-shop.it\/wp-content\/uploads\/2024\/03\/SHARK-Flexstyle-Complete-Set-Asciugacapelli-Ottanio-Limited-Edition-300x300.jpg","_links":{"self":[{"href":"https:\/\/www.erresse-shop.it\/de\/wp-json\/wp\/v2\/product\/397995"}],"collection":[{"href":"https:\/\/www.erresse-shop.it\/de\/wp-json\/wp\/v2\/product"}],"about":[{"href":"https:\/\/www.erresse-shop.it\/de\/wp-json\/wp\/v2\/types\/product"}],"wp:featuredmedia":[{"embeddable":true,"href":"https:\/\/www.erresse-shop.it\/de\/wp-json\/wp\/v2\/media\/465488"}],"wp:attachment":[{"href":"https:\/\/www.erresse-shop.it\/de\/wp-json\/wp\/v2\/media?parent=397995"}],"wp:term":[{"taxonomy":"product_cat","embeddable":true,"href":"https:\/\/www.erresse-shop.it\/de\/wp-json\/wp\/v2\/product_cat?post=397995"},{"taxonomy":"product_tag","embeddable":true,"href":"https:\/\/www.erresse-shop.it\/de\/wp-json\/wp\/v2\/product_tag?post=397995"}],"curies":[{"name":"wp","href":"https:\/\/api.w.org\/{rel}","templated":true}]}}