{"id":397972,"date":"2024-03-19T10:07:51","date_gmt":"2024-03-19T10:07:53","guid":{"rendered":"https:\/\/www.erresse-shop.it\/?post_type=product&#038;p=397972"},"modified":"2025-01-17T13:20:28","modified_gmt":"2025-01-17T13:20:28","slug":"shark-flexstyle-complete-set-haartrockner-in-champagne","status":"publish","type":"product","link":"https:\/\/www.erresse-shop.it\/de\/shop\/kleine-elektrogeraete\/haartrockner-und-glaetteisen\/shark-flexstyle-complete-set-haartrockner-in-champagne\/","title":{"rendered":"SHARK Flexstyle Complete Set Haartrockner in Champagne"},"content":{"rendered":"<p>Alle Haartypen. Alle Arten des Seins. F\u00fcr alle Haartypen.<\/p>\n<p>Leistungsstarkes, schnelles Trocknen kombiniert mit der Vielseitigkeit eines Stylers mit mehreren Zubeh\u00f6rteilen. Mit einem einfachen Dreh verwandelt sich der Shark FlexStyle vom leistungsstarken Haartrockner in einen vielseitigen 5-in-1-Styler.<\/p>\n<p>Verwandeln Sie Ihre Routine. Flexibilisieren Sie Ihren Stil.<\/p>\n<p><b><strong>Locken, gl\u00e4tten, volumin\u00f6ser machen, definieren und Glanz verleihen mit den 5 Styling-Zubeh\u00f6rteilen:<\/strong><\/b><\/p>\n<p>Selbstaufrollende Walzen:<\/p>\n<p>Ver\u00e4ndern Sie die Art und Weise, wie Sie Ihre Locken definieren. Die Coanda-Technologie wickelt, formt und fixiert das Haar automatisch, indem sie nur die Kraft der Luft nutzt, um das Haar um den Zylinder zu wickeln. Bringen Sie die Str\u00e4hne nahe an den Zylinder und lassen Sie die Luft den Rest erledigen: So erhalten Sie in Sekundenschnelle perfekte Locken. Mit den zwei Aufs\u00e4tzen f\u00fcr die Trommel k\u00f6nnen Sie Haarstr\u00e4hnen ganz einfach in beide Richtungen wickeln und so den perfekten Look f\u00fcr Ihr Gesicht kreieren.<\/p>\n<p><b><strong>Ideal f\u00fcr glattes und gewelltes Haar.<\/strong><\/b><\/p>\n<p>Flachb\u00fcrste: Dehnen und gl\u00e4tten Sie Ihr Haar w\u00e4hrend des Trocknens, um Ihre Routine zu beschleunigen. Weniger Zeit f\u00fcr das Haarstyling, mehr Zeit f\u00fcr Ihr Leben. Nat\u00fcrliche Wildschwein- und Nylonborsten sorgen f\u00fcr zus\u00e4tzliche Spannung und gl\u00e4tten und gl\u00e4nzen Ihr Haar. Das perfekte Accessoire f\u00fcr ein glattes und elegantes Styling.<\/p>\n<p>Ovale B\u00fcrste: Verleiht Ihrem Haar Elastizit\u00e4t und Volumen. Die Kombination aus Wildschwein- und Nylonborsten gl\u00e4ttet und eliminiert Frizz und verleiht Ihrem Haar einen neuen Glanz.<\/p>\n<p>Konzentrator: Trocknet und gl\u00e4ttet das Haar m\u00fchelos. Die D\u00fcse ist drehbar, um das Styling in allen Winkeln zu erleichtern.<\/p>\n<p><b><strong>Ideal f\u00fcr glattes, gewelltes, lockiges und sehr lockiges Haar.<\/strong><\/b><\/p>\n<p>Diffusor: Schnelles und gleichm\u00e4\u00dfiges Trocknen vom Ansatz bis zu den Spitzen. Speziell entwickelt, um Ihre Locken anzuheben und zu definieren, mit ausziehbaren St\u00e4ben, die den Ansatz erreichen und anheben.<\/p>\n<p><b><strong>Ideal f\u00fcr lockiges Haar und viele Locken.<\/strong><\/b><\/p>\n<p>Mit dem mitgelieferten praktischen Etui k\u00f6nnen Sie Ihr Styling-Zubeh\u00f6r ordentlich aufbewahren, damit Sie das richtige Ger\u00e4t auf Anhieb finden.<\/p>\n<p>Trocknen und Stylen ohne Hitzesch\u00e4den<\/p>\n<p>Verabschieden Sie sich von \u00fcberm\u00e4\u00dfiger Hitze. Shark FlexStyle misst die Temperatur 1.000 Mal pro Sekunde, um eine konstante Hitze zu gew\u00e4hrleisten, ohne Ihr Haar zu sch\u00e4digen.<\/p>\n<p>Keine extreme Hitze: Sanftes Trocknen und Stylen aller Haartypen mit 3 W\u00e4rme- und Luftstromeinstellungen, die Ihnen volle Kontrolle geben.<\/p>\n<p><b><strong>Schnelles und leistungsstarkes Trocknen<\/strong><\/b><\/p>\n<p>Keine Kompromisse bei der Leistung. Dieser Haartrockner hat ein schlankes und elegantes Design und ist gleichzeitig sehr leistungsstark, um ein schnelles Trocknen ohne Wartezeit zu gew\u00e4hrleisten. Perfekt, um Ihre Morgenroutine zu beschleunigen.<\/p>\n<p>F\u00f6hnen Sie das Haar grob, um \u00fcbersch\u00fcssige Feuchtigkeit schnell aus dem Haar zu entfernen, und bringen Sie dann das Stylingzubeh\u00f6r an, um den gew\u00fcnschten Look zu erzielen.<\/p>\n<p><b><strong>Professionelle Ergebnisse zu Hause<\/strong><\/b><\/p>\n<p>Glatteres, gl\u00e4nzenderes Haar ohne Frizz und widerspenstige Locken*. Fixieren Sie das Styling mit der Cool Shot-Einstellung f\u00fcr einen Look, der den ganzen Tag h\u00e4lt.<\/p>\n<p>Die Packung enth\u00e4lt einen praktischen Styling-Guide mit Tipps, Tricks und Anregungen f\u00fcr ein perfektes Ergebnis.<\/p>\n<p><b><strong>Ultraleicht<\/strong><\/b><\/p>\n<p>Stylen und Trocknen wie nie zuvor. Mit einem Gewicht von knapp 700 g ist der Shark FlexStyle ultraleicht und extrem komfortabel in der Anwendung. Sein kompaktes Design macht ihn auch perfekt f\u00fcr unterwegs.<\/p>\n<p>Wir m\u00f6chten gerne wissen, was Sie denken: Lesen Sie unten die Bewertungen des Shark FlexStyle Haartrockners und -stylers!<\/p>\n<p>*Im Vergleich zum Lufttrocknen.<\/p>\n<p>Die Shark FlexStyle Konfiguration mit selbstaufrollenden Zylindern ist in Frankreich nicht erh\u00e4ltlich.<\/p>\n<p><b><strong>DATENBLATT:<\/strong><\/b><\/p>\n<p>Produktgewicht 0,7 kg<\/p>\n<p>Garantie 2 Jahre<\/p>\n<p>Kabell\u00e4nge 2,5 m<\/p>\n<p>Spannung (V) 230 V<\/p>\n<p><b><strong>ENTHALTEN<\/strong><\/b><\/p>\n<p>1 FlexStyle-Haartrockner<\/p>\n<p>1 ovale B\u00fcrste<\/p>\n<p>1 flache B\u00fcrste<\/p>\n<p>2 selbstaufrollende Walzen<\/p>\n<p>1 Konzentrator<\/p>\n<p>1 Diffusor<\/p>\n<p>1 Hartschalenkoffer<\/p>\n<p>Anleitung zum Styling<\/p>\n<p>Gebrauchsanweisung<\/p>\n<p><b><u><strong>Nicht zum Verkauf au\u00dferhalb Europas<\/strong><\/u><\/b><\/p>\n","protected":false},"excerpt":{"rendered":"<p>Alle Haartypen. Alle Arten des Seins. F\u00fcr alle Haartypen. Leistungsstarkes, schnelles Trocknen kombiniert mit der Vielseitigkeit eines Stylers mit mehreren<\/p>\n","protected":false},"featured_media":460713,"template":"","meta":{"_acf_changed":false,"inline_featured_image":false},"product_cat":[6703,24043],"product_tag":[],"acf":[],"yoast_head":"<!-- This site is optimized with the Yoast SEO Premium plugin v18.6 (Yoast SEO v19.13) - https:\/\/yoast.com\/wordpress\/plugins\/seo\/ -->\n<title>SHARK Flexstyle Complete Set Haartrockner in Champagne<\/title>\n<meta name=\"description\" content=\"Entdecken Sie SHARK Flexstyle Complete Set Haartrockner in Champagne bei ErresseShop. Qualit\u00e4t, Stil und Funktionalit\u00e4t \u2013 jetzt online bestellen!\" \/>\n<meta name=\"robots\" content=\"index, follow, max-snippet:-1, max-image-preview:large, max-video-preview:-1\" \/>\n<link rel=\"canonical\" href=\"https:\/\/www.erresse-shop.it\/de\/shop\/kleine-elektrogeraete\/haartrockner-und-glaetteisen\/shark-flexstyle-complete-set-haartrockner-in-champagne\/\" \/>\n<meta property=\"og:locale\" content=\"de_DE\" \/>\n<meta property=\"og:type\" content=\"article\" \/>\n<meta property=\"og:title\" content=\"SHARK Flexstyle Complete Set Haartrockner in Champagne\" \/>\n<meta property=\"og:description\" content=\"Entdecken Sie SHARK Flexstyle Complete Set Haartrockner in Champagne bei ErresseShop. Qualit\u00e4t, Stil und Funktionalit\u00e4t \u2013 jetzt online bestellen!\" \/>\n<meta property=\"og:url\" content=\"https:\/\/www.erresse-shop.it\/de\/shop\/kleine-elektrogeraete\/haartrockner-und-glaetteisen\/shark-flexstyle-complete-set-haartrockner-in-champagne\/\" \/>\n<meta property=\"og:site_name\" content=\"Erresse Shop\" \/>\n<meta property=\"article:modified_time\" content=\"2025-01-17T13:20:28+00:00\" \/>\n<meta property=\"og:image\" content=\"https:\/\/www.erresse-shop.it\/wp-content\/uploads\/2024\/03\/SHARK-Flexstyle-Complete-Set-Asciugacapelli-Champagne.jpg\" \/>\n\t<meta property=\"og:image:width\" content=\"1200\" \/>\n\t<meta property=\"og:image:height\" content=\"1200\" \/>\n\t<meta property=\"og:image:type\" content=\"image\/jpeg\" \/>\n<meta name=\"twitter:card\" content=\"summary_large_image\" \/>\n<script type=\"application\/ld+json\" class=\"yoast-schema-graph\">{\"@context\":\"https:\/\/schema.org\",\"@graph\":[{\"@type\":\"WebPage\",\"@id\":\"https:\/\/www.erresse-shop.it\/de\/shop\/kleine-elektrogeraete\/haartrockner-und-glaetteisen\/shark-flexstyle-complete-set-haartrockner-in-champagne\/\",\"url\":\"https:\/\/www.erresse-shop.it\/de\/shop\/kleine-elektrogeraete\/haartrockner-und-glaetteisen\/shark-flexstyle-complete-set-haartrockner-in-champagne\/\",\"name\":\"SHARK Flexstyle Complete Set Haartrockner in Champagne\",\"isPartOf\":{\"@id\":\"https:\/\/www.erresse-shop.it\/de\/#website\"},\"datePublished\":\"2024-03-19T10:07:53+00:00\",\"dateModified\":\"2025-01-17T13:20:28+00:00\",\"description\":\"Entdecken Sie SHARK Flexstyle Complete Set Haartrockner in Champagne bei ErresseShop. Qualit\u00e4t, Stil und Funktionalit\u00e4t \u2013 jetzt online bestellen!\",\"breadcrumb\":{\"@id\":\"https:\/\/www.erresse-shop.it\/de\/shop\/kleine-elektrogeraete\/haartrockner-und-glaetteisen\/shark-flexstyle-complete-set-haartrockner-in-champagne\/#breadcrumb\"},\"inLanguage\":\"de-DE\",\"potentialAction\":[{\"@type\":\"ReadAction\",\"target\":[\"https:\/\/www.erresse-shop.it\/de\/shop\/kleine-elektrogeraete\/haartrockner-und-glaetteisen\/shark-flexstyle-complete-set-haartrockner-in-champagne\/\"]}]},{\"@type\":\"BreadcrumbList\",\"@id\":\"https:\/\/www.erresse-shop.it\/de\/shop\/kleine-elektrogeraete\/haartrockner-und-glaetteisen\/shark-flexstyle-complete-set-haartrockner-in-champagne\/#breadcrumb\",\"itemListElement\":[{\"@type\":\"ListItem\",\"position\":1,\"name\":\"Home\",\"item\":\"https:\/\/www.erresse-shop.it\/de\/\"},{\"@type\":\"ListItem\",\"position\":2,\"name\":\"Shop\",\"item\":\"https:\/\/www.erresse-shop.it\/de\/shop\/\"},{\"@type\":\"ListItem\",\"position\":3,\"name\":\"SHARK Flexstyle Complete Set Haartrockner in Champagne\"}]},{\"@type\":\"WebSite\",\"@id\":\"https:\/\/www.erresse-shop.it\/de\/#website\",\"url\":\"https:\/\/www.erresse-shop.it\/de\/\",\"name\":\"Erresse Shop\",\"description\":\"Articoli di qualit\u00e0 per la casa\",\"potentialAction\":[{\"@type\":\"SearchAction\",\"target\":{\"@type\":\"EntryPoint\",\"urlTemplate\":\"https:\/\/www.erresse-shop.it\/de\/?s={search_term_string}\"},\"query-input\":\"required name=search_term_string\"}],\"inLanguage\":\"de-DE\"}]}<\/script>\n<!-- \/ Yoast SEO Premium plugin. -->","yoast_head_json":{"title":"SHARK Flexstyle Complete Set Haartrockner in Champagne","description":"Entdecken Sie SHARK Flexstyle Complete Set Haartrockner in Champagne bei ErresseShop. Qualit\u00e4t, Stil und Funktionalit\u00e4t \u2013 jetzt online bestellen!","robots":{"index":"index","follow":"follow","max-snippet":"max-snippet:-1","max-image-preview":"max-image-preview:large","max-video-preview":"max-video-preview:-1"},"canonical":"https:\/\/www.erresse-shop.it\/de\/shop\/kleine-elektrogeraete\/haartrockner-und-glaetteisen\/shark-flexstyle-complete-set-haartrockner-in-champagne\/","og_locale":"de_DE","og_type":"article","og_title":"SHARK Flexstyle Complete Set Haartrockner in Champagne","og_description":"Entdecken Sie SHARK Flexstyle Complete Set Haartrockner in Champagne bei ErresseShop. Qualit\u00e4t, Stil und Funktionalit\u00e4t \u2013 jetzt online bestellen!","og_url":"https:\/\/www.erresse-shop.it\/de\/shop\/kleine-elektrogeraete\/haartrockner-und-glaetteisen\/shark-flexstyle-complete-set-haartrockner-in-champagne\/","og_site_name":"Erresse Shop","article_modified_time":"2025-01-17T13:20:28+00:00","og_image":[{"width":1200,"height":1200,"url":"https:\/\/www.erresse-shop.it\/wp-content\/uploads\/2024\/03\/SHARK-Flexstyle-Complete-Set-Asciugacapelli-Champagne.jpg","type":"image\/jpeg"}],"twitter_card":"summary_large_image","schema":{"@context":"https:\/\/schema.org","@graph":[{"@type":"WebPage","@id":"https:\/\/www.erresse-shop.it\/de\/shop\/kleine-elektrogeraete\/haartrockner-und-glaetteisen\/shark-flexstyle-complete-set-haartrockner-in-champagne\/","url":"https:\/\/www.erresse-shop.it\/de\/shop\/kleine-elektrogeraete\/haartrockner-und-glaetteisen\/shark-flexstyle-complete-set-haartrockner-in-champagne\/","name":"SHARK Flexstyle Complete Set Haartrockner in Champagne","isPartOf":{"@id":"https:\/\/www.erresse-shop.it\/de\/#website"},"datePublished":"2024-03-19T10:07:53+00:00","dateModified":"2025-01-17T13:20:28+00:00","description":"Entdecken Sie SHARK Flexstyle Complete Set Haartrockner in Champagne bei ErresseShop. Qualit\u00e4t, Stil und Funktionalit\u00e4t \u2013 jetzt online bestellen!","breadcrumb":{"@id":"https:\/\/www.erresse-shop.it\/de\/shop\/kleine-elektrogeraete\/haartrockner-und-glaetteisen\/shark-flexstyle-complete-set-haartrockner-in-champagne\/#breadcrumb"},"inLanguage":"de-DE","potentialAction":[{"@type":"ReadAction","target":["https:\/\/www.erresse-shop.it\/de\/shop\/kleine-elektrogeraete\/haartrockner-und-glaetteisen\/shark-flexstyle-complete-set-haartrockner-in-champagne\/"]}]},{"@type":"BreadcrumbList","@id":"https:\/\/www.erresse-shop.it\/de\/shop\/kleine-elektrogeraete\/haartrockner-und-glaetteisen\/shark-flexstyle-complete-set-haartrockner-in-champagne\/#breadcrumb","itemListElement":[{"@type":"ListItem","position":1,"name":"Home","item":"https:\/\/www.erresse-shop.it\/de\/"},{"@type":"ListItem","position":2,"name":"Shop","item":"https:\/\/www.erresse-shop.it\/de\/shop\/"},{"@type":"ListItem","position":3,"name":"SHARK Flexstyle Complete Set Haartrockner in Champagne"}]},{"@type":"WebSite","@id":"https:\/\/www.erresse-shop.it\/de\/#website","url":"https:\/\/www.erresse-shop.it\/de\/","name":"Erresse Shop","description":"Articoli di qualit\u00e0 per la casa","potentialAction":[{"@type":"SearchAction","target":{"@type":"EntryPoint","urlTemplate":"https:\/\/www.erresse-shop.it\/de\/?s={search_term_string}"},"query-input":"required name=search_term_string"}],"inLanguage":"de-DE"}]}},"df_price":299.99,"df_sale_price":299.99,"df_regular_price":299.99,"df_image_link":"https:\/\/www.erresse-shop.it\/wp-content\/uploads\/2024\/03\/SHARK-Flexstyle-Complete-Set-Asciugacapelli-Champagne-300x300.jpg","_links":{"self":[{"href":"https:\/\/www.erresse-shop.it\/de\/wp-json\/wp\/v2\/product\/397972"}],"collection":[{"href":"https:\/\/www.erresse-shop.it\/de\/wp-json\/wp\/v2\/product"}],"about":[{"href":"https:\/\/www.erresse-shop.it\/de\/wp-json\/wp\/v2\/types\/product"}],"wp:featuredmedia":[{"embeddable":true,"href":"https:\/\/www.erresse-shop.it\/de\/wp-json\/wp\/v2\/media\/460713"}],"wp:attachment":[{"href":"https:\/\/www.erresse-shop.it\/de\/wp-json\/wp\/v2\/media?parent=397972"}],"wp:term":[{"taxonomy":"product_cat","embeddable":true,"href":"https:\/\/www.erresse-shop.it\/de\/wp-json\/wp\/v2\/product_cat?post=397972"},{"taxonomy":"product_tag","embeddable":true,"href":"https:\/\/www.erresse-shop.it\/de\/wp-json\/wp\/v2\/product_tag?post=397972"}],"curies":[{"name":"wp","href":"https:\/\/api.w.org\/{rel}","templated":true}]}}