{"id":397872,"date":"2024-03-19T08:48:59","date_gmt":"2024-03-19T08:49:02","guid":{"rendered":"https:\/\/www.erresse-shop.it\/?post_type=product&#038;p=397872"},"modified":"2025-01-17T13:20:25","modified_gmt":"2025-01-17T13:20:25","slug":"shark-kabelloser-staubsauger-detect-pro-mit-selbstentleerung","status":"publish","type":"product","link":"https:\/\/www.erresse-shop.it\/de\/shop\/kleine-elektrogeraete\/staubsauger\/shark-kabelloser-staubsauger-detect-pro-mit-selbstentleerung\/","title":{"rendered":"SHARK Kabelloser Staubsauger Detect Pro mit Selbstentleerung"},"content":{"rendered":"<p>Wir stellen den Detect Pro vor, die intelligenteste elektrische Besenreihe von Shark.<\/p>\n<p>Der leichte kabellose Elektrobesen f\u00fcr die Tiefenreinigung, der sich automatisch entleert<\/p>\n<p>Der gro\u00dfe, automatisch entleerbare Boden nimmt Schmutz und Ablagerungen bis zu 45 Tage lang auf<\/p>\n<p>Nimmt bis zu 50 % mehr Schmutz auf*<\/p>\n<p>Beseitigt selbst den h\u00e4rtesten Schmutz<\/p>\n<p>25% leichter**<\/p>\n<p>Reinigt Teppiche und B\u00f6den gr\u00fcndlich mit der Anti-Hair-Wrap-Kopf-Technologie<\/p>\n<p>Der flexible Stab l\u00e4sst sich biegen, um auch schwer zug\u00e4ngliche Ecken zu reinigen.<\/p>\n<p><b><strong>Er nimmt bis zu 50 % mehr Schmutz auf:<\/strong><\/b><\/p>\n<p>Die 4 Tiefenreinigungs-Technologien erkennen und reagieren je nach Umgebung, um den versteckten Schmutz in Ihrem Zuhause zu finden:<\/p>\n<p>DirtDetect: erkennt unsichtbaren Schmutz und erh\u00f6ht automatisch die Saugleistung f\u00fcr eine gr\u00fcndliche Teppichreinigung.<\/p>\n<p>EdgeDetect: erkennt Kanten und verdoppelt die Saugleistung f\u00fcr eine perfekte Reinigung von Kanten und Ecken.<\/p>\n<p>FloorDetect: erkennt automatisch die Bodenart und optimiert die Leistung durch Verdoppelung der B\u00fcrstengeschwindigkeit f\u00fcr eine gr\u00fcndliche Teppichreinigung.<\/p>\n<p>LightDetect: arbeitet in schwach beleuchteten Bereichen, indem es automatisch Ablagerungen und versteckten Schmutz beleuchtet.<br \/>\nEr entleert sich und f\u00fcllt sich am Ende jeder Reinigung wieder auf:<br \/>\nDer gro\u00dfe, automatisch entleerbare beutellose 2-Liter-Beh\u00e4lter fasst Schmutz und Abf\u00e4lle bis zu 45 Tage lang. Stecken Sie den Elektrobesen am Ende eines jeden Reinigungszyklus einfach auf den Boden und er wird automatisch entleert.<br \/>\nDie Anti-Allergen-Komplettversiegelung f\u00e4ngt 99,9 % des Staubs, der Allergene und Reizstoffe2 ein, indem sie sie im Boden einschlie\u00dft, ohne sie wieder in die Wohnung abzugeben. Die Anti-Geruchs-Technologie verhindert, dass sich unangenehme Ger\u00fcche im Inneren des Staubsaugerbeh\u00e4lters bilden, damit Ihr Zuhause immer sauber riecht.<br \/>\nGenie\u00dfen Sie bis zu 60 Minuten Autonomie3: Der Staubsauger wird aufgeladen, wenn er auf der Basis steht, und ist immer einsatzbereit, wenn er gebraucht wird. Er ist nicht an eine feste Ladestation angeschlossen und muss nicht an der Wand befestigt werden, so dass Sie ihn \u00fcberall hinstellen k\u00f6nnen.<\/p>\n<p><b><strong>Tiefenreinigung von Teppichen und B\u00f6den:<\/strong><\/b><\/p>\n<p>Die QuadClean-Multifl\u00e4chenb\u00fcrste reinigt gr\u00fcndlich alle Arten von B\u00f6den, ohne dass sie ausgetauscht werden muss.<\/p>\n<p>Ihr au\u00dfergew\u00f6hnliches Design zeichnet sich durch eine hochgezogene Frontabdeckung aus, um gro\u00dfe Schmutzmengen zu bew\u00e4ltigen, Teppichklappen, um Schmutz und eingeklemmte Tierhaare zu entfernen, eine Tiefenwirkung, um die feinsten Schmutzpartikel herauszuholen, und weiche Mikrofaser, um Staub aufzunehmen.<\/p>\n<p>Die Anti-Hair-Wrap-Technologie entfernt w\u00e4hrend der Reinigung Haare von der B\u00fcrste und verhindert so l\u00e4stiges Verfilzen &#8211; perfekt f\u00fcr Haustierbesitzer.<\/p>\n<p><b><strong>Starke Leistung, 25 % leichter:<\/strong><\/b><\/p>\n<p>Der kompakte Turbomotor bringt kraftvolle Reinigungsleistung in einen leichten, selbstentleerenden kabellosen Elektrobesen.<\/p>\n<p>Das LED-Display zeigt den Batteriestatus, die Schmutzerkennung und den Betriebsmodus in Echtzeit an.<\/p>\n<p><b><strong>Reinigung des ganzen Hauses:<\/strong><\/b><\/p>\n<p>Der Flexology Stick ist faltbar, so dass Sie sich nicht b\u00fccken m\u00fcssen und problemlos unter niedrigen M\u00f6beln reinigen k\u00f6nnen.<\/p>\n<p>Nicht nur f\u00fcr B\u00f6den: Nehmen Sie den Staubsauger ab, um mit der Fugend\u00fcse m\u00fchelos Treppen, Polsterm\u00f6bel, Autoinnenr\u00e4ume und schwer zug\u00e4ngliche Stellen zu reinigen.<\/p>\n<p><b><strong>Shark-Garantie:<\/strong><\/b><\/p>\n<p>Shark bietet eine 5-Jahres-Garantie (2 Jahre f\u00fcr Batterien) f\u00fcr eine sichere Reinigung.<\/p>\n<p><b><u><strong>Nicht zum Verkauf au\u00dferhalb Europas<\/strong><\/u><\/b><\/p>\n","protected":false},"excerpt":{"rendered":"<p>Wir stellen den Detect Pro vor, die intelligenteste elektrische Besenreihe von Shark. Der leichte kabellose Elektrobesen f\u00fcr die Tiefenreinigung, der<\/p>\n","protected":false},"featured_media":520245,"template":"","meta":{"_acf_changed":false,"inline_featured_image":false},"product_cat":[6703,23771],"product_tag":[23775],"acf":[],"yoast_head":"<!-- This site is optimized with the Yoast SEO Premium plugin v18.6 (Yoast SEO v19.13) - https:\/\/yoast.com\/wordpress\/plugins\/seo\/ -->\n<title>SHARK Kabelloser Staubsauger Detect Pro mit Selbstentleerung<\/title>\n<meta name=\"description\" content=\"Entdecken Sie SHARK Kabelloser Staubsauger Detect Pro mit Selbstentleerung bei ErresseShop. Qualit\u00e4t, Stil und Funktionalit\u00e4t \u2013 jetzt online bestellen!\" \/>\n<meta name=\"robots\" content=\"index, follow, max-snippet:-1, max-image-preview:large, max-video-preview:-1\" \/>\n<link rel=\"canonical\" href=\"https:\/\/www.erresse-shop.it\/de\/shop\/kleine-elektrogeraete\/staubsauger\/shark-kabelloser-staubsauger-detect-pro-mit-selbstentleerung\/\" \/>\n<meta property=\"og:locale\" content=\"de_DE\" \/>\n<meta property=\"og:type\" content=\"article\" \/>\n<meta property=\"og:title\" content=\"SHARK Kabelloser Staubsauger Detect Pro mit Selbstentleerung\" \/>\n<meta property=\"og:description\" content=\"Entdecken Sie SHARK Kabelloser Staubsauger Detect Pro mit Selbstentleerung bei ErresseShop. Qualit\u00e4t, Stil und Funktionalit\u00e4t \u2013 jetzt online bestellen!\" \/>\n<meta property=\"og:url\" content=\"https:\/\/www.erresse-shop.it\/de\/shop\/kleine-elektrogeraete\/staubsauger\/shark-kabelloser-staubsauger-detect-pro-mit-selbstentleerung\/\" \/>\n<meta property=\"og:site_name\" content=\"Erresse Shop\" \/>\n<meta property=\"article:modified_time\" content=\"2025-01-17T13:20:25+00:00\" \/>\n<meta property=\"og:image\" content=\"https:\/\/www.erresse-shop.it\/wp-content\/uploads\/2024\/03\/SHARK-ASPIRAPOLVERE-SENZA-FILO-SHARK-DETECT-PRO-IW1611EU.png\" \/>\n\t<meta property=\"og:image:width\" content=\"800\" \/>\n\t<meta property=\"og:image:height\" content=\"800\" \/>\n\t<meta property=\"og:image:type\" content=\"image\/png\" \/>\n<meta name=\"twitter:card\" content=\"summary_large_image\" \/>\n<script type=\"application\/ld+json\" class=\"yoast-schema-graph\">{\"@context\":\"https:\/\/schema.org\",\"@graph\":[{\"@type\":\"WebPage\",\"@id\":\"https:\/\/www.erresse-shop.it\/de\/shop\/kleine-elektrogeraete\/staubsauger\/shark-kabelloser-staubsauger-detect-pro-mit-selbstentleerung\/\",\"url\":\"https:\/\/www.erresse-shop.it\/de\/shop\/kleine-elektrogeraete\/staubsauger\/shark-kabelloser-staubsauger-detect-pro-mit-selbstentleerung\/\",\"name\":\"SHARK Kabelloser Staubsauger Detect Pro mit Selbstentleerung\",\"isPartOf\":{\"@id\":\"https:\/\/www.erresse-shop.it\/de\/#website\"},\"datePublished\":\"2024-03-19T08:49:02+00:00\",\"dateModified\":\"2025-01-17T13:20:25+00:00\",\"description\":\"Entdecken Sie SHARK Kabelloser Staubsauger Detect Pro mit Selbstentleerung bei ErresseShop. Qualit\u00e4t, Stil und Funktionalit\u00e4t \u2013 jetzt online bestellen!\",\"breadcrumb\":{\"@id\":\"https:\/\/www.erresse-shop.it\/de\/shop\/kleine-elektrogeraete\/staubsauger\/shark-kabelloser-staubsauger-detect-pro-mit-selbstentleerung\/#breadcrumb\"},\"inLanguage\":\"de-DE\",\"potentialAction\":[{\"@type\":\"ReadAction\",\"target\":[\"https:\/\/www.erresse-shop.it\/de\/shop\/kleine-elektrogeraete\/staubsauger\/shark-kabelloser-staubsauger-detect-pro-mit-selbstentleerung\/\"]}]},{\"@type\":\"BreadcrumbList\",\"@id\":\"https:\/\/www.erresse-shop.it\/de\/shop\/kleine-elektrogeraete\/staubsauger\/shark-kabelloser-staubsauger-detect-pro-mit-selbstentleerung\/#breadcrumb\",\"itemListElement\":[{\"@type\":\"ListItem\",\"position\":1,\"name\":\"Home\",\"item\":\"https:\/\/www.erresse-shop.it\/de\/\"},{\"@type\":\"ListItem\",\"position\":2,\"name\":\"Shop\",\"item\":\"https:\/\/www.erresse-shop.it\/de\/shop\/\"},{\"@type\":\"ListItem\",\"position\":3,\"name\":\"SHARK Kabelloser Staubsauger Detect Pro mit Selbstentleerung\"}]},{\"@type\":\"WebSite\",\"@id\":\"https:\/\/www.erresse-shop.it\/de\/#website\",\"url\":\"https:\/\/www.erresse-shop.it\/de\/\",\"name\":\"Erresse Shop\",\"description\":\"Articoli di qualit\u00e0 per la casa\",\"potentialAction\":[{\"@type\":\"SearchAction\",\"target\":{\"@type\":\"EntryPoint\",\"urlTemplate\":\"https:\/\/www.erresse-shop.it\/de\/?s={search_term_string}\"},\"query-input\":\"required name=search_term_string\"}],\"inLanguage\":\"de-DE\"}]}<\/script>\n<!-- \/ Yoast SEO Premium plugin. -->","yoast_head_json":{"title":"SHARK Kabelloser Staubsauger Detect Pro mit Selbstentleerung","description":"Entdecken Sie SHARK Kabelloser Staubsauger Detect Pro mit Selbstentleerung bei ErresseShop. Qualit\u00e4t, Stil und Funktionalit\u00e4t \u2013 jetzt online bestellen!","robots":{"index":"index","follow":"follow","max-snippet":"max-snippet:-1","max-image-preview":"max-image-preview:large","max-video-preview":"max-video-preview:-1"},"canonical":"https:\/\/www.erresse-shop.it\/de\/shop\/kleine-elektrogeraete\/staubsauger\/shark-kabelloser-staubsauger-detect-pro-mit-selbstentleerung\/","og_locale":"de_DE","og_type":"article","og_title":"SHARK Kabelloser Staubsauger Detect Pro mit Selbstentleerung","og_description":"Entdecken Sie SHARK Kabelloser Staubsauger Detect Pro mit Selbstentleerung bei ErresseShop. Qualit\u00e4t, Stil und Funktionalit\u00e4t \u2013 jetzt online bestellen!","og_url":"https:\/\/www.erresse-shop.it\/de\/shop\/kleine-elektrogeraete\/staubsauger\/shark-kabelloser-staubsauger-detect-pro-mit-selbstentleerung\/","og_site_name":"Erresse Shop","article_modified_time":"2025-01-17T13:20:25+00:00","og_image":[{"width":800,"height":800,"url":"https:\/\/www.erresse-shop.it\/wp-content\/uploads\/2024\/03\/SHARK-ASPIRAPOLVERE-SENZA-FILO-SHARK-DETECT-PRO-IW1611EU.png","type":"image\/png"}],"twitter_card":"summary_large_image","schema":{"@context":"https:\/\/schema.org","@graph":[{"@type":"WebPage","@id":"https:\/\/www.erresse-shop.it\/de\/shop\/kleine-elektrogeraete\/staubsauger\/shark-kabelloser-staubsauger-detect-pro-mit-selbstentleerung\/","url":"https:\/\/www.erresse-shop.it\/de\/shop\/kleine-elektrogeraete\/staubsauger\/shark-kabelloser-staubsauger-detect-pro-mit-selbstentleerung\/","name":"SHARK Kabelloser Staubsauger Detect Pro mit Selbstentleerung","isPartOf":{"@id":"https:\/\/www.erresse-shop.it\/de\/#website"},"datePublished":"2024-03-19T08:49:02+00:00","dateModified":"2025-01-17T13:20:25+00:00","description":"Entdecken Sie SHARK Kabelloser Staubsauger Detect Pro mit Selbstentleerung bei ErresseShop. Qualit\u00e4t, Stil und Funktionalit\u00e4t \u2013 jetzt online bestellen!","breadcrumb":{"@id":"https:\/\/www.erresse-shop.it\/de\/shop\/kleine-elektrogeraete\/staubsauger\/shark-kabelloser-staubsauger-detect-pro-mit-selbstentleerung\/#breadcrumb"},"inLanguage":"de-DE","potentialAction":[{"@type":"ReadAction","target":["https:\/\/www.erresse-shop.it\/de\/shop\/kleine-elektrogeraete\/staubsauger\/shark-kabelloser-staubsauger-detect-pro-mit-selbstentleerung\/"]}]},{"@type":"BreadcrumbList","@id":"https:\/\/www.erresse-shop.it\/de\/shop\/kleine-elektrogeraete\/staubsauger\/shark-kabelloser-staubsauger-detect-pro-mit-selbstentleerung\/#breadcrumb","itemListElement":[{"@type":"ListItem","position":1,"name":"Home","item":"https:\/\/www.erresse-shop.it\/de\/"},{"@type":"ListItem","position":2,"name":"Shop","item":"https:\/\/www.erresse-shop.it\/de\/shop\/"},{"@type":"ListItem","position":3,"name":"SHARK Kabelloser Staubsauger Detect Pro mit Selbstentleerung"}]},{"@type":"WebSite","@id":"https:\/\/www.erresse-shop.it\/de\/#website","url":"https:\/\/www.erresse-shop.it\/de\/","name":"Erresse Shop","description":"Articoli di qualit\u00e0 per la casa","potentialAction":[{"@type":"SearchAction","target":{"@type":"EntryPoint","urlTemplate":"https:\/\/www.erresse-shop.it\/de\/?s={search_term_string}"},"query-input":"required name=search_term_string"}],"inLanguage":"de-DE"}]}},"df_price":399.99,"df_sale_price":399.99,"df_regular_price":399.99,"df_image_link":"https:\/\/www.erresse-shop.it\/wp-content\/uploads\/2024\/03\/SHARK-Aspirapolvere-IW3611EU-300x300.jpg","_links":{"self":[{"href":"https:\/\/www.erresse-shop.it\/de\/wp-json\/wp\/v2\/product\/397872"}],"collection":[{"href":"https:\/\/www.erresse-shop.it\/de\/wp-json\/wp\/v2\/product"}],"about":[{"href":"https:\/\/www.erresse-shop.it\/de\/wp-json\/wp\/v2\/types\/product"}],"wp:featuredmedia":[{"embeddable":true,"href":"https:\/\/www.erresse-shop.it\/de\/wp-json\/wp\/v2\/media\/520245"}],"wp:attachment":[{"href":"https:\/\/www.erresse-shop.it\/de\/wp-json\/wp\/v2\/media?parent=397872"}],"wp:term":[{"taxonomy":"product_cat","embeddable":true,"href":"https:\/\/www.erresse-shop.it\/de\/wp-json\/wp\/v2\/product_cat?post=397872"},{"taxonomy":"product_tag","embeddable":true,"href":"https:\/\/www.erresse-shop.it\/de\/wp-json\/wp\/v2\/product_tag?post=397872"}],"curies":[{"name":"wp","href":"https:\/\/api.w.org\/{rel}","templated":true}]}}