{"id":397817,"date":"2024-03-19T07:35:32","date_gmt":"2024-03-19T07:35:33","guid":{"rendered":"https:\/\/www.erresse-shop.it\/?post_type=product&#038;p=397817"},"modified":"2024-03-19T07:51:42","modified_gmt":"2024-03-19T07:51:42","slug":"ninja-woodfire-klappbarer-wagen-fuer-elektrogrill","status":"publish","type":"product","link":"https:\/\/www.erresse-shop.it\/de\/shop\/kleine-elektrogeraete\/oefen\/ninja-woodfire-klappbarer-wagen-fuer-elektrogrill\/","title":{"rendered":"NINJA Woodfire Klappbarer Wagen f\u00fcr Elektrogrill"},"content":{"rendered":"<p>Dieser faltbare Wagen wurde speziell f\u00fcr den Ninja Woodfire Elektrogrill angefertigt. Er wurde entwickelt, um den Grill an Ort und Stelle zu halten, verf\u00fcgt \u00fcber eine praktische Werkzeughalterung und l\u00e4sst sich f\u00fcr einen einfachen Transport zusammenklappen, wo immer Sie wollen.<\/p>\n<p><b><u><strong>Nicht zum Verkauf au\u00dferhalb Europas<\/strong><\/u><\/b><\/p>\n","protected":false},"excerpt":{"rendered":"<p>Dieser faltbare Wagen wurde speziell f\u00fcr den Ninja Woodfire Elektrogrill angefertigt. Er wurde entwickelt, um den Grill an Ort und<\/p>\n","protected":false},"featured_media":437164,"template":"","meta":{"_acf_changed":false,"inline_featured_image":false},"product_cat":[6703,15659],"product_tag":[13379,22591],"acf":[],"yoast_head":"<!-- This site is optimized with the Yoast SEO Premium plugin v18.6 (Yoast SEO v19.13) - https:\/\/yoast.com\/wordpress\/plugins\/seo\/ -->\n<title>NINJA Woodfire Klappbarer Wagen f\u00fcr Elektrogrill - Erresse Shop<\/title>\n<meta name=\"description\" content=\"Dieser faltbare Wagen wurde speziell f\u00fcr den Ninja Woodfire Elektrogrill angefertigt. Er wurde entwickelt, um den Grill an Ort und Stelle zu halten,\" \/>\n<meta name=\"robots\" content=\"index, follow, max-snippet:-1, max-image-preview:large, max-video-preview:-1\" \/>\n<link rel=\"canonical\" href=\"https:\/\/www.erresse-shop.it\/de\/shop\/kleine-elektrogeraete\/oefen\/ninja-woodfire-klappbarer-wagen-fuer-elektrogrill\/\" \/>\n<meta property=\"og:locale\" content=\"de_DE\" \/>\n<meta property=\"og:type\" content=\"article\" \/>\n<meta property=\"og:title\" content=\"NINJA Woodfire Klappbarer Wagen f\u00fcr Elektrogrill\" \/>\n<meta property=\"og:description\" content=\"Dieser faltbare Wagen wurde speziell f\u00fcr den Ninja Woodfire Elektrogrill angefertigt. Er wurde entwickelt, um den Grill an Ort und Stelle zu halten,\" \/>\n<meta property=\"og:url\" content=\"https:\/\/www.erresse-shop.it\/de\/shop\/kleine-elektrogeraete\/oefen\/ninja-woodfire-klappbarer-wagen-fuer-elektrogrill\/\" \/>\n<meta property=\"og:site_name\" content=\"Erresse Shop\" \/>\n<meta property=\"article:modified_time\" content=\"2024-03-19T07:51:42+00:00\" \/>\n<meta property=\"og:image\" content=\"https:\/\/www.erresse-shop.it\/wp-content\/uploads\/2024\/03\/NINJA-Woodifire-Carrello-Pieghevole-per-Barbecue-Elettrico.jpg\" \/>\n\t<meta property=\"og:image:width\" content=\"1200\" \/>\n\t<meta property=\"og:image:height\" content=\"1200\" \/>\n\t<meta property=\"og:image:type\" content=\"image\/jpeg\" \/>\n<meta name=\"twitter:card\" content=\"summary_large_image\" \/>\n<script type=\"application\/ld+json\" class=\"yoast-schema-graph\">{\"@context\":\"https:\/\/schema.org\",\"@graph\":[{\"@type\":\"WebPage\",\"@id\":\"https:\/\/www.erresse-shop.it\/de\/shop\/kleine-elektrogeraete\/oefen\/ninja-woodfire-klappbarer-wagen-fuer-elektrogrill\/\",\"url\":\"https:\/\/www.erresse-shop.it\/de\/shop\/kleine-elektrogeraete\/oefen\/ninja-woodfire-klappbarer-wagen-fuer-elektrogrill\/\",\"name\":\"NINJA Woodfire Klappbarer Wagen f\u00fcr Elektrogrill - Erresse Shop\",\"isPartOf\":{\"@id\":\"https:\/\/www.erresse-shop.it\/de\/#website\"},\"datePublished\":\"2024-03-19T07:35:33+00:00\",\"dateModified\":\"2024-03-19T07:51:42+00:00\",\"description\":\"Dieser faltbare Wagen wurde speziell f\u00fcr den Ninja Woodfire Elektrogrill angefertigt. Er wurde entwickelt, um den Grill an Ort und Stelle zu halten,\",\"breadcrumb\":{\"@id\":\"https:\/\/www.erresse-shop.it\/de\/shop\/kleine-elektrogeraete\/oefen\/ninja-woodfire-klappbarer-wagen-fuer-elektrogrill\/#breadcrumb\"},\"inLanguage\":\"de-DE\",\"potentialAction\":[{\"@type\":\"ReadAction\",\"target\":[\"https:\/\/www.erresse-shop.it\/de\/shop\/kleine-elektrogeraete\/oefen\/ninja-woodfire-klappbarer-wagen-fuer-elektrogrill\/\"]}]},{\"@type\":\"BreadcrumbList\",\"@id\":\"https:\/\/www.erresse-shop.it\/de\/shop\/kleine-elektrogeraete\/oefen\/ninja-woodfire-klappbarer-wagen-fuer-elektrogrill\/#breadcrumb\",\"itemListElement\":[{\"@type\":\"ListItem\",\"position\":1,\"name\":\"Home\",\"item\":\"https:\/\/www.erresse-shop.it\/de\/\"},{\"@type\":\"ListItem\",\"position\":2,\"name\":\"Shop\",\"item\":\"https:\/\/www.erresse-shop.it\/de\/shop\/\"},{\"@type\":\"ListItem\",\"position\":3,\"name\":\"NINJA Woodfire Klappbarer Wagen f\u00fcr Elektrogrill\"}]},{\"@type\":\"WebSite\",\"@id\":\"https:\/\/www.erresse-shop.it\/de\/#website\",\"url\":\"https:\/\/www.erresse-shop.it\/de\/\",\"name\":\"Erresse Shop\",\"description\":\"Articoli di qualit\u00e0 per la casa\",\"potentialAction\":[{\"@type\":\"SearchAction\",\"target\":{\"@type\":\"EntryPoint\",\"urlTemplate\":\"https:\/\/www.erresse-shop.it\/de\/?s={search_term_string}\"},\"query-input\":\"required name=search_term_string\"}],\"inLanguage\":\"de-DE\"}]}<\/script>\n<!-- \/ Yoast SEO Premium plugin. -->","yoast_head_json":{"title":"NINJA Woodfire Klappbarer Wagen f\u00fcr Elektrogrill - Erresse Shop","description":"Dieser faltbare Wagen wurde speziell f\u00fcr den Ninja Woodfire Elektrogrill angefertigt. Er wurde entwickelt, um den Grill an Ort und Stelle zu halten,","robots":{"index":"index","follow":"follow","max-snippet":"max-snippet:-1","max-image-preview":"max-image-preview:large","max-video-preview":"max-video-preview:-1"},"canonical":"https:\/\/www.erresse-shop.it\/de\/shop\/kleine-elektrogeraete\/oefen\/ninja-woodfire-klappbarer-wagen-fuer-elektrogrill\/","og_locale":"de_DE","og_type":"article","og_title":"NINJA Woodfire Klappbarer Wagen f\u00fcr Elektrogrill","og_description":"Dieser faltbare Wagen wurde speziell f\u00fcr den Ninja Woodfire Elektrogrill angefertigt. Er wurde entwickelt, um den Grill an Ort und Stelle zu halten,","og_url":"https:\/\/www.erresse-shop.it\/de\/shop\/kleine-elektrogeraete\/oefen\/ninja-woodfire-klappbarer-wagen-fuer-elektrogrill\/","og_site_name":"Erresse Shop","article_modified_time":"2024-03-19T07:51:42+00:00","og_image":[{"width":1200,"height":1200,"url":"https:\/\/www.erresse-shop.it\/wp-content\/uploads\/2024\/03\/NINJA-Woodifire-Carrello-Pieghevole-per-Barbecue-Elettrico.jpg","type":"image\/jpeg"}],"twitter_card":"summary_large_image","schema":{"@context":"https:\/\/schema.org","@graph":[{"@type":"WebPage","@id":"https:\/\/www.erresse-shop.it\/de\/shop\/kleine-elektrogeraete\/oefen\/ninja-woodfire-klappbarer-wagen-fuer-elektrogrill\/","url":"https:\/\/www.erresse-shop.it\/de\/shop\/kleine-elektrogeraete\/oefen\/ninja-woodfire-klappbarer-wagen-fuer-elektrogrill\/","name":"NINJA Woodfire Klappbarer Wagen f\u00fcr Elektrogrill - Erresse Shop","isPartOf":{"@id":"https:\/\/www.erresse-shop.it\/de\/#website"},"datePublished":"2024-03-19T07:35:33+00:00","dateModified":"2024-03-19T07:51:42+00:00","description":"Dieser faltbare Wagen wurde speziell f\u00fcr den Ninja Woodfire Elektrogrill angefertigt. Er wurde entwickelt, um den Grill an Ort und Stelle zu halten,","breadcrumb":{"@id":"https:\/\/www.erresse-shop.it\/de\/shop\/kleine-elektrogeraete\/oefen\/ninja-woodfire-klappbarer-wagen-fuer-elektrogrill\/#breadcrumb"},"inLanguage":"de-DE","potentialAction":[{"@type":"ReadAction","target":["https:\/\/www.erresse-shop.it\/de\/shop\/kleine-elektrogeraete\/oefen\/ninja-woodfire-klappbarer-wagen-fuer-elektrogrill\/"]}]},{"@type":"BreadcrumbList","@id":"https:\/\/www.erresse-shop.it\/de\/shop\/kleine-elektrogeraete\/oefen\/ninja-woodfire-klappbarer-wagen-fuer-elektrogrill\/#breadcrumb","itemListElement":[{"@type":"ListItem","position":1,"name":"Home","item":"https:\/\/www.erresse-shop.it\/de\/"},{"@type":"ListItem","position":2,"name":"Shop","item":"https:\/\/www.erresse-shop.it\/de\/shop\/"},{"@type":"ListItem","position":3,"name":"NINJA Woodfire Klappbarer Wagen f\u00fcr Elektrogrill"}]},{"@type":"WebSite","@id":"https:\/\/www.erresse-shop.it\/de\/#website","url":"https:\/\/www.erresse-shop.it\/de\/","name":"Erresse Shop","description":"Articoli di qualit\u00e0 per la casa","potentialAction":[{"@type":"SearchAction","target":{"@type":"EntryPoint","urlTemplate":"https:\/\/www.erresse-shop.it\/de\/?s={search_term_string}"},"query-input":"required name=search_term_string"}],"inLanguage":"de-DE"}]}},"df_price":129.99,"df_sale_price":129.99,"df_regular_price":129.99,"df_image_link":"https:\/\/www.erresse-shop.it\/wp-content\/uploads\/2024\/03\/NINJA-Woodifire-Carrello-Pieghevole-per-Barbecue-Elettrico-300x300.jpg","_links":{"self":[{"href":"https:\/\/www.erresse-shop.it\/de\/wp-json\/wp\/v2\/product\/397817"}],"collection":[{"href":"https:\/\/www.erresse-shop.it\/de\/wp-json\/wp\/v2\/product"}],"about":[{"href":"https:\/\/www.erresse-shop.it\/de\/wp-json\/wp\/v2\/types\/product"}],"wp:featuredmedia":[{"embeddable":true,"href":"https:\/\/www.erresse-shop.it\/de\/wp-json\/wp\/v2\/media\/437164"}],"wp:attachment":[{"href":"https:\/\/www.erresse-shop.it\/de\/wp-json\/wp\/v2\/media?parent=397817"}],"wp:term":[{"taxonomy":"product_cat","embeddable":true,"href":"https:\/\/www.erresse-shop.it\/de\/wp-json\/wp\/v2\/product_cat?post=397817"},{"taxonomy":"product_tag","embeddable":true,"href":"https:\/\/www.erresse-shop.it\/de\/wp-json\/wp\/v2\/product_tag?post=397817"}],"curies":[{"name":"wp","href":"https:\/\/api.w.org\/{rel}","templated":true}]}}