{"id":397776,"date":"2024-03-19T07:08:44","date_gmt":"2024-03-19T07:08:46","guid":{"rendered":"https:\/\/www.erresse-shop.it\/?post_type=product&#038;p=397776"},"modified":"2024-06-24T00:00:09","modified_gmt":"2024-06-24T00:00:09","slug":"ninja-foodi-max-grill-und-luftfritteuse","status":"publish","type":"product","link":"https:\/\/www.erresse-shop.it\/de\/shop\/kleine-elektrogeraete\/kuechenmaschinen\/ninja-foodi-max-grill-und-luftfritteuse\/","title":{"rendered":"NINJA Foodi Max-Grill und Luftfritteuse"},"content":{"rendered":"<p>Luftgrill und Luftfritteuse mit 6 Kochfunktionen: Luftfritieren, Backen, Braten, Erhitzen, Trocknen und Grillen. Smart-Cook-System mit digitalem F\u00fchler. Die temperaturgesteuerte Grillplatte, der Spritzschutz und die Kaltluftzone reduzieren die Rauchentwicklung w\u00e4hrend des Kochens. Inklusive Rezeptbuch.<\/p>\n<p>Mehr als nur ein Grill. 6 Kochfunktionen: Luftbraten, Backen, Braten, Aufw\u00e4rmen, Trocknen und Grillen. Wie m\u00f6gen Sie Ihr Steak? Rare, medium, well done: W\u00e4hlen Sie Ihre bevorzugte Garstufe und lassen Sie das Smart Cook System die ganze Arbeit machen! Kein Spielraum f\u00fcr Fehler, nur Fisch und Fleisch, die perfekt gegart werden, genau so, wie Sie sie m\u00f6gen! Der fest installierte digitale Kochf\u00fchler \u00fcberwacht w\u00e4hrend des Garvorgangs st\u00e4ndig die Temperatur der Speisen und sagt Ihnen, wann sie fertig sind.<\/p>\n<p>Von Brath\u00e4hnchen bis Fisch, von Kebab bis Pommes frites: Garen Sie sowohl frische als auch gefrorene Zutaten gleichm\u00e4\u00dfig und schnell mit wenig oder ganz ohne \u00d6l. Genie\u00dfen Sie den Geschmack eines authentischen Barbecues, ohne das Grillgut umdrehen zu m\u00fcssen.<\/p>\n<p><b><strong>TECHNISCHE DATEN:<\/strong><\/b><\/p>\n<p>Produktabmessungen (cm): 27 x 39 x 41 cm<\/p>\n<p>Nennleistung: 2460 W<\/p>\n<p>Garantie: 2 Jahre<\/p>\n<p>Fassungsverm\u00f6gen: 3,8 l<\/p>\n<p>Externe K\u00fchlwand: Ja<\/p>\n<p>Produktgewicht: 10,18 kg<\/p>\n<p>Anti-Rutsch-F\u00fc\u00dfe: Ja<\/p>\n<p>Zeitschaltuhr: Ja<\/p>\n<p>Voreingestellte Funktionen: Grillen Air Fry Backen Braten Dehydrieren Aufw\u00e4rmen<\/p>\n<p><b><strong>BESTEHT AUS:<\/strong><\/b><\/p>\n<p>1 1760W Luftgrillger\u00e4t<\/p>\n<p>1 Digitaler Kochf\u00fchler<\/p>\n<p>1 keramikbeschichteter Kochtopf<\/p>\n<p>1 keramikbeschichteter Frittierkorb<\/p>\n<p>1 keramikbeschichtete Grillplatte<\/p>\n<p>1 Reinigungsb\u00fcrste mit Spachtel<\/p>\n<p>1 Spritzschutz<\/p>\n<p>Gebrauchsanweisung<\/p>\n<p>Kochbuch<\/p>\n<p>Kurzanleitung f\u00fcr den Gebrauch<\/p>\n<p><b><u><strong>Nicht zum Verkauf au\u00dferhalb Europas<\/strong><\/u><\/b><\/p>\n","protected":false},"excerpt":{"rendered":"<p>Luftgrill und Luftfritteuse mit 6 Kochfunktionen: Luftfritieren, Backen, Braten, Erhitzen, Trocknen und Grillen. Smart-Cook-System mit digitalem F\u00fchler. Die temperaturgesteuerte Grillplatte,<\/p>\n","protected":false},"featured_media":520238,"template":"","meta":{"_acf_changed":false,"inline_featured_image":false},"product_cat":[6703,6721,25388],"product_tag":[11555,13399,24604],"acf":[],"yoast_head":"<!-- This site is optimized with the Yoast SEO Premium plugin v18.6 (Yoast SEO v19.13) - https:\/\/yoast.com\/wordpress\/plugins\/seo\/ -->\n<title>NINJA Foodi Max-Grill und Luftfritteuse - Erresse Shop<\/title>\n<meta name=\"description\" content=\"Luftgrill und Luftfritteuse mit 6 Kochfunktionen: Luftfritieren, Backen, Braten, Erhitzen, Trocknen und Grillen. Smart-Cook-System mit digitalem F\u00fchler.\" \/>\n<meta name=\"robots\" content=\"index, follow, max-snippet:-1, max-image-preview:large, max-video-preview:-1\" \/>\n<link rel=\"canonical\" href=\"https:\/\/www.erresse-shop.it\/de\/shop\/kleine-elektrogeraete\/kuechenmaschinen\/ninja-foodi-max-grill-und-luftfritteuse\/\" \/>\n<meta property=\"og:locale\" content=\"de_DE\" \/>\n<meta property=\"og:type\" content=\"article\" \/>\n<meta property=\"og:title\" content=\"NINJA Foodi Max-Grill und Luftfritteuse\" \/>\n<meta property=\"og:description\" content=\"Luftgrill und Luftfritteuse mit 6 Kochfunktionen: Luftfritieren, Backen, Braten, Erhitzen, Trocknen und Grillen. Smart-Cook-System mit digitalem F\u00fchler.\" \/>\n<meta property=\"og:url\" content=\"https:\/\/www.erresse-shop.it\/de\/shop\/kleine-elektrogeraete\/kuechenmaschinen\/ninja-foodi-max-grill-und-luftfritteuse\/\" \/>\n<meta property=\"og:site_name\" content=\"Erresse Shop\" \/>\n<meta property=\"article:modified_time\" content=\"2024-06-24T00:00:09+00:00\" \/>\n<meta property=\"og:image\" content=\"https:\/\/www.erresse-shop.it\/wp-content\/uploads\/2024\/03\/NINJA-GRIGLIA-E-FRIGGITRICE-AD-ARIA-NINJA-FOODI-MAX-AG551EU.png\" \/>\n\t<meta property=\"og:image:width\" content=\"800\" \/>\n\t<meta property=\"og:image:height\" content=\"800\" \/>\n\t<meta property=\"og:image:type\" content=\"image\/png\" \/>\n<meta name=\"twitter:card\" content=\"summary_large_image\" \/>\n<script type=\"application\/ld+json\" class=\"yoast-schema-graph\">{\"@context\":\"https:\/\/schema.org\",\"@graph\":[{\"@type\":\"WebPage\",\"@id\":\"https:\/\/www.erresse-shop.it\/de\/shop\/kleine-elektrogeraete\/kuechenmaschinen\/ninja-foodi-max-grill-und-luftfritteuse\/\",\"url\":\"https:\/\/www.erresse-shop.it\/de\/shop\/kleine-elektrogeraete\/kuechenmaschinen\/ninja-foodi-max-grill-und-luftfritteuse\/\",\"name\":\"NINJA Foodi Max-Grill und Luftfritteuse - Erresse Shop\",\"isPartOf\":{\"@id\":\"https:\/\/www.erresse-shop.it\/de\/#website\"},\"datePublished\":\"2024-03-19T07:08:46+00:00\",\"dateModified\":\"2024-06-24T00:00:09+00:00\",\"description\":\"Luftgrill und Luftfritteuse mit 6 Kochfunktionen: Luftfritieren, Backen, Braten, Erhitzen, Trocknen und Grillen. Smart-Cook-System mit digitalem F\u00fchler.\",\"breadcrumb\":{\"@id\":\"https:\/\/www.erresse-shop.it\/de\/shop\/kleine-elektrogeraete\/kuechenmaschinen\/ninja-foodi-max-grill-und-luftfritteuse\/#breadcrumb\"},\"inLanguage\":\"de-DE\",\"potentialAction\":[{\"@type\":\"ReadAction\",\"target\":[\"https:\/\/www.erresse-shop.it\/de\/shop\/kleine-elektrogeraete\/kuechenmaschinen\/ninja-foodi-max-grill-und-luftfritteuse\/\"]}]},{\"@type\":\"BreadcrumbList\",\"@id\":\"https:\/\/www.erresse-shop.it\/de\/shop\/kleine-elektrogeraete\/kuechenmaschinen\/ninja-foodi-max-grill-und-luftfritteuse\/#breadcrumb\",\"itemListElement\":[{\"@type\":\"ListItem\",\"position\":1,\"name\":\"Home\",\"item\":\"https:\/\/www.erresse-shop.it\/de\/\"},{\"@type\":\"ListItem\",\"position\":2,\"name\":\"Shop\",\"item\":\"https:\/\/www.erresse-shop.it\/de\/shop\/\"},{\"@type\":\"ListItem\",\"position\":3,\"name\":\"NINJA Foodi Max-Grill und Luftfritteuse\"}]},{\"@type\":\"WebSite\",\"@id\":\"https:\/\/www.erresse-shop.it\/de\/#website\",\"url\":\"https:\/\/www.erresse-shop.it\/de\/\",\"name\":\"Erresse Shop\",\"description\":\"Articoli di qualit\u00e0 per la casa\",\"potentialAction\":[{\"@type\":\"SearchAction\",\"target\":{\"@type\":\"EntryPoint\",\"urlTemplate\":\"https:\/\/www.erresse-shop.it\/de\/?s={search_term_string}\"},\"query-input\":\"required name=search_term_string\"}],\"inLanguage\":\"de-DE\"}]}<\/script>\n<!-- \/ Yoast SEO Premium plugin. -->","yoast_head_json":{"title":"NINJA Foodi Max-Grill und Luftfritteuse - Erresse Shop","description":"Luftgrill und Luftfritteuse mit 6 Kochfunktionen: Luftfritieren, Backen, Braten, Erhitzen, Trocknen und Grillen. Smart-Cook-System mit digitalem F\u00fchler.","robots":{"index":"index","follow":"follow","max-snippet":"max-snippet:-1","max-image-preview":"max-image-preview:large","max-video-preview":"max-video-preview:-1"},"canonical":"https:\/\/www.erresse-shop.it\/de\/shop\/kleine-elektrogeraete\/kuechenmaschinen\/ninja-foodi-max-grill-und-luftfritteuse\/","og_locale":"de_DE","og_type":"article","og_title":"NINJA Foodi Max-Grill und Luftfritteuse","og_description":"Luftgrill und Luftfritteuse mit 6 Kochfunktionen: Luftfritieren, Backen, Braten, Erhitzen, Trocknen und Grillen. Smart-Cook-System mit digitalem F\u00fchler.","og_url":"https:\/\/www.erresse-shop.it\/de\/shop\/kleine-elektrogeraete\/kuechenmaschinen\/ninja-foodi-max-grill-und-luftfritteuse\/","og_site_name":"Erresse Shop","article_modified_time":"2024-06-24T00:00:09+00:00","og_image":[{"width":800,"height":800,"url":"https:\/\/www.erresse-shop.it\/wp-content\/uploads\/2024\/03\/NINJA-GRIGLIA-E-FRIGGITRICE-AD-ARIA-NINJA-FOODI-MAX-AG551EU.png","type":"image\/png"}],"twitter_card":"summary_large_image","schema":{"@context":"https:\/\/schema.org","@graph":[{"@type":"WebPage","@id":"https:\/\/www.erresse-shop.it\/de\/shop\/kleine-elektrogeraete\/kuechenmaschinen\/ninja-foodi-max-grill-und-luftfritteuse\/","url":"https:\/\/www.erresse-shop.it\/de\/shop\/kleine-elektrogeraete\/kuechenmaschinen\/ninja-foodi-max-grill-und-luftfritteuse\/","name":"NINJA Foodi Max-Grill und Luftfritteuse - Erresse Shop","isPartOf":{"@id":"https:\/\/www.erresse-shop.it\/de\/#website"},"datePublished":"2024-03-19T07:08:46+00:00","dateModified":"2024-06-24T00:00:09+00:00","description":"Luftgrill und Luftfritteuse mit 6 Kochfunktionen: Luftfritieren, Backen, Braten, Erhitzen, Trocknen und Grillen. Smart-Cook-System mit digitalem F\u00fchler.","breadcrumb":{"@id":"https:\/\/www.erresse-shop.it\/de\/shop\/kleine-elektrogeraete\/kuechenmaschinen\/ninja-foodi-max-grill-und-luftfritteuse\/#breadcrumb"},"inLanguage":"de-DE","potentialAction":[{"@type":"ReadAction","target":["https:\/\/www.erresse-shop.it\/de\/shop\/kleine-elektrogeraete\/kuechenmaschinen\/ninja-foodi-max-grill-und-luftfritteuse\/"]}]},{"@type":"BreadcrumbList","@id":"https:\/\/www.erresse-shop.it\/de\/shop\/kleine-elektrogeraete\/kuechenmaschinen\/ninja-foodi-max-grill-und-luftfritteuse\/#breadcrumb","itemListElement":[{"@type":"ListItem","position":1,"name":"Home","item":"https:\/\/www.erresse-shop.it\/de\/"},{"@type":"ListItem","position":2,"name":"Shop","item":"https:\/\/www.erresse-shop.it\/de\/shop\/"},{"@type":"ListItem","position":3,"name":"NINJA Foodi Max-Grill und Luftfritteuse"}]},{"@type":"WebSite","@id":"https:\/\/www.erresse-shop.it\/de\/#website","url":"https:\/\/www.erresse-shop.it\/de\/","name":"Erresse Shop","description":"Articoli di qualit\u00e0 per la casa","potentialAction":[{"@type":"SearchAction","target":{"@type":"EntryPoint","urlTemplate":"https:\/\/www.erresse-shop.it\/de\/?s={search_term_string}"},"query-input":"required name=search_term_string"}],"inLanguage":"de-DE"}]}},"df_price":279.99,"df_sale_price":279.99,"df_regular_price":279.99,"df_image_link":"https:\/\/www.erresse-shop.it\/wp-content\/uploads\/2024\/03\/NINJA-Foodi-Max-Griglia-e-Friggitrice-ad-Aria-AG551EU-300x300.jpg","_links":{"self":[{"href":"https:\/\/www.erresse-shop.it\/de\/wp-json\/wp\/v2\/product\/397776"}],"collection":[{"href":"https:\/\/www.erresse-shop.it\/de\/wp-json\/wp\/v2\/product"}],"about":[{"href":"https:\/\/www.erresse-shop.it\/de\/wp-json\/wp\/v2\/types\/product"}],"wp:featuredmedia":[{"embeddable":true,"href":"https:\/\/www.erresse-shop.it\/de\/wp-json\/wp\/v2\/media\/520238"}],"wp:attachment":[{"href":"https:\/\/www.erresse-shop.it\/de\/wp-json\/wp\/v2\/media?parent=397776"}],"wp:term":[{"taxonomy":"product_cat","embeddable":true,"href":"https:\/\/www.erresse-shop.it\/de\/wp-json\/wp\/v2\/product_cat?post=397776"},{"taxonomy":"product_tag","embeddable":true,"href":"https:\/\/www.erresse-shop.it\/de\/wp-json\/wp\/v2\/product_tag?post=397776"}],"curies":[{"name":"wp","href":"https:\/\/api.w.org\/{rel}","templated":true}]}}