{"id":397554,"date":"2024-03-18T11:14:47","date_gmt":"2024-03-18T11:14:49","guid":{"rendered":"https:\/\/www.erresse-shop.it\/?post_type=product&#038;p=397554"},"modified":"2024-07-16T00:00:12","modified_gmt":"2024-07-16T00:00:12","slug":"ninja-barbecue-elektrisch-mit-holzfeuer-smoker","status":"publish","type":"product","link":"https:\/\/www.erresse-shop.it\/de\/shop\/kleine-elektrogeraete\/oefen\/ninja-barbecue-elektrisch-mit-holzfeuer-smoker\/","title":{"rendered":"NINJA Barbecue Elektrisch mit Holzfeuer Smoker"},"content":{"rendered":"<p>Elektrischer Grill, R\u00e4ucherofen und Fritteuse f\u00fcr drau\u00dfen mit 7 Kochfunktionen. Einfach zu bedienen: keine Holzkohle, Gas oder Flammen.<\/p>\n<p><b><strong>EINE NEUE ART DES KOCHENS IM AUSSENBEREICH<\/strong><\/b>: Grill, Smoker und Fritteuse f\u00fcr den Au\u00dfenbereich mit 7 Kochfunktionen<\/p>\n<p><b><strong>DER GESCHMACK DES GRILLENS, DIE EINFACHKEIT EINES ELEKTRISCH BETRIEBENEN GER\u00c4TES:<\/strong><\/b> Dank seiner elektrischen Stromversorgung ist er immer einsatzbereit. Genie\u00dfen Sie den Geschmack von Holzkohle und authentische Raucharomen mit der Woodfire-Technologie<\/p>\n<p><b><strong>WOODFIRE-TECHNOLOGIE:<\/strong><\/b> Verbessern Sie die Aromen mit dem integrierten Smoker, der echte Holzpellets verbrennt, um den authentischen Geschmack des Holzfeuers zu erhalten<\/p>\n<p><b><strong>GRILLEN SIE WO SIE WOLLEN<\/strong><\/b>: Perfekt f\u00fcr G\u00e4rten, Balkone, Veranden und Campingpl\u00e4tze. Da er wetterfest ist, kann er das ganze Jahr \u00fcber im Freien gelagert werden.<\/p>\n<p><b><strong>TECHNISCHES DATENBLATT:<\/strong><\/b><\/p>\n<p>Farbe: Grau\/Schwarz<\/p>\n<p>Kabell\u00e4nge: 1,6 Meter<\/p>\n<p>Zeitschaltuhr: Ja<\/p>\n<p>7 Programme\/Funktionen: Grillen-R\u00e4uchern-Luftbraten-Braten-Backen-Erhitzen-Entziehen<\/p>\n<p>Temperatur: bis zu 260\u00b0C<\/p>\n<p>Gr\u00f6\u00dfe des Grills: 28 cm x 38 cm<\/p>\n<p><b><strong>PACKUNG:<\/strong><\/b><\/p>\n<p>Ninja Holzkohlegrill<\/p>\n<p>1 Grillplatte<\/p>\n<p>2 Packungen Pellets (2 verschiedene Geschmacksrichtungen)<\/p>\n<p>Pellet-Schaufel<\/p>\n<p>1 abnehmbarer Smoker<\/p>\n<p>1 Tropfschale<\/p>\n<p>1 Luftbratkorb<\/p>\n<p>Kurzanleitung und Rezeptbuch<\/p>\n<p>Gebrauchsanweisung<\/p>\n<p><b><u><strong>Nicht zum Verkauf au\u00dferhalb Europas<\/strong><\/u><\/b><\/p>\n","protected":false},"excerpt":{"rendered":"<p>Elektrischer Grill, R\u00e4ucherofen und Fritteuse f\u00fcr drau\u00dfen mit 7 Kochfunktionen. Einfach zu bedienen: keine Holzkohle, Gas oder Flammen. EINE NEUE<\/p>\n","protected":false},"featured_media":437046,"template":"","meta":{"_acf_changed":false,"inline_featured_image":false},"product_cat":[6703,15659],"product_tag":[11555,24604],"acf":[],"yoast_head":"<!-- This site is optimized with the Yoast SEO Premium plugin v18.6 (Yoast SEO v19.13) - https:\/\/yoast.com\/wordpress\/plugins\/seo\/ -->\n<title>NINJA Barbecue Elektrisch mit Holzfeuer Smoker - Erresse Shop<\/title>\n<meta name=\"description\" content=\"Elektrischer Grill, R\u00e4ucherofen und Fritteuse f\u00fcr drau\u00dfen mit 7 Kochfunktionen. Einfach zu bedienen: keine Holzkohle, Gas oder Flammen. EINE NEUE ART DES\" \/>\n<meta name=\"robots\" content=\"index, follow, max-snippet:-1, max-image-preview:large, max-video-preview:-1\" \/>\n<link rel=\"canonical\" href=\"https:\/\/www.erresse-shop.it\/de\/shop\/kleine-elektrogeraete\/oefen\/ninja-barbecue-elektrisch-mit-holzfeuer-smoker\/\" \/>\n<meta property=\"og:locale\" content=\"de_DE\" \/>\n<meta property=\"og:type\" content=\"article\" \/>\n<meta property=\"og:title\" content=\"NINJA Barbecue Elektrisch mit Holzfeuer Smoker\" \/>\n<meta property=\"og:description\" content=\"Elektrischer Grill, R\u00e4ucherofen und Fritteuse f\u00fcr drau\u00dfen mit 7 Kochfunktionen. Einfach zu bedienen: keine Holzkohle, Gas oder Flammen. EINE NEUE ART DES\" \/>\n<meta property=\"og:url\" content=\"https:\/\/www.erresse-shop.it\/de\/shop\/kleine-elektrogeraete\/oefen\/ninja-barbecue-elektrisch-mit-holzfeuer-smoker\/\" \/>\n<meta property=\"og:site_name\" content=\"Erresse Shop\" \/>\n<meta property=\"article:modified_time\" content=\"2024-07-16T00:00:12+00:00\" \/>\n<meta property=\"og:image\" content=\"https:\/\/www.erresse-shop.it\/wp-content\/uploads\/2024\/03\/NINJA-Woodfire-Barbecue-Elettrico-Con-Affumicatore.jpg\" \/>\n\t<meta property=\"og:image:width\" content=\"1200\" \/>\n\t<meta property=\"og:image:height\" content=\"1200\" \/>\n\t<meta property=\"og:image:type\" content=\"image\/jpeg\" \/>\n<meta name=\"twitter:card\" content=\"summary_large_image\" \/>\n<script type=\"application\/ld+json\" class=\"yoast-schema-graph\">{\"@context\":\"https:\/\/schema.org\",\"@graph\":[{\"@type\":\"WebPage\",\"@id\":\"https:\/\/www.erresse-shop.it\/de\/shop\/kleine-elektrogeraete\/oefen\/ninja-barbecue-elektrisch-mit-holzfeuer-smoker\/\",\"url\":\"https:\/\/www.erresse-shop.it\/de\/shop\/kleine-elektrogeraete\/oefen\/ninja-barbecue-elektrisch-mit-holzfeuer-smoker\/\",\"name\":\"NINJA Barbecue Elektrisch mit Holzfeuer Smoker - Erresse Shop\",\"isPartOf\":{\"@id\":\"https:\/\/www.erresse-shop.it\/de\/#website\"},\"datePublished\":\"2024-03-18T11:14:49+00:00\",\"dateModified\":\"2024-07-16T00:00:12+00:00\",\"description\":\"Elektrischer Grill, R\u00e4ucherofen und Fritteuse f\u00fcr drau\u00dfen mit 7 Kochfunktionen. Einfach zu bedienen: keine Holzkohle, Gas oder Flammen. EINE NEUE ART DES\",\"breadcrumb\":{\"@id\":\"https:\/\/www.erresse-shop.it\/de\/shop\/kleine-elektrogeraete\/oefen\/ninja-barbecue-elektrisch-mit-holzfeuer-smoker\/#breadcrumb\"},\"inLanguage\":\"de-DE\",\"potentialAction\":[{\"@type\":\"ReadAction\",\"target\":[\"https:\/\/www.erresse-shop.it\/de\/shop\/kleine-elektrogeraete\/oefen\/ninja-barbecue-elektrisch-mit-holzfeuer-smoker\/\"]}]},{\"@type\":\"BreadcrumbList\",\"@id\":\"https:\/\/www.erresse-shop.it\/de\/shop\/kleine-elektrogeraete\/oefen\/ninja-barbecue-elektrisch-mit-holzfeuer-smoker\/#breadcrumb\",\"itemListElement\":[{\"@type\":\"ListItem\",\"position\":1,\"name\":\"Home\",\"item\":\"https:\/\/www.erresse-shop.it\/de\/\"},{\"@type\":\"ListItem\",\"position\":2,\"name\":\"Shop\",\"item\":\"https:\/\/www.erresse-shop.it\/de\/shop\/\"},{\"@type\":\"ListItem\",\"position\":3,\"name\":\"NINJA Barbecue Elektrisch mit Holzfeuer Smoker\"}]},{\"@type\":\"WebSite\",\"@id\":\"https:\/\/www.erresse-shop.it\/de\/#website\",\"url\":\"https:\/\/www.erresse-shop.it\/de\/\",\"name\":\"Erresse Shop\",\"description\":\"Articoli di qualit\u00e0 per la casa\",\"potentialAction\":[{\"@type\":\"SearchAction\",\"target\":{\"@type\":\"EntryPoint\",\"urlTemplate\":\"https:\/\/www.erresse-shop.it\/de\/?s={search_term_string}\"},\"query-input\":\"required name=search_term_string\"}],\"inLanguage\":\"de-DE\"}]}<\/script>\n<!-- \/ Yoast SEO Premium plugin. -->","yoast_head_json":{"title":"NINJA Barbecue Elektrisch mit Holzfeuer Smoker - Erresse Shop","description":"Elektrischer Grill, R\u00e4ucherofen und Fritteuse f\u00fcr drau\u00dfen mit 7 Kochfunktionen. Einfach zu bedienen: keine Holzkohle, Gas oder Flammen. EINE NEUE ART DES","robots":{"index":"index","follow":"follow","max-snippet":"max-snippet:-1","max-image-preview":"max-image-preview:large","max-video-preview":"max-video-preview:-1"},"canonical":"https:\/\/www.erresse-shop.it\/de\/shop\/kleine-elektrogeraete\/oefen\/ninja-barbecue-elektrisch-mit-holzfeuer-smoker\/","og_locale":"de_DE","og_type":"article","og_title":"NINJA Barbecue Elektrisch mit Holzfeuer Smoker","og_description":"Elektrischer Grill, R\u00e4ucherofen und Fritteuse f\u00fcr drau\u00dfen mit 7 Kochfunktionen. Einfach zu bedienen: keine Holzkohle, Gas oder Flammen. EINE NEUE ART DES","og_url":"https:\/\/www.erresse-shop.it\/de\/shop\/kleine-elektrogeraete\/oefen\/ninja-barbecue-elektrisch-mit-holzfeuer-smoker\/","og_site_name":"Erresse Shop","article_modified_time":"2024-07-16T00:00:12+00:00","og_image":[{"width":1200,"height":1200,"url":"https:\/\/www.erresse-shop.it\/wp-content\/uploads\/2024\/03\/NINJA-Woodfire-Barbecue-Elettrico-Con-Affumicatore.jpg","type":"image\/jpeg"}],"twitter_card":"summary_large_image","schema":{"@context":"https:\/\/schema.org","@graph":[{"@type":"WebPage","@id":"https:\/\/www.erresse-shop.it\/de\/shop\/kleine-elektrogeraete\/oefen\/ninja-barbecue-elektrisch-mit-holzfeuer-smoker\/","url":"https:\/\/www.erresse-shop.it\/de\/shop\/kleine-elektrogeraete\/oefen\/ninja-barbecue-elektrisch-mit-holzfeuer-smoker\/","name":"NINJA Barbecue Elektrisch mit Holzfeuer Smoker - Erresse Shop","isPartOf":{"@id":"https:\/\/www.erresse-shop.it\/de\/#website"},"datePublished":"2024-03-18T11:14:49+00:00","dateModified":"2024-07-16T00:00:12+00:00","description":"Elektrischer Grill, R\u00e4ucherofen und Fritteuse f\u00fcr drau\u00dfen mit 7 Kochfunktionen. Einfach zu bedienen: keine Holzkohle, Gas oder Flammen. EINE NEUE ART DES","breadcrumb":{"@id":"https:\/\/www.erresse-shop.it\/de\/shop\/kleine-elektrogeraete\/oefen\/ninja-barbecue-elektrisch-mit-holzfeuer-smoker\/#breadcrumb"},"inLanguage":"de-DE","potentialAction":[{"@type":"ReadAction","target":["https:\/\/www.erresse-shop.it\/de\/shop\/kleine-elektrogeraete\/oefen\/ninja-barbecue-elektrisch-mit-holzfeuer-smoker\/"]}]},{"@type":"BreadcrumbList","@id":"https:\/\/www.erresse-shop.it\/de\/shop\/kleine-elektrogeraete\/oefen\/ninja-barbecue-elektrisch-mit-holzfeuer-smoker\/#breadcrumb","itemListElement":[{"@type":"ListItem","position":1,"name":"Home","item":"https:\/\/www.erresse-shop.it\/de\/"},{"@type":"ListItem","position":2,"name":"Shop","item":"https:\/\/www.erresse-shop.it\/de\/shop\/"},{"@type":"ListItem","position":3,"name":"NINJA Barbecue Elektrisch mit Holzfeuer Smoker"}]},{"@type":"WebSite","@id":"https:\/\/www.erresse-shop.it\/de\/#website","url":"https:\/\/www.erresse-shop.it\/de\/","name":"Erresse Shop","description":"Articoli di qualit\u00e0 per la casa","potentialAction":[{"@type":"SearchAction","target":{"@type":"EntryPoint","urlTemplate":"https:\/\/www.erresse-shop.it\/de\/?s={search_term_string}"},"query-input":"required name=search_term_string"}],"inLanguage":"de-DE"}]}},"df_price":349.99,"df_sale_price":349.99,"df_regular_price":349.99,"df_image_link":"https:\/\/www.erresse-shop.it\/wp-content\/uploads\/2024\/03\/NINJA-Woodfire-Barbecue-Elettrico-Con-Affumicatore-300x300.jpg","_links":{"self":[{"href":"https:\/\/www.erresse-shop.it\/de\/wp-json\/wp\/v2\/product\/397554"}],"collection":[{"href":"https:\/\/www.erresse-shop.it\/de\/wp-json\/wp\/v2\/product"}],"about":[{"href":"https:\/\/www.erresse-shop.it\/de\/wp-json\/wp\/v2\/types\/product"}],"wp:featuredmedia":[{"embeddable":true,"href":"https:\/\/www.erresse-shop.it\/de\/wp-json\/wp\/v2\/media\/437046"}],"wp:attachment":[{"href":"https:\/\/www.erresse-shop.it\/de\/wp-json\/wp\/v2\/media?parent=397554"}],"wp:term":[{"taxonomy":"product_cat","embeddable":true,"href":"https:\/\/www.erresse-shop.it\/de\/wp-json\/wp\/v2\/product_cat?post=397554"},{"taxonomy":"product_tag","embeddable":true,"href":"https:\/\/www.erresse-shop.it\/de\/wp-json\/wp\/v2\/product_tag?post=397554"}],"curies":[{"name":"wp","href":"https:\/\/api.w.org\/{rel}","templated":true}]}}