{"id":397465,"date":"2024-03-18T08:56:43","date_gmt":"2024-03-18T08:56:45","guid":{"rendered":"https:\/\/www.erresse-shop.it\/?post_type=product&#038;p=397465"},"modified":"2024-07-16T00:00:12","modified_gmt":"2024-07-16T00:00:12","slug":"ninja-multifunktions-backofen-10-in-1-29-liter","status":"publish","type":"product","link":"https:\/\/www.erresse-shop.it\/de\/shop\/kleine-elektrogeraete\/oefen\/ninja-multifunktions-backofen-10-in-1-29-liter\/","title":{"rendered":"NINJA Multifunktions-Backofen 10 in 1 29 Liter"},"content":{"rendered":"<p>Backofen mit 10 Funktionen: Luftbraten, Braten, ganzer Braten, Grillen, Backen, Pizza, Trocknen, Aufw\u00e4rmen, Toast, Bagel. Schnelles und gleichm\u00e4\u00dfiges Garen auf 2 Ebenen. Digitales Display mit Touch-Bedienung, Timer und Innenbeleuchtung. Herausnehmbares Kr\u00fcmelfach.<\/p>\n<p>Der gro\u00dfe Multifunktionsbackofen von Ninja gart komplette Mahlzeiten schnell und gleichm\u00e4\u00dfig auf 2 Ebenen.<\/p>\n<p>Bis zu 40 % schneller als Umluftback\u00f6fen<\/p>\n<p>Bereiten Sie schnell und einfach Gerichte f\u00fcr die ganze Familie in nur 30 Minuten zu. Verabschieden Sie sich von langen Wartezeiten mit dem superschnellen 90-Sekunden-Vorheizen.<\/p>\n<p><strong>Garen auf 2 Ebenen<\/strong><\/p>\n<p>Dieser Backofen eignet sich perfekt zum Kochen f\u00fcr die ganze Familie, denn er gart schnell und gleichm\u00e4\u00dfig auf 2 Ebenen. Sie k\u00f6nnen ein Hauptgericht und Beilagen zusammenstellen, so dass Sie f\u00fcr die Zubereitung einer kompletten Mahlzeit kein weiteres Zubeh\u00f6r verwenden m\u00fcssen.<\/p>\n<p>Sie k\u00f6nnen ein ganzes Brath\u00e4hnchen mit Zitrone, Kr\u00e4utern und Kartoffeln zubereiten, Schweinebraten nach toskanischer Art mit Gem\u00fcse, marinierte H\u00e4hnchenspie\u00dfe mit hei\u00dfem Pitabrot oder einfach zwei Pizzen gleichzeitig backen. Die beleuchtete digitale Grillf\u00fchrung hilft Ihnen, das Grillgut entsprechend der gew\u00e4hlten Funktionen optimal auf dem Backofengrill zu positionieren.<\/p>\n<p><strong>Vollst\u00e4ndig umlaufende Konvektionstechnologie<\/strong><\/p>\n<p>Schnelles, knuspriges und gleichm\u00e4\u00dfiges Backen. Das Hochgeschwindigkeitsgebl\u00e4se, die hintere W\u00e4rmequelle und der Rundum-Luftstrom arbeiten zusammen, um die Luft im gesamten Backofen zu erhitzen, was zu einem gleichm\u00e4\u00dfigen Garen auf beiden Grills f\u00fchrt, ohne dass die Bleche gedreht oder die Speisen gewendet werden m\u00fcssen.<\/p>\n<p>Die Infrarotquellen oben und unten erm\u00f6glichen einen Temperaturbereich von 40 \u00b0C bis 230 \u00b0C, w\u00e4hrend die dritte W\u00e4rmequelle hinten, hinter dem Hochgeschwindigkeitsgebl\u00e4se, eine Konvektion mit \u00fcberhitzter Luft erzeugt. Das einzigartige Hoch-Tief-Ventilationssystem l\u00e4sst die Luft im gesamten Backofen zirkulieren, was zu einem gleichm\u00e4\u00dfigen Garen auf beiden Ebenen f\u00fchrt.<\/p>\n<p>Viel mehr als nur ein Backofen<\/p>\n<p>Mit 10 individuell anpassbaren Kochfunktionen k\u00f6nnen Sie mit nur einem Kochzubeh\u00f6r unendlich viele Gerichte zubereiten.<\/p>\n<p>&#8211; Luftbraten: schnelle und super knusprige Ergebnisse mit wenig oder ganz ohne \u00d6l. Bis zu 75 % weniger Fett als bei herk\u00f6mmlichen Frittiermethoden. Perfekt f\u00fcr die Zubereitung Ihrer Lieblingsspeisen, von H\u00e4hnchenbrustkoteletts \u00fcber Bratw\u00fcrste bis hin zu knusprigen Bratkartoffeln.<\/p>\n<p>&#8211; Braten: au\u00dfen knusprig und innen perfekt gegart, ideal f\u00fcr Bratengerichte wie H\u00e4hnchenbrust mit Zitrone, Kr\u00e4utern und Spargel oder Lachsfilets mit Brokkoli und S\u00fc\u00dfkartoffeln.<br \/>\n&#8211; Ganzer Braten: Garen und Knusprigmachen auf allen Seiten des Bratens, ohne ihn zu wenden. Bereiten Sie gleichzeitig einen zarten Rinderbraten oder ein 2,25 kg schweres H\u00e4hnchen mit Gem\u00fcse f\u00fcr eine komplette Mahlzeit zu, oder einen gr\u00f6\u00dferen Braten, z. B. einen 5,4 kg schweren Truthahn.<br \/>\n&#8211; Grillen: Mit der Ober- und Unterhitze f\u00fcr knuspriges Garen k\u00f6nnen Sie Spie\u00dfe mit gratinierten Kartoffeln oder Pasta-Timbales wie Ricotta-Cannelloni mit sprudelndem Grillbelag gleichm\u00e4\u00dfig grillen.<br \/>\n&#8211; Backen: Backen Sie ganz einfach Kekse, Kuchen und Geb\u00e4ck, das Sie lieben, oder zaubern Sie k\u00f6stliche Gerichte wie herzhafte Pasteten, Omelettes, Nudel-Timbales und vieles mehr.<br \/>\n&#8211; Pizza: Ihre pers\u00f6nliche Pizza zu Hause! Mit der speziellen Pizzastufe k\u00f6nnen Sie selbstgemachte oder tiefgek\u00fchlte Pizzen, Calzones und Piadinas perfekt zubereiten.<br \/>\n&#8211; Trocknen: Trocknen Sie schonend Zutaten wie Obst, Gem\u00fcse und Fleisch, um gesunde Snacks zuzubereiten, von Rinderstreifen bis zu Trockenobst.<br \/>\n&#8211; Aufw\u00e4rmen: Erw\u00e4rmt Reste, damit sie wieder frisch und knusprig werden, wie frisch gebacken, ohne sie zu \u00fcberkochen. Ideal f\u00fcr Pizzen, Fr\u00fchlingsrollen und vieles mehr.<\/p>\n<p>&#8211; Toast: Toasten Sie bis zu 8 Brotscheiben mit dem integrierten Toastw\u00e4hler auf die gew\u00fcnschte Stufe.<\/p>\n<p>&#8211; Bagel: r\u00f6sten Sie bis zu 8 Bagelh\u00e4lften perfekt auf dem Grill, so dass sie sch\u00f6n knusprig werden.<\/p>\n<p><strong>Einfach zu bedienen<\/strong><\/p>\n<p>W\u00e4hlen Sie ganz einfach eine Kochfunktion, die Zeit und die Temperatur\/Toaststufe mit den Touch-Bedienelementen und der Digitalanzeige, die sich alle am eleganten T\u00fcrgriff des Ofens befinden. Bei ge\u00f6ffneter T\u00fcr sind die Einstellungen gesperrt, um ein versehentliches Ver\u00e4ndern des Garvorgangs zu verhindern.<\/p>\n<p>Das herausnehmbare Kr\u00fcmelfach erleichtert die Reinigung von Kr\u00fcmeln und kleinen Speiseresten.<\/p>\n<p>Der Backofen verf\u00fcgt \u00fcber 2 Grillroste (jeweils geeignet f\u00fcr eine 30,5 cm gro\u00dfe Pizza), ein Backblech, ein Bratblech und einen Frittierkorb (mit einem Fassungsverm\u00f6gen von 1,8 kg Zutaten).<\/p>\n<p>Mit dem mitgelieferten Kochbuch k\u00f6nnen Sie sofort loslegen. Es enth\u00e4lt Rezepte und Kochtabellen, die Ihnen helfen, Ihrer Kreativit\u00e4t freien Lauf zu lassen.<\/p>\n<p>Wir sind stolz darauf, durch umfangreiche Tests und den st\u00e4ndigen Dialog mit den Verbrauchern 5-Sterne-Produkte zu entwickeln. Lesen Sie unsere Bewertungen, um herauszufinden, was sie \u00fcber uns denken.<\/p>\n<p>Getestet an W\u00fcrstchen und Fischst\u00e4bchen, auch an vorgew\u00e4rmten.<\/p>\n<p>Getestet an handgeschnittenen Pommes frites.<\/p>\n<p>** Getestet an handgeschnittenen, in hei\u00dfem \u00d6l frittierten Pommes frites.<\/p>\n<p><strong>DATENBLATT:<\/strong><\/p>\n<p>Abmessungen: H 33,5 cm x B 43,5 cm x T 50,5 cm<\/p>\n<p>Gewicht 14,6 kg<\/p>\n<p>Nennleistung 2400 W<\/p>\n<p>Kabell\u00e4nge 0,91 m<\/p>\n<p>Anti-Rutsch-F\u00fc\u00dfe<\/p>\n<p>Sp\u00fclmaschinengeeignete Komponenten<\/p>\n<p>Fassungsverm\u00f6gen 29 L<\/p>\n<p><strong>PAKET<\/strong><\/p>\n<p>Frittierkorb<\/p>\n<p>Bratblech<\/p>\n<p>Backblech<\/p>\n<p>2 Grillroste<\/p>\n<p>Herausnehmbares Kr\u00fcmelfach (bereits im Ger\u00e4t installiert)<\/p>\n<p>Anleitungsheft<\/p>\n<p>Kurzbedienungsanleitung und Rezeptheft<\/p>\n<p><u><strong>Nicht zum Verkauf au\u00dferhalb Europas<\/strong><\/u><\/p>\n","protected":false},"excerpt":{"rendered":"<p>Backofen mit 10 Funktionen: Luftbraten, Braten, ganzer Braten, Grillen, Backen, Pizza, Trocknen, Aufw\u00e4rmen, Toast, Bagel. Schnelles und gleichm\u00e4\u00dfiges Garen auf<\/p>\n","protected":false},"featured_media":466835,"template":"","meta":{"_acf_changed":false,"inline_featured_image":false},"product_cat":[6703,15659],"product_tag":[11555,24604],"acf":[],"yoast_head":"<!-- This site is optimized with the Yoast SEO Premium plugin v18.6 (Yoast SEO v19.13) - https:\/\/yoast.com\/wordpress\/plugins\/seo\/ -->\n<title>NINJA Multifunktions-Backofen 10 in 1 29 Liter - Erresse Shop<\/title>\n<meta name=\"description\" content=\"Backofen mit 10 Funktionen: Luftbraten, Braten, ganzer Braten, Grillen, Backen, Pizza, Trocknen, Aufw\u00e4rmen, Toast, Bagel. Schnelles und gleichm\u00e4\u00dfiges\" \/>\n<meta name=\"robots\" content=\"index, follow, max-snippet:-1, max-image-preview:large, max-video-preview:-1\" \/>\n<link rel=\"canonical\" href=\"https:\/\/www.erresse-shop.it\/de\/shop\/kleine-elektrogeraete\/oefen\/ninja-multifunktions-backofen-10-in-1-29-liter\/\" \/>\n<meta property=\"og:locale\" content=\"de_DE\" \/>\n<meta property=\"og:type\" content=\"article\" \/>\n<meta property=\"og:title\" content=\"NINJA Multifunktions-Backofen 10 in 1 29 Liter\" \/>\n<meta property=\"og:description\" content=\"Backofen mit 10 Funktionen: Luftbraten, Braten, ganzer Braten, Grillen, Backen, Pizza, Trocknen, Aufw\u00e4rmen, Toast, Bagel. Schnelles und gleichm\u00e4\u00dfiges\" \/>\n<meta property=\"og:url\" content=\"https:\/\/www.erresse-shop.it\/de\/shop\/kleine-elektrogeraete\/oefen\/ninja-multifunktions-backofen-10-in-1-29-liter\/\" \/>\n<meta property=\"og:site_name\" content=\"Erresse Shop\" \/>\n<meta property=\"article:modified_time\" content=\"2024-07-16T00:00:12+00:00\" \/>\n<meta property=\"og:image\" content=\"https:\/\/www.erresse-shop.it\/wp-content\/uploads\/2024\/03\/NINJA-Forno-multifunzione-10-in-1-da-29-L-DT200EU.png\" \/>\n\t<meta property=\"og:image:width\" content=\"800\" \/>\n\t<meta property=\"og:image:height\" content=\"800\" \/>\n\t<meta property=\"og:image:type\" content=\"image\/png\" \/>\n<meta name=\"twitter:card\" content=\"summary_large_image\" \/>\n<script type=\"application\/ld+json\" class=\"yoast-schema-graph\">{\"@context\":\"https:\/\/schema.org\",\"@graph\":[{\"@type\":\"WebPage\",\"@id\":\"https:\/\/www.erresse-shop.it\/de\/shop\/kleine-elektrogeraete\/oefen\/ninja-multifunktions-backofen-10-in-1-29-liter\/\",\"url\":\"https:\/\/www.erresse-shop.it\/de\/shop\/kleine-elektrogeraete\/oefen\/ninja-multifunktions-backofen-10-in-1-29-liter\/\",\"name\":\"NINJA Multifunktions-Backofen 10 in 1 29 Liter - Erresse Shop\",\"isPartOf\":{\"@id\":\"https:\/\/www.erresse-shop.it\/de\/#website\"},\"datePublished\":\"2024-03-18T08:56:45+00:00\",\"dateModified\":\"2024-07-16T00:00:12+00:00\",\"description\":\"Backofen mit 10 Funktionen: Luftbraten, Braten, ganzer Braten, Grillen, Backen, Pizza, Trocknen, Aufw\u00e4rmen, Toast, Bagel. Schnelles und gleichm\u00e4\u00dfiges\",\"breadcrumb\":{\"@id\":\"https:\/\/www.erresse-shop.it\/de\/shop\/kleine-elektrogeraete\/oefen\/ninja-multifunktions-backofen-10-in-1-29-liter\/#breadcrumb\"},\"inLanguage\":\"de-DE\",\"potentialAction\":[{\"@type\":\"ReadAction\",\"target\":[\"https:\/\/www.erresse-shop.it\/de\/shop\/kleine-elektrogeraete\/oefen\/ninja-multifunktions-backofen-10-in-1-29-liter\/\"]}]},{\"@type\":\"BreadcrumbList\",\"@id\":\"https:\/\/www.erresse-shop.it\/de\/shop\/kleine-elektrogeraete\/oefen\/ninja-multifunktions-backofen-10-in-1-29-liter\/#breadcrumb\",\"itemListElement\":[{\"@type\":\"ListItem\",\"position\":1,\"name\":\"Home\",\"item\":\"https:\/\/www.erresse-shop.it\/de\/\"},{\"@type\":\"ListItem\",\"position\":2,\"name\":\"Shop\",\"item\":\"https:\/\/www.erresse-shop.it\/de\/shop\/\"},{\"@type\":\"ListItem\",\"position\":3,\"name\":\"NINJA Multifunktions-Backofen 10 in 1 29 Liter\"}]},{\"@type\":\"WebSite\",\"@id\":\"https:\/\/www.erresse-shop.it\/de\/#website\",\"url\":\"https:\/\/www.erresse-shop.it\/de\/\",\"name\":\"Erresse Shop\",\"description\":\"Articoli di qualit\u00e0 per la casa\",\"potentialAction\":[{\"@type\":\"SearchAction\",\"target\":{\"@type\":\"EntryPoint\",\"urlTemplate\":\"https:\/\/www.erresse-shop.it\/de\/?s={search_term_string}\"},\"query-input\":\"required name=search_term_string\"}],\"inLanguage\":\"de-DE\"}]}<\/script>\n<!-- \/ Yoast SEO Premium plugin. -->","yoast_head_json":{"title":"NINJA Multifunktions-Backofen 10 in 1 29 Liter - Erresse Shop","description":"Backofen mit 10 Funktionen: Luftbraten, Braten, ganzer Braten, Grillen, Backen, Pizza, Trocknen, Aufw\u00e4rmen, Toast, Bagel. Schnelles und gleichm\u00e4\u00dfiges","robots":{"index":"index","follow":"follow","max-snippet":"max-snippet:-1","max-image-preview":"max-image-preview:large","max-video-preview":"max-video-preview:-1"},"canonical":"https:\/\/www.erresse-shop.it\/de\/shop\/kleine-elektrogeraete\/oefen\/ninja-multifunktions-backofen-10-in-1-29-liter\/","og_locale":"de_DE","og_type":"article","og_title":"NINJA Multifunktions-Backofen 10 in 1 29 Liter","og_description":"Backofen mit 10 Funktionen: Luftbraten, Braten, ganzer Braten, Grillen, Backen, Pizza, Trocknen, Aufw\u00e4rmen, Toast, Bagel. Schnelles und gleichm\u00e4\u00dfiges","og_url":"https:\/\/www.erresse-shop.it\/de\/shop\/kleine-elektrogeraete\/oefen\/ninja-multifunktions-backofen-10-in-1-29-liter\/","og_site_name":"Erresse Shop","article_modified_time":"2024-07-16T00:00:12+00:00","og_image":[{"width":800,"height":800,"url":"https:\/\/www.erresse-shop.it\/wp-content\/uploads\/2024\/03\/NINJA-Forno-multifunzione-10-in-1-da-29-L-DT200EU.png","type":"image\/png"}],"twitter_card":"summary_large_image","schema":{"@context":"https:\/\/schema.org","@graph":[{"@type":"WebPage","@id":"https:\/\/www.erresse-shop.it\/de\/shop\/kleine-elektrogeraete\/oefen\/ninja-multifunktions-backofen-10-in-1-29-liter\/","url":"https:\/\/www.erresse-shop.it\/de\/shop\/kleine-elektrogeraete\/oefen\/ninja-multifunktions-backofen-10-in-1-29-liter\/","name":"NINJA Multifunktions-Backofen 10 in 1 29 Liter - Erresse Shop","isPartOf":{"@id":"https:\/\/www.erresse-shop.it\/de\/#website"},"datePublished":"2024-03-18T08:56:45+00:00","dateModified":"2024-07-16T00:00:12+00:00","description":"Backofen mit 10 Funktionen: Luftbraten, Braten, ganzer Braten, Grillen, Backen, Pizza, Trocknen, Aufw\u00e4rmen, Toast, Bagel. Schnelles und gleichm\u00e4\u00dfiges","breadcrumb":{"@id":"https:\/\/www.erresse-shop.it\/de\/shop\/kleine-elektrogeraete\/oefen\/ninja-multifunktions-backofen-10-in-1-29-liter\/#breadcrumb"},"inLanguage":"de-DE","potentialAction":[{"@type":"ReadAction","target":["https:\/\/www.erresse-shop.it\/de\/shop\/kleine-elektrogeraete\/oefen\/ninja-multifunktions-backofen-10-in-1-29-liter\/"]}]},{"@type":"BreadcrumbList","@id":"https:\/\/www.erresse-shop.it\/de\/shop\/kleine-elektrogeraete\/oefen\/ninja-multifunktions-backofen-10-in-1-29-liter\/#breadcrumb","itemListElement":[{"@type":"ListItem","position":1,"name":"Home","item":"https:\/\/www.erresse-shop.it\/de\/"},{"@type":"ListItem","position":2,"name":"Shop","item":"https:\/\/www.erresse-shop.it\/de\/shop\/"},{"@type":"ListItem","position":3,"name":"NINJA Multifunktions-Backofen 10 in 1 29 Liter"}]},{"@type":"WebSite","@id":"https:\/\/www.erresse-shop.it\/de\/#website","url":"https:\/\/www.erresse-shop.it\/de\/","name":"Erresse Shop","description":"Articoli di qualit\u00e0 per la casa","potentialAction":[{"@type":"SearchAction","target":{"@type":"EntryPoint","urlTemplate":"https:\/\/www.erresse-shop.it\/de\/?s={search_term_string}"},"query-input":"required name=search_term_string"}],"inLanguage":"de-DE"}]}},"df_price":299.99,"df_sale_price":299.99,"df_regular_price":299.99,"df_image_link":"https:\/\/www.erresse-shop.it\/wp-content\/uploads\/2024\/03\/NINJA-Forno-Multifunzione-10-in-1-29-Litri-300x300.jpg","_links":{"self":[{"href":"https:\/\/www.erresse-shop.it\/de\/wp-json\/wp\/v2\/product\/397465"}],"collection":[{"href":"https:\/\/www.erresse-shop.it\/de\/wp-json\/wp\/v2\/product"}],"about":[{"href":"https:\/\/www.erresse-shop.it\/de\/wp-json\/wp\/v2\/types\/product"}],"wp:featuredmedia":[{"embeddable":true,"href":"https:\/\/www.erresse-shop.it\/de\/wp-json\/wp\/v2\/media\/466835"}],"wp:attachment":[{"href":"https:\/\/www.erresse-shop.it\/de\/wp-json\/wp\/v2\/media?parent=397465"}],"wp:term":[{"taxonomy":"product_cat","embeddable":true,"href":"https:\/\/www.erresse-shop.it\/de\/wp-json\/wp\/v2\/product_cat?post=397465"},{"taxonomy":"product_tag","embeddable":true,"href":"https:\/\/www.erresse-shop.it\/de\/wp-json\/wp\/v2\/product_tag?post=397465"}],"curies":[{"name":"wp","href":"https:\/\/api.w.org\/{rel}","templated":true}]}}