{"id":397278,"date":"2024-03-15T11:40:22","date_gmt":"2024-03-15T11:40:24","guid":{"rendered":"https:\/\/www.erresse-shop.it\/?post_type=product&#038;p=397278"},"modified":"2024-03-15T11:46:54","modified_gmt":"2024-03-15T11:46:54","slug":"ichendorf-milano-marine-garden-satz-mit-6-glaesern","status":"publish","type":"product","link":"https:\/\/www.erresse-shop.it\/de\/shop\/tisch\/trinkglaeser\/ichendorf-milano-marine-garden-satz-mit-6-glaesern\/","title":{"rendered":"ICHENDORF MILANO Marine Garden Satz mit 6 Gl\u00e4sern"},"content":{"rendered":"<p><strong>Kollektion<\/strong> Marine Garden<br \/>\n<strong>Entwurf<\/strong> Alessandra Baldereschi<br \/>\n<strong>Material<\/strong> Borosilikat<br \/>\n<strong>Herstellung<\/strong> Handgefertigt und modelliert lampwork<br \/>\n<strong>Abmessungen <\/strong>H. 8 \u2300 8,5<br \/>\n<strong>Reinigung<\/strong> Sp\u00fclmaschinenfest bei niedrigen Temperaturen (40\u00b0 empfohlen).<\/p>\n<p><b><strong>Das Set enth\u00e4lt: <\/strong><\/b>blauer Fisch bernsteinfarbene Algen, rosa Fisch blaue Algen, gelbe Fische gr\u00fcne Algen, wei\u00dfe Fische gr\u00fcne Algen, gelbe Fische bernsteinfarbene Algen, gr\u00fcne Fische rosa Algen<\/p>\n","protected":false},"excerpt":{"rendered":"<p>Kollektion Marine Garden Entwurf Alessandra Baldereschi Material Borosilikat Herstellung Handgefertigt und modelliert lampwork Abmessungen H. 8 \u2300 8,5 Reinigung Sp\u00fclmaschinenfest<\/p>\n","protected":false},"featured_media":397286,"template":"","meta":{"_acf_changed":false,"inline_featured_image":false},"product_cat":[6787,6811],"product_tag":[11479,24604,14411,11895],"acf":[],"yoast_head":"<!-- This site is optimized with the Yoast SEO Premium plugin v18.6 (Yoast SEO v19.13) - https:\/\/yoast.com\/wordpress\/plugins\/seo\/ -->\n<title>ICHENDORF MILANO Marine Garden Satz mit 6 Gl\u00e4sern - Erresse Shop<\/title>\n<meta name=\"description\" content=\"Kollektion Marine Garden Entwurf Alessandra Baldereschi Material Borosilikat Herstellung Handgefertigt und modelliert lampwork Abmessungen H. 8 \u2300 8,5\" \/>\n<meta name=\"robots\" content=\"index, follow, max-snippet:-1, max-image-preview:large, max-video-preview:-1\" \/>\n<link rel=\"canonical\" href=\"https:\/\/www.erresse-shop.it\/de\/shop\/tisch\/trinkglaeser\/ichendorf-milano-marine-garden-satz-mit-6-glaesern\/\" \/>\n<meta property=\"og:locale\" content=\"de_DE\" \/>\n<meta property=\"og:type\" content=\"article\" \/>\n<meta property=\"og:title\" content=\"ICHENDORF MILANO Marine Garden Satz mit 6 Gl\u00e4sern\" \/>\n<meta property=\"og:description\" content=\"Kollektion Marine Garden Entwurf Alessandra Baldereschi Material Borosilikat Herstellung Handgefertigt und modelliert lampwork Abmessungen H. 8 \u2300 8,5\" \/>\n<meta property=\"og:url\" content=\"https:\/\/www.erresse-shop.it\/de\/shop\/tisch\/trinkglaeser\/ichendorf-milano-marine-garden-satz-mit-6-glaesern\/\" \/>\n<meta property=\"og:site_name\" content=\"Erresse Shop\" \/>\n<meta property=\"article:modified_time\" content=\"2024-03-15T11:46:54+00:00\" \/>\n<meta property=\"og:image\" content=\"https:\/\/www.erresse-shop.it\/wp-content\/uploads\/2024\/03\/set-marine-garden-pesci.jpg\" \/>\n\t<meta property=\"og:image:width\" content=\"800\" \/>\n\t<meta property=\"og:image:height\" content=\"800\" \/>\n\t<meta property=\"og:image:type\" content=\"image\/jpeg\" \/>\n<meta name=\"twitter:card\" content=\"summary_large_image\" \/>\n<script type=\"application\/ld+json\" class=\"yoast-schema-graph\">{\"@context\":\"https:\/\/schema.org\",\"@graph\":[{\"@type\":\"WebPage\",\"@id\":\"https:\/\/www.erresse-shop.it\/de\/shop\/tisch\/trinkglaeser\/ichendorf-milano-marine-garden-satz-mit-6-glaesern\/\",\"url\":\"https:\/\/www.erresse-shop.it\/de\/shop\/tisch\/trinkglaeser\/ichendorf-milano-marine-garden-satz-mit-6-glaesern\/\",\"name\":\"ICHENDORF MILANO Marine Garden Satz mit 6 Gl\u00e4sern - Erresse Shop\",\"isPartOf\":{\"@id\":\"https:\/\/www.erresse-shop.it\/de\/#website\"},\"datePublished\":\"2024-03-15T11:40:24+00:00\",\"dateModified\":\"2024-03-15T11:46:54+00:00\",\"description\":\"Kollektion Marine Garden Entwurf Alessandra Baldereschi Material Borosilikat Herstellung Handgefertigt und modelliert lampwork Abmessungen H. 8 \u2300 8,5\",\"breadcrumb\":{\"@id\":\"https:\/\/www.erresse-shop.it\/de\/shop\/tisch\/trinkglaeser\/ichendorf-milano-marine-garden-satz-mit-6-glaesern\/#breadcrumb\"},\"inLanguage\":\"de-DE\",\"potentialAction\":[{\"@type\":\"ReadAction\",\"target\":[\"https:\/\/www.erresse-shop.it\/de\/shop\/tisch\/trinkglaeser\/ichendorf-milano-marine-garden-satz-mit-6-glaesern\/\"]}]},{\"@type\":\"BreadcrumbList\",\"@id\":\"https:\/\/www.erresse-shop.it\/de\/shop\/tisch\/trinkglaeser\/ichendorf-milano-marine-garden-satz-mit-6-glaesern\/#breadcrumb\",\"itemListElement\":[{\"@type\":\"ListItem\",\"position\":1,\"name\":\"Home\",\"item\":\"https:\/\/www.erresse-shop.it\/de\/\"},{\"@type\":\"ListItem\",\"position\":2,\"name\":\"Shop\",\"item\":\"https:\/\/www.erresse-shop.it\/de\/shop\/\"},{\"@type\":\"ListItem\",\"position\":3,\"name\":\"ICHENDORF MILANO Marine Garden Satz mit 6 Gl\u00e4sern\"}]},{\"@type\":\"WebSite\",\"@id\":\"https:\/\/www.erresse-shop.it\/de\/#website\",\"url\":\"https:\/\/www.erresse-shop.it\/de\/\",\"name\":\"Erresse Shop\",\"description\":\"Articoli di qualit\u00e0 per la casa\",\"potentialAction\":[{\"@type\":\"SearchAction\",\"target\":{\"@type\":\"EntryPoint\",\"urlTemplate\":\"https:\/\/www.erresse-shop.it\/de\/?s={search_term_string}\"},\"query-input\":\"required name=search_term_string\"}],\"inLanguage\":\"de-DE\"}]}<\/script>\n<!-- \/ Yoast SEO Premium plugin. -->","yoast_head_json":{"title":"ICHENDORF MILANO Marine Garden Satz mit 6 Gl\u00e4sern - Erresse Shop","description":"Kollektion Marine Garden Entwurf Alessandra Baldereschi Material Borosilikat Herstellung Handgefertigt und modelliert lampwork Abmessungen H. 8 \u2300 8,5","robots":{"index":"index","follow":"follow","max-snippet":"max-snippet:-1","max-image-preview":"max-image-preview:large","max-video-preview":"max-video-preview:-1"},"canonical":"https:\/\/www.erresse-shop.it\/de\/shop\/tisch\/trinkglaeser\/ichendorf-milano-marine-garden-satz-mit-6-glaesern\/","og_locale":"de_DE","og_type":"article","og_title":"ICHENDORF MILANO Marine Garden Satz mit 6 Gl\u00e4sern","og_description":"Kollektion Marine Garden Entwurf Alessandra Baldereschi Material Borosilikat Herstellung Handgefertigt und modelliert lampwork Abmessungen H. 8 \u2300 8,5","og_url":"https:\/\/www.erresse-shop.it\/de\/shop\/tisch\/trinkglaeser\/ichendorf-milano-marine-garden-satz-mit-6-glaesern\/","og_site_name":"Erresse Shop","article_modified_time":"2024-03-15T11:46:54+00:00","og_image":[{"width":800,"height":800,"url":"https:\/\/www.erresse-shop.it\/wp-content\/uploads\/2024\/03\/set-marine-garden-pesci.jpg","type":"image\/jpeg"}],"twitter_card":"summary_large_image","schema":{"@context":"https:\/\/schema.org","@graph":[{"@type":"WebPage","@id":"https:\/\/www.erresse-shop.it\/de\/shop\/tisch\/trinkglaeser\/ichendorf-milano-marine-garden-satz-mit-6-glaesern\/","url":"https:\/\/www.erresse-shop.it\/de\/shop\/tisch\/trinkglaeser\/ichendorf-milano-marine-garden-satz-mit-6-glaesern\/","name":"ICHENDORF MILANO Marine Garden Satz mit 6 Gl\u00e4sern - Erresse Shop","isPartOf":{"@id":"https:\/\/www.erresse-shop.it\/de\/#website"},"datePublished":"2024-03-15T11:40:24+00:00","dateModified":"2024-03-15T11:46:54+00:00","description":"Kollektion Marine Garden Entwurf Alessandra Baldereschi Material Borosilikat Herstellung Handgefertigt und modelliert lampwork Abmessungen H. 8 \u2300 8,5","breadcrumb":{"@id":"https:\/\/www.erresse-shop.it\/de\/shop\/tisch\/trinkglaeser\/ichendorf-milano-marine-garden-satz-mit-6-glaesern\/#breadcrumb"},"inLanguage":"de-DE","potentialAction":[{"@type":"ReadAction","target":["https:\/\/www.erresse-shop.it\/de\/shop\/tisch\/trinkglaeser\/ichendorf-milano-marine-garden-satz-mit-6-glaesern\/"]}]},{"@type":"BreadcrumbList","@id":"https:\/\/www.erresse-shop.it\/de\/shop\/tisch\/trinkglaeser\/ichendorf-milano-marine-garden-satz-mit-6-glaesern\/#breadcrumb","itemListElement":[{"@type":"ListItem","position":1,"name":"Home","item":"https:\/\/www.erresse-shop.it\/de\/"},{"@type":"ListItem","position":2,"name":"Shop","item":"https:\/\/www.erresse-shop.it\/de\/shop\/"},{"@type":"ListItem","position":3,"name":"ICHENDORF MILANO Marine Garden Satz mit 6 Gl\u00e4sern"}]},{"@type":"WebSite","@id":"https:\/\/www.erresse-shop.it\/de\/#website","url":"https:\/\/www.erresse-shop.it\/de\/","name":"Erresse Shop","description":"Articoli di qualit\u00e0 per la casa","potentialAction":[{"@type":"SearchAction","target":{"@type":"EntryPoint","urlTemplate":"https:\/\/www.erresse-shop.it\/de\/?s={search_term_string}"},"query-input":"required name=search_term_string"}],"inLanguage":"de-DE"}]}},"df_price":42,"df_sale_price":42,"df_regular_price":84,"df_image_link":"https:\/\/www.erresse-shop.it\/wp-content\/uploads\/2024\/03\/set-marine-garden-pesci-300x300.jpg","_links":{"self":[{"href":"https:\/\/www.erresse-shop.it\/de\/wp-json\/wp\/v2\/product\/397278"}],"collection":[{"href":"https:\/\/www.erresse-shop.it\/de\/wp-json\/wp\/v2\/product"}],"about":[{"href":"https:\/\/www.erresse-shop.it\/de\/wp-json\/wp\/v2\/types\/product"}],"wp:featuredmedia":[{"embeddable":true,"href":"https:\/\/www.erresse-shop.it\/de\/wp-json\/wp\/v2\/media\/397286"}],"wp:attachment":[{"href":"https:\/\/www.erresse-shop.it\/de\/wp-json\/wp\/v2\/media?parent=397278"}],"wp:term":[{"taxonomy":"product_cat","embeddable":true,"href":"https:\/\/www.erresse-shop.it\/de\/wp-json\/wp\/v2\/product_cat?post=397278"},{"taxonomy":"product_tag","embeddable":true,"href":"https:\/\/www.erresse-shop.it\/de\/wp-json\/wp\/v2\/product_tag?post=397278"}],"curies":[{"name":"wp","href":"https:\/\/api.w.org\/{rel}","templated":true}]}}