{"id":397214,"date":"2024-03-15T10:01:04","date_gmt":"2024-03-15T10:01:05","guid":{"rendered":"https:\/\/www.erresse-shop.it\/?post_type=product&#038;p=397214"},"modified":"2025-01-17T17:55:49","modified_gmt":"2025-01-17T17:55:49","slug":"mauviel-1830-ovale-cocotte-30-cm","status":"publish","type":"product","link":"https:\/\/www.erresse-shop.it\/de\/shop\/toepfe-pfannen\/toepfe-und-kochtoepfen\/mauviel-1830-ovale-cocotte-30-cm\/","title":{"rendered":"MAUVIEL 1830 Ovale Cocotte 30 cm"},"content":{"rendered":"<p>Ovale Kasserolle aus Kupfer mit Innenseite aus rostfreiem Bilaminat, Rahmen aus rostfreiem Guss Kupferdeckel aus der Kollektion M&#8217;150S.<\/p>\n<p>Die Kasserolle ist das ideale K\u00fcchenger\u00e4t f\u00fcr das langsame Kochen. Ihre hohe, ovale Form eignet sich perfekt zum Schmoren und erm\u00f6glicht das Garen von Braten und Eint\u00f6pfen. Die beiden genieteten Griffe liegen dank ihrer Ergonomie perfekt in der Hand und gew\u00e4hrleisten dank der hochwertigen Materialien eine lange Lebensdauer des Produkts.<\/p>\n<p>Die Kollektion M&#8217;H\u00e9ritage ist die subtile Verschmelzung zweier traditioneller und leistungsstarker Materialien. Poliertes Kupfer in Kombination mit Edelstahl l\u00e4sst die Freude am Kochen wieder aufleben. Das Innere aus rostfreiem Edelstahl 18\/10 ist ideal f\u00fcr das t\u00e4gliche Kochen. Das Kupfer sorgt f\u00fcr eine schnelle und gleichm\u00e4\u00dfige W\u00e4rmeleitung und verleiht der Linie eine hervorragende Kochqualit\u00e4t. Die Kollektion, die zu 90 % aus Kupfer und zu 10 % aus Edelstahl besteht, wird in verschiedenen Rahmen und in zwei St\u00e4rken angeboten, so dass jeder das Kochgeschirr finden kann, das seinem Gebrauch und Geschmack entspricht.<\/p>\n<p><b><strong>TECHNISCHE EIGENSCHAFTEN:<\/strong><\/b><\/p>\n<p>Durchmesser: 30 cm<\/p>\n<p>H\u00f6he: 12,9 cm<\/p>\n<p>Fassungsverm\u00f6gen: 6,9 l<\/p>\n<p>Abmessungen: 42,5&#215;23,5 cm<\/p>\n<p><b><strong>Verwendung<\/strong><\/b>:<\/p>\n<p>Alle Herdarten au\u00dfer Induktion &#8211; Backofengeeignet &#8211; Nicht sp\u00fclmaschinenfest<\/p>\n","protected":false},"excerpt":{"rendered":"<p>Ovale Kasserolle aus Kupfer mit Innenseite aus rostfreiem Bilaminat, Rahmen aus rostfreiem Guss Kupferdeckel aus der Kollektion M&#8217;150S. Die Kasserolle<\/p>\n","protected":false},"featured_media":466766,"template":"","meta":{"_acf_changed":false,"inline_featured_image":false},"product_cat":[6709,14776],"product_tag":[11609,20718,11718],"acf":[],"yoast_head":"<!-- This site is optimized with the Yoast SEO Premium plugin v18.6 (Yoast SEO v19.13) - https:\/\/yoast.com\/wordpress\/plugins\/seo\/ -->\n<title>MAUVIEL 1830 Ovale Cocotte 30 cm - Erresse Shop<\/title>\n<meta name=\"description\" content=\"Ovale Kasserolle aus Kupfer mit Innenseite aus rostfreiem Bilaminat, Rahmen aus rostfreiem Guss Kupferdeckel aus der Kollektion M&#039;150S. Die Kasserolle ist\" \/>\n<meta name=\"robots\" content=\"index, follow, max-snippet:-1, max-image-preview:large, max-video-preview:-1\" \/>\n<link rel=\"canonical\" href=\"https:\/\/www.erresse-shop.it\/de\/shop\/toepfe-pfannen\/toepfe-und-kochtoepfen\/mauviel-1830-ovale-cocotte-30-cm\/\" \/>\n<meta property=\"og:locale\" content=\"de_DE\" \/>\n<meta property=\"og:type\" content=\"article\" \/>\n<meta property=\"og:title\" content=\"MAUVIEL 1830 Ovale Cocotte 30 cm\" \/>\n<meta property=\"og:description\" content=\"Ovale Kasserolle aus Kupfer mit Innenseite aus rostfreiem Bilaminat, Rahmen aus rostfreiem Guss Kupferdeckel aus der Kollektion M&#039;150S. Die Kasserolle ist\" \/>\n<meta property=\"og:url\" content=\"https:\/\/www.erresse-shop.it\/de\/shop\/toepfe-pfannen\/toepfe-und-kochtoepfen\/mauviel-1830-ovale-cocotte-30-cm\/\" \/>\n<meta property=\"og:site_name\" content=\"Erresse Shop\" \/>\n<meta property=\"article:modified_time\" content=\"2025-01-17T17:55:49+00:00\" \/>\n<meta property=\"og:image\" content=\"https:\/\/www.erresse-shop.it\/wp-content\/uploads\/2024\/03\/MAUVIEL1830-COCOTTE-OVALE-a-c-30cm-30CM-RAME-ACCIAIO.png\" \/>\n\t<meta property=\"og:image:width\" content=\"800\" \/>\n\t<meta property=\"og:image:height\" content=\"800\" \/>\n\t<meta property=\"og:image:type\" content=\"image\/png\" \/>\n<meta name=\"twitter:card\" content=\"summary_large_image\" \/>\n<script type=\"application\/ld+json\" class=\"yoast-schema-graph\">{\"@context\":\"https:\/\/schema.org\",\"@graph\":[{\"@type\":\"WebPage\",\"@id\":\"https:\/\/www.erresse-shop.it\/de\/shop\/toepfe-pfannen\/toepfe-und-kochtoepfen\/mauviel-1830-ovale-cocotte-30-cm\/\",\"url\":\"https:\/\/www.erresse-shop.it\/de\/shop\/toepfe-pfannen\/toepfe-und-kochtoepfen\/mauviel-1830-ovale-cocotte-30-cm\/\",\"name\":\"MAUVIEL 1830 Ovale Cocotte 30 cm - Erresse Shop\",\"isPartOf\":{\"@id\":\"https:\/\/www.erresse-shop.it\/de\/#website\"},\"datePublished\":\"2024-03-15T10:01:05+00:00\",\"dateModified\":\"2025-01-17T17:55:49+00:00\",\"description\":\"Ovale Kasserolle aus Kupfer mit Innenseite aus rostfreiem Bilaminat, Rahmen aus rostfreiem Guss Kupferdeckel aus der Kollektion M'150S. Die Kasserolle ist\",\"breadcrumb\":{\"@id\":\"https:\/\/www.erresse-shop.it\/de\/shop\/toepfe-pfannen\/toepfe-und-kochtoepfen\/mauviel-1830-ovale-cocotte-30-cm\/#breadcrumb\"},\"inLanguage\":\"de-DE\",\"potentialAction\":[{\"@type\":\"ReadAction\",\"target\":[\"https:\/\/www.erresse-shop.it\/de\/shop\/toepfe-pfannen\/toepfe-und-kochtoepfen\/mauviel-1830-ovale-cocotte-30-cm\/\"]}]},{\"@type\":\"BreadcrumbList\",\"@id\":\"https:\/\/www.erresse-shop.it\/de\/shop\/toepfe-pfannen\/toepfe-und-kochtoepfen\/mauviel-1830-ovale-cocotte-30-cm\/#breadcrumb\",\"itemListElement\":[{\"@type\":\"ListItem\",\"position\":1,\"name\":\"Home\",\"item\":\"https:\/\/www.erresse-shop.it\/de\/\"},{\"@type\":\"ListItem\",\"position\":2,\"name\":\"Shop\",\"item\":\"https:\/\/www.erresse-shop.it\/de\/shop\/\"},{\"@type\":\"ListItem\",\"position\":3,\"name\":\"MAUVIEL 1830 Ovale Cocotte 30 cm\"}]},{\"@type\":\"WebSite\",\"@id\":\"https:\/\/www.erresse-shop.it\/de\/#website\",\"url\":\"https:\/\/www.erresse-shop.it\/de\/\",\"name\":\"Erresse Shop\",\"description\":\"Articoli di qualit\u00e0 per la casa\",\"potentialAction\":[{\"@type\":\"SearchAction\",\"target\":{\"@type\":\"EntryPoint\",\"urlTemplate\":\"https:\/\/www.erresse-shop.it\/de\/?s={search_term_string}\"},\"query-input\":\"required name=search_term_string\"}],\"inLanguage\":\"de-DE\"}]}<\/script>\n<!-- \/ Yoast SEO Premium plugin. -->","yoast_head_json":{"title":"MAUVIEL 1830 Ovale Cocotte 30 cm - Erresse Shop","description":"Ovale Kasserolle aus Kupfer mit Innenseite aus rostfreiem Bilaminat, Rahmen aus rostfreiem Guss Kupferdeckel aus der Kollektion M'150S. Die Kasserolle ist","robots":{"index":"index","follow":"follow","max-snippet":"max-snippet:-1","max-image-preview":"max-image-preview:large","max-video-preview":"max-video-preview:-1"},"canonical":"https:\/\/www.erresse-shop.it\/de\/shop\/toepfe-pfannen\/toepfe-und-kochtoepfen\/mauviel-1830-ovale-cocotte-30-cm\/","og_locale":"de_DE","og_type":"article","og_title":"MAUVIEL 1830 Ovale Cocotte 30 cm","og_description":"Ovale Kasserolle aus Kupfer mit Innenseite aus rostfreiem Bilaminat, Rahmen aus rostfreiem Guss Kupferdeckel aus der Kollektion M'150S. Die Kasserolle ist","og_url":"https:\/\/www.erresse-shop.it\/de\/shop\/toepfe-pfannen\/toepfe-und-kochtoepfen\/mauviel-1830-ovale-cocotte-30-cm\/","og_site_name":"Erresse Shop","article_modified_time":"2025-01-17T17:55:49+00:00","og_image":[{"width":800,"height":800,"url":"https:\/\/www.erresse-shop.it\/wp-content\/uploads\/2024\/03\/MAUVIEL1830-COCOTTE-OVALE-a-c-30cm-30CM-RAME-ACCIAIO.png","type":"image\/png"}],"twitter_card":"summary_large_image","schema":{"@context":"https:\/\/schema.org","@graph":[{"@type":"WebPage","@id":"https:\/\/www.erresse-shop.it\/de\/shop\/toepfe-pfannen\/toepfe-und-kochtoepfen\/mauviel-1830-ovale-cocotte-30-cm\/","url":"https:\/\/www.erresse-shop.it\/de\/shop\/toepfe-pfannen\/toepfe-und-kochtoepfen\/mauviel-1830-ovale-cocotte-30-cm\/","name":"MAUVIEL 1830 Ovale Cocotte 30 cm - Erresse Shop","isPartOf":{"@id":"https:\/\/www.erresse-shop.it\/de\/#website"},"datePublished":"2024-03-15T10:01:05+00:00","dateModified":"2025-01-17T17:55:49+00:00","description":"Ovale Kasserolle aus Kupfer mit Innenseite aus rostfreiem Bilaminat, Rahmen aus rostfreiem Guss Kupferdeckel aus der Kollektion M'150S. Die Kasserolle ist","breadcrumb":{"@id":"https:\/\/www.erresse-shop.it\/de\/shop\/toepfe-pfannen\/toepfe-und-kochtoepfen\/mauviel-1830-ovale-cocotte-30-cm\/#breadcrumb"},"inLanguage":"de-DE","potentialAction":[{"@type":"ReadAction","target":["https:\/\/www.erresse-shop.it\/de\/shop\/toepfe-pfannen\/toepfe-und-kochtoepfen\/mauviel-1830-ovale-cocotte-30-cm\/"]}]},{"@type":"BreadcrumbList","@id":"https:\/\/www.erresse-shop.it\/de\/shop\/toepfe-pfannen\/toepfe-und-kochtoepfen\/mauviel-1830-ovale-cocotte-30-cm\/#breadcrumb","itemListElement":[{"@type":"ListItem","position":1,"name":"Home","item":"https:\/\/www.erresse-shop.it\/de\/"},{"@type":"ListItem","position":2,"name":"Shop","item":"https:\/\/www.erresse-shop.it\/de\/shop\/"},{"@type":"ListItem","position":3,"name":"MAUVIEL 1830 Ovale Cocotte 30 cm"}]},{"@type":"WebSite","@id":"https:\/\/www.erresse-shop.it\/de\/#website","url":"https:\/\/www.erresse-shop.it\/de\/","name":"Erresse Shop","description":"Articoli di qualit\u00e0 per la casa","potentialAction":[{"@type":"SearchAction","target":{"@type":"EntryPoint","urlTemplate":"https:\/\/www.erresse-shop.it\/de\/?s={search_term_string}"},"query-input":"required name=search_term_string"}],"inLanguage":"de-DE"}]}},"df_price":279,"df_sale_price":279,"df_regular_price":587.12,"df_image_link":"https:\/\/www.erresse-shop.it\/wp-content\/uploads\/2024\/03\/MAUVIEL-1830-Cocotte-Ovale-30-cm-300x300.jpg","_links":{"self":[{"href":"https:\/\/www.erresse-shop.it\/de\/wp-json\/wp\/v2\/product\/397214"}],"collection":[{"href":"https:\/\/www.erresse-shop.it\/de\/wp-json\/wp\/v2\/product"}],"about":[{"href":"https:\/\/www.erresse-shop.it\/de\/wp-json\/wp\/v2\/types\/product"}],"wp:featuredmedia":[{"embeddable":true,"href":"https:\/\/www.erresse-shop.it\/de\/wp-json\/wp\/v2\/media\/466766"}],"wp:attachment":[{"href":"https:\/\/www.erresse-shop.it\/de\/wp-json\/wp\/v2\/media?parent=397214"}],"wp:term":[{"taxonomy":"product_cat","embeddable":true,"href":"https:\/\/www.erresse-shop.it\/de\/wp-json\/wp\/v2\/product_cat?post=397214"},{"taxonomy":"product_tag","embeddable":true,"href":"https:\/\/www.erresse-shop.it\/de\/wp-json\/wp\/v2\/product_tag?post=397214"}],"curies":[{"name":"wp","href":"https:\/\/api.w.org\/{rel}","templated":true}]}}