{"id":397165,"date":"2024-03-15T09:28:19","date_gmt":"2024-03-15T09:28:21","guid":{"rendered":"https:\/\/www.erresse-shop.it\/?post_type=product&#038;p=397165"},"modified":"2024-03-26T00:02:18","modified_gmt":"2024-03-26T00:02:18","slug":"mauviel-1830-bratpfanne-1-griff-30-cm","status":"publish","type":"product","link":"https:\/\/www.erresse-shop.it\/de\/shop\/toepfe-pfannen\/pfannen\/mauviel-1830-bratpfanne-1-griff-30-cm\/","title":{"rendered":"MAUVIEL 1830 Bratpfanne 1 Griff 30 cm"},"content":{"rendered":"<p>Runde Kupferbratpfanne mit Innenseite aus rostfreiem Bilaminat und Rahmen aus rostfreiem Gussstahl aus der Kollektion M&#8217;150S.<br \/>\nDie runde Bratpfanne ist ein unverzichtbares K\u00fcchenutensil. Niedrig, mit ausgestelltem Rand und langem Ende, ist die Bratpfanne praktisch, handlich und sehr funktionell im t\u00e4glichen Gebrauch, zum Anbraten, Sautieren, Grillen. Die Bratpfanne wird auch zum Kochen verschiedener Zubereitungen wie Pfannkuchen oder Omeletts verwendet. Es handelt sich um ein vielseitiges Utensil, das wir mit Sorgfalt f\u00fcr eine gesunde und effiziente K\u00fcche ausw\u00e4hlen; die hochwertigen Materialien, die von der Fabrik Mauviel1830 bei der Herstellung verwendet werden, garantieren ausgezeichnete Leistungen und eine lange Lebensdauer. Die Pfanne wird ohne Deckel und haupts\u00e4chlich f\u00fcr kr\u00e4ftiges Kochen verwendet.<br \/>\nDie Kollektion M&#8217;H\u00e9ritage ist eine subtile Verschmelzung zweier traditioneller und leistungsstarker Materialien. Poliertes Kupfer in Kombination mit rostfreiem Stahl l\u00e4sst die Freude am Kochen wieder aufleben. Das Innere aus Edelstahl 18\/10 ist ideal f\u00fcr die t\u00e4gliche K\u00fcche. Das Kupfer sorgt f\u00fcr eine schnelle und gleichm\u00e4\u00dfige W\u00e4rmeleitung und verleiht der Linie eine hervorragende Kochqualit\u00e4t. Die Kollektion, die zu 90 % aus Kupfer und zu 10 % aus Edelstahl besteht, wird in verschiedenen Rahmen und in zwei St\u00e4rken angeboten, so dass jeder das richtige Kochgeschirr f\u00fcr seine Zwecke und seinen Geschmack finden kann.<\/p>\n<p><b><strong>TECHNISCHE MERKMALE:<\/strong><\/b><\/p>\n<p>Durchmesser: 30 cm<\/p>\n<p>H\u00f6he: 4,5 cm<\/p>\n<p>Fassungsverm\u00f6gen: 2,9 l<\/p>\n<p>Abmessungen: 55,5&#215;31,5 cm<\/p>\n<p><b><strong>Verwendung<\/strong><\/b>:<\/p>\n<p>Alle Herdarten au\u00dfer Induktion &#8211; Backofengeeignet &#8211; Nicht sp\u00fclmaschinengeeignet<\/p>\n<p>Alle Produkte werden in der Normandie in Villedieu-les-Po\u00eales hergestellt.<\/p>\n","protected":false},"excerpt":{"rendered":"<p>Runde Kupferbratpfanne mit Innenseite aus rostfreiem Bilaminat und Rahmen aus rostfreiem Gussstahl aus der Kollektion M&#8217;150S. Die runde Bratpfanne ist<\/p>\n","protected":false},"featured_media":504125,"template":"","meta":{"_acf_changed":false,"inline_featured_image":false},"product_cat":[6709,14801],"product_tag":[11718],"acf":[],"yoast_head":"<!-- This site is optimized with the Yoast SEO Premium plugin v18.6 (Yoast SEO v19.13) - https:\/\/yoast.com\/wordpress\/plugins\/seo\/ -->\n<title>MAUVIEL 1830 Bratpfanne 1 Griff 30 cm - Erresse Shop<\/title>\n<meta name=\"description\" content=\"Runde Kupferbratpfanne mit Innenseite aus rostfreiem Bilaminat und Rahmen aus rostfreiem Gussstahl aus der Kollektion M&#039;150S. Die runde Bratpfanne ist ein\" \/>\n<meta name=\"robots\" content=\"index, follow, max-snippet:-1, max-image-preview:large, max-video-preview:-1\" \/>\n<link rel=\"canonical\" href=\"https:\/\/www.erresse-shop.it\/de\/shop\/toepfe-pfannen\/pfannen\/mauviel-1830-bratpfanne-1-griff-30-cm\/\" \/>\n<meta property=\"og:locale\" content=\"de_DE\" \/>\n<meta property=\"og:type\" content=\"article\" \/>\n<meta property=\"og:title\" content=\"MAUVIEL 1830 Bratpfanne 1 Griff 30 cm\" \/>\n<meta property=\"og:description\" content=\"Runde Kupferbratpfanne mit Innenseite aus rostfreiem Bilaminat und Rahmen aus rostfreiem Gussstahl aus der Kollektion M&#039;150S. Die runde Bratpfanne ist ein\" \/>\n<meta property=\"og:url\" content=\"https:\/\/www.erresse-shop.it\/de\/shop\/toepfe-pfannen\/pfannen\/mauviel-1830-bratpfanne-1-griff-30-cm\/\" \/>\n<meta property=\"og:site_name\" content=\"Erresse Shop\" \/>\n<meta property=\"article:modified_time\" content=\"2024-03-26T00:02:18+00:00\" \/>\n<meta property=\"og:image\" content=\"https:\/\/www.erresse-shop.it\/wp-content\/uploads\/2024\/03\/MAUVIEL1830-PADELLA-1-MANICO-CM-30-IN-RAME-M-150S.png\" \/>\n\t<meta property=\"og:image:width\" content=\"800\" \/>\n\t<meta property=\"og:image:height\" content=\"800\" \/>\n\t<meta property=\"og:image:type\" content=\"image\/png\" \/>\n<meta name=\"twitter:card\" content=\"summary_large_image\" \/>\n<script type=\"application\/ld+json\" class=\"yoast-schema-graph\">{\"@context\":\"https:\/\/schema.org\",\"@graph\":[{\"@type\":\"WebPage\",\"@id\":\"https:\/\/www.erresse-shop.it\/de\/shop\/toepfe-pfannen\/pfannen\/mauviel-1830-bratpfanne-1-griff-30-cm\/\",\"url\":\"https:\/\/www.erresse-shop.it\/de\/shop\/toepfe-pfannen\/pfannen\/mauviel-1830-bratpfanne-1-griff-30-cm\/\",\"name\":\"MAUVIEL 1830 Bratpfanne 1 Griff 30 cm - Erresse Shop\",\"isPartOf\":{\"@id\":\"https:\/\/www.erresse-shop.it\/de\/#website\"},\"datePublished\":\"2024-03-15T09:28:21+00:00\",\"dateModified\":\"2024-03-26T00:02:18+00:00\",\"description\":\"Runde Kupferbratpfanne mit Innenseite aus rostfreiem Bilaminat und Rahmen aus rostfreiem Gussstahl aus der Kollektion M'150S. Die runde Bratpfanne ist ein\",\"breadcrumb\":{\"@id\":\"https:\/\/www.erresse-shop.it\/de\/shop\/toepfe-pfannen\/pfannen\/mauviel-1830-bratpfanne-1-griff-30-cm\/#breadcrumb\"},\"inLanguage\":\"de-DE\",\"potentialAction\":[{\"@type\":\"ReadAction\",\"target\":[\"https:\/\/www.erresse-shop.it\/de\/shop\/toepfe-pfannen\/pfannen\/mauviel-1830-bratpfanne-1-griff-30-cm\/\"]}]},{\"@type\":\"BreadcrumbList\",\"@id\":\"https:\/\/www.erresse-shop.it\/de\/shop\/toepfe-pfannen\/pfannen\/mauviel-1830-bratpfanne-1-griff-30-cm\/#breadcrumb\",\"itemListElement\":[{\"@type\":\"ListItem\",\"position\":1,\"name\":\"Home\",\"item\":\"https:\/\/www.erresse-shop.it\/de\/\"},{\"@type\":\"ListItem\",\"position\":2,\"name\":\"Shop\",\"item\":\"https:\/\/www.erresse-shop.it\/de\/shop\/\"},{\"@type\":\"ListItem\",\"position\":3,\"name\":\"MAUVIEL 1830 Bratpfanne 1 Griff 30 cm\"}]},{\"@type\":\"WebSite\",\"@id\":\"https:\/\/www.erresse-shop.it\/de\/#website\",\"url\":\"https:\/\/www.erresse-shop.it\/de\/\",\"name\":\"Erresse Shop\",\"description\":\"Articoli di qualit\u00e0 per la casa\",\"potentialAction\":[{\"@type\":\"SearchAction\",\"target\":{\"@type\":\"EntryPoint\",\"urlTemplate\":\"https:\/\/www.erresse-shop.it\/de\/?s={search_term_string}\"},\"query-input\":\"required name=search_term_string\"}],\"inLanguage\":\"de-DE\"}]}<\/script>\n<!-- \/ Yoast SEO Premium plugin. -->","yoast_head_json":{"title":"MAUVIEL 1830 Bratpfanne 1 Griff 30 cm - Erresse Shop","description":"Runde Kupferbratpfanne mit Innenseite aus rostfreiem Bilaminat und Rahmen aus rostfreiem Gussstahl aus der Kollektion M'150S. Die runde Bratpfanne ist ein","robots":{"index":"index","follow":"follow","max-snippet":"max-snippet:-1","max-image-preview":"max-image-preview:large","max-video-preview":"max-video-preview:-1"},"canonical":"https:\/\/www.erresse-shop.it\/de\/shop\/toepfe-pfannen\/pfannen\/mauviel-1830-bratpfanne-1-griff-30-cm\/","og_locale":"de_DE","og_type":"article","og_title":"MAUVIEL 1830 Bratpfanne 1 Griff 30 cm","og_description":"Runde Kupferbratpfanne mit Innenseite aus rostfreiem Bilaminat und Rahmen aus rostfreiem Gussstahl aus der Kollektion M'150S. Die runde Bratpfanne ist ein","og_url":"https:\/\/www.erresse-shop.it\/de\/shop\/toepfe-pfannen\/pfannen\/mauviel-1830-bratpfanne-1-griff-30-cm\/","og_site_name":"Erresse Shop","article_modified_time":"2024-03-26T00:02:18+00:00","og_image":[{"width":800,"height":800,"url":"https:\/\/www.erresse-shop.it\/wp-content\/uploads\/2024\/03\/MAUVIEL1830-PADELLA-1-MANICO-CM-30-IN-RAME-M-150S.png","type":"image\/png"}],"twitter_card":"summary_large_image","schema":{"@context":"https:\/\/schema.org","@graph":[{"@type":"WebPage","@id":"https:\/\/www.erresse-shop.it\/de\/shop\/toepfe-pfannen\/pfannen\/mauviel-1830-bratpfanne-1-griff-30-cm\/","url":"https:\/\/www.erresse-shop.it\/de\/shop\/toepfe-pfannen\/pfannen\/mauviel-1830-bratpfanne-1-griff-30-cm\/","name":"MAUVIEL 1830 Bratpfanne 1 Griff 30 cm - Erresse Shop","isPartOf":{"@id":"https:\/\/www.erresse-shop.it\/de\/#website"},"datePublished":"2024-03-15T09:28:21+00:00","dateModified":"2024-03-26T00:02:18+00:00","description":"Runde Kupferbratpfanne mit Innenseite aus rostfreiem Bilaminat und Rahmen aus rostfreiem Gussstahl aus der Kollektion M'150S. Die runde Bratpfanne ist ein","breadcrumb":{"@id":"https:\/\/www.erresse-shop.it\/de\/shop\/toepfe-pfannen\/pfannen\/mauviel-1830-bratpfanne-1-griff-30-cm\/#breadcrumb"},"inLanguage":"de-DE","potentialAction":[{"@type":"ReadAction","target":["https:\/\/www.erresse-shop.it\/de\/shop\/toepfe-pfannen\/pfannen\/mauviel-1830-bratpfanne-1-griff-30-cm\/"]}]},{"@type":"BreadcrumbList","@id":"https:\/\/www.erresse-shop.it\/de\/shop\/toepfe-pfannen\/pfannen\/mauviel-1830-bratpfanne-1-griff-30-cm\/#breadcrumb","itemListElement":[{"@type":"ListItem","position":1,"name":"Home","item":"https:\/\/www.erresse-shop.it\/de\/"},{"@type":"ListItem","position":2,"name":"Shop","item":"https:\/\/www.erresse-shop.it\/de\/shop\/"},{"@type":"ListItem","position":3,"name":"MAUVIEL 1830 Bratpfanne 1 Griff 30 cm"}]},{"@type":"WebSite","@id":"https:\/\/www.erresse-shop.it\/de\/#website","url":"https:\/\/www.erresse-shop.it\/de\/","name":"Erresse Shop","description":"Articoli di qualit\u00e0 per la casa","potentialAction":[{"@type":"SearchAction","target":{"@type":"EntryPoint","urlTemplate":"https:\/\/www.erresse-shop.it\/de\/?s={search_term_string}"},"query-input":"required name=search_term_string"}],"inLanguage":"de-DE"}]}},"df_price":356.27,"df_sale_price":356.27,"df_regular_price":356.27,"df_image_link":"https:\/\/www.erresse-shop.it\/wp-content\/uploads\/2024\/03\/MAUVIEL-1830-Padella-1-Manico-30-cm-300x300.jpg","_links":{"self":[{"href":"https:\/\/www.erresse-shop.it\/de\/wp-json\/wp\/v2\/product\/397165"}],"collection":[{"href":"https:\/\/www.erresse-shop.it\/de\/wp-json\/wp\/v2\/product"}],"about":[{"href":"https:\/\/www.erresse-shop.it\/de\/wp-json\/wp\/v2\/types\/product"}],"wp:featuredmedia":[{"embeddable":true,"href":"https:\/\/www.erresse-shop.it\/de\/wp-json\/wp\/v2\/media\/504125"}],"wp:attachment":[{"href":"https:\/\/www.erresse-shop.it\/de\/wp-json\/wp\/v2\/media?parent=397165"}],"wp:term":[{"taxonomy":"product_cat","embeddable":true,"href":"https:\/\/www.erresse-shop.it\/de\/wp-json\/wp\/v2\/product_cat?post=397165"},{"taxonomy":"product_tag","embeddable":true,"href":"https:\/\/www.erresse-shop.it\/de\/wp-json\/wp\/v2\/product_tag?post=397165"}],"curies":[{"name":"wp","href":"https:\/\/api.w.org\/{rel}","templated":true}]}}