{"id":397152,"date":"2024-03-15T09:15:39","date_gmt":"2024-03-15T09:15:41","guid":{"rendered":"https:\/\/www.erresse-shop.it\/?post_type=product&#038;p=397152"},"modified":"2024-06-25T13:53:49","modified_gmt":"2024-06-25T13:53:49","slug":"mauviel-1830-bratpfanne-1-griff-26-cm","status":"publish","type":"product","link":"https:\/\/www.erresse-shop.it\/de\/shop\/toepfe-pfannen\/pfannen\/mauviel-1830-bratpfanne-1-griff-26-cm\/","title":{"rendered":"MAUVIEL 1830 Bratpfanne 1 Griff 26 cm"},"content":{"rendered":"<p>Runde Kupferbratpfanne mit Innenseite aus bilaminiertem Edelstahl und Rahmen aus Gusseisen aus der Kollektion M&#8217;150S.<br \/>\nDie runde Bratpfanne ist ein unverzichtbares Kochwerkzeug. Flach, mit ausgestelltem Rand und langem Ende, ist die Bratpfanne praktisch, handlich und sehr funktionell im t\u00e4glichen Gebrauch zum Anbraten, Sautieren und Grillen. Die Bratpfanne kann auch zum Zubereiten verschiedener Gerichte wie Pfannkuchen oder Omeletts verwendet werden. Es handelt sich um ein vielseitiges Utensil, das mit Sorgfalt ausgew\u00e4hlt werden sollte, um gesund und effizient zu kochen; die hochwertigen Materialien, die von der Manufaktur Mauviel1830 verwendet werden, garantieren ausgezeichnete Leistungen und eine lange Lebensdauer. Die Bratpfanne wird ohne Deckel und vor allem f\u00fcr das lebendige Kochen verwendet.<br \/>\nDie Kollektion M&#8217;H\u00c9RITAGE ist eine raffinierte Verbindung zweier traditioneller Hochleistungsmaterialien. Die Kombination aus poliertem Kupfer und Edelstahl verleiht dem Kochvergn\u00fcgen eine neue Dimension. Das Innere aus Edelstahl 18\/10 ist ideal f\u00fcr die t\u00e4gliche K\u00fcche. Das Kupfer garantiert eine hervorragende, schnelle und gleichm\u00e4\u00dfige W\u00e4rmeleitung und bietet ein hochwertiges Kocherlebnis. Die Kollektion, die zu 90 Prozent aus Kupfer und zu 10 Prozent aus Edelstahl besteht, ist in verschiedenen Rahmen und in zwei St\u00e4rken erh\u00e4ltlich, so dass jeder das Kochgeschirr finden kann, das seinen Bed\u00fcrfnissen und seinem Geschmack am besten entspricht.<\/p>\n","protected":false},"excerpt":{"rendered":"<p>Runde Kupferbratpfanne mit Innenseite aus bilaminiertem Edelstahl und Rahmen aus Gusseisen aus der Kollektion M&#8217;150S. Die runde Bratpfanne ist ein<\/p>\n","protected":false},"featured_media":504045,"template":"","meta":{"_acf_changed":false,"inline_featured_image":false},"product_cat":[6709,14801],"product_tag":[11609,11718,11605],"acf":[],"yoast_head":"<!-- This site is optimized with the Yoast SEO Premium plugin v18.6 (Yoast SEO v19.13) - https:\/\/yoast.com\/wordpress\/plugins\/seo\/ -->\n<title>MAUVIEL 1830 Bratpfanne 1 Griff 26 cm - Erresse Shop<\/title>\n<meta name=\"description\" content=\"Runde Kupferbratpfanne mit Innenseite aus bilaminiertem Edelstahl und Rahmen aus Gusseisen aus der Kollektion M&#039;150S. Die runde Bratpfanne ist ein\" \/>\n<meta name=\"robots\" content=\"index, follow, max-snippet:-1, max-image-preview:large, max-video-preview:-1\" \/>\n<link rel=\"canonical\" href=\"https:\/\/www.erresse-shop.it\/de\/shop\/toepfe-pfannen\/pfannen\/mauviel-1830-bratpfanne-1-griff-26-cm\/\" \/>\n<meta property=\"og:locale\" content=\"de_DE\" \/>\n<meta property=\"og:type\" content=\"article\" \/>\n<meta property=\"og:title\" content=\"MAUVIEL 1830 Bratpfanne 1 Griff 26 cm\" \/>\n<meta property=\"og:description\" content=\"Runde Kupferbratpfanne mit Innenseite aus bilaminiertem Edelstahl und Rahmen aus Gusseisen aus der Kollektion M&#039;150S. Die runde Bratpfanne ist ein\" \/>\n<meta property=\"og:url\" content=\"https:\/\/www.erresse-shop.it\/de\/shop\/toepfe-pfannen\/pfannen\/mauviel-1830-bratpfanne-1-griff-26-cm\/\" \/>\n<meta property=\"og:site_name\" content=\"Erresse Shop\" \/>\n<meta property=\"article:modified_time\" content=\"2024-06-25T13:53:49+00:00\" \/>\n<meta property=\"og:image\" content=\"https:\/\/www.erresse-shop.it\/wp-content\/uploads\/2024\/03\/MAUVIEL1830-M-150S-PADELLA-1M-26CM-RAME-ACCIAIO.png\" \/>\n\t<meta property=\"og:image:width\" content=\"800\" \/>\n\t<meta property=\"og:image:height\" content=\"800\" \/>\n\t<meta property=\"og:image:type\" content=\"image\/png\" \/>\n<meta name=\"twitter:card\" content=\"summary_large_image\" \/>\n<script type=\"application\/ld+json\" class=\"yoast-schema-graph\">{\"@context\":\"https:\/\/schema.org\",\"@graph\":[{\"@type\":\"WebPage\",\"@id\":\"https:\/\/www.erresse-shop.it\/de\/shop\/toepfe-pfannen\/pfannen\/mauviel-1830-bratpfanne-1-griff-26-cm\/\",\"url\":\"https:\/\/www.erresse-shop.it\/de\/shop\/toepfe-pfannen\/pfannen\/mauviel-1830-bratpfanne-1-griff-26-cm\/\",\"name\":\"MAUVIEL 1830 Bratpfanne 1 Griff 26 cm - Erresse Shop\",\"isPartOf\":{\"@id\":\"https:\/\/www.erresse-shop.it\/de\/#website\"},\"datePublished\":\"2024-03-15T09:15:41+00:00\",\"dateModified\":\"2024-06-25T13:53:49+00:00\",\"description\":\"Runde Kupferbratpfanne mit Innenseite aus bilaminiertem Edelstahl und Rahmen aus Gusseisen aus der Kollektion M'150S. Die runde Bratpfanne ist ein\",\"breadcrumb\":{\"@id\":\"https:\/\/www.erresse-shop.it\/de\/shop\/toepfe-pfannen\/pfannen\/mauviel-1830-bratpfanne-1-griff-26-cm\/#breadcrumb\"},\"inLanguage\":\"de-DE\",\"potentialAction\":[{\"@type\":\"ReadAction\",\"target\":[\"https:\/\/www.erresse-shop.it\/de\/shop\/toepfe-pfannen\/pfannen\/mauviel-1830-bratpfanne-1-griff-26-cm\/\"]}]},{\"@type\":\"BreadcrumbList\",\"@id\":\"https:\/\/www.erresse-shop.it\/de\/shop\/toepfe-pfannen\/pfannen\/mauviel-1830-bratpfanne-1-griff-26-cm\/#breadcrumb\",\"itemListElement\":[{\"@type\":\"ListItem\",\"position\":1,\"name\":\"Home\",\"item\":\"https:\/\/www.erresse-shop.it\/de\/\"},{\"@type\":\"ListItem\",\"position\":2,\"name\":\"Shop\",\"item\":\"https:\/\/www.erresse-shop.it\/de\/shop\/\"},{\"@type\":\"ListItem\",\"position\":3,\"name\":\"MAUVIEL 1830 Bratpfanne 1 Griff 26 cm\"}]},{\"@type\":\"WebSite\",\"@id\":\"https:\/\/www.erresse-shop.it\/de\/#website\",\"url\":\"https:\/\/www.erresse-shop.it\/de\/\",\"name\":\"Erresse Shop\",\"description\":\"Articoli di qualit\u00e0 per la casa\",\"potentialAction\":[{\"@type\":\"SearchAction\",\"target\":{\"@type\":\"EntryPoint\",\"urlTemplate\":\"https:\/\/www.erresse-shop.it\/de\/?s={search_term_string}\"},\"query-input\":\"required name=search_term_string\"}],\"inLanguage\":\"de-DE\"}]}<\/script>\n<!-- \/ Yoast SEO Premium plugin. -->","yoast_head_json":{"title":"MAUVIEL 1830 Bratpfanne 1 Griff 26 cm - Erresse Shop","description":"Runde Kupferbratpfanne mit Innenseite aus bilaminiertem Edelstahl und Rahmen aus Gusseisen aus der Kollektion M'150S. Die runde Bratpfanne ist ein","robots":{"index":"index","follow":"follow","max-snippet":"max-snippet:-1","max-image-preview":"max-image-preview:large","max-video-preview":"max-video-preview:-1"},"canonical":"https:\/\/www.erresse-shop.it\/de\/shop\/toepfe-pfannen\/pfannen\/mauviel-1830-bratpfanne-1-griff-26-cm\/","og_locale":"de_DE","og_type":"article","og_title":"MAUVIEL 1830 Bratpfanne 1 Griff 26 cm","og_description":"Runde Kupferbratpfanne mit Innenseite aus bilaminiertem Edelstahl und Rahmen aus Gusseisen aus der Kollektion M'150S. Die runde Bratpfanne ist ein","og_url":"https:\/\/www.erresse-shop.it\/de\/shop\/toepfe-pfannen\/pfannen\/mauviel-1830-bratpfanne-1-griff-26-cm\/","og_site_name":"Erresse Shop","article_modified_time":"2024-06-25T13:53:49+00:00","og_image":[{"width":800,"height":800,"url":"https:\/\/www.erresse-shop.it\/wp-content\/uploads\/2024\/03\/MAUVIEL1830-M-150S-PADELLA-1M-26CM-RAME-ACCIAIO.png","type":"image\/png"}],"twitter_card":"summary_large_image","schema":{"@context":"https:\/\/schema.org","@graph":[{"@type":"WebPage","@id":"https:\/\/www.erresse-shop.it\/de\/shop\/toepfe-pfannen\/pfannen\/mauviel-1830-bratpfanne-1-griff-26-cm\/","url":"https:\/\/www.erresse-shop.it\/de\/shop\/toepfe-pfannen\/pfannen\/mauviel-1830-bratpfanne-1-griff-26-cm\/","name":"MAUVIEL 1830 Bratpfanne 1 Griff 26 cm - Erresse Shop","isPartOf":{"@id":"https:\/\/www.erresse-shop.it\/de\/#website"},"datePublished":"2024-03-15T09:15:41+00:00","dateModified":"2024-06-25T13:53:49+00:00","description":"Runde Kupferbratpfanne mit Innenseite aus bilaminiertem Edelstahl und Rahmen aus Gusseisen aus der Kollektion M'150S. Die runde Bratpfanne ist ein","breadcrumb":{"@id":"https:\/\/www.erresse-shop.it\/de\/shop\/toepfe-pfannen\/pfannen\/mauviel-1830-bratpfanne-1-griff-26-cm\/#breadcrumb"},"inLanguage":"de-DE","potentialAction":[{"@type":"ReadAction","target":["https:\/\/www.erresse-shop.it\/de\/shop\/toepfe-pfannen\/pfannen\/mauviel-1830-bratpfanne-1-griff-26-cm\/"]}]},{"@type":"BreadcrumbList","@id":"https:\/\/www.erresse-shop.it\/de\/shop\/toepfe-pfannen\/pfannen\/mauviel-1830-bratpfanne-1-griff-26-cm\/#breadcrumb","itemListElement":[{"@type":"ListItem","position":1,"name":"Home","item":"https:\/\/www.erresse-shop.it\/de\/"},{"@type":"ListItem","position":2,"name":"Shop","item":"https:\/\/www.erresse-shop.it\/de\/shop\/"},{"@type":"ListItem","position":3,"name":"MAUVIEL 1830 Bratpfanne 1 Griff 26 cm"}]},{"@type":"WebSite","@id":"https:\/\/www.erresse-shop.it\/de\/#website","url":"https:\/\/www.erresse-shop.it\/de\/","name":"Erresse Shop","description":"Articoli di qualit\u00e0 per la casa","potentialAction":[{"@type":"SearchAction","target":{"@type":"EntryPoint","urlTemplate":"https:\/\/www.erresse-shop.it\/de\/?s={search_term_string}"},"query-input":"required name=search_term_string"}],"inLanguage":"de-DE"}]}},"df_price":284.72,"df_sale_price":284.72,"df_regular_price":284.72,"df_image_link":"https:\/\/www.erresse-shop.it\/wp-content\/uploads\/2024\/03\/MAUVIEL-1830-Padella-1-Manico-26-cm-300x300.jpg","_links":{"self":[{"href":"https:\/\/www.erresse-shop.it\/de\/wp-json\/wp\/v2\/product\/397152"}],"collection":[{"href":"https:\/\/www.erresse-shop.it\/de\/wp-json\/wp\/v2\/product"}],"about":[{"href":"https:\/\/www.erresse-shop.it\/de\/wp-json\/wp\/v2\/types\/product"}],"wp:featuredmedia":[{"embeddable":true,"href":"https:\/\/www.erresse-shop.it\/de\/wp-json\/wp\/v2\/media\/504045"}],"wp:attachment":[{"href":"https:\/\/www.erresse-shop.it\/de\/wp-json\/wp\/v2\/media?parent=397152"}],"wp:term":[{"taxonomy":"product_cat","embeddable":true,"href":"https:\/\/www.erresse-shop.it\/de\/wp-json\/wp\/v2\/product_cat?post=397152"},{"taxonomy":"product_tag","embeddable":true,"href":"https:\/\/www.erresse-shop.it\/de\/wp-json\/wp\/v2\/product_tag?post=397152"}],"curies":[{"name":"wp","href":"https:\/\/api.w.org\/{rel}","templated":true}]}}